{"id":3285,"date":"2026-02-26T11:42:01","date_gmt":"2026-02-26T10:42:01","guid":{"rendered":"https:\/\/aifec.eu\/congreso2026\/?page_id=3285"},"modified":"2026-02-26T11:45:44","modified_gmt":"2026-02-26T10:45:44","slug":"rafael-angel-gonzalez-torres","status":"publish","type":"page","link":"https:\/\/aifec.eu\/congreso2026\/rafael-angel-gonzalez-torres\/","title":{"rendered":"Rafael \u00c1ngel Gonzalez Torres"},"content":{"rendered":"\t\t<div data-elementor-type=\"wp-page\" data-elementor-id=\"3285\" class=\"elementor elementor-3285\" data-elementor-settings=\"{&quot;ha_cmc_init_switcher&quot;:&quot;no&quot;}\">\n\t\t\t\t<div data-ka-cursor-size=\"1\" class=\"elementor-element elementor-element-fce0dc7 e-flex e-con-boxed wpr-particle-no wpr-jarallax-no wpr-parallax-no wpr-sticky-section-no wpr-equal-height-no e-con e-parent\" data-id=\"fce0dc7\" data-element_type=\"container\" data-e-type=\"container\" data-settings=\"{&quot;_ha_eqh_enable&quot;:false,&quot;kng_cursor_interaction&quot;:&quot;default&quot;,&quot;kng_cursor_magnetic&quot;:&quot;none&quot;,&quot;kng_cursor_size_multiplier&quot;:{&quot;unit&quot;:&quot;px&quot;,&quot;size&quot;:1,&quot;sizes&quot;:[]}}\">\n\t\t\t\t\t<div class=\"e-con-inner\">\n\t\t\t\t<div data-ka-cursor-size=\"1\" class=\"elementor-element elementor-element-da7ff88 elementor-widget elementor-widget-heading\" data-id=\"da7ff88\" data-element_type=\"widget\" data-e-type=\"widget\" data-settings=\"{&quot;kng_cursor_interaction&quot;:&quot;default&quot;,&quot;kng_cursor_magnetic&quot;:&quot;none&quot;,&quot;kng_cursor_size_multiplier&quot;:{&quot;unit&quot;:&quot;px&quot;,&quot;size&quot;:1,&quot;sizes&quot;:[]}}\" data-widget_type=\"heading.default\">\n\t\t\t\t<div class=\"elementor-widget-container\">\n\t\t\t\t\t<h2 class=\"elementor-heading-title elementor-size-default\">Rafael \u00c1ngel Gonzalez Torres<\/h2>\t\t\t\t<\/div>\n\t\t\t\t<\/div>\n\t\t\t\t\t<\/div>\n\t\t\t\t<\/div>\n\t\t<div data-ka-cursor-size=\"1\" class=\"elementor-element elementor-element-827d7d2 e-flex e-con-boxed wpr-particle-no wpr-jarallax-no wpr-parallax-no wpr-sticky-section-no wpr-equal-height-no e-con e-parent\" data-id=\"827d7d2\" data-element_type=\"container\" data-e-type=\"container\" data-settings=\"{&quot;_ha_eqh_enable&quot;:false,&quot;kng_cursor_interaction&quot;:&quot;default&quot;,&quot;kng_cursor_magnetic&quot;:&quot;none&quot;,&quot;kng_cursor_size_multiplier&quot;:{&quot;unit&quot;:&quot;px&quot;,&quot;size&quot;:1,&quot;sizes&quot;:[]}}\">\n\t\t\t\t\t<div class=\"e-con-inner\">\n\t\t\t\t<div data-ka-cursor-size=\"1\" class=\"elementor-element elementor-element-d996789 elementor-widget elementor-widget-image\" data-id=\"d996789\" data-element_type=\"widget\" data-e-type=\"widget\" data-settings=\"{&quot;kng_cursor_interaction&quot;:&quot;default&quot;,&quot;kng_cursor_magnetic&quot;:&quot;none&quot;,&quot;kng_cursor_size_multiplier&quot;:{&quot;unit&quot;:&quot;px&quot;,&quot;size&quot;:1,&quot;sizes&quot;:[]}}\" data-widget_type=\"image.default\">\n\t\t\t\t<div class=\"elementor-widget-container\">\n\t\t\t\t\t\t\t\t\t\t\t\t\t\t\t<img decoding=\"async\" data-src=\"https:\/\/aifec.eu\/congreso2026\/wp-content\/uploads\/elementor\/thumbs\/rafael-angel-gonzalex-torres-rjpw4dar6r33t5in30uo942ue9igbstcbey4uv4dcw.jpeg\" title=\"rafael angel gonzalex torres\" alt=\"rafael angel gonzalex torres\" src=\"data:image\/svg+xml;base64,PHN2ZyB3aWR0aD0iMSIgaGVpZ2h0PSIxIiB4bWxucz0iaHR0cDovL3d3dy53My5vcmcvMjAwMC9zdmciPjwvc3ZnPg==\" class=\"lazyload\" style=\"--smush-placeholder-width: 400px; --smush-placeholder-aspect-ratio: 400\/400;\" \/>\t\t\t\t\t\t\t\t\t\t\t\t\t\t\t<\/div>\n\t\t\t\t<\/div>\n\t\t\t\t\t<\/div>\n\t\t\t\t<\/div>\n\t\t<div data-ka-cursor-size=\"1\" class=\"elementor-element elementor-element-c314aa7 e-flex e-con-boxed wpr-particle-no wpr-jarallax-no wpr-parallax-no wpr-sticky-section-no wpr-equal-height-no e-con e-parent\" data-id=\"c314aa7\" data-element_type=\"container\" data-e-type=\"container\" data-settings=\"{&quot;_ha_eqh_enable&quot;:false,&quot;kng_cursor_interaction&quot;:&quot;default&quot;,&quot;kng_cursor_magnetic&quot;:&quot;none&quot;,&quot;kng_cursor_size_multiplier&quot;:{&quot;unit&quot;:&quot;px&quot;,&quot;size&quot;:1,&quot;sizes&quot;:[]}}\">\n\t\t\t\t\t<div class=\"e-con-inner\">\n\t\t\t\t<div data-ka-cursor-size=\"1\" class=\"elementor-element elementor-element-b1fd116 elementor-widget elementor-widget-text-editor\" data-id=\"b1fd116\" data-element_type=\"widget\" data-e-type=\"widget\" data-settings=\"{&quot;kng_cursor_interaction&quot;:&quot;default&quot;,&quot;kng_cursor_magnetic&quot;:&quot;none&quot;,&quot;kng_cursor_size_multiplier&quot;:{&quot;unit&quot;:&quot;px&quot;,&quot;size&quot;:1,&quot;sizes&quot;:[]}}\" data-widget_type=\"text-editor.default\">\n\t\t\t\t<div class=\"elementor-widget-container\">\n\t\t\t\t\t\t\t\t\t<p style=\"text-align: center;\">Rafael \u00c1ngel Gonzalez Torres, en la actualidad, Director de operaciones de la nueva explotaci\u00f3n Madrid- Castilla La Mancha, en OCA Global Certificaci\u00f3n.<br>Licenciado en Ciencias Biol\u00f3gicas por la Univesidad de C\u00f3rdoba (C\u00f3rdoba. Espa\u00f1a).<br>M\u00e1ster en Gesti\u00f3n de la Seguridad Alimentaria por la Universidad Camilo Jos\u00e9 Cela y el Centro Universitario Bureau Veritas. Auditor IRCA de Sistemas de Gesti\u00f3n Ambiental ISO 14001. T\u00e9cnico Superior en Prevenci\u00f3n de Riesgos Laborales y formaci\u00f3n t\u00e9cnica en Gesti\u00f3n Ambiental, Calidad y Evaluaci\u00f3n de Impacto Ambiental. M\u00e1s de 15 a\u00f1os de experiencia como consultor ambiental de proyectos, consultor de sistemas de gesti\u00f3n y procesos y estudios de impacto ambiental.<br>Durante 4 a\u00f1os, socio-fundador y director de medio ambiente de la empresa de ingenier\u00eda y consultor\u00eda energ\u00e9tica GEDEON GROUP.<br>Gestor de Clientes en Delegaci\u00f3n Central de SN Servicios Normativos (Madrid). www.s-n.es.<br>Gestor de cuentas en APPLUS+ B.U. Certificaci\u00f3n. Zona Centro.<br>Responsable de desarrollo de negocio en la explotaci\u00f3n centro en OCA Global Certificaci\u00f3n.En la actualidad, Director de operaciones de la nueva explotaci\u00f3n Madrid-Castilla La Mancha, en OCA Global Certificaci\u00f3n. Licenciado en Ciencias Biol\u00f3gicas por laUnivesidad de C\u00f3rdoba (C\u00f3rdoba. Espa\u00f1a). M\u00e1ster en Gesti\u00f3n de la Seguridad Alimentaria por la Universidad Camilo Jos\u00e9 Cela y el Centro Universitario Bureau Veritas. Auditor IRCA de Sistemas de Gesti\u00f3n Ambiental ISO 14001. T\u00e9cnico Superior en Prevenci\u00f3n de Riesgos Laborales y formaci\u00f3n t\u00e9cnica en Gesti\u00f3n Ambiental, Calidad y Evaluaci\u00f3n de Impacto Ambiental. M\u00e1s de 15 a\u00f1os de experiencia como consultor ambiental de proyectos, consultor de sistemas de gesti\u00f3n y procesos y estudios de impacto ambiental. Durante 4 a\u00f1os, socio-fundador y director de medio ambiente de la empresa de ingenier\u00eda y&nbsp;<span style=\"font-style: inherit; font-weight: inherit; text-align: start;\">consultor\u00eda energ\u00e9tica GEDEON GROUP. Gestor de Clientes en Delegaci\u00f3n Central de SN&nbsp;<\/span><span style=\"font-style: inherit; font-weight: inherit; text-align: start;\">Servicios Normativos (Madrid). www.s-n.es. Gestor de cuentas en APPLUS+ B.U.&nbsp;<\/span><span style=\"font-style: inherit; font-weight: inherit; text-align: start;\">Certificaci\u00f3n. Zona Centro. Responsable de desarrollo de negocio en la explotaci\u00f3n centro&nbsp;<\/span><span style=\"font-style: inherit; font-weight: inherit; text-align: start;\">en OCA Global Certificaci\u00f3n.<\/span><\/p>\t\t\t\t\t\t\t\t<\/div>\n\t\t\t\t<\/div>\n\t\t\t\t\t<\/div>\n\t\t\t\t<\/div>\n\t\t\t\t<\/div>\n\t\t","protected":false},"excerpt":{"rendered":"<p>Rafael \u00c1ngel Gonzalez Torres Rafael \u00c1ngel Gonzalez Torres, en la actualidad, Director de operaciones de la nueva explotaci\u00f3n Madrid- Castilla La Mancha, en OCA Global Certificaci\u00f3n.Licenciado en Ciencias Biol\u00f3gicas por la Univesidad de C\u00f3rdoba (C\u00f3rdoba. Espa\u00f1a).M\u00e1ster en Gesti\u00f3n de la Seguridad Alimentaria por la Universidad Camilo Jos\u00e9 Cela y el Centro Universitario Bureau Veritas. Auditor IRCA de Sistemas de Gesti\u00f3n Ambiental ISO 14001. T\u00e9cnico Superior en Prevenci\u00f3n de Riesgos Laborales y formaci\u00f3n t\u00e9cnica en Gesti\u00f3n Ambiental, Calidad y Evaluaci\u00f3n de Impacto Ambiental. M\u00e1s de 15 a\u00f1os de experiencia como consultor ambiental de proyectos, consultor de sistemas de gesti\u00f3n y procesos y estudios de impacto ambiental.Durante 4 a\u00f1os, socio-fundador y director de medio ambiente de la empresa de ingenier\u00eda y consultor\u00eda energ\u00e9tica GEDEON GROUP.Gestor de Clientes en Delegaci\u00f3n Central de SN Servicios Normativos (Madrid). www.s-n.es.Gestor de cuentas en APPLUS+ B.U. Certificaci\u00f3n. Zona Centro.Responsable de desarrollo de negocio en la explotaci\u00f3n centro en OCA Global Certificaci\u00f3n.En la actualidad, Director de operaciones de la nueva explotaci\u00f3n Madrid-Castilla La Mancha, en OCA Global Certificaci\u00f3n. Licenciado en Ciencias Biol\u00f3gicas por laUnivesidad de C\u00f3rdoba (C\u00f3rdoba. Espa\u00f1a). M\u00e1ster en Gesti\u00f3n de la Seguridad Alimentaria por la Universidad Camilo Jos\u00e9 Cela y el Centro Universitario Bureau Veritas. Auditor IRCA de Sistemas de Gesti\u00f3n Ambiental ISO 14001. T\u00e9cnico Superior en Prevenci\u00f3n de Riesgos Laborales y formaci\u00f3n t\u00e9cnica en Gesti\u00f3n Ambiental, Calidad y Evaluaci\u00f3n de Impacto Ambiental. M\u00e1s de 15 a\u00f1os de experiencia como consultor ambiental de proyectos, consultor de sistemas de gesti\u00f3n y procesos y estudios de impacto ambiental. Durante 4 a\u00f1os, socio-fundador y director de medio ambiente de la empresa de ingenier\u00eda y&nbsp;consultor\u00eda energ\u00e9tica GEDEON GROUP. Gestor de Clientes en Delegaci\u00f3n Central de SN&nbsp;Servicios Normativos (Madrid). www.s-n.es. Gestor de cuentas en APPLUS+ B.U.&nbsp;Certificaci\u00f3n. Zona Centro. Responsable de desarrollo de negocio en la explotaci\u00f3n centro&nbsp;en OCA Global Certificaci\u00f3n.<\/p>\n","protected":false},"author":1,"featured_media":0,"parent":0,"menu_order":0,"comment_status":"closed","ping_status":"closed","template":"","meta":{"site-sidebar-layout":"no-sidebar","site-content-layout":"","ast-site-content-layout":"full-width-container","site-content-style":"default","site-sidebar-style":"default","ast-global-header-display":"","ast-banner-title-visibility":"","ast-main-header-display":"","ast-hfb-above-header-display":"","ast-hfb-below-header-display":"","ast-hfb-mobile-header-display":"","site-post-title":"","ast-breadcrumbs-content":"","ast-featured-img":"disabled","footer-sml-layout":"","ast-disable-related-posts":"","theme-transparent-header-meta":"","adv-header-id-meta":"","stick-header-meta":"","header-above-stick-meta":"","header-main-stick-meta":"","header-below-stick-meta":"","astra-migrate-meta-layouts":"default","ast-page-background-enabled":"default","ast-page-background-meta":{"desktop":{"background-color":"var(--ast-global-color-4)","background-image":"","background-repeat":"repeat","background-position":"center center","background-size":"auto","background-attachment":"scroll","background-type":"","background-media":"","overlay-type":"","overlay-color":"","overlay-opacity":"","overlay-gradient":""},"tablet":{"background-color":"","background-image":"","background-repeat":"repeat","background-position":"center center","background-size":"auto","background-attachment":"scroll","background-type":"","background-media":"","overlay-type":"","overlay-color":"","overlay-opacity":"","overlay-gradient":""},"mobile":{"background-color":"","background-image":"","background-repeat":"repeat","background-position":"center center","background-size":"auto","background-attachment":"scroll","background-type":"","background-media":"","overlay-type":"","overlay-color":"","overlay-opacity":"","overlay-gradient":""}},"ast-content-background-meta":{"desktop":{"background-color":"var(--ast-global-color-5)","background-image":"","background-repeat":"repeat","background-position":"center center","background-size":"auto","background-attachment":"scroll","background-type":"","background-media":"","overlay-type":"","overlay-color":"","overlay-opacity":"","overlay-gradient":""},"tablet":{"background-color":"var(--ast-global-color-5)","background-image":"","background-repeat":"repeat","background-position":"center center","background-size":"auto","background-attachment":"scroll","background-type":"","background-media":"","overlay-type":"","overlay-color":"","overlay-opacity":"","overlay-gradient":""},"mobile":{"background-color":"var(--ast-global-color-5)","background-image":"","background-repeat":"repeat","background-position":"center center","background-size":"auto","background-attachment":"scroll","background-type":"","background-media":"","overlay-type":"","overlay-color":"","overlay-opacity":"","overlay-gradient":""}},"footnotes":""},"class_list":["post-3285","page","type-page","status-publish","hentry"],"_links":{"self":[{"href":"https:\/\/aifec.eu\/congreso2026\/wp-json\/wp\/v2\/pages\/3285","targetHints":{"allow":["GET"]}}],"collection":[{"href":"https:\/\/aifec.eu\/congreso2026\/wp-json\/wp\/v2\/pages"}],"about":[{"href":"https:\/\/aifec.eu\/congreso2026\/wp-json\/wp\/v2\/types\/page"}],"author":[{"embeddable":true,"href":"https:\/\/aifec.eu\/congreso2026\/wp-json\/wp\/v2\/users\/1"}],"replies":[{"embeddable":true,"href":"https:\/\/aifec.eu\/congreso2026\/wp-json\/wp\/v2\/comments?post=3285"}],"version-history":[{"count":4,"href":"https:\/\/aifec.eu\/congreso2026\/wp-json\/wp\/v2\/pages\/3285\/revisions"}],"predecessor-version":[{"id":3293,"href":"https:\/\/aifec.eu\/congreso2026\/wp-json\/wp\/v2\/pages\/3285\/revisions\/3293"}],"wp:attachment":[{"href":"https:\/\/aifec.eu\/congreso2026\/wp-json\/wp\/v2\/media?parent=3285"}],"curies":[{"name":"wp","href":"https:\/\/api.w.org\/{rel}","templated":true}]}}