{"id":3261,"date":"2026-02-26T11:10:28","date_gmt":"2026-02-26T10:10:28","guid":{"rendered":"https:\/\/aifec.eu\/congreso2026\/?page_id=3261"},"modified":"2026-02-26T11:19:47","modified_gmt":"2026-02-26T10:19:47","slug":"jose-manuel-cansino","status":"publish","type":"page","link":"https:\/\/aifec.eu\/congreso2026\/jose-manuel-cansino\/","title":{"rendered":"Jose Manuel Cansino"},"content":{"rendered":"\t\t<div data-elementor-type=\"wp-page\" data-elementor-id=\"3261\" class=\"elementor elementor-3261\" data-elementor-settings=\"{&quot;ha_cmc_init_switcher&quot;:&quot;no&quot;}\">\n\t\t\t\t<div data-ka-cursor-size=\"1\" class=\"elementor-element elementor-element-4912d73 e-flex e-con-boxed wpr-particle-no wpr-jarallax-no wpr-parallax-no wpr-sticky-section-no wpr-equal-height-no e-con e-parent\" data-id=\"4912d73\" data-element_type=\"container\" data-e-type=\"container\" data-settings=\"{&quot;_ha_eqh_enable&quot;:false,&quot;kng_cursor_interaction&quot;:&quot;default&quot;,&quot;kng_cursor_magnetic&quot;:&quot;none&quot;,&quot;kng_cursor_size_multiplier&quot;:{&quot;unit&quot;:&quot;px&quot;,&quot;size&quot;:1,&quot;sizes&quot;:[]}}\">\n\t\t\t\t\t<div class=\"e-con-inner\">\n\t\t\t\t<div data-ka-cursor-size=\"1\" class=\"elementor-element elementor-element-8272d41 elementor-widget elementor-widget-heading\" data-id=\"8272d41\" data-element_type=\"widget\" data-e-type=\"widget\" data-settings=\"{&quot;kng_cursor_interaction&quot;:&quot;default&quot;,&quot;kng_cursor_magnetic&quot;:&quot;none&quot;,&quot;kng_cursor_size_multiplier&quot;:{&quot;unit&quot;:&quot;px&quot;,&quot;size&quot;:1,&quot;sizes&quot;:[]}}\" data-widget_type=\"heading.default\">\n\t\t\t\t<div class=\"elementor-widget-container\">\n\t\t\t\t\t<h2 class=\"elementor-heading-title elementor-size-default\">Jos\u00e9 Manuel Cansino Mu\u00f1oz-Repiso<\/h2>\t\t\t\t<\/div>\n\t\t\t\t<\/div>\n\t\t\t\t\t<\/div>\n\t\t\t\t<\/div>\n\t\t<div data-ka-cursor-size=\"1\" class=\"elementor-element elementor-element-99d096a e-flex e-con-boxed wpr-particle-no wpr-jarallax-no wpr-parallax-no wpr-sticky-section-no wpr-equal-height-no e-con e-parent\" data-id=\"99d096a\" data-element_type=\"container\" data-e-type=\"container\" data-settings=\"{&quot;_ha_eqh_enable&quot;:false,&quot;kng_cursor_interaction&quot;:&quot;default&quot;,&quot;kng_cursor_magnetic&quot;:&quot;none&quot;,&quot;kng_cursor_size_multiplier&quot;:{&quot;unit&quot;:&quot;px&quot;,&quot;size&quot;:1,&quot;sizes&quot;:[]}}\">\n\t\t\t\t\t<div class=\"e-con-inner\">\n\t\t<div data-ka-cursor-size=\"1\" class=\"elementor-element elementor-element-2bd4ac1 e-con-full e-flex wpr-particle-no wpr-jarallax-no wpr-parallax-no wpr-sticky-section-no wpr-equal-height-no e-con e-child\" data-id=\"2bd4ac1\" data-element_type=\"container\" data-e-type=\"container\" data-settings=\"{&quot;_ha_eqh_enable&quot;:false,&quot;kng_cursor_interaction&quot;:&quot;default&quot;,&quot;kng_cursor_magnetic&quot;:&quot;none&quot;,&quot;kng_cursor_size_multiplier&quot;:{&quot;unit&quot;:&quot;px&quot;,&quot;size&quot;:1,&quot;sizes&quot;:[]}}\">\n\t\t\t\t<div data-ka-cursor-size=\"1\" class=\"elementor-element elementor-element-46445ca elementor-widget elementor-widget-image\" data-id=\"46445ca\" data-element_type=\"widget\" data-e-type=\"widget\" data-settings=\"{&quot;kng_cursor_interaction&quot;:&quot;default&quot;,&quot;kng_cursor_magnetic&quot;:&quot;none&quot;,&quot;kng_cursor_size_multiplier&quot;:{&quot;unit&quot;:&quot;px&quot;,&quot;size&quot;:1,&quot;sizes&quot;:[]}}\" data-widget_type=\"image.default\">\n\t\t\t\t<div class=\"elementor-widget-container\">\n\t\t\t\t\t\t\t\t\t\t\t\t\t\t\t<img fetchpriority=\"high\" decoding=\"async\" width=\"1024\" height=\"573\" src=\"https:\/\/aifec.eu\/congreso2026\/wp-content\/uploads\/2026\/02\/jose-manuel-cansino-kJBD-1200x630@abc.jpg-1024x573.webp\" class=\"attachment-large size-large wp-image-3105\" alt=\"\" srcset=\"https:\/\/aifec.eu\/congreso2026\/wp-content\/uploads\/2026\/02\/jose-manuel-cansino-kJBD-1200x630@abc.jpg-1024x573.webp 1024w, https:\/\/aifec.eu\/congreso2026\/wp-content\/uploads\/2026\/02\/jose-manuel-cansino-kJBD-1200x630@abc.jpg-300x168.webp 300w, https:\/\/aifec.eu\/congreso2026\/wp-content\/uploads\/2026\/02\/jose-manuel-cansino-kJBD-1200x630@abc.jpg-768x430.webp 768w, https:\/\/aifec.eu\/congreso2026\/wp-content\/uploads\/2026\/02\/jose-manuel-cansino-kJBD-1200x630@abc.jpg.webp 1126w\" sizes=\"(max-width: 1024px) 100vw, 1024px\" \/>\t\t\t\t\t\t\t\t\t\t\t\t\t\t\t<\/div>\n\t\t\t\t<\/div>\n\t\t\t\t<\/div>\n\t\t\t\t\t<\/div>\n\t\t\t\t<\/div>\n\t\t<div data-ka-cursor-size=\"1\" class=\"elementor-element elementor-element-47ac199 e-flex e-con-boxed wpr-particle-no wpr-jarallax-no wpr-parallax-no wpr-sticky-section-no wpr-equal-height-no e-con e-parent\" data-id=\"47ac199\" data-element_type=\"container\" data-e-type=\"container\" data-settings=\"{&quot;_ha_eqh_enable&quot;:false,&quot;kng_cursor_interaction&quot;:&quot;default&quot;,&quot;kng_cursor_magnetic&quot;:&quot;none&quot;,&quot;kng_cursor_size_multiplier&quot;:{&quot;unit&quot;:&quot;px&quot;,&quot;size&quot;:1,&quot;sizes&quot;:[]}}\">\n\t\t\t\t\t<div class=\"e-con-inner\">\n\t\t<div data-ka-cursor-size=\"1\" class=\"elementor-element elementor-element-124aec5 e-con-full e-flex wpr-particle-no wpr-jarallax-no wpr-parallax-no wpr-sticky-section-no wpr-equal-height-no e-con e-child\" data-id=\"124aec5\" data-element_type=\"container\" data-e-type=\"container\" data-settings=\"{&quot;_ha_eqh_enable&quot;:false,&quot;kng_cursor_interaction&quot;:&quot;default&quot;,&quot;kng_cursor_magnetic&quot;:&quot;none&quot;,&quot;kng_cursor_size_multiplier&quot;:{&quot;unit&quot;:&quot;px&quot;,&quot;size&quot;:1,&quot;sizes&quot;:[]}}\">\n\t\t\t\t<div data-ka-cursor-size=\"1\" class=\"elementor-element elementor-element-3e8a733 elementor-widget elementor-widget-text-editor\" data-id=\"3e8a733\" data-element_type=\"widget\" data-e-type=\"widget\" data-settings=\"{&quot;kng_cursor_interaction&quot;:&quot;default&quot;,&quot;kng_cursor_magnetic&quot;:&quot;none&quot;,&quot;kng_cursor_size_multiplier&quot;:{&quot;unit&quot;:&quot;px&quot;,&quot;size&quot;:1,&quot;sizes&quot;:[]}}\" data-widget_type=\"text-editor.default\">\n\t\t\t\t<div class=\"elementor-widget-container\">\n\t\t\t\t\t\t\t\t\t<p style=\"text-align: center;\">Profesor Asociado de Pol\u00edtica Econ\u00f3mica en<span style=\"font-style: inherit; font-weight: inherit;\">la Universidad de Sevilla. Es Licenciado y Doctor en Econom\u00eda por esta misma\u00a0<\/span><span style=\"font-style: inherit; font-weight: inherit;\">instituci\u00f3n, y cuenta adem\u00e1s con el Diploma en Alta Direcci\u00f3n de Empresas (AD-1) por\u00a0<\/span><span style=\"font-style: inherit; font-weight: inherit;\">San Telmo Business School.<\/span><\/p><p style=\"text-align: center;\"><span style=\"font-style: inherit; font-weight: inherit;\">Ha completado su formaci\u00f3n acad\u00e9mica en instituciones de reconocido prestigio<\/span><span style=\"font-style: inherit; font-weight: inherit;\">internacional como el Center for Monetary and Financial Studies (CEMFI), el\u00a0<\/span><span style=\"font-style: inherit; font-weight: inherit;\">International Institute for Industrial Environmental Economics\u00a0<\/span><span style=\"font-style: inherit; font-weight: inherit;\">en Suecia, y la\u00a0<\/span><span style=\"font-style: inherit; font-weight: inherit;\">Universidad Aut\u00f3noma de Chile.<\/span><\/p><p style=\"text-align: center;\"><span style=\"font-style: inherit; font-weight: inherit;\">Su actividad investigadora se centra en la econom\u00eda energ\u00e9tica y ambiental. Es miembro<\/span><span style=\"font-style: inherit; font-weight: inherit;\">del grupo de investigaci\u00f3n en Teor\u00eda Econ\u00f3mica y Econom\u00eda Pol\u00edtica y responsable de\u00a0<\/span><span style=\"font-style: inherit; font-weight: inherit;\">la C\u00e1tedra de Econom\u00eda de la Energ\u00eda y del Medio Ambiente de la Universidad de\u00a0<\/span><span style=\"font-style: inherit; font-weight: inherit;\">Sevilla desde su creaci\u00f3n en 2011, actualmente patrocinada por Red El\u00e9ctrica de\u00a0<\/span><span style=\"font-style: inherit; font-weight: inherit;\">Espa\u00f1a. Ha publicado m\u00e1s de 50 art\u00edculos cient\u00edficos en revistas internacionales de alto\u00a0<\/span><span style=\"font-style: inherit; font-weight: inherit;\">impacto, ha participado en seis libros colectivos y es autor de cuatro manuales docentes.<\/span><\/p><p style=\"text-align: center;\">Ha sido codirector del proyecto de investigaci\u00f3n \u201cClaves para desacoplar crecimiento y emisiones de CO\u2082 en Espa\u00f1a\u201d, en el marco del Plan Estatal de I+D+i (2013-2016) del Ministerio de Econom\u00eda y Competitividad, y ha colaborado en numerosos proyectos nacionales e internacionales. Entre ellos, destaca su participaci\u00f3n en iniciativas financiadas por la Comisi\u00f3n Europea (Joint Research Centre), as\u00ed como su papel en proyectos sobre econom\u00eda del comportamiento aplicada a la energ\u00eda y el cambio clim\u00e1tico impulsados por ETH Z\u00fcrich.<br \/>En su faceta divulgadora, publica semanalmente una columna en la secci\u00f3n de Econom\u00eda del diario digital El Debate, y colabora habitualmente en televisi\u00f3n y radio.<\/p><p style=\"text-align: center;\">Adem\u00e1s, desarrolla labores de asesor\u00eda para instituciones p\u00fablicas y privadas, habiendo trabajado con organismos como el Ministerio de Econom\u00eda y Competitividad de Espa\u00f1a, el Ministerio de Educaci\u00f3n de Chile, la Agencia Sueca de la Energ\u00eda, la Junta de Andaluc\u00eda y la Agencia Andaluza de la Energ\u00eda.<\/p>\t\t\t\t\t\t\t\t<\/div>\n\t\t\t\t<\/div>\n\t\t\t\t<\/div>\n\t\t\t\t\t<\/div>\n\t\t\t\t<\/div>\n\t\t\t\t<\/div>\n\t\t","protected":false},"excerpt":{"rendered":"<p>Jos\u00e9 Manuel Cansino Mu\u00f1oz-Repiso Profesor Asociado de Pol\u00edtica Econ\u00f3mica enla Universidad de Sevilla. Es Licenciado y Doctor en Econom\u00eda por esta misma\u00a0instituci\u00f3n, y cuenta adem\u00e1s con el Diploma en Alta Direcci\u00f3n de Empresas (AD-1) por\u00a0San Telmo Business School. Ha completado su formaci\u00f3n acad\u00e9mica en instituciones de reconocido prestigiointernacional como el Center for Monetary and Financial Studies (CEMFI), el\u00a0International Institute for Industrial Environmental Economics\u00a0en Suecia, y la\u00a0Universidad Aut\u00f3noma de Chile. Su actividad investigadora se centra en la econom\u00eda energ\u00e9tica y ambiental. Es miembrodel grupo de investigaci\u00f3n en Teor\u00eda Econ\u00f3mica y Econom\u00eda Pol\u00edtica y responsable de\u00a0la C\u00e1tedra de Econom\u00eda de la Energ\u00eda y del Medio Ambiente de la Universidad de\u00a0Sevilla desde su creaci\u00f3n en 2011, actualmente patrocinada por Red El\u00e9ctrica de\u00a0Espa\u00f1a. Ha publicado m\u00e1s de 50 art\u00edculos cient\u00edficos en revistas internacionales de alto\u00a0impacto, ha participado en seis libros colectivos y es autor de cuatro manuales docentes. Ha sido codirector del proyecto de investigaci\u00f3n \u201cClaves para desacoplar crecimiento y emisiones de CO\u2082 en Espa\u00f1a\u201d, en el marco del Plan Estatal de I+D+i (2013-2016) del Ministerio de Econom\u00eda y Competitividad, y ha colaborado en numerosos proyectos nacionales e internacionales. Entre ellos, destaca su participaci\u00f3n en iniciativas financiadas por la Comisi\u00f3n Europea (Joint Research Centre), as\u00ed como su papel en proyectos sobre econom\u00eda del comportamiento aplicada a la energ\u00eda y el cambio clim\u00e1tico impulsados por ETH Z\u00fcrich.En su faceta divulgadora, publica semanalmente una columna en la secci\u00f3n de Econom\u00eda del diario digital El Debate, y colabora habitualmente en televisi\u00f3n y radio. Adem\u00e1s, desarrolla labores de asesor\u00eda para instituciones p\u00fablicas y privadas, habiendo trabajado con organismos como el Ministerio de Econom\u00eda y Competitividad de Espa\u00f1a, el Ministerio de Educaci\u00f3n de Chile, la Agencia Sueca de la Energ\u00eda, la Junta de Andaluc\u00eda y la Agencia Andaluza de la Energ\u00eda.<\/p>\n","protected":false},"author":1,"featured_media":0,"parent":0,"menu_order":0,"comment_status":"closed","ping_status":"closed","template":"","meta":{"site-sidebar-layout":"no-sidebar","site-content-layout":"","ast-site-content-layout":"full-width-container","site-content-style":"default","site-sidebar-style":"default","ast-global-header-display":"","ast-banner-title-visibility":"","ast-main-header-display":"","ast-hfb-above-header-display":"","ast-hfb-below-header-display":"","ast-hfb-mobile-header-display":"","site-post-title":"","ast-breadcrumbs-content":"","ast-featured-img":"disabled","footer-sml-layout":"","ast-disable-related-posts":"","theme-transparent-header-meta":"","adv-header-id-meta":"","stick-header-meta":"","header-above-stick-meta":"","header-main-stick-meta":"","header-below-stick-meta":"","astra-migrate-meta-layouts":"default","ast-page-background-enabled":"default","ast-page-background-meta":{"desktop":{"background-color":"var(--ast-global-color-4)","background-image":"","background-repeat":"repeat","background-position":"center center","background-size":"auto","background-attachment":"scroll","background-type":"","background-media":"","overlay-type":"","overlay-color":"","overlay-opacity":"","overlay-gradient":""},"tablet":{"background-color":"","background-image":"","background-repeat":"repeat","background-position":"center center","background-size":"auto","background-attachment":"scroll","background-type":"","background-media":"","overlay-type":"","overlay-color":"","overlay-opacity":"","overlay-gradient":""},"mobile":{"background-color":"","background-image":"","background-repeat":"repeat","background-position":"center center","background-size":"auto","background-attachment":"scroll","background-type":"","background-media":"","overlay-type":"","overlay-color":"","overlay-opacity":"","overlay-gradient":""}},"ast-content-background-meta":{"desktop":{"background-color":"var(--ast-global-color-5)","background-image":"","background-repeat":"repeat","background-position":"center center","background-size":"auto","background-attachment":"scroll","background-type":"","background-media":"","overlay-type":"","overlay-color":"","overlay-opacity":"","overlay-gradient":""},"tablet":{"background-color":"var(--ast-global-color-5)","background-image":"","background-repeat":"repeat","background-position":"center center","background-size":"auto","background-attachment":"scroll","background-type":"","background-media":"","overlay-type":"","overlay-color":"","overlay-opacity":"","overlay-gradient":""},"mobile":{"background-color":"var(--ast-global-color-5)","background-image":"","background-repeat":"repeat","background-position":"center center","background-size":"auto","background-attachment":"scroll","background-type":"","background-media":"","overlay-type":"","overlay-color":"","overlay-opacity":"","overlay-gradient":""}},"footnotes":""},"class_list":["post-3261","page","type-page","status-publish","hentry"],"_links":{"self":[{"href":"https:\/\/aifec.eu\/congreso2026\/wp-json\/wp\/v2\/pages\/3261","targetHints":{"allow":["GET"]}}],"collection":[{"href":"https:\/\/aifec.eu\/congreso2026\/wp-json\/wp\/v2\/pages"}],"about":[{"href":"https:\/\/aifec.eu\/congreso2026\/wp-json\/wp\/v2\/types\/page"}],"author":[{"embeddable":true,"href":"https:\/\/aifec.eu\/congreso2026\/wp-json\/wp\/v2\/users\/1"}],"replies":[{"embeddable":true,"href":"https:\/\/aifec.eu\/congreso2026\/wp-json\/wp\/v2\/comments?post=3261"}],"version-history":[{"count":5,"href":"https:\/\/aifec.eu\/congreso2026\/wp-json\/wp\/v2\/pages\/3261\/revisions"}],"predecessor-version":[{"id":3270,"href":"https:\/\/aifec.eu\/congreso2026\/wp-json\/wp\/v2\/pages\/3261\/revisions\/3270"}],"wp:attachment":[{"href":"https:\/\/aifec.eu\/congreso2026\/wp-json\/wp\/v2\/media?parent=3261"}],"curies":[{"name":"wp","href":"https:\/\/api.w.org\/{rel}","templated":true}]}}