{"id":3178,"date":"2026-02-25T14:18:14","date_gmt":"2026-02-25T13:18:14","guid":{"rendered":"https:\/\/aifec.eu\/congreso2026\/?page_id=3178"},"modified":"2026-04-15T10:49:27","modified_gmt":"2026-04-15T08:49:27","slug":"14-de-mayo","status":"publish","type":"page","link":"https:\/\/aifec.eu\/congreso2026\/14-de-mayo\/","title":{"rendered":"14 de Mayo"},"content":{"rendered":"\t\t<div data-elementor-type=\"wp-page\" data-elementor-id=\"3178\" class=\"elementor elementor-3178\" data-elementor-settings=\"{&quot;ha_cmc_init_switcher&quot;:&quot;no&quot;}\">\n\t\t\t\t<div data-ka-cursor-size=\"1\" class=\"elementor-element elementor-element-1c51e4f e-flex e-con-boxed wpr-particle-no wpr-jarallax-no wpr-parallax-no wpr-sticky-section-no wpr-equal-height-no e-con e-parent\" data-id=\"1c51e4f\" data-element_type=\"container\" data-e-type=\"container\" data-settings=\"{&quot;_ha_eqh_enable&quot;:false,&quot;kng_cursor_interaction&quot;:&quot;default&quot;,&quot;kng_cursor_magnetic&quot;:&quot;none&quot;,&quot;kng_cursor_size_multiplier&quot;:{&quot;unit&quot;:&quot;px&quot;,&quot;size&quot;:1,&quot;sizes&quot;:[]}}\">\n\t\t\t\t\t<div class=\"e-con-inner\">\n\t\t\t\t<div data-ka-cursor-size=\"1\" class=\"elementor-element elementor-element-5a6e528 elementor-widget elementor-widget-heading\" data-id=\"5a6e528\" data-element_type=\"widget\" data-e-type=\"widget\" data-settings=\"{&quot;kng_cursor_interaction&quot;:&quot;default&quot;,&quot;kng_cursor_magnetic&quot;:&quot;none&quot;,&quot;kng_cursor_size_multiplier&quot;:{&quot;unit&quot;:&quot;px&quot;,&quot;size&quot;:1,&quot;sizes&quot;:[]}}\" data-widget_type=\"heading.default\">\n\t\t\t\t<div class=\"elementor-widget-container\">\n\t\t\t\t\t<h2 class=\"elementor-heading-title elementor-size-default\">Programa Congreso AIFEC 2026\n14 de Mayo<\/h2>\t\t\t\t<\/div>\n\t\t\t\t<\/div>\n\t\t\t\t\t<\/div>\n\t\t\t\t<\/div>\n\t\t<div data-ka-cursor-size=\"1\" class=\"elementor-element elementor-element-653d254 e-flex e-con-boxed wpr-particle-no wpr-jarallax-no wpr-parallax-no wpr-sticky-section-no wpr-equal-height-no e-con e-parent\" data-id=\"653d254\" data-element_type=\"container\" data-e-type=\"container\" data-settings=\"{&quot;_ha_eqh_enable&quot;:false,&quot;kng_cursor_interaction&quot;:&quot;default&quot;,&quot;kng_cursor_magnetic&quot;:&quot;none&quot;,&quot;kng_cursor_size_multiplier&quot;:{&quot;unit&quot;:&quot;px&quot;,&quot;size&quot;:1,&quot;sizes&quot;:[]}}\">\n\t\t\t\t\t<div class=\"e-con-inner\">\n\t\t\t\t<div data-ka-cursor-size=\"1\" class=\"elementor-element elementor-element-618decb elementor-widget elementor-widget-heading\" data-id=\"618decb\" data-element_type=\"widget\" data-e-type=\"widget\" data-settings=\"{&quot;kng_cursor_interaction&quot;:&quot;default&quot;,&quot;kng_cursor_magnetic&quot;:&quot;none&quot;,&quot;kng_cursor_size_multiplier&quot;:{&quot;unit&quot;:&quot;px&quot;,&quot;size&quot;:1,&quot;sizes&quot;:[]}}\" data-widget_type=\"heading.default\">\n\t\t\t\t<div class=\"elementor-widget-container\">\n\t\t\t\t\t<h2 class=\"elementor-heading-title elementor-size-default\">Congresistas<\/h2>\t\t\t\t<\/div>\n\t\t\t\t<\/div>\n\t\t\t\t\t<\/div>\n\t\t\t\t<\/div>\n\t\t<div data-ka-cursor-size=\"1\" class=\"elementor-element elementor-element-48f5bde e-flex e-con-boxed wpr-particle-no wpr-jarallax-no wpr-parallax-no wpr-sticky-section-no wpr-equal-height-no e-con e-parent\" data-id=\"48f5bde\" data-element_type=\"container\" data-e-type=\"container\" data-settings=\"{&quot;_ha_eqh_enable&quot;:false,&quot;kng_cursor_interaction&quot;:&quot;default&quot;,&quot;kng_cursor_magnetic&quot;:&quot;none&quot;,&quot;kng_cursor_size_multiplier&quot;:{&quot;unit&quot;:&quot;px&quot;,&quot;size&quot;:1,&quot;sizes&quot;:[]}}\">\n\t\t\t\t\t<div class=\"e-con-inner\">\n\t\t\t\t<div data-ka-cursor-size=\"1\" class=\"elementor-element elementor-element-249fcd6 elementor-widget elementor-widget-text-editor\" data-id=\"249fcd6\" data-element_type=\"widget\" data-e-type=\"widget\" data-settings=\"{&quot;kng_cursor_interaction&quot;:&quot;default&quot;,&quot;kng_cursor_magnetic&quot;:&quot;none&quot;,&quot;kng_cursor_size_multiplier&quot;:{&quot;unit&quot;:&quot;px&quot;,&quot;size&quot;:1,&quot;sizes&quot;:[]}}\" data-widget_type=\"text-editor.default\">\n\t\t\t\t<div class=\"elementor-widget-container\">\n\t\t\t\t\t\t\t\t\t<p><strong>-13:00<\/strong>\u00a0Entrega de acreditaciones<\/p><p><strong>-15:00<\/strong>\u00a0Junta Directiva de AIFEC\u00a0(solo para miembros de la Junta Directiva)<\/p><p><strong>-17:00 \u2013 17:30<\/strong>\u00a0Caf\u00e9 de Bienvenida \u2013 Visita de la zona expo y votaci\u00f3n del p\u00fablico de los Premios AIFEC a trav\u00e9s de la APP<\/p><p><strong>-17:30 \u2013 19:00<\/strong>\u00a0Asamblea General AIFEC 2026<\/p><p><strong>-19:15<\/strong> Punto de encuentro en el hall del hotel<\/p><p><strong>-19:30<\/strong> Salida de los autobuses hacia la Alhambra<\/p><p>\u00a0<b>20:00 \u2013 21:30 <\/b>Visita privada a la Alhambra<b><a href=\"https:\/\/aifec.eu\/congreso2026\/visita-privada-a-la-alhambra\/\" target=\"_blank\" rel=\"noopener\">(consulte aqu\u00ed las condiciones de acceso)<\/a><\/b> patrocinada por<\/p><p><img decoding=\"async\" class=\"alignleft wp-image-2662 size-medium lazyload\" data-src=\"https:\/\/aifec.eu\/congreso2026\/wp-content\/uploads\/2026\/02\/lecta-300x115.png\" alt=\"\" width=\"300\" height=\"115\" data-srcset=\"https:\/\/aifec.eu\/congreso2026\/wp-content\/uploads\/2026\/02\/lecta-300x115.png 300w, https:\/\/aifec.eu\/congreso2026\/wp-content\/uploads\/2026\/02\/lecta.png 676w\" data-sizes=\"(max-width: 300px) 100vw, 300px\" src=\"data:image\/svg+xml;base64,PHN2ZyB3aWR0aD0iMSIgaGVpZ2h0PSIxIiB4bWxucz0iaHR0cDovL3d3dy53My5vcmcvMjAwMC9zdmciPjwvc3ZnPg==\" style=\"--smush-placeholder-width: 300px; --smush-placeholder-aspect-ratio: 300\/115;\" \/><\/p><p><strong>\u00a0<\/strong><\/p><p><strong>\u00a0<\/strong><\/p><p><strong>\u00a0<\/strong><\/p><p><strong>-22:00<\/strong> <b>22:00 <\/b>Bienvenida &amp; Apertura del Congreso \u2013 a cargo del Presidente de AIFEC &#8211; Cocktail cena de Bienvenida en el Carmen de los M\u00e1rtires patrocinada por<\/p><p><img fetchpriority=\"high\" decoding=\"async\" class=\"alignnone wp-image-3570 \" src=\"https:\/\/aifec.eu\/congreso2026\/wp-content\/uploads\/2026\/04\/PARA-USAR-unnamed-XAVI-COMERMA-RICO.png\" alt=\"\" width=\"296\" height=\"180\" srcset=\"https:\/\/aifec.eu\/congreso2026\/wp-content\/uploads\/2026\/04\/PARA-USAR-unnamed-XAVI-COMERMA-RICO.png 512w, https:\/\/aifec.eu\/congreso2026\/wp-content\/uploads\/2026\/04\/PARA-USAR-unnamed-XAVI-COMERMA-RICO-300x182.png 300w\" sizes=\"(max-width: 296px) 100vw, 296px\" \/><\/p>\t\t\t\t\t\t\t\t<\/div>\n\t\t\t\t<\/div>\n\t\t\t\t\t<\/div>\n\t\t\t\t<\/div>\n\t\t<div data-ka-cursor-size=\"1\" class=\"elementor-element elementor-element-dff2536 e-flex e-con-boxed wpr-particle-no wpr-jarallax-no wpr-parallax-no wpr-sticky-section-no wpr-equal-height-no e-con e-parent\" data-id=\"dff2536\" data-element_type=\"container\" data-e-type=\"container\" data-settings=\"{&quot;_ha_eqh_enable&quot;:false,&quot;kng_cursor_interaction&quot;:&quot;default&quot;,&quot;kng_cursor_magnetic&quot;:&quot;none&quot;,&quot;kng_cursor_size_multiplier&quot;:{&quot;unit&quot;:&quot;px&quot;,&quot;size&quot;:1,&quot;sizes&quot;:[]}}\">\n\t\t\t\t\t<div class=\"e-con-inner\">\n\t\t\t\t<div data-ka-cursor-size=\"1\" class=\"elementor-element elementor-element-5414a34 elementor-widget-divider--view-line elementor-widget elementor-widget-divider\" data-id=\"5414a34\" data-element_type=\"widget\" data-e-type=\"widget\" data-settings=\"{&quot;kng_cursor_interaction&quot;:&quot;default&quot;,&quot;kng_cursor_magnetic&quot;:&quot;none&quot;,&quot;kng_cursor_size_multiplier&quot;:{&quot;unit&quot;:&quot;px&quot;,&quot;size&quot;:1,&quot;sizes&quot;:[]}}\" data-widget_type=\"divider.default\">\n\t\t\t\t<div class=\"elementor-widget-container\">\n\t\t\t\t\t\t\t<div class=\"elementor-divider\">\n\t\t\t<span class=\"elementor-divider-separator\">\n\t\t\t\t\t\t<\/span>\n\t\t<\/div>\n\t\t\t\t\t\t<\/div>\n\t\t\t\t<\/div>\n\t\t\t\t\t<\/div>\n\t\t\t\t<\/div>\n\t\t<div data-ka-cursor-size=\"1\" class=\"elementor-element elementor-element-9afedb6 e-flex e-con-boxed wpr-particle-no wpr-jarallax-no wpr-parallax-no wpr-sticky-section-no wpr-equal-height-no e-con e-parent\" data-id=\"9afedb6\" data-element_type=\"container\" data-e-type=\"container\" data-settings=\"{&quot;_ha_eqh_enable&quot;:false,&quot;kng_cursor_interaction&quot;:&quot;default&quot;,&quot;kng_cursor_magnetic&quot;:&quot;none&quot;,&quot;kng_cursor_size_multiplier&quot;:{&quot;unit&quot;:&quot;px&quot;,&quot;size&quot;:1,&quot;sizes&quot;:[]}}\">\n\t\t\t\t\t<div class=\"e-con-inner\">\n\t\t\t\t<div data-ka-cursor-size=\"1\" class=\"elementor-element elementor-element-d4d294f elementor-widget elementor-widget-heading\" data-id=\"d4d294f\" data-element_type=\"widget\" data-e-type=\"widget\" data-settings=\"{&quot;kng_cursor_interaction&quot;:&quot;default&quot;,&quot;kng_cursor_magnetic&quot;:&quot;none&quot;,&quot;kng_cursor_size_multiplier&quot;:{&quot;unit&quot;:&quot;px&quot;,&quot;size&quot;:1,&quot;sizes&quot;:[]}}\" data-widget_type=\"heading.default\">\n\t\t\t\t<div class=\"elementor-widget-container\">\n\t\t\t\t\t<h2 class=\"elementor-heading-title elementor-size-default\">Acompa\u00f1antes<\/h2>\t\t\t\t<\/div>\n\t\t\t\t<\/div>\n\t\t\t\t\t<\/div>\n\t\t\t\t<\/div>\n\t\t<div data-ka-cursor-size=\"1\" class=\"elementor-element elementor-element-3496c9a e-flex e-con-boxed wpr-particle-no wpr-jarallax-no wpr-parallax-no wpr-sticky-section-no wpr-equal-height-no e-con e-parent\" data-id=\"3496c9a\" data-element_type=\"container\" data-e-type=\"container\" data-settings=\"{&quot;_ha_eqh_enable&quot;:false,&quot;kng_cursor_interaction&quot;:&quot;default&quot;,&quot;kng_cursor_magnetic&quot;:&quot;none&quot;,&quot;kng_cursor_size_multiplier&quot;:{&quot;unit&quot;:&quot;px&quot;,&quot;size&quot;:1,&quot;sizes&quot;:[]}}\">\n\t\t\t\t\t<div class=\"e-con-inner\">\n\t\t\t\t<div data-ka-cursor-size=\"1\" class=\"elementor-element elementor-element-1402426 elementor-widget elementor-widget-text-editor\" data-id=\"1402426\" data-element_type=\"widget\" data-e-type=\"widget\" data-settings=\"{&quot;kng_cursor_interaction&quot;:&quot;default&quot;,&quot;kng_cursor_magnetic&quot;:&quot;none&quot;,&quot;kng_cursor_size_multiplier&quot;:{&quot;unit&quot;:&quot;px&quot;,&quot;size&quot;:1,&quot;sizes&quot;:[]}}\" data-widget_type=\"text-editor.default\">\n\t\t\t\t<div class=\"elementor-widget-container\">\n\t\t\t\t\t\t\t\t\t<p><strong>-13:00<\/strong>\u00a0Entrega de acreditaciones<\/p><p><strong>-17:30<\/strong>\u00a0Salida autobuses hacia la Alhambra<\/p><p><strong>-18:00<\/strong>\u00a0Visita guiada de los Palacios Nazar\u00edes<\/p><p><strong>-20:00 \u2013 21:30<\/strong>\u00a0Visita privada a Palacio Generalife. Patrocinada por<br \/><img decoding=\"async\" class=\"alignleft wp-image-2662 size-medium lazyload\" data-src=\"https:\/\/aifec.eu\/congreso2026\/wp-content\/uploads\/2026\/02\/lecta-300x115.png\" alt=\"\" width=\"300\" height=\"115\" data-srcset=\"https:\/\/aifec.eu\/congreso2026\/wp-content\/uploads\/2026\/02\/lecta-300x115.png 300w, https:\/\/aifec.eu\/congreso2026\/wp-content\/uploads\/2026\/02\/lecta.png 676w\" data-sizes=\"(max-width: 300px) 100vw, 300px\" src=\"data:image\/svg+xml;base64,PHN2ZyB3aWR0aD0iMSIgaGVpZ2h0PSIxIiB4bWxucz0iaHR0cDovL3d3dy53My5vcmcvMjAwMC9zdmciPjwvc3ZnPg==\" style=\"--smush-placeholder-width: 300px; --smush-placeholder-aspect-ratio: 300\/115;\" \/><\/p><p><strong>\u00a0<\/strong><\/p><p>\u00a0<\/p><p><strong style=\"font-style: inherit;\">-22:00<\/strong><span style=\"font-style: inherit; font-weight: inherit;\"> Bienvenida &amp; Apertura del Congreso \u2013 a cargo del Presidente de AIFEC\u00a0<\/span><span style=\"font-style: inherit; font-weight: inherit;\">Cocktail cena de Bienvenida en el Carmen de los M\u00e1rtires patrocinado por<\/span><\/p><p><img decoding=\"async\" class=\"alignnone wp-image-3570 lazyload\" data-src=\"https:\/\/aifec.eu\/congreso2026\/wp-content\/uploads\/2026\/04\/PARA-USAR-unnamed-XAVI-COMERMA-RICO.png\" alt=\"\" width=\"298\" height=\"182\" data-srcset=\"https:\/\/aifec.eu\/congreso2026\/wp-content\/uploads\/2026\/04\/PARA-USAR-unnamed-XAVI-COMERMA-RICO.png 512w, https:\/\/aifec.eu\/congreso2026\/wp-content\/uploads\/2026\/04\/PARA-USAR-unnamed-XAVI-COMERMA-RICO-300x182.png 300w\" data-sizes=\"(max-width: 298px) 100vw, 298px\" src=\"data:image\/svg+xml;base64,PHN2ZyB3aWR0aD0iMSIgaGVpZ2h0PSIxIiB4bWxucz0iaHR0cDovL3d3dy53My5vcmcvMjAwMC9zdmciPjwvc3ZnPg==\" style=\"--smush-placeholder-width: 298px; --smush-placeholder-aspect-ratio: 298\/182;\" \/><\/p>\t\t\t\t\t\t\t\t<\/div>\n\t\t\t\t<\/div>\n\t\t\t\t\t<\/div>\n\t\t\t\t<\/div>\n\t\t\t\t<\/div>\n\t\t","protected":false},"excerpt":{"rendered":"<p>Programa Congreso AIFEC 2026 14 de Mayo Congresistas -13:00\u00a0Entrega de acreditaciones -15:00\u00a0Junta Directiva de AIFEC\u00a0(solo para miembros de la Junta Directiva) -17:00 \u2013 17:30\u00a0Caf\u00e9 de Bienvenida \u2013 Visita de la zona expo y votaci\u00f3n del p\u00fablico de los Premios AIFEC a trav\u00e9s de la APP -17:30 \u2013 19:00\u00a0Asamblea General AIFEC 2026 -19:15 Punto de encuentro en el hall del hotel -19:30 Salida de los autobuses hacia la Alhambra \u00a020:00 \u2013 21:30 Visita privada a la Alhambra(consulte aqu\u00ed las condiciones de acceso) patrocinada por \u00a0 \u00a0 \u00a0 -22:00 22:00 Bienvenida &amp; Apertura del Congreso \u2013 a cargo del Presidente de AIFEC &#8211; Cocktail cena de Bienvenida en el Carmen de los M\u00e1rtires patrocinada por Acompa\u00f1antes -13:00\u00a0Entrega de acreditaciones -17:30\u00a0Salida autobuses hacia la Alhambra -18:00\u00a0Visita guiada de los Palacios Nazar\u00edes -20:00 \u2013 21:30\u00a0Visita privada a Palacio Generalife. Patrocinada por \u00a0 \u00a0 -22:00 Bienvenida &amp; Apertura del Congreso \u2013 a cargo del Presidente de AIFEC\u00a0Cocktail cena de Bienvenida en el Carmen de los M\u00e1rtires patrocinado por<\/p>\n","protected":false},"author":1,"featured_media":0,"parent":0,"menu_order":0,"comment_status":"closed","ping_status":"closed","template":"","meta":{"site-sidebar-layout":"no-sidebar","site-content-layout":"","ast-site-content-layout":"full-width-container","site-content-style":"default","site-sidebar-style":"default","ast-global-header-display":"","ast-banner-title-visibility":"","ast-main-header-display":"","ast-hfb-above-header-display":"","ast-hfb-below-header-display":"","ast-hfb-mobile-header-display":"","site-post-title":"","ast-breadcrumbs-content":"","ast-featured-img":"disabled","footer-sml-layout":"","ast-disable-related-posts":"","theme-transparent-header-meta":"","adv-header-id-meta":"","stick-header-meta":"","header-above-stick-meta":"","header-main-stick-meta":"","header-below-stick-meta":"","astra-migrate-meta-layouts":"default","ast-page-background-enabled":"default","ast-page-background-meta":{"desktop":{"background-color":"var(--ast-global-color-4)","background-image":"","background-repeat":"repeat","background-position":"center center","background-size":"auto","background-attachment":"scroll","background-type":"","background-media":"","overlay-type":"","overlay-color":"","overlay-opacity":"","overlay-gradient":""},"tablet":{"background-color":"","background-image":"","background-repeat":"repeat","background-position":"center center","background-size":"auto","background-attachment":"scroll","background-type":"","background-media":"","overlay-type":"","overlay-color":"","overlay-opacity":"","overlay-gradient":""},"mobile":{"background-color":"","background-image":"","background-repeat":"repeat","background-position":"center center","background-size":"auto","background-attachment":"scroll","background-type":"","background-media":"","overlay-type":"","overlay-color":"","overlay-opacity":"","overlay-gradient":""}},"ast-content-background-meta":{"desktop":{"background-color":"var(--ast-global-color-5)","background-image":"","background-repeat":"repeat","background-position":"center center","background-size":"auto","background-attachment":"scroll","background-type":"","background-media":"","overlay-type":"","overlay-color":"","overlay-opacity":"","overlay-gradient":""},"tablet":{"background-color":"var(--ast-global-color-5)","background-image":"","background-repeat":"repeat","background-position":"center center","background-size":"auto","background-attachment":"scroll","background-type":"","background-media":"","overlay-type":"","overlay-color":"","overlay-opacity":"","overlay-gradient":""},"mobile":{"background-color":"var(--ast-global-color-5)","background-image":"","background-repeat":"repeat","background-position":"center center","background-size":"auto","background-attachment":"scroll","background-type":"","background-media":"","overlay-type":"","overlay-color":"","overlay-opacity":"","overlay-gradient":""}},"footnotes":""},"class_list":["post-3178","page","type-page","status-publish","hentry"],"_links":{"self":[{"href":"https:\/\/aifec.eu\/congreso2026\/wp-json\/wp\/v2\/pages\/3178","targetHints":{"allow":["GET"]}}],"collection":[{"href":"https:\/\/aifec.eu\/congreso2026\/wp-json\/wp\/v2\/pages"}],"about":[{"href":"https:\/\/aifec.eu\/congreso2026\/wp-json\/wp\/v2\/types\/page"}],"author":[{"embeddable":true,"href":"https:\/\/aifec.eu\/congreso2026\/wp-json\/wp\/v2\/users\/1"}],"replies":[{"embeddable":true,"href":"https:\/\/aifec.eu\/congreso2026\/wp-json\/wp\/v2\/comments?post=3178"}],"version-history":[{"count":58,"href":"https:\/\/aifec.eu\/congreso2026\/wp-json\/wp\/v2\/pages\/3178\/revisions"}],"predecessor-version":[{"id":3579,"href":"https:\/\/aifec.eu\/congreso2026\/wp-json\/wp\/v2\/pages\/3178\/revisions\/3579"}],"wp:attachment":[{"href":"https:\/\/aifec.eu\/congreso2026\/wp-json\/wp\/v2\/media?parent=3178"}],"curies":[{"name":"wp","href":"https:\/\/api.w.org\/{rel}","templated":true}]}}