{"id":2838,"date":"2026-02-03T11:40:53","date_gmt":"2026-02-03T10:40:53","guid":{"rendered":"https:\/\/aifec.eu\/congreso2026\/?page_id=2838"},"modified":"2026-02-26T13:55:45","modified_gmt":"2026-02-26T12:55:45","slug":"jornada-de-networking","status":"publish","type":"page","link":"https:\/\/aifec.eu\/congreso2026\/jornada-de-networking\/","title":{"rendered":"Jornada de Networking"},"content":{"rendered":"\t\t<div data-elementor-type=\"wp-page\" data-elementor-id=\"2838\" class=\"elementor elementor-2838\" data-elementor-settings=\"{&quot;ha_cmc_init_switcher&quot;:&quot;no&quot;}\">\n\t\t\t\t\t\t<section data-ka-cursor-size=\"1\" class=\"elementor-section elementor-top-section elementor-element elementor-element-bcd2d5a elementor-section-height-full elementor-section-boxed elementor-section-height-default elementor-section-items-middle wpr-particle-no wpr-jarallax-no wpr-parallax-no wpr-sticky-section-no wpr-equal-height-no\" data-id=\"bcd2d5a\" data-element_type=\"section\" data-e-type=\"section\" data-settings=\"{&quot;background_background&quot;:&quot;slideshow&quot;,&quot;background_slideshow_gallery&quot;:[{&quot;id&quot;:3118,&quot;url&quot;:&quot;https:\\\/\\\/aifec.eu\\\/congreso2026\\\/wp-content\\\/uploads\\\/2026\\\/02\\\/senorio-con-nevada.jpg&quot;}],&quot;background_slideshow_slide_duration&quot;:5000,&quot;background_slideshow_slide_transition&quot;:&quot;fade&quot;,&quot;background_slideshow_transition_duration&quot;:500,&quot;_ha_eqh_enable&quot;:false,&quot;kng_cursor_interaction&quot;:&quot;default&quot;,&quot;kng_cursor_magnetic&quot;:&quot;none&quot;,&quot;kng_cursor_size_multiplier&quot;:{&quot;unit&quot;:&quot;px&quot;,&quot;size&quot;:1,&quot;sizes&quot;:[]}}\">\n\t\t\t\t\t\t\t<div class=\"elementor-background-overlay\"><\/div>\n\t\t\t\t\t\t\t<div class=\"elementor-container elementor-column-gap-default\">\n\t\t\t\t\t<div data-ka-cursor-size=\"1\" class=\"elementor-column elementor-col-100 elementor-top-column elementor-element elementor-element-ac1eda3\" data-id=\"ac1eda3\" data-element_type=\"column\" data-e-type=\"column\" data-settings=\"{&quot;kng_cursor_interaction&quot;:&quot;default&quot;,&quot;kng_cursor_magnetic&quot;:&quot;none&quot;,&quot;kng_cursor_size_multiplier&quot;:{&quot;unit&quot;:&quot;px&quot;,&quot;size&quot;:1,&quot;sizes&quot;:[]}}\">\n\t\t\t<div class=\"elementor-widget-wrap\">\n\t\t\t\t\t\t\t<\/div>\n\t\t<\/div>\n\t\t\t\t\t<\/div>\n\t\t<\/section>\n\t\t<div data-ka-cursor-size=\"1\" class=\"elementor-element elementor-element-b4953a5 e-flex e-con-boxed wpr-particle-no wpr-jarallax-no wpr-parallax-no wpr-sticky-section-no wpr-equal-height-no e-con e-parent\" data-id=\"b4953a5\" data-element_type=\"container\" data-e-type=\"container\" data-settings=\"{&quot;_ha_eqh_enable&quot;:false,&quot;kng_cursor_interaction&quot;:&quot;default&quot;,&quot;kng_cursor_magnetic&quot;:&quot;none&quot;,&quot;kng_cursor_size_multiplier&quot;:{&quot;unit&quot;:&quot;px&quot;,&quot;size&quot;:1,&quot;sizes&quot;:[]}}\">\n\t\t\t\t\t<div class=\"e-con-inner\">\n\t\t\t\t<div data-ka-cursor-size=\"1\" class=\"elementor-element elementor-element-e0d8eee elementor-widget elementor-widget-spacer\" data-id=\"e0d8eee\" data-element_type=\"widget\" data-e-type=\"widget\" data-settings=\"{&quot;kng_cursor_interaction&quot;:&quot;default&quot;,&quot;kng_cursor_magnetic&quot;:&quot;none&quot;,&quot;kng_cursor_size_multiplier&quot;:{&quot;unit&quot;:&quot;px&quot;,&quot;size&quot;:1,&quot;sizes&quot;:[]}}\" data-widget_type=\"spacer.default\">\n\t\t\t\t<div class=\"elementor-widget-container\">\n\t\t\t\t\t\t\t<div class=\"elementor-spacer\">\n\t\t\t<div class=\"elementor-spacer-inner\"><\/div>\n\t\t<\/div>\n\t\t\t\t\t\t<\/div>\n\t\t\t\t<\/div>\n\t\t\t\t\t<\/div>\n\t\t\t\t<\/div>\n\t\t<div data-ka-cursor-size=\"1\" class=\"elementor-element elementor-element-0c5c89d e-flex e-con-boxed wpr-particle-no wpr-jarallax-no wpr-parallax-no wpr-sticky-section-no wpr-equal-height-no e-con e-parent\" data-id=\"0c5c89d\" data-element_type=\"container\" data-e-type=\"container\" data-settings=\"{&quot;_ha_eqh_enable&quot;:false,&quot;kng_cursor_interaction&quot;:&quot;default&quot;,&quot;kng_cursor_magnetic&quot;:&quot;none&quot;,&quot;kng_cursor_size_multiplier&quot;:{&quot;unit&quot;:&quot;px&quot;,&quot;size&quot;:1,&quot;sizes&quot;:[]}}\">\n\t\t\t\t\t<div class=\"e-con-inner\">\n\t\t\t\t<div data-ka-cursor-size=\"1\" class=\"elementor-element elementor-element-a80e1ce elementor-widget elementor-widget-heading\" data-id=\"a80e1ce\" data-element_type=\"widget\" data-e-type=\"widget\" data-settings=\"{&quot;kng_cursor_interaction&quot;:&quot;default&quot;,&quot;kng_cursor_magnetic&quot;:&quot;none&quot;,&quot;kng_cursor_size_multiplier&quot;:{&quot;unit&quot;:&quot;px&quot;,&quot;size&quot;:1,&quot;sizes&quot;:[]}}\" data-widget_type=\"heading.default\">\n\t\t\t\t<div class=\"elementor-widget-container\">\n\t\t\t\t\t<h2 class=\"elementor-heading-title elementor-size-default\">Jornada Networking<\/h2>\t\t\t\t<\/div>\n\t\t\t\t<\/div>\n\t\t\t\t\t<\/div>\n\t\t\t\t<\/div>\n\t\t<div data-ka-cursor-size=\"1\" class=\"elementor-element elementor-element-8527cfd e-flex e-con-boxed wpr-particle-no wpr-jarallax-no wpr-parallax-no wpr-sticky-section-no wpr-equal-height-no e-con e-parent\" data-id=\"8527cfd\" data-element_type=\"container\" data-e-type=\"container\" data-settings=\"{&quot;_ha_eqh_enable&quot;:false,&quot;kng_cursor_interaction&quot;:&quot;default&quot;,&quot;kng_cursor_magnetic&quot;:&quot;none&quot;,&quot;kng_cursor_size_multiplier&quot;:{&quot;unit&quot;:&quot;px&quot;,&quot;size&quot;:1,&quot;sizes&quot;:[]}}\">\n\t\t\t\t\t<div class=\"e-con-inner\">\n\t\t\t\t<div data-ka-cursor-size=\"1\" class=\"elementor-element elementor-element-a5ee234 elementor-widget elementor-widget-spacer\" data-id=\"a5ee234\" data-element_type=\"widget\" data-e-type=\"widget\" data-settings=\"{&quot;kng_cursor_interaction&quot;:&quot;default&quot;,&quot;kng_cursor_magnetic&quot;:&quot;none&quot;,&quot;kng_cursor_size_multiplier&quot;:{&quot;unit&quot;:&quot;px&quot;,&quot;size&quot;:1,&quot;sizes&quot;:[]}}\" data-widget_type=\"spacer.default\">\n\t\t\t\t<div class=\"elementor-widget-container\">\n\t\t\t\t\t\t\t<div class=\"elementor-spacer\">\n\t\t\t<div class=\"elementor-spacer-inner\"><\/div>\n\t\t<\/div>\n\t\t\t\t\t\t<\/div>\n\t\t\t\t<\/div>\n\t\t\t\t\t<\/div>\n\t\t\t\t<\/div>\n\t\t<div data-ka-cursor-size=\"1\" class=\"elementor-element elementor-element-51d5a89 e-flex e-con-boxed wpr-particle-no wpr-jarallax-no wpr-parallax-no wpr-sticky-section-no wpr-equal-height-no e-con e-parent\" data-id=\"51d5a89\" data-element_type=\"container\" data-e-type=\"container\" data-settings=\"{&quot;_ha_eqh_enable&quot;:false,&quot;kng_cursor_interaction&quot;:&quot;default&quot;,&quot;kng_cursor_magnetic&quot;:&quot;none&quot;,&quot;kng_cursor_size_multiplier&quot;:{&quot;unit&quot;:&quot;px&quot;,&quot;size&quot;:1,&quot;sizes&quot;:[]}}\">\n\t\t\t\t\t<div class=\"e-con-inner\">\n\t\t\t\t<div data-ka-cursor-size=\"1\" class=\"elementor-element elementor-element-93f2c75 elementor-widget elementor-widget-text-editor\" data-id=\"93f2c75\" data-element_type=\"widget\" data-e-type=\"widget\" data-settings=\"{&quot;kng_cursor_interaction&quot;:&quot;default&quot;,&quot;kng_cursor_magnetic&quot;:&quot;none&quot;,&quot;kng_cursor_size_multiplier&quot;:{&quot;unit&quot;:&quot;px&quot;,&quot;size&quot;:1,&quot;sizes&quot;:[]}}\" data-widget_type=\"text-editor.default\">\n\t\t\t\t<div class=\"elementor-widget-container\">\n\t\t\t\t\t\t\t\t\t<p style=\"text-align: center;\">El s\u00e1bado 16 de mayo, los asistentes disfrutar\u00e1n de una jornada de networking en la finca del Se\u00f1or\u00edo de Nevada, donde la calma y la naturaleza se encuentran para regalar momentos inolvidables.<\/p><p style=\"text-align: center;\"><span style=\"font-style: inherit; font-weight: inherit;\">Entre monta\u00f1as majestuosas y vi\u00f1edos centenarios, el hotel, la bodega y el restaurante invitan a desconectar, saborear la vida y reconectar con lo que realmente importa.<\/span><\/p><p style=\"text-align: center;\"><span style=\"font-style: inherit; font-weight: inherit;\">Aqu\u00ed, cada rinc\u00f3n cuenta una historia, cada copa de vino guarda la esencia de la tierra, y cada experiencia est\u00e1 dise\u00f1ada para vivirla con el coraz\u00f3n.<\/span><span style=\"font-style: inherit; font-weight: inherit;\">Se\u00f1or\u00edo de Nevada est\u00e1 ubicada en el Valle de Lecr\u00edn, un encantador espacio a media hora de Granada, donde la amplitud de sus tierras a 700 metros de altura se funde, con la impresionante Sierra Nevada.<\/span><\/p><p style=\"text-align: center;\">El Valle de Lecr\u00edn, rinc\u00f3n m\u00e1gico conocido como el \u00abValle de la Alegr\u00eda\u00bb por los \u00e1rabes, es una comarca granadina de profundo legado andalus\u00ed y romano, destacada por sus c\u00edtricos, agricultura tradicional y castillos estrat\u00e9gicos. Fue un enclave clave entre Granada y la costa, marcado por la expulsi\u00f3n morisca y la agricultura.<\/p><p style=\"text-align: center;\">Por la ma\u00f1ana, los participantes se sumergir\u00e1n en un mundo de aventura al aire libre, explorando los vi\u00f1edos en bicicleta el\u00e9ctrica, surcando caminos con quads y segways, y afinando la punter\u00eda con el tiro con arco. Cada actividad est\u00e1 pensada no solo para divertirse, sino para fortalecer la cooperaci\u00f3n, crear v\u00ednculos duraderos y abrir puertas al networking, construyendo equipos m\u00e1s unidos y motivados mientras disfrutan de la belleza del entorno.<\/p>\t\t\t\t\t\t\t\t<\/div>\n\t\t\t\t<\/div>\n\t\t\t\t\t<\/div>\n\t\t\t\t<\/div>\n\t\t\t\t<section data-ka-cursor-size=\"1\" class=\"elementor-section elementor-top-section elementor-element elementor-element-14e28af0 elementor-section-boxed elementor-section-height-default elementor-section-height-default wpr-particle-no wpr-jarallax-no wpr-parallax-no wpr-sticky-section-no wpr-equal-height-no\" data-id=\"14e28af0\" data-element_type=\"section\" data-e-type=\"section\" data-settings=\"{&quot;_ha_eqh_enable&quot;:false,&quot;kng_cursor_interaction&quot;:&quot;default&quot;,&quot;kng_cursor_magnetic&quot;:&quot;none&quot;,&quot;kng_cursor_size_multiplier&quot;:{&quot;unit&quot;:&quot;px&quot;,&quot;size&quot;:1,&quot;sizes&quot;:[]}}\">\n\t\t\t\t\t\t<div class=\"elementor-container elementor-column-gap-default\">\n\t\t\t\t\t<div data-ka-cursor-size=\"1\" class=\"elementor-column elementor-col-100 elementor-top-column elementor-element elementor-element-a68b5d1\" data-id=\"a68b5d1\" data-element_type=\"column\" data-e-type=\"column\" data-settings=\"{&quot;kng_cursor_interaction&quot;:&quot;default&quot;,&quot;kng_cursor_magnetic&quot;:&quot;none&quot;,&quot;kng_cursor_size_multiplier&quot;:{&quot;unit&quot;:&quot;px&quot;,&quot;size&quot;:1,&quot;sizes&quot;:[]}}\">\n\t\t\t<div class=\"elementor-widget-wrap\">\n\t\t\t\t\t\t\t<\/div>\n\t\t<\/div>\n\t\t\t\t\t<\/div>\n\t\t<\/section>\n\t\t<div data-ka-cursor-size=\"1\" class=\"elementor-element elementor-element-7b67808 e-flex e-con-boxed wpr-particle-no wpr-jarallax-no wpr-parallax-no wpr-sticky-section-no wpr-equal-height-no e-con e-parent\" data-id=\"7b67808\" data-element_type=\"container\" data-e-type=\"container\" data-settings=\"{&quot;_ha_eqh_enable&quot;:false,&quot;kng_cursor_interaction&quot;:&quot;default&quot;,&quot;kng_cursor_magnetic&quot;:&quot;none&quot;,&quot;kng_cursor_size_multiplier&quot;:{&quot;unit&quot;:&quot;px&quot;,&quot;size&quot;:1,&quot;sizes&quot;:[]}}\">\n\t\t\t\t\t<div class=\"e-con-inner\">\n\t\t<div data-ka-cursor-size=\"1\" class=\"elementor-element elementor-element-1da12a3 e-con-full e-flex wpr-particle-no wpr-jarallax-no wpr-parallax-no wpr-sticky-section-no wpr-equal-height-no e-con e-child\" data-id=\"1da12a3\" data-element_type=\"container\" data-e-type=\"container\" data-settings=\"{&quot;_ha_eqh_enable&quot;:false,&quot;kng_cursor_interaction&quot;:&quot;default&quot;,&quot;kng_cursor_magnetic&quot;:&quot;none&quot;,&quot;kng_cursor_size_multiplier&quot;:{&quot;unit&quot;:&quot;px&quot;,&quot;size&quot;:1,&quot;sizes&quot;:[]}}\">\n\t\t\t\t<div data-ka-cursor-size=\"1\" class=\"elementor-element elementor-element-131b214 elementor-widget elementor-widget-image\" data-id=\"131b214\" data-element_type=\"widget\" data-e-type=\"widget\" data-settings=\"{&quot;kng_cursor_interaction&quot;:&quot;default&quot;,&quot;kng_cursor_magnetic&quot;:&quot;none&quot;,&quot;kng_cursor_size_multiplier&quot;:{&quot;unit&quot;:&quot;px&quot;,&quot;size&quot;:1,&quot;sizes&quot;:[]}}\" data-widget_type=\"image.default\">\n\t\t\t\t<div class=\"elementor-widget-container\">\n\t\t\t\t\t\t\t\t\t\t\t\t\t\t\t<img fetchpriority=\"high\" decoding=\"async\" width=\"1024\" height=\"579\" src=\"https:\/\/aifec.eu\/congreso2026\/wp-content\/uploads\/2026\/02\/senorio-con-nevada.jpg\" class=\"attachment-large size-large wp-image-3118\" alt=\"\" srcset=\"https:\/\/aifec.eu\/congreso2026\/wp-content\/uploads\/2026\/02\/senorio-con-nevada.jpg 1024w, https:\/\/aifec.eu\/congreso2026\/wp-content\/uploads\/2026\/02\/senorio-con-nevada-300x170.jpg 300w, https:\/\/aifec.eu\/congreso2026\/wp-content\/uploads\/2026\/02\/senorio-con-nevada-768x434.jpg 768w\" sizes=\"(max-width: 1024px) 100vw, 1024px\" \/>\t\t\t\t\t\t\t\t\t\t\t\t\t\t\t<\/div>\n\t\t\t\t<\/div>\n\t\t\t\t<\/div>\n\t\t<div data-ka-cursor-size=\"1\" class=\"elementor-element elementor-element-5fc8d00 e-con-full e-flex wpr-particle-no wpr-jarallax-no wpr-parallax-no wpr-sticky-section-no wpr-equal-height-no e-con e-child\" data-id=\"5fc8d00\" data-element_type=\"container\" data-e-type=\"container\" data-settings=\"{&quot;_ha_eqh_enable&quot;:false,&quot;kng_cursor_interaction&quot;:&quot;default&quot;,&quot;kng_cursor_magnetic&quot;:&quot;none&quot;,&quot;kng_cursor_size_multiplier&quot;:{&quot;unit&quot;:&quot;px&quot;,&quot;size&quot;:1,&quot;sizes&quot;:[]}}\">\n\t\t\t\t<div data-ka-cursor-size=\"1\" class=\"elementor-element elementor-element-1663cb4 elementor-widget elementor-widget-image\" data-id=\"1663cb4\" data-element_type=\"widget\" data-e-type=\"widget\" data-settings=\"{&quot;kng_cursor_interaction&quot;:&quot;default&quot;,&quot;kng_cursor_magnetic&quot;:&quot;none&quot;,&quot;kng_cursor_size_multiplier&quot;:{&quot;unit&quot;:&quot;px&quot;,&quot;size&quot;:1,&quot;sizes&quot;:[]}}\" data-widget_type=\"image.default\">\n\t\t\t\t<div class=\"elementor-widget-container\">\n\t\t\t\t\t\t\t\t\t\t\t\t\t\t\t<img decoding=\"async\" width=\"1024\" height=\"851\" data-src=\"https:\/\/aifec.eu\/congreso2026\/wp-content\/uploads\/2026\/02\/7368679-1-1024x851.webp\" class=\"attachment-large size-large wp-image-3309 lazyload\" alt=\"\" data-srcset=\"https:\/\/aifec.eu\/congreso2026\/wp-content\/uploads\/2026\/02\/7368679-1-1024x851.webp 1024w, https:\/\/aifec.eu\/congreso2026\/wp-content\/uploads\/2026\/02\/7368679-1-300x249.webp 300w, https:\/\/aifec.eu\/congreso2026\/wp-content\/uploads\/2026\/02\/7368679-1-768x638.webp 768w, https:\/\/aifec.eu\/congreso2026\/wp-content\/uploads\/2026\/02\/7368679-1.webp 1152w\" data-sizes=\"(max-width: 1024px) 100vw, 1024px\" src=\"data:image\/svg+xml;base64,PHN2ZyB3aWR0aD0iMSIgaGVpZ2h0PSIxIiB4bWxucz0iaHR0cDovL3d3dy53My5vcmcvMjAwMC9zdmciPjwvc3ZnPg==\" style=\"--smush-placeholder-width: 1024px; --smush-placeholder-aspect-ratio: 1024\/851;\" \/>\t\t\t\t\t\t\t\t\t\t\t\t\t\t\t<\/div>\n\t\t\t\t<\/div>\n\t\t\t\t<\/div>\n\t\t<div data-ka-cursor-size=\"1\" class=\"elementor-element elementor-element-c0a49bc e-con-full e-flex wpr-particle-no wpr-jarallax-no wpr-parallax-no wpr-sticky-section-no wpr-equal-height-no e-con e-child\" data-id=\"c0a49bc\" data-element_type=\"container\" data-e-type=\"container\" data-settings=\"{&quot;_ha_eqh_enable&quot;:false,&quot;kng_cursor_interaction&quot;:&quot;default&quot;,&quot;kng_cursor_magnetic&quot;:&quot;none&quot;,&quot;kng_cursor_size_multiplier&quot;:{&quot;unit&quot;:&quot;px&quot;,&quot;size&quot;:1,&quot;sizes&quot;:[]}}\">\n\t\t\t\t<div data-ka-cursor-size=\"1\" class=\"elementor-element elementor-element-f142400 elementor-widget elementor-widget-image\" data-id=\"f142400\" data-element_type=\"widget\" data-e-type=\"widget\" data-settings=\"{&quot;kng_cursor_interaction&quot;:&quot;default&quot;,&quot;kng_cursor_magnetic&quot;:&quot;none&quot;,&quot;kng_cursor_size_multiplier&quot;:{&quot;unit&quot;:&quot;px&quot;,&quot;size&quot;:1,&quot;sizes&quot;:[]}}\" data-widget_type=\"image.default\">\n\t\t\t\t<div class=\"elementor-widget-container\">\n\t\t\t\t\t\t\t\t\t\t\t\t\t\t\t<img decoding=\"async\" width=\"1024\" height=\"633\" data-src=\"https:\/\/aifec.eu\/congreso2026\/wp-content\/uploads\/2026\/02\/lecrin-valle-1024x633.jpg\" class=\"attachment-large size-large wp-image-3117 lazyload\" alt=\"\" data-srcset=\"https:\/\/aifec.eu\/congreso2026\/wp-content\/uploads\/2026\/02\/lecrin-valle-1024x633.jpg 1024w, https:\/\/aifec.eu\/congreso2026\/wp-content\/uploads\/2026\/02\/lecrin-valle-300x185.jpg 300w, https:\/\/aifec.eu\/congreso2026\/wp-content\/uploads\/2026\/02\/lecrin-valle-768x475.jpg 768w, https:\/\/aifec.eu\/congreso2026\/wp-content\/uploads\/2026\/02\/lecrin-valle-1536x949.jpg 1536w, https:\/\/aifec.eu\/congreso2026\/wp-content\/uploads\/2026\/02\/lecrin-valle.jpg 1968w\" data-sizes=\"(max-width: 1024px) 100vw, 1024px\" src=\"data:image\/svg+xml;base64,PHN2ZyB3aWR0aD0iMSIgaGVpZ2h0PSIxIiB4bWxucz0iaHR0cDovL3d3dy53My5vcmcvMjAwMC9zdmciPjwvc3ZnPg==\" style=\"--smush-placeholder-width: 1024px; --smush-placeholder-aspect-ratio: 1024\/633;\" \/>\t\t\t\t\t\t\t\t\t\t\t\t\t\t\t<\/div>\n\t\t\t\t<\/div>\n\t\t\t\t<\/div>\n\t\t<div data-ka-cursor-size=\"1\" class=\"elementor-element elementor-element-b8b0e50 e-con-full e-flex wpr-particle-no wpr-jarallax-no wpr-parallax-no wpr-sticky-section-no wpr-equal-height-no e-con e-child\" data-id=\"b8b0e50\" data-element_type=\"container\" data-e-type=\"container\" data-settings=\"{&quot;_ha_eqh_enable&quot;:false,&quot;kng_cursor_interaction&quot;:&quot;default&quot;,&quot;kng_cursor_magnetic&quot;:&quot;none&quot;,&quot;kng_cursor_size_multiplier&quot;:{&quot;unit&quot;:&quot;px&quot;,&quot;size&quot;:1,&quot;sizes&quot;:[]}}\">\n\t\t\t\t<div data-ka-cursor-size=\"1\" class=\"elementor-element elementor-element-beb72a8 elementor-widget elementor-widget-image\" data-id=\"beb72a8\" data-element_type=\"widget\" data-e-type=\"widget\" data-settings=\"{&quot;kng_cursor_interaction&quot;:&quot;default&quot;,&quot;kng_cursor_magnetic&quot;:&quot;none&quot;,&quot;kng_cursor_size_multiplier&quot;:{&quot;unit&quot;:&quot;px&quot;,&quot;size&quot;:1,&quot;sizes&quot;:[]}}\" data-widget_type=\"image.default\">\n\t\t\t\t<div class=\"elementor-widget-container\">\n\t\t\t\t\t\t\t\t\t\t\t\t\t\t\t<img decoding=\"async\" width=\"1024\" height=\"532\" data-src=\"https:\/\/aifec.eu\/congreso2026\/wp-content\/uploads\/2026\/02\/el-pinar-Valle-de-Lecrin.2e16d0ba.fill-2500x1300-c100-1024x532.jpg\" class=\"attachment-large size-large wp-image-3115 lazyload\" alt=\"\" data-srcset=\"https:\/\/aifec.eu\/congreso2026\/wp-content\/uploads\/2026\/02\/el-pinar-Valle-de-Lecrin.2e16d0ba.fill-2500x1300-c100-1024x532.jpg 1024w, https:\/\/aifec.eu\/congreso2026\/wp-content\/uploads\/2026\/02\/el-pinar-Valle-de-Lecrin.2e16d0ba.fill-2500x1300-c100-300x156.jpg 300w, https:\/\/aifec.eu\/congreso2026\/wp-content\/uploads\/2026\/02\/el-pinar-Valle-de-Lecrin.2e16d0ba.fill-2500x1300-c100-768x399.jpg 768w, https:\/\/aifec.eu\/congreso2026\/wp-content\/uploads\/2026\/02\/el-pinar-Valle-de-Lecrin.2e16d0ba.fill-2500x1300-c100-1536x798.jpg 1536w, https:\/\/aifec.eu\/congreso2026\/wp-content\/uploads\/2026\/02\/el-pinar-Valle-de-Lecrin.2e16d0ba.fill-2500x1300-c100.jpg 1848w\" data-sizes=\"(max-width: 1024px) 100vw, 1024px\" src=\"data:image\/svg+xml;base64,PHN2ZyB3aWR0aD0iMSIgaGVpZ2h0PSIxIiB4bWxucz0iaHR0cDovL3d3dy53My5vcmcvMjAwMC9zdmciPjwvc3ZnPg==\" style=\"--smush-placeholder-width: 1024px; --smush-placeholder-aspect-ratio: 1024\/532;\" \/>\t\t\t\t\t\t\t\t\t\t\t\t\t\t\t<\/div>\n\t\t\t\t<\/div>\n\t\t\t\t<\/div>\n\t\t\t\t\t<\/div>\n\t\t\t\t<\/div>\n\t\t\t\t<\/div>\n\t\t","protected":false},"excerpt":{"rendered":"<p>Jornada Networking El s\u00e1bado 16 de mayo, los asistentes disfrutar\u00e1n de una jornada de networking en la finca del Se\u00f1or\u00edo de Nevada, donde la calma y la naturaleza se encuentran para regalar momentos inolvidables. Entre monta\u00f1as majestuosas y vi\u00f1edos centenarios, el hotel, la bodega y el restaurante invitan a desconectar, saborear la vida y reconectar con lo que realmente importa. Aqu\u00ed, cada rinc\u00f3n cuenta una historia, cada copa de vino guarda la esencia de la tierra, y cada experiencia est\u00e1 dise\u00f1ada para vivirla con el coraz\u00f3n.Se\u00f1or\u00edo de Nevada est\u00e1 ubicada en el Valle de Lecr\u00edn, un encantador espacio a media hora de Granada, donde la amplitud de sus tierras a 700 metros de altura se funde, con la impresionante Sierra Nevada. El Valle de Lecr\u00edn, rinc\u00f3n m\u00e1gico conocido como el \u00abValle de la Alegr\u00eda\u00bb por los \u00e1rabes, es una comarca granadina de profundo legado andalus\u00ed y romano, destacada por sus c\u00edtricos, agricultura tradicional y castillos estrat\u00e9gicos. Fue un enclave clave entre Granada y la costa, marcado por la expulsi\u00f3n morisca y la agricultura. Por la ma\u00f1ana, los participantes se sumergir\u00e1n en un mundo de aventura al aire libre, explorando los vi\u00f1edos en bicicleta el\u00e9ctrica, surcando caminos con quads y segways, y afinando la punter\u00eda con el tiro con arco. Cada actividad est\u00e1 pensada no solo para divertirse, sino para fortalecer la cooperaci\u00f3n, crear v\u00ednculos duraderos y abrir puertas al networking, construyendo equipos m\u00e1s unidos y motivados mientras disfrutan de la belleza del entorno.<\/p>\n","protected":false},"author":1,"featured_media":0,"parent":0,"menu_order":0,"comment_status":"closed","ping_status":"closed","template":"","meta":{"site-sidebar-layout":"no-sidebar","site-content-layout":"","ast-site-content-layout":"full-width-container","site-content-style":"default","site-sidebar-style":"default","ast-global-header-display":"","ast-banner-title-visibility":"","ast-main-header-display":"","ast-hfb-above-header-display":"","ast-hfb-below-header-display":"","ast-hfb-mobile-header-display":"","site-post-title":"","ast-breadcrumbs-content":"","ast-featured-img":"disabled","footer-sml-layout":"","ast-disable-related-posts":"","theme-transparent-header-meta":"","adv-header-id-meta":"","stick-header-meta":"","header-above-stick-meta":"","header-main-stick-meta":"","header-below-stick-meta":"","astra-migrate-meta-layouts":"default","ast-page-background-enabled":"default","ast-page-background-meta":{"desktop":{"background-color":"var(--ast-global-color-4)","background-image":"","background-repeat":"repeat","background-position":"center center","background-size":"auto","background-attachment":"scroll","background-type":"","background-media":"","overlay-type":"","overlay-color":"","overlay-opacity":"","overlay-gradient":""},"tablet":{"background-color":"","background-image":"","background-repeat":"repeat","background-position":"center center","background-size":"auto","background-attachment":"scroll","background-type":"","background-media":"","overlay-type":"","overlay-color":"","overlay-opacity":"","overlay-gradient":""},"mobile":{"background-color":"","background-image":"","background-repeat":"repeat","background-position":"center center","background-size":"auto","background-attachment":"scroll","background-type":"","background-media":"","overlay-type":"","overlay-color":"","overlay-opacity":"","overlay-gradient":""}},"ast-content-background-meta":{"desktop":{"background-color":"var(--ast-global-color-5)","background-image":"","background-repeat":"repeat","background-position":"center center","background-size":"auto","background-attachment":"scroll","background-type":"","background-media":"","overlay-type":"","overlay-color":"","overlay-opacity":"","overlay-gradient":""},"tablet":{"background-color":"var(--ast-global-color-5)","background-image":"","background-repeat":"repeat","background-position":"center center","background-size":"auto","background-attachment":"scroll","background-type":"","background-media":"","overlay-type":"","overlay-color":"","overlay-opacity":"","overlay-gradient":""},"mobile":{"background-color":"var(--ast-global-color-5)","background-image":"","background-repeat":"repeat","background-position":"center center","background-size":"auto","background-attachment":"scroll","background-type":"","background-media":"","overlay-type":"","overlay-color":"","overlay-opacity":"","overlay-gradient":""}},"footnotes":""},"class_list":["post-2838","page","type-page","status-publish","hentry"],"_links":{"self":[{"href":"https:\/\/aifec.eu\/congreso2026\/wp-json\/wp\/v2\/pages\/2838","targetHints":{"allow":["GET"]}}],"collection":[{"href":"https:\/\/aifec.eu\/congreso2026\/wp-json\/wp\/v2\/pages"}],"about":[{"href":"https:\/\/aifec.eu\/congreso2026\/wp-json\/wp\/v2\/types\/page"}],"author":[{"embeddable":true,"href":"https:\/\/aifec.eu\/congreso2026\/wp-json\/wp\/v2\/users\/1"}],"replies":[{"embeddable":true,"href":"https:\/\/aifec.eu\/congreso2026\/wp-json\/wp\/v2\/comments?post=2838"}],"version-history":[{"count":52,"href":"https:\/\/aifec.eu\/congreso2026\/wp-json\/wp\/v2\/pages\/2838\/revisions"}],"predecessor-version":[{"id":3312,"href":"https:\/\/aifec.eu\/congreso2026\/wp-json\/wp\/v2\/pages\/2838\/revisions\/3312"}],"wp:attachment":[{"href":"https:\/\/aifec.eu\/congreso2026\/wp-json\/wp\/v2\/media?parent=2838"}],"curies":[{"name":"wp","href":"https:\/\/api.w.org\/{rel}","templated":true}]}}