{"id":2834,"date":"2026-02-03T11:40:18","date_gmt":"2026-02-03T10:40:18","guid":{"rendered":"https:\/\/aifec.eu\/congreso2026\/?page_id=2834"},"modified":"2026-02-27T14:18:45","modified_gmt":"2026-02-27T13:18:45","slug":"cena-de-gala-y-entraga-de-premios-aifec-2026","status":"publish","type":"page","link":"https:\/\/aifec.eu\/congreso2026\/cena-de-gala-y-entraga-de-premios-aifec-2026\/","title":{"rendered":"Cena de gala y entrega de premios Aifec 2026"},"content":{"rendered":"\t\t<div data-elementor-type=\"wp-page\" data-elementor-id=\"2834\" class=\"elementor elementor-2834\" data-elementor-settings=\"{&quot;ha_cmc_init_switcher&quot;:&quot;no&quot;}\">\n\t\t\t\t\t\t<section data-ka-cursor-size=\"1\" class=\"elementor-section elementor-top-section elementor-element elementor-element-b320528 elementor-section-height-full elementor-section-boxed elementor-section-height-default elementor-section-items-middle wpr-particle-no wpr-jarallax-no wpr-parallax-no wpr-sticky-section-no wpr-equal-height-no\" data-id=\"b320528\" data-element_type=\"section\" data-e-type=\"section\" data-settings=\"{&quot;background_background&quot;:&quot;slideshow&quot;,&quot;background_slideshow_gallery&quot;:[{&quot;id&quot;:2937,&quot;url&quot;:&quot;https:\\\/\\\/aifec.eu\\\/congreso2026\\\/wp-content\\\/uploads\\\/2026\\\/02\\\/601490381_1414697933999033_2032039336572463807_n.jpg&quot;}],&quot;background_slideshow_slide_duration&quot;:5000,&quot;background_slideshow_slide_transition&quot;:&quot;fade&quot;,&quot;background_slideshow_transition_duration&quot;:500,&quot;_ha_eqh_enable&quot;:false,&quot;kng_cursor_interaction&quot;:&quot;default&quot;,&quot;kng_cursor_magnetic&quot;:&quot;none&quot;,&quot;kng_cursor_size_multiplier&quot;:{&quot;unit&quot;:&quot;px&quot;,&quot;size&quot;:1,&quot;sizes&quot;:[]}}\">\n\t\t\t\t\t\t\t<div class=\"elementor-background-overlay\"><\/div>\n\t\t\t\t\t\t\t<div class=\"elementor-container elementor-column-gap-default\">\n\t\t\t\t\t<div data-ka-cursor-size=\"1\" class=\"elementor-column elementor-col-100 elementor-top-column elementor-element elementor-element-6118629\" data-id=\"6118629\" data-element_type=\"column\" data-e-type=\"column\" data-settings=\"{&quot;kng_cursor_interaction&quot;:&quot;default&quot;,&quot;kng_cursor_magnetic&quot;:&quot;none&quot;,&quot;kng_cursor_size_multiplier&quot;:{&quot;unit&quot;:&quot;px&quot;,&quot;size&quot;:1,&quot;sizes&quot;:[]}}\">\n\t\t\t<div class=\"elementor-widget-wrap\">\n\t\t\t\t\t\t\t<\/div>\n\t\t<\/div>\n\t\t\t\t\t<\/div>\n\t\t<\/section>\n\t\t<div data-ka-cursor-size=\"1\" class=\"elementor-element elementor-element-7c55cd6 e-flex e-con-boxed wpr-particle-no wpr-jarallax-no wpr-parallax-no wpr-sticky-section-no wpr-equal-height-no e-con e-parent\" data-id=\"7c55cd6\" data-element_type=\"container\" data-e-type=\"container\" data-settings=\"{&quot;_ha_eqh_enable&quot;:false,&quot;kng_cursor_interaction&quot;:&quot;default&quot;,&quot;kng_cursor_magnetic&quot;:&quot;none&quot;,&quot;kng_cursor_size_multiplier&quot;:{&quot;unit&quot;:&quot;px&quot;,&quot;size&quot;:1,&quot;sizes&quot;:[]}}\">\n\t\t\t\t\t<div class=\"e-con-inner\">\n\t\t\t\t<div data-ka-cursor-size=\"1\" class=\"elementor-element elementor-element-c8b0ec6 elementor-widget elementor-widget-spacer\" data-id=\"c8b0ec6\" data-element_type=\"widget\" data-e-type=\"widget\" data-settings=\"{&quot;kng_cursor_interaction&quot;:&quot;default&quot;,&quot;kng_cursor_magnetic&quot;:&quot;none&quot;,&quot;kng_cursor_size_multiplier&quot;:{&quot;unit&quot;:&quot;px&quot;,&quot;size&quot;:1,&quot;sizes&quot;:[]}}\" data-widget_type=\"spacer.default\">\n\t\t\t\t<div class=\"elementor-widget-container\">\n\t\t\t\t\t\t\t<div class=\"elementor-spacer\">\n\t\t\t<div class=\"elementor-spacer-inner\"><\/div>\n\t\t<\/div>\n\t\t\t\t\t\t<\/div>\n\t\t\t\t<\/div>\n\t\t\t\t\t<\/div>\n\t\t\t\t<\/div>\n\t\t<div data-ka-cursor-size=\"1\" class=\"elementor-element elementor-element-7a3c1f7 e-flex e-con-boxed wpr-particle-no wpr-jarallax-no wpr-parallax-no wpr-sticky-section-no wpr-equal-height-no e-con e-parent\" data-id=\"7a3c1f7\" data-element_type=\"container\" data-e-type=\"container\" data-settings=\"{&quot;_ha_eqh_enable&quot;:false,&quot;kng_cursor_interaction&quot;:&quot;default&quot;,&quot;kng_cursor_magnetic&quot;:&quot;none&quot;,&quot;kng_cursor_size_multiplier&quot;:{&quot;unit&quot;:&quot;px&quot;,&quot;size&quot;:1,&quot;sizes&quot;:[]}}\">\n\t\t\t\t\t<div class=\"e-con-inner\">\n\t\t\t\t<div data-ka-cursor-size=\"1\" class=\"elementor-element elementor-element-71f3152 elementor-widget elementor-widget-text-editor\" data-id=\"71f3152\" data-element_type=\"widget\" data-e-type=\"widget\" data-settings=\"{&quot;kng_cursor_interaction&quot;:&quot;default&quot;,&quot;kng_cursor_magnetic&quot;:&quot;none&quot;,&quot;kng_cursor_size_multiplier&quot;:{&quot;unit&quot;:&quot;px&quot;,&quot;size&quot;:1,&quot;sizes&quot;:[]}}\" data-widget_type=\"text-editor.default\">\n\t\t\t\t<div class=\"elementor-widget-container\">\n\t\t\t\t\t\t\t\t\t<p style=\"text-align: center;\"><strong>CENA DE GALA Y ENTREGA DE PREMIOS&nbsp; AIFEC 2026<\/strong><\/p>\n<p style=\"text-align: center;\">La Cena de Gala del Congreso de AIFEC se celebrar\u00e1 en la Huerta del Sello, un espacio hist\u00f3rico rodeado de jardines que combina tradici\u00f3n y encanto. Su arquitectura y entorno ajardinado reflejan la evoluci\u00f3n de estos espacios hacia usos sociales y culturales, manteniendo su esencia hist\u00f3rica mientras se adaptan a eventos singulares.<br>Esta velada ofrecer\u00e1 a los asistentes un entorno exclusivo para disfrutar de la gastronom\u00eda local, compartir experiencias y cerrar la jornada en un ambiente elegante y memorable. Durante la noche, aprovecharemos tambi\u00e9n para entregar los premios<br>AIFEC 2026.<\/p>\n<p style=\"text-align: center;\"><span style=\"font-style: inherit; font-weight: inherit; text-align: start;\">Patrocinado por:<\/span><\/p>\n<p><img decoding=\"async\" class=\"wp-image-2717 size-thumbnail aligncenter lazyload\" data-src=\"https:\/\/aifec.eu\/congreso2026\/wp-content\/uploads\/2026\/02\/logo_HP_Electric_Blue_keyline-150x150.jpg\" alt=\"\" width=\"150\" height=\"150\" data-srcset=\"https:\/\/aifec.eu\/congreso2026\/wp-content\/uploads\/2026\/02\/logo_HP_Electric_Blue_keyline-150x150.jpg 150w, https:\/\/aifec.eu\/congreso2026\/wp-content\/uploads\/2026\/02\/logo_HP_Electric_Blue_keyline-300x300.jpg 300w, https:\/\/aifec.eu\/congreso2026\/wp-content\/uploads\/2026\/02\/logo_HP_Electric_Blue_keyline-1024x1024.jpg 1024w, https:\/\/aifec.eu\/congreso2026\/wp-content\/uploads\/2026\/02\/logo_HP_Electric_Blue_keyline-768x768.jpg 768w, https:\/\/aifec.eu\/congreso2026\/wp-content\/uploads\/2026\/02\/logo_HP_Electric_Blue_keyline-1536x1536.jpg 1536w, https:\/\/aifec.eu\/congreso2026\/wp-content\/uploads\/2026\/02\/logo_HP_Electric_Blue_keyline.jpg 1666w\" data-sizes=\"(max-width: 150px) 100vw, 150px\" src=\"data:image\/svg+xml;base64,PHN2ZyB3aWR0aD0iMSIgaGVpZ2h0PSIxIiB4bWxucz0iaHR0cDovL3d3dy53My5vcmcvMjAwMC9zdmciPjwvc3ZnPg==\" style=\"--smush-placeholder-width: 150px; --smush-placeholder-aspect-ratio: 150\/150;\" \/><\/p>\t\t\t\t\t\t\t\t<\/div>\n\t\t\t\t<\/div>\n\t\t\t\t\t<\/div>\n\t\t\t\t<\/div>\n\t\t\t\t<\/div>\n\t\t","protected":false},"excerpt":{"rendered":"<p>CENA DE GALA Y ENTREGA DE PREMIOS&nbsp; AIFEC 2026 La Cena de Gala del Congreso de AIFEC se celebrar\u00e1 en la Huerta del Sello, un espacio hist\u00f3rico rodeado de jardines que combina tradici\u00f3n y encanto. Su arquitectura y entorno ajardinado reflejan la evoluci\u00f3n de estos espacios hacia usos sociales y culturales, manteniendo su esencia hist\u00f3rica mientras se adaptan a eventos singulares.Esta velada ofrecer\u00e1 a los asistentes un entorno exclusivo para disfrutar de la gastronom\u00eda local, compartir experiencias y cerrar la jornada en un ambiente elegante y memorable. Durante la noche, aprovecharemos tambi\u00e9n para entregar los premiosAIFEC 2026. Patrocinado por:<\/p>\n","protected":false},"author":1,"featured_media":0,"parent":0,"menu_order":0,"comment_status":"closed","ping_status":"closed","template":"","meta":{"site-sidebar-layout":"no-sidebar","site-content-layout":"","ast-site-content-layout":"full-width-container","site-content-style":"default","site-sidebar-style":"default","ast-global-header-display":"","ast-banner-title-visibility":"","ast-main-header-display":"","ast-hfb-above-header-display":"","ast-hfb-below-header-display":"","ast-hfb-mobile-header-display":"","site-post-title":"","ast-breadcrumbs-content":"","ast-featured-img":"disabled","footer-sml-layout":"","ast-disable-related-posts":"","theme-transparent-header-meta":"","adv-header-id-meta":"","stick-header-meta":"","header-above-stick-meta":"","header-main-stick-meta":"","header-below-stick-meta":"","astra-migrate-meta-layouts":"default","ast-page-background-enabled":"default","ast-page-background-meta":{"desktop":{"background-color":"var(--ast-global-color-4)","background-image":"","background-repeat":"repeat","background-position":"center center","background-size":"auto","background-attachment":"scroll","background-type":"","background-media":"","overlay-type":"","overlay-color":"","overlay-opacity":"","overlay-gradient":""},"tablet":{"background-color":"","background-image":"","background-repeat":"repeat","background-position":"center center","background-size":"auto","background-attachment":"scroll","background-type":"","background-media":"","overlay-type":"","overlay-color":"","overlay-opacity":"","overlay-gradient":""},"mobile":{"background-color":"","background-image":"","background-repeat":"repeat","background-position":"center center","background-size":"auto","background-attachment":"scroll","background-type":"","background-media":"","overlay-type":"","overlay-color":"","overlay-opacity":"","overlay-gradient":""}},"ast-content-background-meta":{"desktop":{"background-color":"var(--ast-global-color-5)","background-image":"","background-repeat":"repeat","background-position":"center center","background-size":"auto","background-attachment":"scroll","background-type":"","background-media":"","overlay-type":"","overlay-color":"","overlay-opacity":"","overlay-gradient":""},"tablet":{"background-color":"var(--ast-global-color-5)","background-image":"","background-repeat":"repeat","background-position":"center center","background-size":"auto","background-attachment":"scroll","background-type":"","background-media":"","overlay-type":"","overlay-color":"","overlay-opacity":"","overlay-gradient":""},"mobile":{"background-color":"var(--ast-global-color-5)","background-image":"","background-repeat":"repeat","background-position":"center center","background-size":"auto","background-attachment":"scroll","background-type":"","background-media":"","overlay-type":"","overlay-color":"","overlay-opacity":"","overlay-gradient":""}},"footnotes":""},"class_list":["post-2834","page","type-page","status-publish","hentry"],"_links":{"self":[{"href":"https:\/\/aifec.eu\/congreso2026\/wp-json\/wp\/v2\/pages\/2834","targetHints":{"allow":["GET"]}}],"collection":[{"href":"https:\/\/aifec.eu\/congreso2026\/wp-json\/wp\/v2\/pages"}],"about":[{"href":"https:\/\/aifec.eu\/congreso2026\/wp-json\/wp\/v2\/types\/page"}],"author":[{"embeddable":true,"href":"https:\/\/aifec.eu\/congreso2026\/wp-json\/wp\/v2\/users\/1"}],"replies":[{"embeddable":true,"href":"https:\/\/aifec.eu\/congreso2026\/wp-json\/wp\/v2\/comments?post=2834"}],"version-history":[{"count":17,"href":"https:\/\/aifec.eu\/congreso2026\/wp-json\/wp\/v2\/pages\/2834\/revisions"}],"predecessor-version":[{"id":3411,"href":"https:\/\/aifec.eu\/congreso2026\/wp-json\/wp\/v2\/pages\/2834\/revisions\/3411"}],"wp:attachment":[{"href":"https:\/\/aifec.eu\/congreso2026\/wp-json\/wp\/v2\/media?parent=2834"}],"curies":[{"name":"wp","href":"https:\/\/api.w.org\/{rel}","templated":true}]}}