{"id":2830,"date":"2026-02-03T11:39:15","date_gmt":"2026-02-03T10:39:15","guid":{"rendered":"https:\/\/aifec.eu\/congreso2026\/?page_id=2830"},"modified":"2026-04-15T10:54:18","modified_gmt":"2026-04-15T08:54:18","slug":"cocktail-cena-bienvenida","status":"publish","type":"page","link":"https:\/\/aifec.eu\/congreso2026\/cocktail-cena-bienvenida\/","title":{"rendered":"Cocktail cena bienvenida"},"content":{"rendered":"\t\t<div data-elementor-type=\"wp-page\" data-elementor-id=\"2830\" class=\"elementor elementor-2830\" data-elementor-settings=\"{&quot;ha_cmc_init_switcher&quot;:&quot;no&quot;}\">\n\t\t\t\t\t\t<section data-ka-cursor-size=\"1\" class=\"elementor-section elementor-top-section elementor-element elementor-element-d108374 elementor-section-height-full elementor-section-boxed elementor-section-height-default elementor-section-items-middle wpr-particle-no wpr-jarallax-no wpr-parallax-no wpr-sticky-section-no wpr-equal-height-no\" data-id=\"d108374\" data-element_type=\"section\" data-e-type=\"section\" data-settings=\"{&quot;background_background&quot;:&quot;slideshow&quot;,&quot;background_slideshow_gallery&quot;:[{&quot;id&quot;:2975,&quot;url&quot;:&quot;https:\\\/\\\/aifec.eu\\\/congreso2026\\\/wp-content\\\/uploads\\\/2026\\\/02\\\/bcfc3b35-cfcc-47fa-89a8-033416c4d553_source-aspect-ratio_1600w_0.jpg&quot;}],&quot;background_slideshow_slide_duration&quot;:5000,&quot;background_slideshow_slide_transition&quot;:&quot;fade&quot;,&quot;background_slideshow_transition_duration&quot;:500,&quot;_ha_eqh_enable&quot;:false,&quot;kng_cursor_interaction&quot;:&quot;default&quot;,&quot;kng_cursor_magnetic&quot;:&quot;none&quot;,&quot;kng_cursor_size_multiplier&quot;:{&quot;unit&quot;:&quot;px&quot;,&quot;size&quot;:1,&quot;sizes&quot;:[]}}\">\n\t\t\t\t\t\t\t<div class=\"elementor-background-overlay\"><\/div>\n\t\t\t\t\t\t\t<div class=\"elementor-container elementor-column-gap-default\">\n\t\t\t\t\t<div data-ka-cursor-size=\"1\" class=\"elementor-column elementor-col-100 elementor-top-column elementor-element elementor-element-5f13a16\" data-id=\"5f13a16\" data-element_type=\"column\" data-e-type=\"column\" data-settings=\"{&quot;kng_cursor_interaction&quot;:&quot;default&quot;,&quot;kng_cursor_magnetic&quot;:&quot;none&quot;,&quot;kng_cursor_size_multiplier&quot;:{&quot;unit&quot;:&quot;px&quot;,&quot;size&quot;:1,&quot;sizes&quot;:[]}}\">\n\t\t\t<div class=\"elementor-widget-wrap\">\n\t\t\t\t\t\t\t<\/div>\n\t\t<\/div>\n\t\t\t\t\t<\/div>\n\t\t<\/section>\n\t\t<div data-ka-cursor-size=\"1\" class=\"elementor-element elementor-element-b4f9441 e-flex e-con-boxed wpr-particle-no wpr-jarallax-no wpr-parallax-no wpr-sticky-section-no wpr-equal-height-no e-con e-parent\" data-id=\"b4f9441\" data-element_type=\"container\" data-e-type=\"container\" data-settings=\"{&quot;_ha_eqh_enable&quot;:false,&quot;kng_cursor_interaction&quot;:&quot;default&quot;,&quot;kng_cursor_magnetic&quot;:&quot;none&quot;,&quot;kng_cursor_size_multiplier&quot;:{&quot;unit&quot;:&quot;px&quot;,&quot;size&quot;:1,&quot;sizes&quot;:[]}}\">\n\t\t\t\t\t<div class=\"e-con-inner\">\n\t\t\t\t<div data-ka-cursor-size=\"1\" class=\"elementor-element elementor-element-0e4c3af elementor-widget elementor-widget-text-editor\" data-id=\"0e4c3af\" data-element_type=\"widget\" data-e-type=\"widget\" data-settings=\"{&quot;kng_cursor_interaction&quot;:&quot;default&quot;,&quot;kng_cursor_magnetic&quot;:&quot;none&quot;,&quot;kng_cursor_size_multiplier&quot;:{&quot;unit&quot;:&quot;px&quot;,&quot;size&quot;:1,&quot;sizes&quot;:[]}}\" data-widget_type=\"text-editor.default\">\n\t\t\t\t<div class=\"elementor-widget-container\">\n\t\t\t\t\t\t\t\t\t<p style=\"text-align: center;\"><strong>COCKTAIL CENA DE BIENVENIDA<\/strong><\/p><p style=\"text-align: center;\">El c\u00f3ctel-cena de bienvenida se celebrar\u00e1 en el Carmen de los M\u00e1rtires, un enclave hist\u00f3rico y ajardinado situado junto a la Alhambra. Este espacio singular, cuyos<br \/>or\u00edgenes se remontan a la \u00e9poca nazar\u00ed y que posteriormente fue escenario de importantes episodios tras la conquista de los Reyes Cat\u00f3licos, ha evolucionado a lo<br \/>largo de los siglos hasta convertirse en uno de los jardines m\u00e1s emblem\u00e1ticos de la ciudad.<br \/>El recinto combina influencias paisaj\u00edsticas francesas, inglesas y andalus\u00edes, dando lugar a un conjunto \u00fanico de jardines, estanques y pabellones hist\u00f3ricos que reflejan la riqueza cultural de Granada. Este entorno exclusivo y emblem\u00e1tico ofrecer\u00e1 a los asistentes el escenario perfecto para dar comienzo al congreso, favoreciendo el networking en un ambiente \u00fanico con vistas privilegiadas y un alto valor patrimonial.<\/p><p style=\"text-align: center;\">Patrocinado por:<\/p><p><img decoding=\"async\" class=\"wp-image-3570  aligncenter lazyload\" data-src=\"https:\/\/aifec.eu\/congreso2026\/wp-content\/uploads\/2026\/04\/PARA-USAR-unnamed-XAVI-COMERMA-RICO.png\" alt=\"\" width=\"276\" height=\"168\" data-srcset=\"https:\/\/aifec.eu\/congreso2026\/wp-content\/uploads\/2026\/04\/PARA-USAR-unnamed-XAVI-COMERMA-RICO.png 512w, https:\/\/aifec.eu\/congreso2026\/wp-content\/uploads\/2026\/04\/PARA-USAR-unnamed-XAVI-COMERMA-RICO-300x182.png 300w\" data-sizes=\"(max-width: 276px) 100vw, 276px\" src=\"data:image\/svg+xml;base64,PHN2ZyB3aWR0aD0iMSIgaGVpZ2h0PSIxIiB4bWxucz0iaHR0cDovL3d3dy53My5vcmcvMjAwMC9zdmciPjwvc3ZnPg==\" style=\"--smush-placeholder-width: 276px; --smush-placeholder-aspect-ratio: 276\/168;\" \/><\/p>\t\t\t\t\t\t\t\t<\/div>\n\t\t\t\t<\/div>\n\t\t\t\t\t<\/div>\n\t\t\t\t<\/div>\n\t\t\t\t<\/div>\n\t\t","protected":false},"excerpt":{"rendered":"<p>COCKTAIL CENA DE BIENVENIDA El c\u00f3ctel-cena de bienvenida se celebrar\u00e1 en el Carmen de los M\u00e1rtires, un enclave hist\u00f3rico y ajardinado situado junto a la Alhambra. Este espacio singular, cuyosor\u00edgenes se remontan a la \u00e9poca nazar\u00ed y que posteriormente fue escenario de importantes episodios tras la conquista de los Reyes Cat\u00f3licos, ha evolucionado a lolargo de los siglos hasta convertirse en uno de los jardines m\u00e1s emblem\u00e1ticos de la ciudad.El recinto combina influencias paisaj\u00edsticas francesas, inglesas y andalus\u00edes, dando lugar a un conjunto \u00fanico de jardines, estanques y pabellones hist\u00f3ricos que reflejan la riqueza cultural de Granada. Este entorno exclusivo y emblem\u00e1tico ofrecer\u00e1 a los asistentes el escenario perfecto para dar comienzo al congreso, favoreciendo el networking en un ambiente \u00fanico con vistas privilegiadas y un alto valor patrimonial. Patrocinado por:<\/p>\n","protected":false},"author":1,"featured_media":0,"parent":0,"menu_order":0,"comment_status":"closed","ping_status":"closed","template":"","meta":{"site-sidebar-layout":"no-sidebar","site-content-layout":"","ast-site-content-layout":"full-width-container","site-content-style":"default","site-sidebar-style":"default","ast-global-header-display":"","ast-banner-title-visibility":"","ast-main-header-display":"","ast-hfb-above-header-display":"","ast-hfb-below-header-display":"","ast-hfb-mobile-header-display":"","site-post-title":"","ast-breadcrumbs-content":"","ast-featured-img":"disabled","footer-sml-layout":"","ast-disable-related-posts":"","theme-transparent-header-meta":"","adv-header-id-meta":"","stick-header-meta":"","header-above-stick-meta":"","header-main-stick-meta":"","header-below-stick-meta":"","astra-migrate-meta-layouts":"default","ast-page-background-enabled":"default","ast-page-background-meta":{"desktop":{"background-color":"var(--ast-global-color-4)","background-image":"","background-repeat":"repeat","background-position":"center center","background-size":"auto","background-attachment":"scroll","background-type":"","background-media":"","overlay-type":"","overlay-color":"","overlay-opacity":"","overlay-gradient":""},"tablet":{"background-color":"","background-image":"","background-repeat":"repeat","background-position":"center center","background-size":"auto","background-attachment":"scroll","background-type":"","background-media":"","overlay-type":"","overlay-color":"","overlay-opacity":"","overlay-gradient":""},"mobile":{"background-color":"","background-image":"","background-repeat":"repeat","background-position":"center center","background-size":"auto","background-attachment":"scroll","background-type":"","background-media":"","overlay-type":"","overlay-color":"","overlay-opacity":"","overlay-gradient":""}},"ast-content-background-meta":{"desktop":{"background-color":"var(--ast-global-color-5)","background-image":"","background-repeat":"repeat","background-position":"center center","background-size":"auto","background-attachment":"scroll","background-type":"","background-media":"","overlay-type":"","overlay-color":"","overlay-opacity":"","overlay-gradient":""},"tablet":{"background-color":"var(--ast-global-color-5)","background-image":"","background-repeat":"repeat","background-position":"center center","background-size":"auto","background-attachment":"scroll","background-type":"","background-media":"","overlay-type":"","overlay-color":"","overlay-opacity":"","overlay-gradient":""},"mobile":{"background-color":"var(--ast-global-color-5)","background-image":"","background-repeat":"repeat","background-position":"center center","background-size":"auto","background-attachment":"scroll","background-type":"","background-media":"","overlay-type":"","overlay-color":"","overlay-opacity":"","overlay-gradient":""}},"footnotes":""},"class_list":["post-2830","page","type-page","status-publish","hentry"],"_links":{"self":[{"href":"https:\/\/aifec.eu\/congreso2026\/wp-json\/wp\/v2\/pages\/2830","targetHints":{"allow":["GET"]}}],"collection":[{"href":"https:\/\/aifec.eu\/congreso2026\/wp-json\/wp\/v2\/pages"}],"about":[{"href":"https:\/\/aifec.eu\/congreso2026\/wp-json\/wp\/v2\/types\/page"}],"author":[{"embeddable":true,"href":"https:\/\/aifec.eu\/congreso2026\/wp-json\/wp\/v2\/users\/1"}],"replies":[{"embeddable":true,"href":"https:\/\/aifec.eu\/congreso2026\/wp-json\/wp\/v2\/comments?post=2830"}],"version-history":[{"count":25,"href":"https:\/\/aifec.eu\/congreso2026\/wp-json\/wp\/v2\/pages\/2830\/revisions"}],"predecessor-version":[{"id":3582,"href":"https:\/\/aifec.eu\/congreso2026\/wp-json\/wp\/v2\/pages\/2830\/revisions\/3582"}],"wp:attachment":[{"href":"https:\/\/aifec.eu\/congreso2026\/wp-json\/wp\/v2\/media?parent=2830"}],"curies":[{"name":"wp","href":"https:\/\/api.w.org\/{rel}","templated":true}]}}