{"id":2828,"date":"2026-02-03T11:38:26","date_gmt":"2026-02-03T10:38:26","guid":{"rendered":"https:\/\/aifec.eu\/congreso2026\/?page_id=2828"},"modified":"2026-03-26T18:23:13","modified_gmt":"2026-03-26T17:23:13","slug":"visita-privada-a-la-alhambra","status":"publish","type":"page","link":"https:\/\/aifec.eu\/congreso2026\/visita-privada-a-la-alhambra\/","title":{"rendered":"Visita privada a la Alhambra"},"content":{"rendered":"\t\t<div data-elementor-type=\"wp-page\" data-elementor-id=\"2828\" class=\"elementor elementor-2828\" data-elementor-settings=\"{&quot;ha_cmc_init_switcher&quot;:&quot;no&quot;}\">\n\t\t\t\t\t\t<section data-ka-cursor-size=\"1\" class=\"elementor-section elementor-top-section elementor-element elementor-element-c9cdd6e elementor-section-height-full elementor-section-boxed elementor-section-height-default elementor-section-items-middle wpr-particle-no wpr-jarallax-no wpr-parallax-no wpr-sticky-section-no wpr-equal-height-no\" data-id=\"c9cdd6e\" data-element_type=\"section\" data-e-type=\"section\" data-settings=\"{&quot;background_background&quot;:&quot;slideshow&quot;,&quot;background_slideshow_gallery&quot;:[{&quot;id&quot;:2980,&quot;url&quot;:&quot;https:\\\/\\\/aifec.eu\\\/congreso2026\\\/wp-content\\\/uploads\\\/2026\\\/02\\\/alhambra-palace-fortress-located-granada-andalusia-spain.jpg&quot;}],&quot;background_slideshow_slide_duration&quot;:5000,&quot;background_slideshow_slide_transition&quot;:&quot;fade&quot;,&quot;background_slideshow_transition_duration&quot;:500,&quot;_ha_eqh_enable&quot;:false,&quot;kng_cursor_interaction&quot;:&quot;default&quot;,&quot;kng_cursor_magnetic&quot;:&quot;none&quot;,&quot;kng_cursor_size_multiplier&quot;:{&quot;unit&quot;:&quot;px&quot;,&quot;size&quot;:1,&quot;sizes&quot;:[]}}\">\n\t\t\t\t\t\t\t<div class=\"elementor-background-overlay\"><\/div>\n\t\t\t\t\t\t\t<div class=\"elementor-container elementor-column-gap-default\">\n\t\t\t\t\t<div data-ka-cursor-size=\"1\" class=\"elementor-column elementor-col-100 elementor-top-column elementor-element elementor-element-7b3e991\" data-id=\"7b3e991\" data-element_type=\"column\" data-e-type=\"column\" data-settings=\"{&quot;kng_cursor_interaction&quot;:&quot;default&quot;,&quot;kng_cursor_magnetic&quot;:&quot;none&quot;,&quot;kng_cursor_size_multiplier&quot;:{&quot;unit&quot;:&quot;px&quot;,&quot;size&quot;:1,&quot;sizes&quot;:[]}}\">\n\t\t\t<div class=\"elementor-widget-wrap\">\n\t\t\t\t\t\t\t<\/div>\n\t\t<\/div>\n\t\t\t\t\t<\/div>\n\t\t<\/section>\n\t\t<div data-ka-cursor-size=\"1\" class=\"elementor-element elementor-element-cd1182a e-flex e-con-boxed wpr-particle-no wpr-jarallax-no wpr-parallax-no wpr-sticky-section-no wpr-equal-height-no e-con e-parent\" data-id=\"cd1182a\" data-element_type=\"container\" data-e-type=\"container\" data-settings=\"{&quot;_ha_eqh_enable&quot;:false,&quot;kng_cursor_interaction&quot;:&quot;default&quot;,&quot;kng_cursor_magnetic&quot;:&quot;none&quot;,&quot;kng_cursor_size_multiplier&quot;:{&quot;unit&quot;:&quot;px&quot;,&quot;size&quot;:1,&quot;sizes&quot;:[]}}\">\n\t\t\t\t\t<div class=\"e-con-inner\">\n\t\t\t\t<div data-ka-cursor-size=\"1\" class=\"elementor-element elementor-element-9f1d183 elementor-widget elementor-widget-spacer\" data-id=\"9f1d183\" data-element_type=\"widget\" data-e-type=\"widget\" data-settings=\"{&quot;kng_cursor_interaction&quot;:&quot;default&quot;,&quot;kng_cursor_magnetic&quot;:&quot;none&quot;,&quot;kng_cursor_size_multiplier&quot;:{&quot;unit&quot;:&quot;px&quot;,&quot;size&quot;:1,&quot;sizes&quot;:[]}}\" data-widget_type=\"spacer.default\">\n\t\t\t\t<div class=\"elementor-widget-container\">\n\t\t\t\t\t\t\t<div class=\"elementor-spacer\">\n\t\t\t<div class=\"elementor-spacer-inner\"><\/div>\n\t\t<\/div>\n\t\t\t\t\t\t<\/div>\n\t\t\t\t<\/div>\n\t\t\t\t\t<\/div>\n\t\t\t\t<\/div>\n\t\t<div data-ka-cursor-size=\"1\" class=\"elementor-element elementor-element-8e47b28 e-flex e-con-boxed wpr-particle-no wpr-jarallax-no wpr-parallax-no wpr-sticky-section-no wpr-equal-height-no e-con e-parent\" data-id=\"8e47b28\" data-element_type=\"container\" data-e-type=\"container\" data-settings=\"{&quot;_ha_eqh_enable&quot;:false,&quot;kng_cursor_interaction&quot;:&quot;default&quot;,&quot;kng_cursor_magnetic&quot;:&quot;none&quot;,&quot;kng_cursor_size_multiplier&quot;:{&quot;unit&quot;:&quot;px&quot;,&quot;size&quot;:1,&quot;sizes&quot;:[]}}\">\n\t\t\t\t\t<div class=\"e-con-inner\">\n\t\t\t\t<div data-ka-cursor-size=\"1\" class=\"elementor-element elementor-element-ee979fd elementor-widget elementor-widget-text-editor\" data-id=\"ee979fd\" data-element_type=\"widget\" data-e-type=\"widget\" data-settings=\"{&quot;kng_cursor_interaction&quot;:&quot;default&quot;,&quot;kng_cursor_magnetic&quot;:&quot;none&quot;,&quot;kng_cursor_size_multiplier&quot;:{&quot;unit&quot;:&quot;px&quot;,&quot;size&quot;:1,&quot;sizes&quot;:[]}}\" data-widget_type=\"text-editor.default\">\n\t\t\t\t<div class=\"elementor-widget-container\">\n\t\t\t\t\t\t\t\t\t<p style=\"text-align: center;\"><strong>VISITA PRIVADA A LA ALHAMBRA<\/strong><\/p>\n<p style=\"text-align: center;\">El jueves, 14 de mayo, antes del c\u00f3ctel-cena de bienvenida, se realizar\u00e1 una visita privada a la Alhambra, con acceso exclusivo reservado para el grupo. El recorrido incluir\u00e1 el Palacio del Generalife y los Palacios Nazar\u00edes, ofreciendo una experiencia cultural \u00fanica en uno de los espacios patrimoniales m\u00e1s emblem\u00e1ticos del mundo.<br>Por cuestiones de aforo, la visita se organizar\u00e1 en dos turnos: los acompa\u00f1antes comenzar\u00e1n el recorrido a las 18:00 h, mientras que los congresistas iniciar\u00e1n la visita una vez finalizada la Asamblea General.<\/p>\n<p style=\"text-align: center;\">Patrocinado por:<\/p>\n<p><img decoding=\"async\" class=\"wp-image-2662 size-medium aligncenter lazyload\" data-src=\"https:\/\/aifec.eu\/congreso2026\/wp-content\/uploads\/2026\/02\/lecta-300x115.png\" alt=\"\" width=\"300\" height=\"115\" data-srcset=\"https:\/\/aifec.eu\/congreso2026\/wp-content\/uploads\/2026\/02\/lecta-300x115.png 300w, https:\/\/aifec.eu\/congreso2026\/wp-content\/uploads\/2026\/02\/lecta.png 676w\" data-sizes=\"(max-width: 300px) 100vw, 300px\" src=\"data:image\/svg+xml;base64,PHN2ZyB3aWR0aD0iMSIgaGVpZ2h0PSIxIiB4bWxucz0iaHR0cDovL3d3dy53My5vcmcvMjAwMC9zdmciPjwvc3ZnPg==\" style=\"--smush-placeholder-width: 300px; --smush-placeholder-aspect-ratio: 300\/115;\" \/><\/p>\t\t\t\t\t\t\t\t<\/div>\n\t\t\t\t<\/div>\n\t\t\t\t\t<\/div>\n\t\t\t\t<\/div>\n\t\t<div data-ka-cursor-size=\"1\" class=\"elementor-element elementor-element-f41171d e-flex e-con-boxed wpr-particle-no wpr-jarallax-no wpr-parallax-no wpr-sticky-section-no wpr-equal-height-no e-con e-parent\" data-id=\"f41171d\" data-element_type=\"container\" data-e-type=\"container\" data-settings=\"{&quot;_ha_eqh_enable&quot;:false,&quot;kng_cursor_interaction&quot;:&quot;default&quot;,&quot;kng_cursor_magnetic&quot;:&quot;none&quot;,&quot;kng_cursor_size_multiplier&quot;:{&quot;unit&quot;:&quot;px&quot;,&quot;size&quot;:1,&quot;sizes&quot;:[]}}\">\n\t\t\t\t\t<div class=\"e-con-inner\">\n\t\t\t\t<div data-ka-cursor-size=\"1\" class=\"elementor-element elementor-element-a189cb3 elementor-widget elementor-widget-text-editor\" data-id=\"a189cb3\" data-element_type=\"widget\" data-e-type=\"widget\" data-settings=\"{&quot;kng_cursor_interaction&quot;:&quot;default&quot;,&quot;kng_cursor_magnetic&quot;:&quot;none&quot;,&quot;kng_cursor_size_multiplier&quot;:{&quot;unit&quot;:&quot;px&quot;,&quot;size&quot;:1,&quot;sizes&quot;:[]}}\" data-widget_type=\"text-editor.default\">\n\t\t\t\t<div class=\"elementor-widget-container\">\n\t\t\t\t\t\t\t\t\t<p style=\"text-align: center;\"><strong>Fecha l\u00edmite de inscripci\u00f3n:<\/strong><br \/>Las inscripciones al congreso estar\u00e1n abiertas hasta el\u00a0<strong>14 de abril<\/strong>, tanto para congresistas como para congresistas con acompa\u00f1ante.<\/p><p style=\"text-align: center;\">El\u00a0<strong>Patronato de la Alhambra<\/strong>\u00a0requiere el listado definitivo de asistentes a la visita privada con un mes de antelaci\u00f3n. Por este motivo, las inscripciones se cerrar\u00e1n en la fecha indicada,\u00a0<strong>sin posibilidad de ampliaci\u00f3n posterior<\/strong>. Recomendamos realizar la inscripci\u00f3n lo antes posible para garantizar la participaci\u00f3n en esta experiencia exclusiva.<\/p><p style=\"text-align: center;\"><strong>Nota importante sobre los acompa\u00f1antes:<\/strong><\/p><ul><li>Los acompa\u00f1antes que se registren\u00a0<strong>hasta el 30 de marzo<\/strong>\u00a0podr\u00e1n asistir a la\u00a0<strong>visita a los Palacios Nazar\u00edes<\/strong>, programada para el\u00a0<strong>jueves 14 de mayo a las 18:00 hs.<\/strong><\/li><li>Debido a la\u00a0<strong>alta demanda y al aforo limitado<\/strong>, las entradas para esta visita son restringidas. Por ello, los acompa\u00f1antes que se registren\u00a0<strong>a partir del 30 de marzo y hasta el 14 de abril<\/strong>\u00a0no podr\u00e1n acceder a los Palacios Nazar\u00edes.<\/li><li style=\"text-align: left;\">Estos acompa\u00f1antes se unir\u00e1n al grupo de congresistas en la\u00a0<strong>visita a la Alhambra<\/strong>, que tendr\u00e1 lugar tras la finalizaci\u00f3n de la Asamblea General el\u00a0<strong>jueves 14 de mayo<\/strong>.<\/li><\/ul>\t\t\t\t\t\t\t\t<\/div>\n\t\t\t\t<\/div>\n\t\t\t\t\t<\/div>\n\t\t\t\t<\/div>\n\t\t\t\t<\/div>\n\t\t","protected":false},"excerpt":{"rendered":"<p>VISITA PRIVADA A LA ALHAMBRA El jueves, 14 de mayo, antes del c\u00f3ctel-cena de bienvenida, se realizar\u00e1 una visita privada a la Alhambra, con acceso exclusivo reservado para el grupo. El recorrido incluir\u00e1 el Palacio del Generalife y los Palacios Nazar\u00edes, ofreciendo una experiencia cultural \u00fanica en uno de los espacios patrimoniales m\u00e1s emblem\u00e1ticos del mundo.Por cuestiones de aforo, la visita se organizar\u00e1 en dos turnos: los acompa\u00f1antes comenzar\u00e1n el recorrido a las 18:00 h, mientras que los congresistas iniciar\u00e1n la visita una vez finalizada la Asamblea General. Patrocinado por: Fecha l\u00edmite de inscripci\u00f3n:Las inscripciones al congreso estar\u00e1n abiertas hasta el\u00a014 de abril, tanto para congresistas como para congresistas con acompa\u00f1ante. El\u00a0Patronato de la Alhambra\u00a0requiere el listado definitivo de asistentes a la visita privada con un mes de antelaci\u00f3n. Por este motivo, las inscripciones se cerrar\u00e1n en la fecha indicada,\u00a0sin posibilidad de ampliaci\u00f3n posterior. Recomendamos realizar la inscripci\u00f3n lo antes posible para garantizar la participaci\u00f3n en esta experiencia exclusiva. Nota importante sobre los acompa\u00f1antes: Los acompa\u00f1antes que se registren\u00a0hasta el 30 de marzo\u00a0podr\u00e1n asistir a la\u00a0visita a los Palacios Nazar\u00edes, programada para el\u00a0jueves 14 de mayo a las 18:00 hs. Debido a la\u00a0alta demanda y al aforo limitado, las entradas para esta visita son restringidas. Por ello, los acompa\u00f1antes que se registren\u00a0a partir del 30 de marzo y hasta el 14 de abril\u00a0no podr\u00e1n acceder a los Palacios Nazar\u00edes. Estos acompa\u00f1antes se unir\u00e1n al grupo de congresistas en la\u00a0visita a la Alhambra, que tendr\u00e1 lugar tras la finalizaci\u00f3n de la Asamblea General el\u00a0jueves 14 de mayo.<\/p>\n","protected":false},"author":1,"featured_media":0,"parent":0,"menu_order":0,"comment_status":"closed","ping_status":"closed","template":"","meta":{"site-sidebar-layout":"no-sidebar","site-content-layout":"","ast-site-content-layout":"full-width-container","site-content-style":"default","site-sidebar-style":"default","ast-global-header-display":"","ast-banner-title-visibility":"","ast-main-header-display":"","ast-hfb-above-header-display":"","ast-hfb-below-header-display":"","ast-hfb-mobile-header-display":"","site-post-title":"","ast-breadcrumbs-content":"","ast-featured-img":"disabled","footer-sml-layout":"","ast-disable-related-posts":"","theme-transparent-header-meta":"","adv-header-id-meta":"","stick-header-meta":"","header-above-stick-meta":"","header-main-stick-meta":"","header-below-stick-meta":"","astra-migrate-meta-layouts":"default","ast-page-background-enabled":"default","ast-page-background-meta":{"desktop":{"background-color":"var(--ast-global-color-4)","background-image":"","background-repeat":"repeat","background-position":"center center","background-size":"auto","background-attachment":"scroll","background-type":"","background-media":"","overlay-type":"","overlay-color":"","overlay-opacity":"","overlay-gradient":""},"tablet":{"background-color":"","background-image":"","background-repeat":"repeat","background-position":"center center","background-size":"auto","background-attachment":"scroll","background-type":"","background-media":"","overlay-type":"","overlay-color":"","overlay-opacity":"","overlay-gradient":""},"mobile":{"background-color":"","background-image":"","background-repeat":"repeat","background-position":"center center","background-size":"auto","background-attachment":"scroll","background-type":"","background-media":"","overlay-type":"","overlay-color":"","overlay-opacity":"","overlay-gradient":""}},"ast-content-background-meta":{"desktop":{"background-color":"var(--ast-global-color-5)","background-image":"","background-repeat":"repeat","background-position":"center center","background-size":"auto","background-attachment":"scroll","background-type":"","background-media":"","overlay-type":"","overlay-color":"","overlay-opacity":"","overlay-gradient":""},"tablet":{"background-color":"var(--ast-global-color-5)","background-image":"","background-repeat":"repeat","background-position":"center center","background-size":"auto","background-attachment":"scroll","background-type":"","background-media":"","overlay-type":"","overlay-color":"","overlay-opacity":"","overlay-gradient":""},"mobile":{"background-color":"var(--ast-global-color-5)","background-image":"","background-repeat":"repeat","background-position":"center center","background-size":"auto","background-attachment":"scroll","background-type":"","background-media":"","overlay-type":"","overlay-color":"","overlay-opacity":"","overlay-gradient":""}},"footnotes":""},"class_list":["post-2828","page","type-page","status-publish","hentry"],"_links":{"self":[{"href":"https:\/\/aifec.eu\/congreso2026\/wp-json\/wp\/v2\/pages\/2828","targetHints":{"allow":["GET"]}}],"collection":[{"href":"https:\/\/aifec.eu\/congreso2026\/wp-json\/wp\/v2\/pages"}],"about":[{"href":"https:\/\/aifec.eu\/congreso2026\/wp-json\/wp\/v2\/types\/page"}],"author":[{"embeddable":true,"href":"https:\/\/aifec.eu\/congreso2026\/wp-json\/wp\/v2\/users\/1"}],"replies":[{"embeddable":true,"href":"https:\/\/aifec.eu\/congreso2026\/wp-json\/wp\/v2\/comments?post=2828"}],"version-history":[{"count":25,"href":"https:\/\/aifec.eu\/congreso2026\/wp-json\/wp\/v2\/pages\/2828\/revisions"}],"predecessor-version":[{"id":3533,"href":"https:\/\/aifec.eu\/congreso2026\/wp-json\/wp\/v2\/pages\/2828\/revisions\/3533"}],"wp:attachment":[{"href":"https:\/\/aifec.eu\/congreso2026\/wp-json\/wp\/v2\/media?parent=2828"}],"curies":[{"name":"wp","href":"https:\/\/api.w.org\/{rel}","templated":true}]}}