{"id":13,"date":"2024-12-02T15:05:39","date_gmt":"2024-12-02T18:05:39","guid":{"rendered":"https:\/\/aifec.eu\/congreso2025\/?page_id=13"},"modified":"2025-02-13T13:09:27","modified_gmt":"2025-02-13T16:09:27","slug":"congreso2025","status":"publish","type":"page","link":"https:\/\/aifec.eu\/congreso2025\/","title":{"rendered":"Home"},"content":{"rendered":"\t\t<div data-elementor-type=\"wp-page\" data-elementor-id=\"13\" class=\"elementor elementor-13\" data-elementor-settings=\"{&quot;ha_cmc_init_switcher&quot;:&quot;no&quot;}\">\n\t\t\t\t\t\t<section class=\"elementor-section elementor-top-section elementor-element elementor-element-3ea4a340 elementor-section-height-min-height elementor-section-content-bottom elementor-section-items-bottom elementor-section-boxed elementor-section-height-default wpr-particle-no wpr-jarallax-no wpr-parallax-no wpr-sticky-section-no wpr-equal-height-no\" data-id=\"3ea4a340\" data-element_type=\"section\" data-e-type=\"section\" data-settings=\"{&quot;background_background&quot;:&quot;slideshow&quot;,&quot;background_slideshow_gallery&quot;:[{&quot;id&quot;:988,&quot;url&quot;:&quot;https:\\\/\\\/aifec.eu\\\/congreso2025\\\/wp-content\\\/uploads\\\/2025\\\/02\\\/Imagen-Congreso-espanol-1-scaled.jpg&quot;},{&quot;id&quot;:989,&quot;url&quot;:&quot;https:\\\/\\\/aifec.eu\\\/congreso2025\\\/wp-content\\\/uploads\\\/2025\\\/02\\\/Imagen-Congreso-portugues-1-scaled.jpg&quot;}],&quot;background_slideshow_loop&quot;:&quot;yes&quot;,&quot;background_slideshow_slide_duration&quot;:5000,&quot;background_slideshow_slide_transition&quot;:&quot;fade&quot;,&quot;background_slideshow_transition_duration&quot;:500,&quot;_ha_eqh_enable&quot;:false}\">\n\t\t\t\t\t\t\t<div class=\"elementor-background-overlay\"><\/div>\n\t\t\t\t\t\t\t<div class=\"elementor-container elementor-column-gap-default\">\n\t\t\t\t\t<div class=\"elementor-column elementor-col-100 elementor-top-column elementor-element elementor-element-6d3ef74\" data-id=\"6d3ef74\" data-element_type=\"column\" data-e-type=\"column\">\n\t\t\t<div class=\"elementor-widget-wrap\">\n\t\t\t\t\t\t\t<\/div>\n\t\t<\/div>\n\t\t\t\t\t<\/div>\n\t\t<\/section>\n\t\t<div class=\"elementor-element elementor-element-f894879 e-flex e-con-boxed wpr-particle-no wpr-jarallax-no wpr-parallax-no wpr-sticky-section-no wpr-equal-height-no e-con e-parent\" data-id=\"f894879\" data-element_type=\"container\" data-e-type=\"container\" data-settings=\"{&quot;_ha_eqh_enable&quot;:false}\">\n\t\t\t\t\t<div class=\"e-con-inner\">\n\t\t\t\t<div class=\"elementor-element elementor-element-cd46b8e elementor-widget elementor-widget-text-editor\" data-id=\"cd46b8e\" data-element_type=\"widget\" data-e-type=\"widget\" data-widget_type=\"text-editor.default\">\n\t\t\t\t<div class=\"elementor-widget-container\">\n\t\t\t\t\t\t\t\t\t<p>Del 15 al 18 de mayo de 2025, AIFEC celebra su\u00a0<b data-stringify-type=\"bold\">XXV Congreso<\/b>\u00a0de referencia de la industria de la etiqueta en el incomparable entorno del\u00a0<b data-stringify-type=\"bold\">Hotel Bot\u00e1nico &amp; The Oriental SPA Garden<\/b>\u00a0en Puerto de la Cruz,\u00a0<b data-stringify-type=\"bold\">Tenerife<\/b>.<\/p>\t\t\t\t\t\t\t\t<\/div>\n\t\t\t\t<\/div>\n\t\t\t\t\t<\/div>\n\t\t\t\t<\/div>\n\t\t<div class=\"elementor-element elementor-element-79901e8 e-flex e-con-boxed wpr-particle-no wpr-jarallax-no wpr-parallax-no wpr-sticky-section-no wpr-equal-height-no e-con e-parent\" data-id=\"79901e8\" data-element_type=\"container\" data-e-type=\"container\" data-settings=\"{&quot;_ha_eqh_enable&quot;:false}\">\n\t\t\t\t\t<div class=\"e-con-inner\">\n\t\t\t\t<div class=\"elementor-element elementor-element-f29f103 elementor-widget elementor-widget-text-editor\" data-id=\"f29f103\" data-element_type=\"widget\" data-e-type=\"widget\" data-widget_type=\"text-editor.default\">\n\t\t\t\t<div class=\"elementor-widget-container\">\n\t\t\t\t\t\t\t\t\t<p>Bajo el lema\u00a0<b data-stringify-type=\"bold\">\u201cRevoluci\u00f3n tecnol\u00f3gica con responsabilidad\u201d<\/b>, durante el Congreso abordaremos los nuevos retos a los que se enfrenta el sector de la etiqueta ante la llegada de la\u00a0<b data-stringify-type=\"bold\">IA<\/b>, y todos los<b data-stringify-type=\"bold\">\u00a0cambios<\/b>\u00a0en materia de automatizaci\u00f3n y gesti\u00f3n de procesos que afectar\u00e1n a la industria. A la vez, analizaremos las nuevas posibilidades que se nos presentan ante esta nueva\u00a0<b data-stringify-type=\"bold\">revoluci\u00f3n tecnol\u00f3gica<\/b>, sin dejar de lado los progresos y avances en materia de\u00a0<b data-stringify-type=\"bold\">sosteniblidad<\/b>, tanto desde el punto de vista medio ambiental como desde el punto de vista humano.<\/p>\t\t\t\t\t\t\t\t<\/div>\n\t\t\t\t<\/div>\n\t\t\t\t\t<\/div>\n\t\t\t\t<\/div>\n\t\t<div class=\"elementor-element elementor-element-02bee37 e-flex e-con-boxed wpr-particle-no wpr-jarallax-no wpr-parallax-no wpr-sticky-section-no wpr-equal-height-no e-con e-parent\" data-id=\"02bee37\" data-element_type=\"container\" data-e-type=\"container\" data-settings=\"{&quot;_ha_eqh_enable&quot;:false}\">\n\t\t\t\t\t<div class=\"e-con-inner\">\n\t\t\t\t<div class=\"elementor-element elementor-element-ceeed8b elementor-widget elementor-widget-text-editor\" data-id=\"ceeed8b\" data-element_type=\"widget\" data-e-type=\"widget\" data-widget_type=\"text-editor.default\">\n\t\t\t\t<div class=\"elementor-widget-container\">\n\t\t\t\t\t\t\t\t\t<p>La gesti\u00f3n del\u00a0<b data-stringify-type=\"bold\">talento<\/b>\u00a0y la fidelizaci\u00f3n del\u00a0<b data-stringify-type=\"bold\">grupo humano<\/b>\u00a0actual que se encuentra en el sector, como la captaci\u00f3n del nuevo por llegar y las herramientas para atraerle, ser\u00e1n un contrapeso para poder afrontar la\u00a0<b data-stringify-type=\"bold\">revoluci\u00f3n tecnol\u00f3gica<\/b> con responsabilidad frente al cambio clim\u00e1tico y frente al progreso humano.<\/p>\t\t\t\t\t\t\t\t<\/div>\n\t\t\t\t<\/div>\n\t\t\t\t\t<\/div>\n\t\t\t\t<\/div>\n\t\t<div class=\"elementor-element elementor-element-486868a e-flex e-con-boxed wpr-particle-no wpr-jarallax-no wpr-parallax-no wpr-sticky-section-no wpr-equal-height-no e-con e-parent\" data-id=\"486868a\" data-element_type=\"container\" data-e-type=\"container\" data-settings=\"{&quot;_ha_eqh_enable&quot;:false}\">\n\t\t\t\t\t<div class=\"e-con-inner\">\n\t\t\t\t<div class=\"elementor-element elementor-element-23a8b69 elementor-widget elementor-widget-text-editor\" data-id=\"23a8b69\" data-element_type=\"widget\" data-e-type=\"widget\" data-widget_type=\"text-editor.default\">\n\t\t\t\t<div class=\"elementor-widget-container\">\n\t\t\t\t\t\t\t\t\t<p>Habr\u00e1 tiempo para celebrar nuestra\u00a0<b data-stringify-type=\"bold\">Asamblea General<\/b>, repasar los principales hitos de la asociaci\u00f3n y dedicar tiempo al networking entre los asociados durante las pausas caf\u00e9, el almuerzo de trabajo y cenas previstas as\u00ed como durante la ceremonia de la entrega de los\u00a0<b data-stringify-type=\"bold\">Premios AIFEC<\/b>\u00a0a las mejores etiquetas del a\u00f1o, y la jornada de\u00a0<b data-stringify-type=\"bold\">networking<\/b>\u00a0del s\u00e1bado.<\/p>\t\t\t\t\t\t\t\t<\/div>\n\t\t\t\t<\/div>\n\t\t\t\t\t<\/div>\n\t\t\t\t<\/div>\n\t\t<div class=\"elementor-element elementor-element-b502898 e-flex e-con-boxed wpr-particle-no wpr-jarallax-no wpr-parallax-no wpr-sticky-section-no wpr-equal-height-no e-con e-parent\" data-id=\"b502898\" data-element_type=\"container\" data-e-type=\"container\" data-settings=\"{&quot;background_background&quot;:&quot;classic&quot;,&quot;_ha_eqh_enable&quot;:false}\">\n\t\t\t\t\t<div class=\"e-con-inner\">\n\t\t\t\t<div class=\"elementor-element elementor-element-4763ea9 elementor-widget elementor-widget-heading\" data-id=\"4763ea9\" data-element_type=\"widget\" data-e-type=\"widget\" data-widget_type=\"heading.default\">\n\t\t\t\t<div class=\"elementor-widget-container\">\n\t\t\t\t\t<h2 class=\"elementor-heading-title elementor-size-default\">NOS VEMOS PRONTO<\/h2>\t\t\t\t<\/div>\n\t\t\t\t<\/div>\n\t\t\t\t\t<\/div>\n\t\t\t\t<\/div>\n\t\t<div class=\"elementor-element elementor-element-f163e3b e-flex e-con-boxed wpr-particle-no wpr-jarallax-no wpr-parallax-no wpr-sticky-section-no wpr-equal-height-no e-con e-parent\" data-id=\"f163e3b\" data-element_type=\"container\" data-e-type=\"container\" data-settings=\"{&quot;background_background&quot;:&quot;classic&quot;,&quot;_ha_eqh_enable&quot;:false}\">\n\t\t\t\t\t<div class=\"e-con-inner\">\n\t\t\t\t<div class=\"elementor-element elementor-element-ebfd2aa elementor-widget elementor-widget-wpr-countdown\" data-id=\"ebfd2aa\" data-element_type=\"widget\" data-e-type=\"widget\" data-widget_type=\"wpr-countdown.default\">\n\t\t\t\t<div class=\"elementor-widget-container\">\n\t\t\t\t\t<div class=\"wpr-countdown-wrap elementor-clearfix\" data-type=\"due-date\" data-show-again=\"0\" data-actions=\"[]\" data-interval=\"1747321200\"><div class=\"wpr-countdown-item\"><span class=\"wpr-countdown-number wpr-countdown-days\" data-item=\"days\"><\/span><span class=\"wpr-countdown-label\" data-text=\"{&quot;singular&quot;:&quot;D\\u00eda&quot;,&quot;plural&quot;:&quot;D\\u00edas&quot;}\">D\u00edas<\/span><\/div><div class=\"wpr-countdown-item\"><span class=\"wpr-countdown-number wpr-countdown-hours\" data-item=\"hours\"><\/span><span class=\"wpr-countdown-label\" data-text=\"{&quot;singular&quot;:&quot;Hora&quot;,&quot;plural&quot;:&quot;Horas&quot;}\">Horas<\/span><\/div><div class=\"wpr-countdown-item\"><span class=\"wpr-countdown-number wpr-countdown-minutes\" data-item=\"minutes\"><\/span><span class=\"wpr-countdown-label\" data-text=\"{&quot;singular&quot;:&quot;Minuto&quot;,&quot;plural&quot;:&quot;Minutos&quot;}\">Minutos<\/span><\/div><\/div>\t\t\t\t<\/div>\n\t\t\t\t<\/div>\n\t\t\t\t\t<\/div>\n\t\t\t\t<\/div>\n\t\t<div class=\"elementor-element elementor-element-2014e8a e-flex e-con-boxed wpr-particle-no wpr-jarallax-no wpr-parallax-no wpr-sticky-section-no wpr-equal-height-no e-con e-parent\" data-id=\"2014e8a\" data-element_type=\"container\" data-e-type=\"container\" data-settings=\"{&quot;_ha_eqh_enable&quot;:false}\">\n\t\t\t\t\t<div class=\"e-con-inner\">\n\t\t\t\t<div class=\"elementor-element elementor-element-e0e3228 elementor-widget elementor-widget-heading\" data-id=\"e0e3228\" data-element_type=\"widget\" data-e-type=\"widget\" data-widget_type=\"heading.default\">\n\t\t\t\t<div class=\"elementor-widget-container\">\n\t\t\t\t\t<h2 class=\"elementor-heading-title elementor-size-default\">\u00bfTe acuerdas del Congreso del a\u00f1o pasado en Lisboa? Revive los mejores momentos a trav\u00e9s del siguiente v\u00eddeo:<\/h2>\t\t\t\t<\/div>\n\t\t\t\t<\/div>\n\t\t\t\t\t<\/div>\n\t\t\t\t<\/div>\n\t\t<div class=\"elementor-element elementor-element-f664f21 e-flex e-con-boxed wpr-particle-no wpr-jarallax-no wpr-parallax-no wpr-sticky-section-no wpr-equal-height-no e-con e-parent\" data-id=\"f664f21\" data-element_type=\"container\" data-e-type=\"container\" data-settings=\"{&quot;_ha_eqh_enable&quot;:false}\">\n\t\t\t\t\t<div class=\"e-con-inner\">\n\t\t\t\t<div class=\"elementor-element elementor-element-aeff323 elementor-widget elementor-widget-video\" data-id=\"aeff323\" data-element_type=\"widget\" data-e-type=\"widget\" data-settings=\"{&quot;youtube_url&quot;:&quot;https:\\\/\\\/www.youtube.com\\\/watch?v=lAncyqTrT_s&amp;ab_channel=KolokioInternational&quot;,&quot;video_type&quot;:&quot;youtube&quot;,&quot;controls&quot;:&quot;yes&quot;}\" data-widget_type=\"video.default\">\n\t\t\t\t<div class=\"elementor-widget-container\">\n\t\t\t\t\t\t\t<div class=\"elementor-wrapper elementor-open-inline\">\n\t\t\t<div class=\"elementor-video\"><\/div>\t\t<\/div>\n\t\t\t\t\t\t<\/div>\n\t\t\t\t<\/div>\n\t\t\t\t\t<\/div>\n\t\t\t\t<\/div>\n\t\t\t\t<\/div>\n\t\t","protected":false},"excerpt":{"rendered":"<p>Del 15 al 18 de mayo de 2025, AIFEC celebra su\u00a0XXV Congreso\u00a0de referencia de la industria de la etiqueta en el incomparable entorno del\u00a0Hotel Bot\u00e1nico &amp; The Oriental SPA Garden\u00a0en Puerto de la Cruz,\u00a0Tenerife. Bajo el lema\u00a0\u201cRevoluci\u00f3n tecnol\u00f3gica con responsabilidad\u201d, durante el Congreso abordaremos los nuevos retos a los que se enfrenta el sector de la etiqueta ante la llegada de la\u00a0IA, y todos los\u00a0cambios\u00a0en materia de automatizaci\u00f3n y gesti\u00f3n de procesos que afectar\u00e1n a la industria. A la vez, analizaremos las nuevas posibilidades que se nos presentan ante esta nueva\u00a0revoluci\u00f3n tecnol\u00f3gica, sin dejar de lado los progresos y avances en materia de\u00a0sosteniblidad, tanto desde el punto de vista medio ambiental como desde el punto de vista humano. La gesti\u00f3n del\u00a0talento\u00a0y la fidelizaci\u00f3n del\u00a0grupo humano\u00a0actual que se encuentra en el sector, como la captaci\u00f3n del nuevo por llegar y las herramientas para atraerle, ser\u00e1n un contrapeso para poder afrontar la\u00a0revoluci\u00f3n tecnol\u00f3gica con responsabilidad frente al cambio clim\u00e1tico y frente al progreso humano. Habr\u00e1 tiempo para celebrar nuestra\u00a0Asamblea General, repasar los principales hitos de la asociaci\u00f3n y dedicar tiempo al networking entre los asociados durante las pausas caf\u00e9, el almuerzo de trabajo y cenas previstas as\u00ed como durante la ceremonia de la entrega de los\u00a0Premios AIFEC\u00a0a las mejores etiquetas del a\u00f1o, y la jornada de\u00a0networking\u00a0del s\u00e1bado. NOS VEMOS PRONTO D\u00edasHorasMinutos \u00bfTe acuerdas del Congreso del a\u00f1o pasado en Lisboa? Revive los mejores momentos a trav\u00e9s del siguiente v\u00eddeo:<\/p>\n","protected":false},"author":1,"featured_media":0,"parent":0,"menu_order":0,"comment_status":"closed","ping_status":"closed","template":"elementor_header_footer","meta":{"site-sidebar-layout":"no-sidebar","site-content-layout":"","ast-site-content-layout":"full-width-container","site-content-style":"default","site-sidebar-style":"default","ast-global-header-display":"","ast-banner-title-visibility":"","ast-main-header-display":"","ast-hfb-above-header-display":"","ast-hfb-below-header-display":"","ast-hfb-mobile-header-display":"","site-post-title":"disabled","ast-breadcrumbs-content":"","ast-featured-img":"disabled","footer-sml-layout":"","theme-transparent-header-meta":"","adv-header-id-meta":"","stick-header-meta":"","header-above-stick-meta":"","header-main-stick-meta":"","header-below-stick-meta":"","astra-migrate-meta-layouts":"default","ast-page-background-enabled":"default","ast-page-background-meta":{"desktop":{"background-color":"var(--ast-global-color-4)","background-image":"","background-repeat":"repeat","background-position":"center center","background-size":"auto","background-attachment":"scroll","background-type":"","background-media":"","overlay-type":"","overlay-color":"","overlay-opacity":"","overlay-gradient":""},"tablet":{"background-color":"","background-image":"","background-repeat":"repeat","background-position":"center center","background-size":"auto","background-attachment":"scroll","background-type":"","background-media":"","overlay-type":"","overlay-color":"","overlay-opacity":"","overlay-gradient":""},"mobile":{"background-color":"","background-image":"","background-repeat":"repeat","background-position":"center center","background-size":"auto","background-attachment":"scroll","background-type":"","background-media":"","overlay-type":"","overlay-color":"","overlay-opacity":"","overlay-gradient":""}},"ast-content-background-meta":{"desktop":{"background-color":"var(--ast-global-color-5)","background-image":"","background-repeat":"repeat","background-position":"center center","background-size":"auto","background-attachment":"scroll","background-type":"","background-media":"","overlay-type":"","overlay-color":"","overlay-opacity":"","overlay-gradient":""},"tablet":{"background-color":"var(--ast-global-color-5)","background-image":"","background-repeat":"repeat","background-position":"center center","background-size":"auto","background-attachment":"scroll","background-type":"","background-media":"","overlay-type":"","overlay-color":"","overlay-opacity":"","overlay-gradient":""},"mobile":{"background-color":"var(--ast-global-color-5)","background-image":"","background-repeat":"repeat","background-position":"center center","background-size":"auto","background-attachment":"scroll","background-type":"","background-media":"","overlay-type":"","overlay-color":"","overlay-opacity":"","overlay-gradient":""}},"footnotes":""},"class_list":["post-13","page","type-page","status-publish","hentry"],"_links":{"self":[{"href":"https:\/\/aifec.eu\/congreso2025\/wp-json\/wp\/v2\/pages\/13","targetHints":{"allow":["GET"]}}],"collection":[{"href":"https:\/\/aifec.eu\/congreso2025\/wp-json\/wp\/v2\/pages"}],"about":[{"href":"https:\/\/aifec.eu\/congreso2025\/wp-json\/wp\/v2\/types\/page"}],"author":[{"embeddable":true,"href":"https:\/\/aifec.eu\/congreso2025\/wp-json\/wp\/v2\/users\/1"}],"replies":[{"embeddable":true,"href":"https:\/\/aifec.eu\/congreso2025\/wp-json\/wp\/v2\/comments?post=13"}],"version-history":[{"count":166,"href":"https:\/\/aifec.eu\/congreso2025\/wp-json\/wp\/v2\/pages\/13\/revisions"}],"predecessor-version":[{"id":1461,"href":"https:\/\/aifec.eu\/congreso2025\/wp-json\/wp\/v2\/pages\/13\/revisions\/1461"}],"wp:attachment":[{"href":"https:\/\/aifec.eu\/congreso2025\/wp-json\/wp\/v2\/media?parent=13"}],"curies":[{"name":"wp","href":"https:\/\/api.w.org\/{rel}","templated":true}]}}