{"id":612,"date":"2022-03-25T12:30:02","date_gmt":"2022-03-25T12:30:02","guid":{"rendered":"https:\/\/aifec.eu\/congreso2024\/?page_id=612"},"modified":"2024-02-08T13:34:45","modified_gmt":"2024-02-08T13:34:45","slug":"almuerzo-jornada-networking","status":"publish","type":"page","link":"https:\/\/aifec.eu\/congreso2024\/?page_id=612","title":{"rendered":"Almuerzo de Clausura"},"content":{"rendered":"<div class=\"fusion-fullwidth fullwidth-box fusion-builder-row-1 fusion-flex-container nonhundred-percent-fullwidth non-hundred-percent-height-scrolling\" style=\"background-color: rgba(255,255,255,0);background-position: center center;background-repeat: no-repeat;border-width: 0px 0px 0px 0px;border-color:#e2e2e2;border-style:solid;\" ><div class=\"fusion-builder-row fusion-row fusion-flex-align-items-flex-start\" style=\"max-width:1248px;margin-left: calc(-4% \/ 2 );margin-right: calc(-4% \/ 2 );\"><div class=\"fusion-layout-column fusion_builder_column fusion-builder-column-0 fusion_builder_column_1_1 1_1 fusion-flex-column\"><div class=\"fusion-column-wrapper fusion-flex-justify-content-flex-start fusion-content-layout-column\" style=\"background-position:left top;background-repeat:no-repeat;-webkit-background-size:cover;-moz-background-size:cover;-o-background-size:cover;background-size:cover;padding: 0px 0px 0px 0px;\"><div class=\"fusion-text fusion-text-1\" style=\"transform:translate3d(0,0,0);\"><p style=\"text-align: center;\">Durante la jornada de Networking se ha organizado el almuerzo de clausura en el espacio \u00fanico P\u00e1teo Alfacinha. Un lugar muy aut\u00e9ntico donde se encuentran r\u00e9plicas de casas t\u00edpicas de Lisboas. Te sentir\u00e1s como una aut\u00e9ntica alfacinha (nombre que recibe aquel que nace en Lisboa). El recinto est\u00e1 repleto de rincones pintorescos y recreaciones de casas t\u00edpicas portuguesas como una tasca, una panader\u00eda o una capilla.<\/p>\n<p style=\"text-align: center;\"><span style=\"color: var(--body_typography-color); font-family: var(--body_typography-font-family); font-size: var(--body_typography-font-size); font-style: var(--body_typography-font-style,normal); letter-spacing: var(--body_typography-letter-spacing);\">Este almuerzo est\u00e1 patrocinado por la empresa ADESTOR<\/span><\/p>\n<p><img decoding=\"async\" class=\" wp-image-1819 aligncenter\" src=\"https:\/\/aifec.eu\/congreso2024\/wp-content\/uploads\/2024\/02\/ADESTOR-by-Lecta-con-claim-horiz-neg.jpeg\" alt=\"\" width=\"264\" height=\"187\" srcset=\"https:\/\/aifec.eu\/congreso2024\/wp-content\/uploads\/2024\/02\/ADESTOR-by-Lecta-con-claim-horiz-neg-200x142.jpeg 200w, https:\/\/aifec.eu\/congreso2024\/wp-content\/uploads\/2024\/02\/ADESTOR-by-Lecta-con-claim-horiz-neg-300x214.jpeg 300w, https:\/\/aifec.eu\/congreso2024\/wp-content\/uploads\/2024\/02\/ADESTOR-by-Lecta-con-claim-horiz-neg-400x283.jpeg 400w, https:\/\/aifec.eu\/congreso2024\/wp-content\/uploads\/2024\/02\/ADESTOR-by-Lecta-con-claim-horiz-neg-600x425.jpeg 600w, https:\/\/aifec.eu\/congreso2024\/wp-content\/uploads\/2024\/02\/ADESTOR-by-Lecta-con-claim-horiz-neg.jpeg 640w\" sizes=\"(max-width: 264px) 100vw, 264px\" \/><\/p>\n<\/div><\/div><\/div><style type=\"text\/css\">.fusion-body .fusion-builder-column-0{width:100% !important;margin-top : 0px;margin-bottom : 20px;}.fusion-builder-column-0 > .fusion-column-wrapper {padding-top : 0px !important;padding-right : 0px !important;margin-right : 1.92%;padding-bottom : 0px !important;padding-left : 0px !important;margin-left : 1.92%;}@media only screen and (max-width:1024px) {.fusion-body .fusion-builder-column-0{width:100% !important;order : 0;}.fusion-builder-column-0 > .fusion-column-wrapper {margin-right : 1.92%;margin-left : 1.92%;}}@media only screen and (max-width:640px) {.fusion-body .fusion-builder-column-0{width:100% !important;order : 0;}.fusion-builder-column-0 > .fusion-column-wrapper {margin-right : 1.92%;margin-left : 1.92%;}}<\/style><\/div><style type=\"text\/css\">.fusion-body .fusion-flex-container.fusion-builder-row-1{ padding-top : 0px;margin-top : 0px;padding-right : 0px;padding-bottom : 0px;margin-bottom : 0px;padding-left : 0px;}<\/style><\/div>\n","protected":false},"excerpt":{"rendered":"","protected":false},"author":1,"featured_media":0,"parent":0,"menu_order":0,"comment_status":"closed","ping_status":"closed","template":"","meta":{"footnotes":""},"class_list":["post-612","page","type-page","status-publish","hentry"],"_links":{"self":[{"href":"https:\/\/aifec.eu\/congreso2024\/index.php?rest_route=\/wp\/v2\/pages\/612","targetHints":{"allow":["GET"]}}],"collection":[{"href":"https:\/\/aifec.eu\/congreso2024\/index.php?rest_route=\/wp\/v2\/pages"}],"about":[{"href":"https:\/\/aifec.eu\/congreso2024\/index.php?rest_route=\/wp\/v2\/types\/page"}],"author":[{"embeddable":true,"href":"https:\/\/aifec.eu\/congreso2024\/index.php?rest_route=\/wp\/v2\/users\/1"}],"replies":[{"embeddable":true,"href":"https:\/\/aifec.eu\/congreso2024\/index.php?rest_route=%2Fwp%2Fv2%2Fcomments&post=612"}],"version-history":[{"count":17,"href":"https:\/\/aifec.eu\/congreso2024\/index.php?rest_route=\/wp\/v2\/pages\/612\/revisions"}],"predecessor-version":[{"id":1821,"href":"https:\/\/aifec.eu\/congreso2024\/index.php?rest_route=\/wp\/v2\/pages\/612\/revisions\/1821"}],"wp:attachment":[{"href":"https:\/\/aifec.eu\/congreso2024\/index.php?rest_route=%2Fwp%2Fv2%2Fmedia&parent=612"}],"curies":[{"name":"wp","href":"https:\/\/api.w.org\/{rel}","templated":true}]}}