{"id":472,"date":"2022-03-24T11:54:51","date_gmt":"2022-03-24T11:54:51","guid":{"rendered":"https:\/\/aifec.eu\/congreso2024\/?page_id=472"},"modified":"2024-02-08T13:30:14","modified_gmt":"2024-02-08T13:30:14","slug":"cena-de-gala","status":"publish","type":"page","link":"https:\/\/aifec.eu\/congreso2024\/?page_id=472","title":{"rendered":"Cena de sensaciones y sabores en el Palmeral"},"content":{"rendered":"<div class=\"fusion-fullwidth fullwidth-box fusion-builder-row-1 fusion-flex-container nonhundred-percent-fullwidth non-hundred-percent-height-scrolling\" style=\"background-color: rgba(255,255,255,0);background-position: center center;background-repeat: no-repeat;border-width: 0px 0px 0px 0px;border-color:#e2e2e2;border-style:solid;\" ><div class=\"fusion-builder-row fusion-row fusion-flex-align-items-flex-start\" style=\"max-width:1248px;margin-left: calc(-4% \/ 2 );margin-right: calc(-4% \/ 2 );\"><div class=\"fusion-layout-column fusion_builder_column fusion-builder-column-0 fusion_builder_column_1_1 1_1 fusion-flex-column\"><div class=\"fusion-column-wrapper fusion-flex-justify-content-flex-start fusion-content-layout-column\" style=\"background-position:left top;background-repeat:no-repeat;-webkit-background-size:cover;-moz-background-size:cover;-o-background-size:cover;background-size:cover;padding: 0px 0px 0px 0px;\"><div class=\"fusion-text fusion-text-1\" style=\"transform:translate3d(0,0,0);\"><p style=\"text-align: center;\">El viernes 17 de mayo se celebrar\u00e1 la<strong> Cena del 25 Aniversario de AIFEC <\/strong>en el restaurante SUD Lisboa. Un momento \u00fanico para disfrutar de la gastronom\u00eda local portuguesa en un entorno m\u00e1gico con vistas al r\u00edo Tajo. <span style=\"color: var(--body_typography-color); font-family: var(--body_typography-font-family); font-size: var(--body_typography-font-size); font-style: var(--body_typography-font-style,normal); letter-spacing: var(--body_typography-letter-spacing);\">Un lugar excepcional para disfrutar de una gran cena. <\/span><\/p>\n<p style=\"text-align: center;\"><span style=\"color: var(--body_typography-color); font-family: var(--body_typography-font-family); font-size: var(--body_typography-font-size); font-style: var(--body_typography-font-style,normal); letter-spacing: var(--body_typography-letter-spacing);\">Durante la noche, aprovecharemos tambi\u00e9n para entregar los premios AIFEC 2024, de la mano del maestro de ceremonias, Pedro Llamas.<\/span><\/p>\n<p style=\"text-align: center;\"><span style=\"color: var(--body_typography-color); font-family: var(--body_typography-font-family); font-size: var(--body_typography-font-size); font-style: var(--body_typography-font-style,normal); letter-spacing: var(--body_typography-letter-spacing);\">Acabaremos la noche con DJ y barra libre. <\/span><\/p>\n<p style=\"text-align: center;\">Esta cena est\u00e1 patrocinada por las empresas BOBST y FEDRIGONI SELF-ADHESIVES<\/p>\n<p><img decoding=\"async\" class=\"size-full wp-image-1796 aligncenter\" src=\"https:\/\/aifec.eu\/congreso2024\/wp-content\/uploads\/2024\/02\/BOBST-logo-cmyk_721.jpg\" alt=\"\" width=\"293\" height=\"39\" srcset=\"https:\/\/aifec.eu\/congreso2024\/wp-content\/uploads\/2024\/02\/BOBST-logo-cmyk_721-200x27.jpg 200w, https:\/\/aifec.eu\/congreso2024\/wp-content\/uploads\/2024\/02\/BOBST-logo-cmyk_721.jpg 293w\" sizes=\"(max-width: 293px) 100vw, 293px\" \/><\/p>\n<p><img decoding=\"async\" class=\"wp-image-1797 aligncenter\" src=\"https:\/\/aifec.eu\/congreso2024\/wp-content\/uploads\/2024\/02\/Fedrigoni_Self-Adhesives_Logotype_and_Shield_Black_RGB-1.png\" alt=\"\" width=\"240\" height=\"51\" srcset=\"https:\/\/aifec.eu\/congreso2024\/wp-content\/uploads\/2024\/02\/Fedrigoni_Self-Adhesives_Logotype_and_Shield_Black_RGB-1-200x42.png 200w, https:\/\/aifec.eu\/congreso2024\/wp-content\/uploads\/2024\/02\/Fedrigoni_Self-Adhesives_Logotype_and_Shield_Black_RGB-1-300x63.png 300w, https:\/\/aifec.eu\/congreso2024\/wp-content\/uploads\/2024\/02\/Fedrigoni_Self-Adhesives_Logotype_and_Shield_Black_RGB-1-400x85.png 400w, https:\/\/aifec.eu\/congreso2024\/wp-content\/uploads\/2024\/02\/Fedrigoni_Self-Adhesives_Logotype_and_Shield_Black_RGB-1-600x127.png 600w, https:\/\/aifec.eu\/congreso2024\/wp-content\/uploads\/2024\/02\/Fedrigoni_Self-Adhesives_Logotype_and_Shield_Black_RGB-1-768x163.png 768w, https:\/\/aifec.eu\/congreso2024\/wp-content\/uploads\/2024\/02\/Fedrigoni_Self-Adhesives_Logotype_and_Shield_Black_RGB-1-800x169.png 800w, https:\/\/aifec.eu\/congreso2024\/wp-content\/uploads\/2024\/02\/Fedrigoni_Self-Adhesives_Logotype_and_Shield_Black_RGB-1-1024x217.png 1024w, https:\/\/aifec.eu\/congreso2024\/wp-content\/uploads\/2024\/02\/Fedrigoni_Self-Adhesives_Logotype_and_Shield_Black_RGB-1-1200x254.png 1200w, https:\/\/aifec.eu\/congreso2024\/wp-content\/uploads\/2024\/02\/Fedrigoni_Self-Adhesives_Logotype_and_Shield_Black_RGB-1.png 1238w\" sizes=\"(max-width: 240px) 100vw, 240px\" \/><\/p>\n<p>\u00a0<\/p>\n<\/div><div class=\"fusion-slider-sc\"><div class=\"fusion-flexslider-loading flexslider flexslider-hover-type-none\" data-slideshow_autoplay=\"1\" data-slideshow_smooth_height=\"0\" data-slideshow_speed=\"7000\" style=\"max-width:100%;height:100%;\"><ul class=\"slides\"><li class=\"image\"><span class=\"fusion-image-hover-element hover-type-none\"><img decoding=\"async\" src=\"https:\/\/aifec.eu\/congreso2024\/wp-content\/uploads\/2024\/01\/SanaSud_DSC7098-scaled.jpg\" width=\"2560\" height=\"1913\" class=\"wp-image-1728\" srcset=\"https:\/\/aifec.eu\/congreso2024\/wp-content\/uploads\/2024\/01\/SanaSud_DSC7098-200x149.jpg 200w, https:\/\/aifec.eu\/congreso2024\/wp-content\/uploads\/2024\/01\/SanaSud_DSC7098-400x299.jpg 400w, https:\/\/aifec.eu\/congreso2024\/wp-content\/uploads\/2024\/01\/SanaSud_DSC7098-600x448.jpg 600w, https:\/\/aifec.eu\/congreso2024\/wp-content\/uploads\/2024\/01\/SanaSud_DSC7098-800x598.jpg 800w, https:\/\/aifec.eu\/congreso2024\/wp-content\/uploads\/2024\/01\/SanaSud_DSC7098-1200x897.jpg 1200w, https:\/\/aifec.eu\/congreso2024\/wp-content\/uploads\/2024\/01\/SanaSud_DSC7098-scaled.jpg 2560w\" sizes=\"(max-width: 640px) 100vw, 1200px\" \/><\/span><\/li><li class=\"image\"><span class=\"fusion-image-hover-element hover-type-none\"><img decoding=\"async\" src=\"https:\/\/aifec.eu\/congreso2024\/wp-content\/uploads\/2024\/01\/SanaSud_DSC6135-1-scaled.jpg\" width=\"2560\" height=\"1297\" class=\"wp-image-1731\" srcset=\"https:\/\/aifec.eu\/congreso2024\/wp-content\/uploads\/2024\/01\/SanaSud_DSC6135-1-200x101.jpg 200w, https:\/\/aifec.eu\/congreso2024\/wp-content\/uploads\/2024\/01\/SanaSud_DSC6135-1-400x203.jpg 400w, https:\/\/aifec.eu\/congreso2024\/wp-content\/uploads\/2024\/01\/SanaSud_DSC6135-1-600x304.jpg 600w, https:\/\/aifec.eu\/congreso2024\/wp-content\/uploads\/2024\/01\/SanaSud_DSC6135-1-800x405.jpg 800w, https:\/\/aifec.eu\/congreso2024\/wp-content\/uploads\/2024\/01\/SanaSud_DSC6135-1-1200x608.jpg 1200w, https:\/\/aifec.eu\/congreso2024\/wp-content\/uploads\/2024\/01\/SanaSud_DSC6135-1-scaled.jpg 2560w\" sizes=\"(max-width: 640px) 100vw, 1200px\" \/><\/span><\/li><li class=\"image\"><span class=\"fusion-image-hover-element hover-type-none\"><img decoding=\"async\" src=\"https:\/\/aifec.eu\/congreso2024\/wp-content\/uploads\/2024\/01\/SanaSud_Hall_DSC6994.jpg\" width=\"1859\" height=\"876\" class=\"wp-image-1730\" srcset=\"https:\/\/aifec.eu\/congreso2024\/wp-content\/uploads\/2024\/01\/SanaSud_Hall_DSC6994-200x94.jpg 200w, https:\/\/aifec.eu\/congreso2024\/wp-content\/uploads\/2024\/01\/SanaSud_Hall_DSC6994-400x188.jpg 400w, https:\/\/aifec.eu\/congreso2024\/wp-content\/uploads\/2024\/01\/SanaSud_Hall_DSC6994-600x283.jpg 600w, https:\/\/aifec.eu\/congreso2024\/wp-content\/uploads\/2024\/01\/SanaSud_Hall_DSC6994-800x377.jpg 800w, https:\/\/aifec.eu\/congreso2024\/wp-content\/uploads\/2024\/01\/SanaSud_Hall_DSC6994-1200x565.jpg 1200w, https:\/\/aifec.eu\/congreso2024\/wp-content\/uploads\/2024\/01\/SanaSud_Hall_DSC6994.jpg 1859w\" sizes=\"(max-width: 640px) 100vw, 1200px\" \/><\/span><\/li><\/ul><\/div><\/div><\/div><\/div><style type=\"text\/css\">.fusion-body .fusion-builder-column-0{width:100% !important;margin-top : 0px;margin-bottom : 20px;}.fusion-builder-column-0 > .fusion-column-wrapper {padding-top : 0px !important;padding-right : 0px !important;margin-right : 1.92%;padding-bottom : 0px !important;padding-left : 0px !important;margin-left : 1.92%;}@media only screen and (max-width:1024px) {.fusion-body .fusion-builder-column-0{width:100% !important;order : 0;}.fusion-builder-column-0 > .fusion-column-wrapper {margin-right : 1.92%;margin-left : 1.92%;}}@media only screen and (max-width:640px) {.fusion-body .fusion-builder-column-0{width:100% !important;order : 0;}.fusion-builder-column-0 > .fusion-column-wrapper {margin-right : 1.92%;margin-left : 1.92%;}}<\/style><\/div><style type=\"text\/css\">.fusion-body .fusion-flex-container.fusion-builder-row-1{ padding-top : 0px;margin-top : 0px;padding-right : 186px;padding-bottom : 0px;margin-bottom : 0px;padding-left : 221px;}@media only screen and (max-width:640px) {.fusion-body .fusion-flex-container.fusion-builder-row-1{ padding-right : 27.992645263671875px;padding-left : 21.97793960571289px;}}<\/style><\/div>\n","protected":false},"excerpt":{"rendered":"","protected":false},"author":1,"featured_media":0,"parent":0,"menu_order":0,"comment_status":"closed","ping_status":"closed","template":"","meta":{"footnotes":""},"class_list":["post-472","page","type-page","status-publish","hentry"],"_links":{"self":[{"href":"https:\/\/aifec.eu\/congreso2024\/index.php?rest_route=\/wp\/v2\/pages\/472","targetHints":{"allow":["GET"]}}],"collection":[{"href":"https:\/\/aifec.eu\/congreso2024\/index.php?rest_route=\/wp\/v2\/pages"}],"about":[{"href":"https:\/\/aifec.eu\/congreso2024\/index.php?rest_route=\/wp\/v2\/types\/page"}],"author":[{"embeddable":true,"href":"https:\/\/aifec.eu\/congreso2024\/index.php?rest_route=\/wp\/v2\/users\/1"}],"replies":[{"embeddable":true,"href":"https:\/\/aifec.eu\/congreso2024\/index.php?rest_route=%2Fwp%2Fv2%2Fcomments&post=472"}],"version-history":[{"count":44,"href":"https:\/\/aifec.eu\/congreso2024\/index.php?rest_route=\/wp\/v2\/pages\/472\/revisions"}],"predecessor-version":[{"id":1818,"href":"https:\/\/aifec.eu\/congreso2024\/index.php?rest_route=\/wp\/v2\/pages\/472\/revisions\/1818"}],"wp:attachment":[{"href":"https:\/\/aifec.eu\/congreso2024\/index.php?rest_route=%2Fwp%2Fv2%2Fmedia&parent=472"}],"curies":[{"name":"wp","href":"https:\/\/api.w.org\/{rel}","templated":true}]}}