{"id":403,"date":"2022-03-23T09:47:17","date_gmt":"2022-03-23T09:47:17","guid":{"rendered":"https:\/\/aifec.eu\/congreso2024\/?page_id=403"},"modified":"2024-02-12T10:57:56","modified_gmt":"2024-02-12T10:57:56","slug":"jornada-networking","status":"publish","type":"page","link":"https:\/\/aifec.eu\/congreso2024\/?page_id=403","title":{"rendered":"Jornada Networking"},"content":{"rendered":"<div class=\"fusion-fullwidth fullwidth-box fusion-builder-row-1 fusion-flex-container nonhundred-percent-fullwidth non-hundred-percent-height-scrolling\" style=\"background-color: rgba(255,255,255,0);background-position: center center;background-repeat: repeat;border-width: 0px 0px 0px 0px;border-color:#e2e2e2;border-style:solid;\" ><div class=\"fusion-builder-row fusion-row fusion-flex-align-items-center fusion-flex-justify-content-center\" style=\"max-width:1248px;margin-left: calc(-4% \/ 2 );margin-right: calc(-4% \/ 2 );\"><div class=\"fusion-layout-column fusion_builder_column fusion-builder-column-0 fusion_builder_column_1_1 1_1 fusion-flex-column fusion-animated\" data-animationType=\"fadeInLeft\" data-animationDuration=\"1.0\" data-animationOffset=\"100%\"><div class=\"fusion-column-wrapper fusion-flex-justify-content-center fusion-content-layout-column\" style=\"background-position:left top;background-repeat:no-repeat;-webkit-background-size:cover;-moz-background-size:cover;-o-background-size:cover;background-size:cover;padding: 0px 0px 0px 0px;\"><div class=\"fusion-text fusion-text-1\" style=\"font-size:20px;line-height:30px;font-family:&quot;var(--awb-typography3-font-family)&quot;;font-weight:var(--awb-typography3);transform:translate3d(0,0,0);\"><p>S\u00e1bado, 18 de mayo<\/p>\n<\/div><div class=\"fusion-text fusion-text-2\" style=\"transform:translate3d(0,0,0);\"><h3 class=\"\" style=\"--fontsize: 32; line-height: 1.3;\" data-fontsize=\"32\" data-lineheight=\"41.6px\">Tour y degustaci\u00f3n por Lisboa<\/h3>\n<p>Una ma\u00f1ana dedicada a descubrir Lisboa. Recorreremos los barrios de Alfama y Castelo. Saldremos desde el hotel en autob\u00fas hasta el centro de la ciudad donde exploraremos las tradiciones portuguesas: su cultura, gastronom\u00eda&#8230;hasta degustar infinidad de delicias portuguesas.<\/p>\n<p><strong>Duraci\u00f3n<\/strong>: 3h aprox<\/p>\n<p style=\"text-align: center;\">\u00a0<\/p>\n<p>\u00a0<\/p>\n<\/div><\/div><\/div><style type=\"text\/css\">.fusion-body .fusion-builder-column-0{width:100% !important;margin-top : 0px;margin-bottom : 20px;}.fusion-builder-column-0 > .fusion-column-wrapper {padding-top : 0px !important;padding-right : 0px !important;margin-right : 3.84%;padding-bottom : 0px !important;padding-left : 0px !important;margin-left : 1.92%;}@media only screen and (max-width:1024px) {.fusion-body .fusion-builder-column-0{width:40% !important;}.fusion-builder-column-0 > .fusion-column-wrapper {margin-right : 0%;margin-left : 9.6%;}}@media only screen and (max-width:640px) {.fusion-body .fusion-builder-column-0{width:100% !important;order : 0;margin-top : 0px;}.fusion-builder-column-0 > .fusion-column-wrapper {margin-right : 0%;margin-left : 3.84%;}}<\/style><div class=\"fusion-layout-column fusion_builder_column fusion-builder-column-1 fusion_builder_column_1_1 1_1 fusion-flex-column fusion-animated\" data-animationType=\"fadeInLeft\" data-animationDuration=\"1.0\" data-animationOffset=\"100%\"><div class=\"fusion-column-wrapper fusion-flex-justify-content-center fusion-content-layout-column\" style=\"background-position:left top;background-repeat:no-repeat;-webkit-background-size:cover;-moz-background-size:cover;-o-background-size:cover;background-size:cover;padding: 0px 0px 0px 0px;\"><div class=\"fusion-slider-sc\"><div class=\"fusion-flexslider-loading flexslider flexslider-hover-type-none\" data-slideshow_autoplay=\"1\" data-slideshow_smooth_height=\"0\" data-slideshow_speed=\"7000\" style=\"max-width:100%;height:100%;\"><ul class=\"slides\"><li class=\"image\"><span class=\"fusion-image-hover-element hover-type-none\"><img decoding=\"async\" src=\"https:\/\/aifec.eu\/congreso2024\/wp-content\/uploads\/2024\/02\/Lisboa2.jpeg\" width=\"1280\" height=\"909\" class=\"wp-image-1853\" srcset=\"https:\/\/aifec.eu\/congreso2024\/wp-content\/uploads\/2024\/02\/Lisboa2-200x142.jpeg 200w, https:\/\/aifec.eu\/congreso2024\/wp-content\/uploads\/2024\/02\/Lisboa2-400x284.jpeg 400w, https:\/\/aifec.eu\/congreso2024\/wp-content\/uploads\/2024\/02\/Lisboa2-600x426.jpeg 600w, https:\/\/aifec.eu\/congreso2024\/wp-content\/uploads\/2024\/02\/Lisboa2-800x568.jpeg 800w, https:\/\/aifec.eu\/congreso2024\/wp-content\/uploads\/2024\/02\/Lisboa2-1200x852.jpeg 1200w, https:\/\/aifec.eu\/congreso2024\/wp-content\/uploads\/2024\/02\/Lisboa2.jpeg 1280w\" sizes=\"(max-width: 640px) 100vw, 1200px\" \/><\/span><\/li><li class=\"image\"><span class=\"fusion-image-hover-element hover-type-none\"><img decoding=\"async\" src=\"https:\/\/aifec.eu\/congreso2024\/wp-content\/uploads\/2024\/02\/Lisboa3.jpeg\" width=\"1280\" height=\"782\" class=\"wp-image-1854\" srcset=\"https:\/\/aifec.eu\/congreso2024\/wp-content\/uploads\/2024\/02\/Lisboa3-200x122.jpeg 200w, https:\/\/aifec.eu\/congreso2024\/wp-content\/uploads\/2024\/02\/Lisboa3-400x244.jpeg 400w, https:\/\/aifec.eu\/congreso2024\/wp-content\/uploads\/2024\/02\/Lisboa3-600x367.jpeg 600w, https:\/\/aifec.eu\/congreso2024\/wp-content\/uploads\/2024\/02\/Lisboa3-800x489.jpeg 800w, https:\/\/aifec.eu\/congreso2024\/wp-content\/uploads\/2024\/02\/Lisboa3-1200x733.jpeg 1200w, https:\/\/aifec.eu\/congreso2024\/wp-content\/uploads\/2024\/02\/Lisboa3.jpeg 1280w\" sizes=\"(max-width: 640px) 100vw, 1200px\" \/><\/span><\/li><li class=\"image\"><span class=\"fusion-image-hover-element hover-type-none\"><img decoding=\"async\" src=\"https:\/\/aifec.eu\/congreso2024\/wp-content\/uploads\/2024\/02\/Lisboa4.jpeg\" width=\"1280\" height=\"853\" class=\"wp-image-1855\" srcset=\"https:\/\/aifec.eu\/congreso2024\/wp-content\/uploads\/2024\/02\/Lisboa4-200x133.jpeg 200w, https:\/\/aifec.eu\/congreso2024\/wp-content\/uploads\/2024\/02\/Lisboa4-400x267.jpeg 400w, https:\/\/aifec.eu\/congreso2024\/wp-content\/uploads\/2024\/02\/Lisboa4-600x400.jpeg 600w, https:\/\/aifec.eu\/congreso2024\/wp-content\/uploads\/2024\/02\/Lisboa4-800x533.jpeg 800w, https:\/\/aifec.eu\/congreso2024\/wp-content\/uploads\/2024\/02\/Lisboa4-1200x800.jpeg 1200w, https:\/\/aifec.eu\/congreso2024\/wp-content\/uploads\/2024\/02\/Lisboa4.jpeg 1280w\" sizes=\"(max-width: 640px) 100vw, 1200px\" \/><\/span><\/li><li class=\"image\"><span class=\"fusion-image-hover-element hover-type-none\"><img decoding=\"async\" src=\"https:\/\/aifec.eu\/congreso2024\/wp-content\/uploads\/2024\/02\/Lisboa7.jpeg\" width=\"1280\" height=\"960\" class=\"wp-image-1856\" srcset=\"https:\/\/aifec.eu\/congreso2024\/wp-content\/uploads\/2024\/02\/Lisboa7-200x150.jpeg 200w, https:\/\/aifec.eu\/congreso2024\/wp-content\/uploads\/2024\/02\/Lisboa7-400x300.jpeg 400w, https:\/\/aifec.eu\/congreso2024\/wp-content\/uploads\/2024\/02\/Lisboa7-600x450.jpeg 600w, https:\/\/aifec.eu\/congreso2024\/wp-content\/uploads\/2024\/02\/Lisboa7-800x600.jpeg 800w, https:\/\/aifec.eu\/congreso2024\/wp-content\/uploads\/2024\/02\/Lisboa7-1200x900.jpeg 1200w, https:\/\/aifec.eu\/congreso2024\/wp-content\/uploads\/2024\/02\/Lisboa7.jpeg 1280w\" sizes=\"(max-width: 640px) 100vw, 1200px\" \/><\/span><\/li><li class=\"image\"><span class=\"fusion-image-hover-element hover-type-none\"><img decoding=\"async\" src=\"https:\/\/aifec.eu\/congreso2024\/wp-content\/uploads\/2024\/02\/Lisboa8.jpeg\" width=\"1280\" height=\"960\" class=\"wp-image-1857\" srcset=\"https:\/\/aifec.eu\/congreso2024\/wp-content\/uploads\/2024\/02\/Lisboa8-200x150.jpeg 200w, https:\/\/aifec.eu\/congreso2024\/wp-content\/uploads\/2024\/02\/Lisboa8-400x300.jpeg 400w, https:\/\/aifec.eu\/congreso2024\/wp-content\/uploads\/2024\/02\/Lisboa8-600x450.jpeg 600w, https:\/\/aifec.eu\/congreso2024\/wp-content\/uploads\/2024\/02\/Lisboa8-800x600.jpeg 800w, https:\/\/aifec.eu\/congreso2024\/wp-content\/uploads\/2024\/02\/Lisboa8-1200x900.jpeg 1200w, https:\/\/aifec.eu\/congreso2024\/wp-content\/uploads\/2024\/02\/Lisboa8.jpeg 1280w\" sizes=\"(max-width: 640px) 100vw, 1200px\" \/><\/span><\/li><li class=\"image\"><span class=\"fusion-image-hover-element hover-type-none\"><img decoding=\"async\" src=\"https:\/\/aifec.eu\/congreso2024\/wp-content\/uploads\/2024\/02\/Lisboa9.jpeg\" width=\"1280\" height=\"738\" class=\"wp-image-1858\" srcset=\"https:\/\/aifec.eu\/congreso2024\/wp-content\/uploads\/2024\/02\/Lisboa9-200x115.jpeg 200w, https:\/\/aifec.eu\/congreso2024\/wp-content\/uploads\/2024\/02\/Lisboa9-400x231.jpeg 400w, https:\/\/aifec.eu\/congreso2024\/wp-content\/uploads\/2024\/02\/Lisboa9-600x346.jpeg 600w, https:\/\/aifec.eu\/congreso2024\/wp-content\/uploads\/2024\/02\/Lisboa9-800x461.jpeg 800w, https:\/\/aifec.eu\/congreso2024\/wp-content\/uploads\/2024\/02\/Lisboa9-1200x692.jpeg 1200w, https:\/\/aifec.eu\/congreso2024\/wp-content\/uploads\/2024\/02\/Lisboa9.jpeg 1280w\" sizes=\"(max-width: 640px) 100vw, 1200px\" \/><\/span><\/li><\/ul><\/div><\/div><\/div><\/div><style type=\"text\/css\">.fusion-body .fusion-builder-column-1{width:100% !important;margin-top : 0px;margin-bottom : 20px;}.fusion-builder-column-1 > .fusion-column-wrapper {padding-top : 0px !important;padding-right : 0px !important;margin-right : 3.84%;padding-bottom : 0px !important;padding-left : 0px !important;margin-left : 1.92%;}@media only screen and (max-width:1024px) {.fusion-body .fusion-builder-column-1{width:40% !important;}.fusion-builder-column-1 > .fusion-column-wrapper {margin-right : 0%;margin-left : 9.6%;}}@media only screen and (max-width:640px) {.fusion-body .fusion-builder-column-1{width:100% !important;order : 1;margin-top : 0px;}.fusion-builder-column-1 > .fusion-column-wrapper {margin-right : 0%;margin-left : 3.84%;}}<\/style><\/div><style type=\"text\/css\">.fusion-body .fusion-flex-container.fusion-builder-row-1{ padding-top : 4%;margin-top : 0px;padding-right : 0px;padding-bottom : 4%;margin-bottom : 0px;padding-left : 0px;}<\/style><\/div>\n","protected":false},"excerpt":{"rendered":"","protected":false},"author":1,"featured_media":0,"parent":0,"menu_order":0,"comment_status":"closed","ping_status":"closed","template":"100-width.php","meta":{"footnotes":""},"class_list":["post-403","page","type-page","status-publish","hentry"],"_links":{"self":[{"href":"https:\/\/aifec.eu\/congreso2024\/index.php?rest_route=\/wp\/v2\/pages\/403","targetHints":{"allow":["GET"]}}],"collection":[{"href":"https:\/\/aifec.eu\/congreso2024\/index.php?rest_route=\/wp\/v2\/pages"}],"about":[{"href":"https:\/\/aifec.eu\/congreso2024\/index.php?rest_route=\/wp\/v2\/types\/page"}],"author":[{"embeddable":true,"href":"https:\/\/aifec.eu\/congreso2024\/index.php?rest_route=\/wp\/v2\/users\/1"}],"replies":[{"embeddable":true,"href":"https:\/\/aifec.eu\/congreso2024\/index.php?rest_route=%2Fwp%2Fv2%2Fcomments&post=403"}],"version-history":[{"count":60,"href":"https:\/\/aifec.eu\/congreso2024\/index.php?rest_route=\/wp\/v2\/pages\/403\/revisions"}],"predecessor-version":[{"id":1859,"href":"https:\/\/aifec.eu\/congreso2024\/index.php?rest_route=\/wp\/v2\/pages\/403\/revisions\/1859"}],"wp:attachment":[{"href":"https:\/\/aifec.eu\/congreso2024\/index.php?rest_route=%2Fwp%2Fv2%2Fmedia&parent=403"}],"curies":[{"name":"wp","href":"https:\/\/api.w.org\/{rel}","templated":true}]}}