{"id":27,"date":"2022-02-15T11:54:55","date_gmt":"2022-02-15T11:54:55","guid":{"rendered":"https:\/\/aifec.eu\/congreso2024\/?page_id=27"},"modified":"2024-03-12T10:01:13","modified_gmt":"2024-03-12T10:01:13","slug":"location","status":"publish","type":"page","link":"https:\/\/aifec.eu\/congreso2024\/?page_id=27","title":{"rendered":"Hotel"},"content":{"rendered":"<p><div class=\"fusion-fullwidth fullwidth-box fusion-builder-row-1 fusion-flex-container nonhundred-percent-fullwidth non-hundred-percent-height-scrolling\" style=\"background-color: rgba(255,255,255,0);background-position: center center;background-repeat: no-repeat;border-width: 0px 0px 0px 0px;border-color:#e2e2e2;border-style:solid;\" ><div class=\"fusion-builder-row fusion-row fusion-flex-align-items-flex-start\" style=\"max-width:1248px;margin-left: calc(-4% \/ 2 );margin-right: calc(-4% \/ 2 );\"><\/div><style type=\"text\/css\">.fusion-body .fusion-flex-container.fusion-builder-row-1{ padding-top : 0px;margin-top : 0px;padding-right : 0px;padding-bottom : 0px;margin-bottom : 0px;padding-left : 0px;}<\/style><\/div><div class=\"fusion-fullwidth fullwidth-box fusion-builder-row-2 fusion-flex-container nonhundred-percent-fullwidth non-hundred-percent-height-scrolling\" style=\"background-color: rgba(255,255,255,0);background-position: center center;background-repeat: no-repeat;border-width: 0px 0px 0px 0px;border-color:#e2e2e2;border-style:solid;\" ><div class=\"fusion-builder-row fusion-row fusion-flex-align-items-flex-start\" style=\"max-width:1248px;margin-left: calc(-4% \/ 2 );margin-right: calc(-4% \/ 2 );\"><div class=\"fusion-layout-column fusion_builder_column fusion-builder-column-0 fusion_builder_column_1_1 1_1 fusion-flex-column\"><div class=\"fusion-column-wrapper fusion-flex-justify-content-flex-start fusion-content-layout-column\" style=\"background-position:left top;background-repeat:no-repeat;-webkit-background-size:cover;-moz-background-size:cover;-o-background-size:cover;background-size:cover;padding: 0px 0px 0px 0px;\"><div class=\"fusion-text fusion-text-1 fusion-animated\" data-animationType=\"zoomInLeft\" data-animationDuration=\"1.1\" data-animationOffset=\"100%\"><h3 style=\"text-align: center; --fontSize: 32; line-height: 1.3;\" data-fontsize=\"32\" data-lineheight=\"41.599998px\" class=\"fusion-responsive-typography-calculated\">Hotel Crowne Plaza Caparica Lisboa<\/h3>\n<\/div><div class=\"fusion-text fusion-text-2\" style=\"transform:translate3d(0,0,0);\"><p>El Hotel Crowne Plaza Caparica Lisboa situado entre la ciudad y el mar, en un entorno id\u00edlico.<\/p>\n<p><span style=\"font-family: var(--body_typography-font-family); font-size: var(--body_typography-font-size); font-style: var(--body_typography-font-style,normal); letter-spacing: var(--body_typography-letter-spacing);\">Descubra el lujo y la sofisticaci\u00f3n en el coraz\u00f3n de Lisboa, donde el Hotel Crowne Plaza Caparica ofrece una experiencia \u00fanica de hospitalidad. Estrat\u00e9gicamente ubicado en la vibrante Costa de Caparica, este hotel de primera categor\u00eda ofrece vistas panor\u00e1micas del Atl\u00e1ntico y acceso directo a las doradas playas que lo convierten en un refugio exclusivo para los amantes del sol y el mar.<\/span><\/p>\n<p>Las modernas instalaciones del hotel te proporcionar\u00e1n una estancia inolvidable. Disfrute del spa de \u00faltima generaci\u00f3n o de una experiencia gastron\u00f3mica inigualable en nuestros restaurantes que ofrecen platos locales e internacionales de la m\u00e1s alta calidad.<\/p>\n<p>Con un compromiso inquebrantable con la excelencia en el servicio, el Hotel Crowne Plaza Caparica Lisboa ofrece a sus hu\u00e9spedes una amplia gama de comodidades, desde salas de reuniones completamente equipadas hasta una piscina infinita con vistas al oc\u00e9ano.<\/p>\n<p>El hotel dispone de actividades como golf y spa. Si desea realizar una reserva, puede hacerlas a continuaci\u00f3n:<\/p>\n<ul>\n<li><b>Golf<\/b>: Golf Reservations &#8211; Crowne Plaza Caparica golf.reservations@cpcaparicalisbon.com<\/li>\n<li><b>Spa<\/b>: spa@cpcaparicalisbon.com<\/li>\n<\/ul>\n<\/div><\/div><\/div><style type=\"text\/css\">.fusion-body .fusion-builder-column-0{width:100% !important;margin-top : 0px;margin-bottom : 20px;}.fusion-builder-column-0 > .fusion-column-wrapper {padding-top : 0px !important;padding-right : 0px !important;margin-right : 1.92%;padding-bottom : 0px !important;padding-left : 0px !important;margin-left : 1.92%;}@media only screen and (max-width:1024px) {.fusion-body .fusion-builder-column-0{width:100% !important;order : 0;}.fusion-builder-column-0 > .fusion-column-wrapper {margin-right : 1.92%;margin-left : 1.92%;}}@media only screen and (max-width:640px) {.fusion-body .fusion-builder-column-0{width:100% !important;order : 0;}.fusion-builder-column-0 > .fusion-column-wrapper {margin-right : 0%;padding-left : 0px !important;margin-left : 0%;}}<\/style><div class=\"fusion-layout-column fusion_builder_column fusion-builder-column-1 fusion_builder_column_1_1 1_1 fusion-flex-column\"><div class=\"fusion-column-wrapper fusion-flex-justify-content-flex-start fusion-content-layout-column\" style=\"background-position:left top;background-repeat:no-repeat;-webkit-background-size:cover;-moz-background-size:cover;-o-background-size:cover;background-size:cover;padding: 0px 0px 116px 0px;\"><div class=\"fusion-video fusion-youtube\" style=\"max-width:600px;max-height:360px;align-self:center; width:100%\"><div class=\"video-shortcode\"><iframe title=\"YouTube video player\" src=\"https:\/\/www.youtube.com\/embed\/0tXcg1mxQpQ?wmode=transparent&autoplay=0\" width=\"600\" height=\"360\" allowfullscreen allow=\"autoplay; fullscreen\"><\/iframe><\/div><\/div><\/div><\/div><style type=\"text\/css\">.fusion-body .fusion-builder-column-1{width:100% !important;margin-top : 44.985294342041016px;margin-bottom : 20px;}.fusion-builder-column-1 > .fusion-column-wrapper {padding-top : 0px !important;padding-right : 0px !important;margin-right : 1.92%;padding-bottom : 116px !important;padding-left : 0px !important;margin-left : 1.92%;}@media only screen and (max-width:1024px) {.fusion-body .fusion-builder-column-1{width:100% !important;order : 0;}.fusion-builder-column-1 > .fusion-column-wrapper {margin-right : 1.92%;margin-left : 1.92%;}}@media only screen and (max-width:640px) {.fusion-body .fusion-builder-column-1{width:100% !important;order : 0;margin-top : 5.981616973876953px;margin-bottom : 0px;}.fusion-builder-column-1 > .fusion-column-wrapper {padding-top : 0px !important;margin-right : 0%;margin-left : 0%;}}<\/style><\/div><style type=\"text\/css\">.fusion-body .fusion-flex-container.fusion-builder-row-2{ padding-top : 0px;margin-top : 0px;padding-right : 74px;padding-bottom : 0px;margin-bottom : 0px;padding-left : 73px;}@media only screen and (max-width:640px) {.fusion-body .fusion-flex-container.fusion-builder-row-2{ padding-right : 30.988967895507812px;padding-left : 26.996322631835938px;}}<\/style><\/div><div class=\"fusion-fullwidth fullwidth-box fusion-builder-row-3 fusion-flex-container nonhundred-percent-fullwidth non-hundred-percent-height-scrolling\" style=\"background-color: rgba(255,255,255,0);background-position: center center;background-repeat: no-repeat;border-width: 0px 0px 0px 0px;border-color:#e2e2e2;border-style:solid;\" ><div class=\"fusion-builder-row fusion-row fusion-flex-align-items-flex-start\" style=\"max-width:1248px;margin-left: calc(-4% \/ 2 );margin-right: calc(-4% \/ 2 );\"><div class=\"fusion-layout-column fusion_builder_column fusion-builder-column-2 fusion_builder_column_1_1 1_1 fusion-flex-column\"><div class=\"fusion-column-wrapper fusion-flex-justify-content-flex-start fusion-content-layout-column\" style=\"background-position:left top;background-repeat:no-repeat;-webkit-background-size:cover;-moz-background-size:cover;-o-background-size:cover;background-size:cover;padding: 0px 0px 0px 0px;\"><div class=\"fusion-text fusion-text-3\" style=\"transform:translate3d(0,0,0);\"><h3 style=\"text-align: center;\">Fotos<\/h3>\n<\/div><\/div><\/div><style type=\"text\/css\">.fusion-body .fusion-builder-column-2{width:100% !important;margin-top : 0px;margin-bottom : 20px;}.fusion-builder-column-2 > .fusion-column-wrapper {padding-top : 0px !important;padding-right : 0px !important;margin-right : 1.92%;padding-bottom : 0px !important;padding-left : 0px !important;margin-left : 1.92%;}@media only screen and (max-width:1024px) {.fusion-body .fusion-builder-column-2{width:100% !important;order : 0;}.fusion-builder-column-2 > .fusion-column-wrapper {margin-right : 1.92%;margin-left : 1.92%;}}@media only screen and (max-width:640px) {.fusion-body .fusion-builder-column-2{width:100% !important;order : 0;}.fusion-builder-column-2 > .fusion-column-wrapper {margin-right : 1.92%;margin-left : 1.92%;}}<\/style><\/div><style type=\"text\/css\">.fusion-body .fusion-flex-container.fusion-builder-row-3{ padding-top : 0px;margin-top : 0px;padding-right : 0px;padding-bottom : 0px;margin-bottom : 0px;padding-left : 0px;}<\/style><\/div><div class=\"fusion-fullwidth fullwidth-box fusion-builder-row-4 fusion-flex-container nonhundred-percent-fullwidth non-hundred-percent-height-scrolling\" style=\"background-color: rgba(255,255,255,0);background-position: center center;background-repeat: no-repeat;border-width: 0px 0px 0px 0px;border-color:#e2e2e2;border-style:solid;\" ><div class=\"fusion-builder-row fusion-row fusion-flex-align-items-flex-start\" style=\"max-width:1248px;margin-left: calc(-4% \/ 2 );margin-right: calc(-4% \/ 2 );\"><div class=\"fusion-layout-column fusion_builder_column fusion-builder-column-3 fusion_builder_column_1_1 1_1 fusion-flex-column\"><div class=\"fusion-column-wrapper fusion-flex-justify-content-flex-start fusion-content-layout-column\" style=\"background-position:left top;background-repeat:no-repeat;-webkit-background-size:cover;-moz-background-size:cover;-o-background-size:cover;background-size:cover;padding: 0px 0px 0px 0px;\"><div class=\"fusion-slider-sc\"><div class=\"fusion-flexslider-loading flexslider flexslider-hover-type-none\" data-slideshow_autoplay=\"1\" data-slideshow_smooth_height=\"0\" data-slideshow_speed=\"7000\" style=\"max-width:100%;height:100%;\"><ul class=\"slides\"><li class=\"image\"><span class=\"fusion-image-hover-element hover-type-none\"><img decoding=\"async\" src=\"https:\/\/aifec.eu\/congreso2024\/wp-content\/uploads\/2024\/01\/CPCL_Outdoor_Pool_048-scaled.jpg\" width=\"2560\" height=\"1707\" class=\"wp-image-1668\" srcset=\"https:\/\/aifec.eu\/congreso2024\/wp-content\/uploads\/2024\/01\/CPCL_Outdoor_Pool_048-200x133.jpg 200w, https:\/\/aifec.eu\/congreso2024\/wp-content\/uploads\/2024\/01\/CPCL_Outdoor_Pool_048-400x267.jpg 400w, https:\/\/aifec.eu\/congreso2024\/wp-content\/uploads\/2024\/01\/CPCL_Outdoor_Pool_048-600x400.jpg 600w, https:\/\/aifec.eu\/congreso2024\/wp-content\/uploads\/2024\/01\/CPCL_Outdoor_Pool_048-800x534.jpg 800w, https:\/\/aifec.eu\/congreso2024\/wp-content\/uploads\/2024\/01\/CPCL_Outdoor_Pool_048-1200x800.jpg 1200w, https:\/\/aifec.eu\/congreso2024\/wp-content\/uploads\/2024\/01\/CPCL_Outdoor_Pool_048-scaled.jpg 2560w\" sizes=\"(max-width: 640px) 100vw, 1200px\" \/><\/span><\/li><li class=\"image\"><span class=\"fusion-image-hover-element hover-type-none\"><img decoding=\"async\" src=\"https:\/\/aifec.eu\/congreso2024\/wp-content\/uploads\/2024\/01\/CPCL_MeetingRooms_NourishmentHub011-scaled.jpg\" width=\"2560\" height=\"1707\" class=\"wp-image-1667\" srcset=\"https:\/\/aifec.eu\/congreso2024\/wp-content\/uploads\/2024\/01\/CPCL_MeetingRooms_NourishmentHub011-200x133.jpg 200w, https:\/\/aifec.eu\/congreso2024\/wp-content\/uploads\/2024\/01\/CPCL_MeetingRooms_NourishmentHub011-400x267.jpg 400w, https:\/\/aifec.eu\/congreso2024\/wp-content\/uploads\/2024\/01\/CPCL_MeetingRooms_NourishmentHub011-600x400.jpg 600w, https:\/\/aifec.eu\/congreso2024\/wp-content\/uploads\/2024\/01\/CPCL_MeetingRooms_NourishmentHub011-800x533.jpg 800w, https:\/\/aifec.eu\/congreso2024\/wp-content\/uploads\/2024\/01\/CPCL_MeetingRooms_NourishmentHub011-1200x800.jpg 1200w, https:\/\/aifec.eu\/congreso2024\/wp-content\/uploads\/2024\/01\/CPCL_MeetingRooms_NourishmentHub011-scaled.jpg 2560w\" sizes=\"(max-width: 640px) 100vw, 1200px\" \/><\/span><\/li><li class=\"image\"><span class=\"fusion-image-hover-element hover-type-none\"><img decoding=\"async\" src=\"https:\/\/aifec.eu\/congreso2024\/wp-content\/uploads\/2024\/01\/CPCL_MeetingRooms_Foyer014-scaled.jpg\" width=\"2560\" height=\"1707\" class=\"wp-image-1671\" srcset=\"https:\/\/aifec.eu\/congreso2024\/wp-content\/uploads\/2024\/01\/CPCL_MeetingRooms_Foyer014-200x133.jpg 200w, https:\/\/aifec.eu\/congreso2024\/wp-content\/uploads\/2024\/01\/CPCL_MeetingRooms_Foyer014-400x267.jpg 400w, https:\/\/aifec.eu\/congreso2024\/wp-content\/uploads\/2024\/01\/CPCL_MeetingRooms_Foyer014-600x400.jpg 600w, https:\/\/aifec.eu\/congreso2024\/wp-content\/uploads\/2024\/01\/CPCL_MeetingRooms_Foyer014-800x533.jpg 800w, https:\/\/aifec.eu\/congreso2024\/wp-content\/uploads\/2024\/01\/CPCL_MeetingRooms_Foyer014-1200x800.jpg 1200w, https:\/\/aifec.eu\/congreso2024\/wp-content\/uploads\/2024\/01\/CPCL_MeetingRooms_Foyer014-scaled.jpg 2560w\" sizes=\"(max-width: 640px) 100vw, 1200px\" \/><\/span><\/li><li class=\"image\"><span class=\"fusion-image-hover-element hover-type-none\"><img decoding=\"async\" src=\"https:\/\/aifec.eu\/congreso2024\/wp-content\/uploads\/2024\/01\/CPCL_Gym_Spa_IndoorPool_038-scaled.jpg\" width=\"2560\" height=\"1706\" class=\"wp-image-1672\" srcset=\"https:\/\/aifec.eu\/congreso2024\/wp-content\/uploads\/2024\/01\/CPCL_Gym_Spa_IndoorPool_038-200x133.jpg 200w, https:\/\/aifec.eu\/congreso2024\/wp-content\/uploads\/2024\/01\/CPCL_Gym_Spa_IndoorPool_038-400x267.jpg 400w, https:\/\/aifec.eu\/congreso2024\/wp-content\/uploads\/2024\/01\/CPCL_Gym_Spa_IndoorPool_038-600x400.jpg 600w, https:\/\/aifec.eu\/congreso2024\/wp-content\/uploads\/2024\/01\/CPCL_Gym_Spa_IndoorPool_038-800x533.jpg 800w, https:\/\/aifec.eu\/congreso2024\/wp-content\/uploads\/2024\/01\/CPCL_Gym_Spa_IndoorPool_038-1200x800.jpg 1200w, https:\/\/aifec.eu\/congreso2024\/wp-content\/uploads\/2024\/01\/CPCL_Gym_Spa_IndoorPool_038-scaled.jpg 2560w\" sizes=\"(max-width: 640px) 100vw, 1200px\" \/><\/span><\/li><li class=\"image\"><span class=\"fusion-image-hover-element hover-type-none\"><img decoding=\"async\" src=\"https:\/\/aifec.eu\/congreso2024\/wp-content\/uploads\/2024\/01\/CPCL_Gym_Spa_IndoorPool_049-scaled.jpg\" width=\"2560\" height=\"1706\" class=\"wp-image-1673\" srcset=\"https:\/\/aifec.eu\/congreso2024\/wp-content\/uploads\/2024\/01\/CPCL_Gym_Spa_IndoorPool_049-200x133.jpg 200w, https:\/\/aifec.eu\/congreso2024\/wp-content\/uploads\/2024\/01\/CPCL_Gym_Spa_IndoorPool_049-400x267.jpg 400w, https:\/\/aifec.eu\/congreso2024\/wp-content\/uploads\/2024\/01\/CPCL_Gym_Spa_IndoorPool_049-600x400.jpg 600w, https:\/\/aifec.eu\/congreso2024\/wp-content\/uploads\/2024\/01\/CPCL_Gym_Spa_IndoorPool_049-800x533.jpg 800w, https:\/\/aifec.eu\/congreso2024\/wp-content\/uploads\/2024\/01\/CPCL_Gym_Spa_IndoorPool_049-1200x800.jpg 1200w, https:\/\/aifec.eu\/congreso2024\/wp-content\/uploads\/2024\/01\/CPCL_Gym_Spa_IndoorPool_049-scaled.jpg 2560w\" sizes=\"(max-width: 640px) 100vw, 1200px\" \/><\/span><\/li><\/ul><\/div><\/div><\/div><\/div><style type=\"text\/css\">.fusion-body .fusion-builder-column-3{width:100% !important;margin-top : 0px;margin-bottom : 20px;}.fusion-builder-column-3 > .fusion-column-wrapper {padding-top : 0px !important;padding-right : 0px !important;margin-right : 1.92%;padding-bottom : 0px !important;padding-left : 0px !important;margin-left : 1.92%;}@media only screen and (max-width:1024px) {.fusion-body .fusion-builder-column-3{width:100% !important;order : 0;}.fusion-builder-column-3 > .fusion-column-wrapper {margin-right : 1.92%;margin-left : 1.92%;}}@media only screen and (max-width:640px) {.fusion-body .fusion-builder-column-3{width:100% !important;order : 0;margin-bottom : 0px;}.fusion-builder-column-3 > .fusion-column-wrapper {margin-right : 0%;padding-bottom : 0px !important;margin-left : 0%;}}<\/style><\/div><style type=\"text\/css\">.fusion-body .fusion-flex-container.fusion-builder-row-4{ padding-top : 0px;margin-top : 0px;padding-right : 105px;padding-bottom : 0px;margin-bottom : 0px;padding-left : 101px;}@media only screen and (max-width:640px) {.fusion-body .fusion-flex-container.fusion-builder-row-4{ padding-right : 5.988969802856445px;padding-left : 9.981616973876953px;}}<\/style><\/div><div class=\"fusion-fullwidth fullwidth-box fusion-builder-row-5 fusion-flex-container nonhundred-percent-fullwidth non-hundred-percent-height-scrolling\" style=\"background-color: rgba(255,255,255,0);background-position: center center;background-repeat: no-repeat;border-width: 0px 0px 0px 0px;border-color:#e2e2e2;border-style:solid;\" ><div class=\"fusion-builder-row fusion-row fusion-flex-align-items-flex-start\" style=\"max-width:1248px;margin-left: calc(-4% \/ 2 );margin-right: calc(-4% \/ 2 );\"><div class=\"fusion-layout-column fusion_builder_column fusion-builder-column-4 fusion_builder_column_1_1 1_1 fusion-flex-column\"><div class=\"fusion-column-wrapper fusion-flex-justify-content-flex-start fusion-content-layout-column\" style=\"background-position:left top;background-repeat:no-repeat;-webkit-background-size:cover;-moz-background-size:cover;-o-background-size:cover;background-size:cover;padding: 0px 0px 0px 0px;\"><div class=\"fusion-text fusion-text-4\" style=\"transform:translate3d(0,0,0);\"><h3 style=\"text-align: center; --fontSize: 32; line-height: 1.3; font-size: 23px;\" data-fontsize=\"32\" data-lineheight=\"41.599998px\" class=\"fusion-responsive-typography-calculated\" data-fusion-font=\"true\"><b style=\"color: rgb(229, 156, 0);\">Direcci\u00f3n \ud83d\udccd<\/b><\/h3>\n<p style=\"text-align: center;\">Largo Aldeia dos Capuchos<\/p>\n<p style=\"text-align: center;\">Caparica<\/p>\n<p style=\"text-align: center;\">2825-017<\/p>\n<p style=\"text-align: center;\">Portugal<\/p>\n<\/div><\/div><\/div><style type=\"text\/css\">.fusion-body .fusion-builder-column-4{width:100% !important;margin-top : 0px;margin-bottom : 20px;}.fusion-builder-column-4 > .fusion-column-wrapper {padding-top : 0px !important;padding-right : 0px !important;margin-right : 1.92%;padding-bottom : 0px !important;padding-left : 0px !important;margin-left : 1.92%;}@media only screen and (max-width:1024px) {.fusion-body .fusion-builder-column-4{width:100% !important;order : 0;}.fusion-builder-column-4 > .fusion-column-wrapper {margin-right : 1.92%;margin-left : 1.92%;}}@media only screen and (max-width:640px) {.fusion-body .fusion-builder-column-4{width:100% !important;order : 0;}.fusion-builder-column-4 > .fusion-column-wrapper {margin-right : 1.92%;margin-left : 1.92%;}}<\/style><\/div><style type=\"text\/css\">.fusion-body .fusion-flex-container.fusion-builder-row-5{ padding-top : 0px;margin-top : 0px;padding-right : 0px;padding-bottom : 0px;margin-bottom : 0px;padding-left : 0px;}<\/style><\/div><\/p>\n","protected":false},"excerpt":{"rendered":"","protected":false},"author":1,"featured_media":0,"parent":0,"menu_order":0,"comment_status":"closed","ping_status":"closed","template":"","meta":{"footnotes":""},"class_list":["post-27","page","type-page","status-publish","hentry"],"_links":{"self":[{"href":"https:\/\/aifec.eu\/congreso2024\/index.php?rest_route=\/wp\/v2\/pages\/27","targetHints":{"allow":["GET"]}}],"collection":[{"href":"https:\/\/aifec.eu\/congreso2024\/index.php?rest_route=\/wp\/v2\/pages"}],"about":[{"href":"https:\/\/aifec.eu\/congreso2024\/index.php?rest_route=\/wp\/v2\/types\/page"}],"author":[{"embeddable":true,"href":"https:\/\/aifec.eu\/congreso2024\/index.php?rest_route=\/wp\/v2\/users\/1"}],"replies":[{"embeddable":true,"href":"https:\/\/aifec.eu\/congreso2024\/index.php?rest_route=%2Fwp%2Fv2%2Fcomments&post=27"}],"version-history":[{"count":56,"href":"https:\/\/aifec.eu\/congreso2024\/index.php?rest_route=\/wp\/v2\/pages\/27\/revisions"}],"predecessor-version":[{"id":1939,"href":"https:\/\/aifec.eu\/congreso2024\/index.php?rest_route=\/wp\/v2\/pages\/27\/revisions\/1939"}],"wp:attachment":[{"href":"https:\/\/aifec.eu\/congreso2024\/index.php?rest_route=%2Fwp%2Fv2%2Fmedia&parent=27"}],"curies":[{"name":"wp","href":"https:\/\/api.w.org\/{rel}","templated":true}]}}