{"id":933,"date":"2022-05-11T09:28:26","date_gmt":"2022-05-11T09:28:26","guid":{"rendered":"https:\/\/aifec.eu\/congreso2023\/?page_id=933"},"modified":"2023-03-17T10:48:13","modified_gmt":"2023-03-17T10:48:13","slug":"almuerzo-de-clausura-portugues","status":"publish","type":"page","link":"https:\/\/aifec.eu\/congreso2023\/?page_id=933&lang=pt","title":{"rendered":"Almuerzo de Clausura &#8211; Portugu\u00eas"},"content":{"rendered":"<div class=\"fusion-fullwidth fullwidth-box fusion-builder-row-1 fusion-flex-container nonhundred-percent-fullwidth non-hundred-percent-height-scrolling\" style=\"background-color: rgba(255,255,255,0);background-position: center center;background-repeat: no-repeat;border-width: 0px 0px 0px 0px;border-color:#e2e2e2;border-style:solid;\" ><div class=\"fusion-builder-row fusion-row fusion-flex-align-items-flex-start\" style=\"max-width:1248px;margin-left: calc(-4% \/ 2 );margin-right: calc(-4% \/ 2 );\"><div class=\"fusion-layout-column fusion_builder_column fusion-builder-column-0 fusion_builder_column_1_1 1_1 fusion-flex-column\"><div class=\"fusion-column-wrapper fusion-flex-justify-content-flex-start fusion-content-layout-column\" style=\"background-position:left top;background-repeat:no-repeat;-webkit-background-size:cover;-moz-background-size:cover;-o-background-size:cover;background-size:cover;padding: 0px 0px 0px 0px;\"><div class=\"fusion-text fusion-text-1\" style=\"transform:translate3d(0,0,0);\"><p style=\"text-align: center;\">Durante a jornada de Networking foi organizado o almo\u00e7o de encerramento no espa\u00e7o \u00fanico le B\u00e9douin Agafay. Rodeado pela beleza natural das montanhas e pela hospitalidade marroquina, este hotel de luxo oferece espa\u00e7os relaxantes para escapar ao stress di\u00e1rio.<\/p>\n<p style=\"text-align: center;\">Esta atividade \u00e9 oferecida pela ADESTOR<\/p>\n<p style=\"text-align: center;\"><img decoding=\"async\" class=\" wp-image-514 aligncenter\" src=\"https:\/\/aifec.eu\/congreso2023\/wp-content\/uploads\/2022\/03\/ADESTOR-1.jpg\" alt=\"\" width=\"230\" height=\"47\" srcset=\"https:\/\/aifec.eu\/congreso2023\/wp-content\/uploads\/2022\/03\/ADESTOR-1-200x41.jpg 200w, https:\/\/aifec.eu\/congreso2023\/wp-content\/uploads\/2022\/03\/ADESTOR-1-300x61.jpg 300w, https:\/\/aifec.eu\/congreso2023\/wp-content\/uploads\/2022\/03\/ADESTOR-1-400x81.jpg 400w, https:\/\/aifec.eu\/congreso2023\/wp-content\/uploads\/2022\/03\/ADESTOR-1-600x122.jpg 600w, https:\/\/aifec.eu\/congreso2023\/wp-content\/uploads\/2022\/03\/ADESTOR-1-768x156.jpg 768w, https:\/\/aifec.eu\/congreso2023\/wp-content\/uploads\/2022\/03\/ADESTOR-1-800x163.jpg 800w, https:\/\/aifec.eu\/congreso2023\/wp-content\/uploads\/2022\/03\/ADESTOR-1.jpg 879w\" sizes=\"(max-width: 230px) 100vw, 230px\" \/><\/p>\n<\/div><\/div><\/div><style type=\"text\/css\">.fusion-body .fusion-builder-column-0{width:100% !important;margin-top : 0px;margin-bottom : 20px;}.fusion-builder-column-0 > .fusion-column-wrapper {padding-top : 0px !important;padding-right : 0px !important;margin-right : 1.92%;padding-bottom : 0px !important;padding-left : 0px !important;margin-left : 1.92%;}@media only screen and (max-width:1024px) {.fusion-body .fusion-builder-column-0{width:100% !important;order : 0;}.fusion-builder-column-0 > .fusion-column-wrapper {margin-right : 1.92%;margin-left : 1.92%;}}@media only screen and (max-width:640px) {.fusion-body .fusion-builder-column-0{width:100% !important;order : 0;}.fusion-builder-column-0 > .fusion-column-wrapper {margin-right : 1.92%;margin-left : 1.92%;}}<\/style><\/div><style type=\"text\/css\">.fusion-body .fusion-flex-container.fusion-builder-row-1{ padding-top : 0px;margin-top : 0px;padding-right : 0px;padding-bottom : 0px;margin-bottom : 0px;padding-left : 0px;}<\/style><\/div>\n","protected":false},"excerpt":{"rendered":"","protected":false},"author":1,"featured_media":0,"parent":0,"menu_order":0,"comment_status":"closed","ping_status":"closed","template":"","meta":{"footnotes":""},"class_list":["post-933","page","type-page","status-publish","hentry"],"_links":{"self":[{"href":"https:\/\/aifec.eu\/congreso2023\/index.php?rest_route=\/wp\/v2\/pages\/933","targetHints":{"allow":["GET"]}}],"collection":[{"href":"https:\/\/aifec.eu\/congreso2023\/index.php?rest_route=\/wp\/v2\/pages"}],"about":[{"href":"https:\/\/aifec.eu\/congreso2023\/index.php?rest_route=\/wp\/v2\/types\/page"}],"author":[{"embeddable":true,"href":"https:\/\/aifec.eu\/congreso2023\/index.php?rest_route=\/wp\/v2\/users\/1"}],"replies":[{"embeddable":true,"href":"https:\/\/aifec.eu\/congreso2023\/index.php?rest_route=%2Fwp%2Fv2%2Fcomments&post=933"}],"version-history":[{"count":6,"href":"https:\/\/aifec.eu\/congreso2023\/index.php?rest_route=\/wp\/v2\/pages\/933\/revisions"}],"predecessor-version":[{"id":1507,"href":"https:\/\/aifec.eu\/congreso2023\/index.php?rest_route=\/wp\/v2\/pages\/933\/revisions\/1507"}],"wp:attachment":[{"href":"https:\/\/aifec.eu\/congreso2023\/index.php?rest_route=%2Fwp%2Fv2%2Fmedia&parent=933"}],"curies":[{"name":"wp","href":"https:\/\/api.w.org\/{rel}","templated":true}]}}