{"id":925,"date":"2022-05-11T08:22:37","date_gmt":"2022-05-11T08:22:37","guid":{"rendered":"https:\/\/aifec.eu\/congreso2023\/?page_id=925"},"modified":"2023-03-17T10:44:15","modified_gmt":"2023-03-17T10:44:15","slug":"cena-y-entrega-de-premios-aifec-2022-portugues","status":"publish","type":"page","link":"https:\/\/aifec.eu\/congreso2023\/?page_id=925&lang=pt","title":{"rendered":"Cena de sensaciones y sabores en el Palmeral- Portugu\u00eas"},"content":{"rendered":"<div class=\"fusion-fullwidth fullwidth-box fusion-builder-row-1 fusion-flex-container nonhundred-percent-fullwidth non-hundred-percent-height-scrolling\" style=\"background-color: rgba(255,255,255,0);background-position: center center;background-repeat: no-repeat;border-width: 0px 0px 0px 0px;border-color:#e2e2e2;border-style:solid;\" ><div class=\"fusion-builder-row fusion-row fusion-flex-align-items-flex-start\" style=\"max-width:1248px;margin-left: calc(-4% \/ 2 );margin-right: calc(-4% \/ 2 );\"><div class=\"fusion-layout-column fusion_builder_column fusion-builder-column-0 fusion_builder_column_1_1 1_1 fusion-flex-column\"><div class=\"fusion-column-wrapper fusion-flex-justify-content-flex-start fusion-content-layout-column\" style=\"background-position:left top;background-repeat:no-repeat;-webkit-background-size:cover;-moz-background-size:cover;-o-background-size:cover;background-size:cover;padding: 0px 0px 0px 0px;\"><div class=\"fusion-text fusion-text-1\" style=\"transform:translate3d(0,0,0);\"><p class=\"tw-data-text tw-text-large tw-ta\" dir=\"ltr\" style=\"text-align: center;\" data-placeholder=\"Traducci\u00f3n\">Na sexta-feira, dia 26 de maio, realiza-se no Palmeral o Jantar de sensa\u00e7\u00f5es e sabores. Um momento \u00fanico para compartilhar as tradi\u00e7\u00f5es marroquinas com muitas surpresas durante a noite. Um lugar excepcional para desfrutar de um \u00f3timo jantar.<\/p>\n<p style=\"text-align: center;\">Desfrutaremos de um grupo folcl\u00f3rico e para os mais atrevidos poder\u00e3o experimentar uma das tradi\u00e7\u00f5es \u00e1rabes mais famosas, a tatuagem de henna.<\/p>\n<p style=\"text-align: center;\">Acabaremos a noite com DJ e bar aberto.<\/p>\n<p style=\"text-align: center;\">Este jantar \u00e9 patrocinado pela empresa FEDRIGONI SELF-ADHESIVES<\/p>\n<p style=\"text-align: center;\"><img decoding=\"async\" class=\"wp-image-1377 aligncenter\" src=\"https:\/\/aifec.eu\/congreso2023\/wp-content\/uploads\/2023\/02\/Fedrigoni_Self-Adhesives_Logotype_and_Shield_Black_RGB-ilaria-arconvert.jpg\" alt=\"\" width=\"231\" height=\"48\" srcset=\"https:\/\/aifec.eu\/congreso2023\/wp-content\/uploads\/2023\/02\/Fedrigoni_Self-Adhesives_Logotype_and_Shield_Black_RGB-ilaria-arconvert-200x42.jpg 200w, https:\/\/aifec.eu\/congreso2023\/wp-content\/uploads\/2023\/02\/Fedrigoni_Self-Adhesives_Logotype_and_Shield_Black_RGB-ilaria-arconvert-300x64.jpg 300w, https:\/\/aifec.eu\/congreso2023\/wp-content\/uploads\/2023\/02\/Fedrigoni_Self-Adhesives_Logotype_and_Shield_Black_RGB-ilaria-arconvert-400x85.jpg 400w, https:\/\/aifec.eu\/congreso2023\/wp-content\/uploads\/2023\/02\/Fedrigoni_Self-Adhesives_Logotype_and_Shield_Black_RGB-ilaria-arconvert-600x127.jpg 600w, https:\/\/aifec.eu\/congreso2023\/wp-content\/uploads\/2023\/02\/Fedrigoni_Self-Adhesives_Logotype_and_Shield_Black_RGB-ilaria-arconvert-768x163.jpg 768w, https:\/\/aifec.eu\/congreso2023\/wp-content\/uploads\/2023\/02\/Fedrigoni_Self-Adhesives_Logotype_and_Shield_Black_RGB-ilaria-arconvert-800x169.jpg 800w, https:\/\/aifec.eu\/congreso2023\/wp-content\/uploads\/2023\/02\/Fedrigoni_Self-Adhesives_Logotype_and_Shield_Black_RGB-ilaria-arconvert-1024x217.jpg 1024w, https:\/\/aifec.eu\/congreso2023\/wp-content\/uploads\/2023\/02\/Fedrigoni_Self-Adhesives_Logotype_and_Shield_Black_RGB-ilaria-arconvert-1200x254.jpg 1200w, https:\/\/aifec.eu\/congreso2023\/wp-content\/uploads\/2023\/02\/Fedrigoni_Self-Adhesives_Logotype_and_Shield_Black_RGB-ilaria-arconvert.jpg 1237w\" sizes=\"(max-width: 231px) 100vw, 231px\" \/><\/p>\n<p>\u00a0<\/p>\n<\/div><div class=\"fusion-slider-sc\"><div class=\"fusion-flexslider-loading flexslider flexslider-hover-type-none\" data-slideshow_autoplay=\"1\" data-slideshow_smooth_height=\"0\" data-slideshow_speed=\"2400\" style=\"max-width:100%;height:100%;\"><ul class=\"slides\"><li class=\"image\"><span class=\"fusion-image-hover-element hover-type-none\"><img decoding=\"async\" src=\"https:\/\/aifec.eu\/congreso2023\/wp-content\/uploads\/2023\/02\/d6.jpg\" width=\"669\" height=\"446\" class=\"wp-image-1162\" srcset=\"https:\/\/aifec.eu\/congreso2023\/wp-content\/uploads\/2023\/02\/d6-200x133.jpg 200w, https:\/\/aifec.eu\/congreso2023\/wp-content\/uploads\/2023\/02\/d6-400x267.jpg 400w, https:\/\/aifec.eu\/congreso2023\/wp-content\/uploads\/2023\/02\/d6-600x400.jpg 600w, https:\/\/aifec.eu\/congreso2023\/wp-content\/uploads\/2023\/02\/d6.jpg 669w\" sizes=\"(max-width: 640px) 100vw, 669px\" \/><\/span><\/li><li class=\"image\"><span class=\"fusion-image-hover-element hover-type-none\"><img decoding=\"async\" src=\"https:\/\/aifec.eu\/congreso2023\/wp-content\/uploads\/2023\/02\/Campamento-de-lujo-desierto-marruecos-2.jpg\" width=\"1140\" height=\"628\" class=\"wp-image-1163\" srcset=\"https:\/\/aifec.eu\/congreso2023\/wp-content\/uploads\/2023\/02\/Campamento-de-lujo-desierto-marruecos-2-200x110.jpg 200w, https:\/\/aifec.eu\/congreso2023\/wp-content\/uploads\/2023\/02\/Campamento-de-lujo-desierto-marruecos-2-400x220.jpg 400w, https:\/\/aifec.eu\/congreso2023\/wp-content\/uploads\/2023\/02\/Campamento-de-lujo-desierto-marruecos-2-600x331.jpg 600w, https:\/\/aifec.eu\/congreso2023\/wp-content\/uploads\/2023\/02\/Campamento-de-lujo-desierto-marruecos-2-800x441.jpg 800w, https:\/\/aifec.eu\/congreso2023\/wp-content\/uploads\/2023\/02\/Campamento-de-lujo-desierto-marruecos-2.jpg 1140w\" sizes=\"(max-width: 640px) 100vw, 1140px\" \/><\/span><\/li><li class=\"image\"><span class=\"fusion-image-hover-element hover-type-none\"><img decoding=\"async\" src=\"https:\/\/aifec.eu\/congreso2023\/wp-content\/uploads\/2023\/02\/pies-y-manos-600x449-1.jpg\" width=\"600\" height=\"449\" class=\"wp-image-1168\" srcset=\"https:\/\/aifec.eu\/congreso2023\/wp-content\/uploads\/2023\/02\/pies-y-manos-600x449-1-200x150.jpg 200w, https:\/\/aifec.eu\/congreso2023\/wp-content\/uploads\/2023\/02\/pies-y-manos-600x449-1-400x299.jpg 400w, https:\/\/aifec.eu\/congreso2023\/wp-content\/uploads\/2023\/02\/pies-y-manos-600x449-1.jpg 600w\" sizes=\"(max-width: 640px) 100vw, 600px\" \/><\/span><\/li><li class=\"image\"><span class=\"fusion-image-hover-element hover-type-none\"><img decoding=\"async\" src=\"https:\/\/aifec.eu\/congreso2023\/wp-content\/uploads\/2023\/02\/musica-popular-marruecos.jpg.webp\" width=\"1200\" height=\"800\" class=\"wp-image-1170\" srcset=\"https:\/\/aifec.eu\/congreso2023\/wp-content\/uploads\/2023\/02\/musica-popular-marruecos.jpg-200x133.webp 200w, https:\/\/aifec.eu\/congreso2023\/wp-content\/uploads\/2023\/02\/musica-popular-marruecos.jpg-300x200.webp 300w, https:\/\/aifec.eu\/congreso2023\/wp-content\/uploads\/2023\/02\/musica-popular-marruecos.jpg-400x267.webp 400w, https:\/\/aifec.eu\/congreso2023\/wp-content\/uploads\/2023\/02\/musica-popular-marruecos.jpg-600x400.webp 600w, https:\/\/aifec.eu\/congreso2023\/wp-content\/uploads\/2023\/02\/musica-popular-marruecos.jpg-768x512.webp 768w, https:\/\/aifec.eu\/congreso2023\/wp-content\/uploads\/2023\/02\/musica-popular-marruecos.jpg-800x533.webp 800w, https:\/\/aifec.eu\/congreso2023\/wp-content\/uploads\/2023\/02\/musica-popular-marruecos.jpg-1024x683.webp 1024w, https:\/\/aifec.eu\/congreso2023\/wp-content\/uploads\/2023\/02\/musica-popular-marruecos.jpg.webp 1200w\" sizes=\"(max-width: 640px) 100vw, 1200px\" \/><\/span><\/li><\/ul><\/div><\/div><\/div><\/div><style type=\"text\/css\">.fusion-body .fusion-builder-column-0{width:100% !important;margin-top : 0px;margin-bottom : 20px;}.fusion-builder-column-0 > .fusion-column-wrapper {padding-top : 0px !important;padding-right : 0px !important;margin-right : 1.92%;padding-bottom : 0px !important;padding-left : 0px !important;margin-left : 1.92%;}@media only screen and (max-width:1024px) {.fusion-body .fusion-builder-column-0{width:100% !important;order : 0;}.fusion-builder-column-0 > .fusion-column-wrapper {margin-right : 1.92%;margin-left : 1.92%;}}@media only screen and (max-width:640px) {.fusion-body .fusion-builder-column-0{width:100% !important;order : 0;}.fusion-builder-column-0 > .fusion-column-wrapper {margin-right : 1.92%;margin-left : 1.92%;}}<\/style><\/div><style type=\"text\/css\">.fusion-body .fusion-flex-container.fusion-builder-row-1{ padding-top : 0px;margin-top : 0px;padding-right : 133px;padding-bottom : 0px;margin-bottom : 0px;padding-left : 121.99264526367188px;}<\/style><\/div>\n","protected":false},"excerpt":{"rendered":"","protected":false},"author":1,"featured_media":0,"parent":0,"menu_order":0,"comment_status":"closed","ping_status":"closed","template":"","meta":{"footnotes":""},"class_list":["post-925","page","type-page","status-publish","hentry"],"_links":{"self":[{"href":"https:\/\/aifec.eu\/congreso2023\/index.php?rest_route=\/wp\/v2\/pages\/925","targetHints":{"allow":["GET"]}}],"collection":[{"href":"https:\/\/aifec.eu\/congreso2023\/index.php?rest_route=\/wp\/v2\/pages"}],"about":[{"href":"https:\/\/aifec.eu\/congreso2023\/index.php?rest_route=\/wp\/v2\/types\/page"}],"author":[{"embeddable":true,"href":"https:\/\/aifec.eu\/congreso2023\/index.php?rest_route=\/wp\/v2\/users\/1"}],"replies":[{"embeddable":true,"href":"https:\/\/aifec.eu\/congreso2023\/index.php?rest_route=%2Fwp%2Fv2%2Fcomments&post=925"}],"version-history":[{"count":9,"href":"https:\/\/aifec.eu\/congreso2023\/index.php?rest_route=\/wp\/v2\/pages\/925\/revisions"}],"predecessor-version":[{"id":1505,"href":"https:\/\/aifec.eu\/congreso2023\/index.php?rest_route=\/wp\/v2\/pages\/925\/revisions\/1505"}],"wp:attachment":[{"href":"https:\/\/aifec.eu\/congreso2023\/index.php?rest_route=%2Fwp%2Fv2%2Fmedia&parent=925"}],"curies":[{"name":"wp","href":"https:\/\/api.w.org\/{rel}","templated":true}]}}