{"id":923,"date":"2022-05-11T08:11:44","date_gmt":"2022-05-11T08:11:44","guid":{"rendered":"https:\/\/aifec.eu\/congreso2023\/?page_id=923"},"modified":"2023-02-20T08:21:16","modified_gmt":"2023-02-20T08:21:16","slug":"almuerzo-de-trabajo-portugues","status":"publish","type":"page","link":"https:\/\/aifec.eu\/congreso2023\/?page_id=923&lang=pt","title":{"rendered":"Almuerzo de trabajo &#8211; Portugu\u00eas"},"content":{"rendered":"<div class=\"fusion-fullwidth fullwidth-box fusion-builder-row-1 fusion-flex-container nonhundred-percent-fullwidth non-hundred-percent-height-scrolling\" style=\"background-color: rgba(255,255,255,0);background-position: center center;background-repeat: no-repeat;border-width: 0px 0px 0px 0px;border-color:#e2e2e2;border-style:solid;\" ><div class=\"fusion-builder-row fusion-row fusion-flex-align-items-flex-start\" style=\"max-width:1248px;margin-left: calc(-4% \/ 2 );margin-right: calc(-4% \/ 2 );\"><div class=\"fusion-layout-column fusion_builder_column fusion-builder-column-0 fusion_builder_column_1_1 1_1 fusion-flex-column\"><div class=\"fusion-column-wrapper fusion-flex-justify-content-flex-start fusion-content-layout-column\" style=\"background-position:left top;background-repeat:no-repeat;-webkit-background-size:cover;-moz-background-size:cover;-o-background-size:cover;background-size:cover;padding: 0px 0px 0px 0px;\"><div class=\"fusion-text fusion-text-1\" style=\"transform:translate3d(0,0,0);\"><p style=\"text-align: center;\">Na sexta-feira, dia 26 de maio, ser\u00e1 realizado o almo\u00e7o de trabalho no restaurante do hotel, onde os congressistas poder\u00e3o desfrutar de um agrad\u00e1vel encontro para compartilhar suas experi\u00eancias sobre o congresso.<\/p>\n<p style=\"text-align: center;\">O almo\u00e7o \u00e9 patrocinado pela Avery Dennison Company.<\/p>\n<p><img decoding=\"async\" class=\" wp-image-824 aligncenter\" src=\"https:\/\/aifec.eu\/congreso2023\/wp-content\/uploads\/2022\/03\/Diseno-sin-titulo-109.jpg\" sizes=\"(max-width: 234px) 100vw, 234px\" srcset=\"https:\/\/aifec.eu\/congreso2023\/wp-content\/uploads\/2022\/03\/Diseno-sin-titulo-109-66x66.jpg 66w, https:\/\/aifec.eu\/congreso2023\/wp-content\/uploads\/2022\/03\/Diseno-sin-titulo-109-150x150.jpg 150w, https:\/\/aifec.eu\/congreso2023\/wp-content\/uploads\/2022\/03\/Diseno-sin-titulo-109-200x200.jpg 200w, https:\/\/aifec.eu\/congreso2023\/wp-content\/uploads\/2022\/03\/Diseno-sin-titulo-109-300x300.jpg 300w, https:\/\/aifec.eu\/congreso2023\/wp-content\/uploads\/2022\/03\/Diseno-sin-titulo-109-400x400.jpg 400w, https:\/\/aifec.eu\/congreso2023\/wp-content\/uploads\/2022\/03\/Diseno-sin-titulo-109.jpg 500w\" alt=\"\" width=\"234\" height=\"234\" \/><\/p>\n<\/div><\/div><\/div><style type=\"text\/css\">.fusion-body .fusion-builder-column-0{width:100% !important;margin-top : 0px;margin-bottom : 20px;}.fusion-builder-column-0 > .fusion-column-wrapper {padding-top : 0px !important;padding-right : 0px !important;margin-right : 1.92%;padding-bottom : 0px !important;padding-left : 0px !important;margin-left : 1.92%;}@media only screen and (max-width:1024px) {.fusion-body .fusion-builder-column-0{width:100% !important;order : 0;}.fusion-builder-column-0 > .fusion-column-wrapper {margin-right : 1.92%;margin-left : 1.92%;}}@media only screen and (max-width:640px) {.fusion-body .fusion-builder-column-0{width:100% !important;order : 0;}.fusion-builder-column-0 > .fusion-column-wrapper {margin-right : 1.92%;margin-left : 1.92%;}}<\/style><\/div><style type=\"text\/css\">.fusion-body .fusion-flex-container.fusion-builder-row-1{ padding-top : 0px;margin-top : 0px;padding-right : 0px;padding-bottom : 0px;margin-bottom : 0px;padding-left : 0px;}<\/style><\/div>\n","protected":false},"excerpt":{"rendered":"","protected":false},"author":1,"featured_media":0,"parent":0,"menu_order":0,"comment_status":"closed","ping_status":"closed","template":"","meta":{"footnotes":""},"class_list":["post-923","page","type-page","status-publish","hentry"],"_links":{"self":[{"href":"https:\/\/aifec.eu\/congreso2023\/index.php?rest_route=\/wp\/v2\/pages\/923","targetHints":{"allow":["GET"]}}],"collection":[{"href":"https:\/\/aifec.eu\/congreso2023\/index.php?rest_route=\/wp\/v2\/pages"}],"about":[{"href":"https:\/\/aifec.eu\/congreso2023\/index.php?rest_route=\/wp\/v2\/types\/page"}],"author":[{"embeddable":true,"href":"https:\/\/aifec.eu\/congreso2023\/index.php?rest_route=\/wp\/v2\/users\/1"}],"replies":[{"embeddable":true,"href":"https:\/\/aifec.eu\/congreso2023\/index.php?rest_route=%2Fwp%2Fv2%2Fcomments&post=923"}],"version-history":[{"count":3,"href":"https:\/\/aifec.eu\/congreso2023\/index.php?rest_route=\/wp\/v2\/pages\/923\/revisions"}],"predecessor-version":[{"id":1282,"href":"https:\/\/aifec.eu\/congreso2023\/index.php?rest_route=\/wp\/v2\/pages\/923\/revisions\/1282"}],"wp:attachment":[{"href":"https:\/\/aifec.eu\/congreso2023\/index.php?rest_route=%2Fwp%2Fv2%2Fmedia&parent=923"}],"curies":[{"name":"wp","href":"https:\/\/api.w.org\/{rel}","templated":true}]}}