{"id":886,"date":"2022-05-10T13:31:17","date_gmt":"2022-05-10T13:31:17","guid":{"rendered":"https:\/\/aifec.eu\/congreso2023\/home-portugues\/"},"modified":"2023-03-23T08:46:09","modified_gmt":"2023-03-23T08:46:09","slug":"home-portugues","status":"publish","type":"page","link":"https:\/\/aifec.eu\/congreso2023\/?page_id=886&lang=pt","title":{"rendered":"Home &#8211; Portugu\u00eas"},"content":{"rendered":"<p><div class=\"fusion-fullwidth fullwidth-box fusion-builder-row-1 fusion-flex-container nonhundred-percent-fullwidth non-hundred-percent-height-scrolling\" style=\"background-color: rgba(255,255,255,0);background-position: center center;background-repeat: no-repeat;border-width: 0px 0px 0px 0px;border-color:#e2e2e2;border-style:solid;\" ><div class=\"fusion-builder-row fusion-row fusion-flex-align-items-flex-start\" style=\"max-width:1248px;margin-left: calc(-4% \/ 2 );margin-right: calc(-4% \/ 2 );\"><div class=\"fusion-layout-column fusion_builder_column fusion-builder-column-0 fusion_builder_column_1_1 1_1 fusion-flex-column\"><div class=\"fusion-column-wrapper fusion-flex-justify-content-flex-start fusion-content-layout-column\" style=\"background-position:left top;background-repeat:no-repeat;-webkit-background-size:cover;-moz-background-size:cover;-o-background-size:cover;background-size:cover;padding: 0px 0px 0px 0px;\"><div class=\"fusion-text fusion-text-1\" style=\"transform:translate3d(0,0,0);\"><h3 id=\"tw-target-text\" class=\"tw-data-text tw-text-large tw-ta\" dir=\"ltr\" style=\"text-align: center;\" data-placeholder=\"Traducci\u00f3n\"><span class=\"Y2IQFc\" lang=\"pt\">VEJO VOC\u00ca EM BREVE<\/span><\/h3>\n<div class=\"wpos-copy-clipboard wpcdt-shortcode-preview\"><\/div>\n<\/div><\/div><\/div><style type=\"text\/css\">.fusion-body .fusion-builder-column-0{width:100% !important;margin-top : 0px;margin-bottom : 0px;}.fusion-builder-column-0 > .fusion-column-wrapper {padding-top : 0px !important;padding-right : 0px !important;margin-right : 1.92%;padding-bottom : 0px !important;padding-left : 0px !important;margin-left : 1.92%;}@media only screen and (max-width:1024px) {.fusion-body .fusion-builder-column-0{width:100% !important;order : 0;}.fusion-builder-column-0 > .fusion-column-wrapper {margin-right : 1.92%;margin-left : 1.92%;}}@media only screen and (max-width:640px) {.fusion-body .fusion-builder-column-0{width:100% !important;order : 0;}.fusion-builder-column-0 > .fusion-column-wrapper {margin-right : 1.92%;margin-left : 1.92%;}}<\/style><div class=\"fusion-layout-column fusion_builder_column fusion-builder-column-1 fusion_builder_column_1_1 1_1 fusion-flex-column\"><div class=\"fusion-column-wrapper fusion-flex-justify-content-flex-start fusion-content-layout-column\" style=\"background-position:left top;background-repeat:no-repeat;-webkit-background-size:cover;-moz-background-size:cover;-o-background-size:cover;background-size:cover;padding: 0px 0px 31px 0px;\"><div style=\"text-align:center;\"><style type=\"text\/css\">.fusion-button.button-1 .fusion-button-text, .fusion-button.button-1 i {color:#ffffff;}.fusion-button.button-1 .fusion-button-icon-divider{border-color:#ffffff;}.fusion-button.button-1:hover .fusion-button-text, .fusion-button.button-1:hover i,.fusion-button.button-1:focus .fusion-button-text, .fusion-button.button-1:focus i,.fusion-button.button-1:active .fusion-button-text, .fusion-button.button-1:active{color:#ffffff;}.fusion-button.button-1:hover .fusion-button-icon-divider, .fusion-button.button-1:hover .fusion-button-icon-divider, .fusion-button.button-1:active .fusion-button-icon-divider{border-color:#ffffff;}.fusion-button.button-1:hover, .fusion-button.button-1:focus, .fusion-button.button-1:active{border-color:#ffffff;}.fusion-button.button-1 {border-color:#ffffff;border-radius:4px;}.fusion-button.button-1{background: #ff6600;}.fusion-button.button-1:hover,.button-1:focus,.fusion-button.button-1:active{background: #ff6600;}<\/style><a class=\"fusion-button button-flat fusion-button-default-size button-custom button-1 fusion-button-default-span \" target=\"_self\" href=\"https:\/\/aifec.eu\/congreso2023\/pt\/hotel-portugues\/\"><i class=\"fa-archway fas button-icon-left\" aria-hidden=\"true\"><\/i><span class=\"fusion-button-text\">Hotel du Golf Palmeraie<\/span><\/a><\/div><\/div><\/div><style type=\"text\/css\">.fusion-body .fusion-builder-column-1{width:100% !important;margin-top : 0px;margin-bottom : 42px;}.fusion-builder-column-1 > .fusion-column-wrapper {padding-top : 0px !important;padding-right : 0px !important;margin-right : 1.92%;padding-bottom : 31px !important;padding-left : 0px !important;margin-left : 1.92%;}@media only screen and (max-width:1024px) {.fusion-body .fusion-builder-column-1{width:100% !important;order : 0;}.fusion-builder-column-1 > .fusion-column-wrapper {margin-right : 1.92%;margin-left : 1.92%;}}@media only screen and (max-width:640px) {.fusion-body .fusion-builder-column-1{width:100% !important;order : 0;}.fusion-builder-column-1 > .fusion-column-wrapper {margin-right : 1.92%;margin-left : 1.92%;}}<\/style><\/div><style type=\"text\/css\">.fusion-body .fusion-flex-container.fusion-builder-row-1{ padding-top : 96px;margin-top : 0px;padding-right : 0px;padding-bottom : 0px;margin-bottom : 0px;padding-left : 0px;}<\/style><\/div><div class=\"fusion-fullwidth fullwidth-box fusion-builder-row-2 fusion-flex-container hundred-percent-fullwidth non-hundred-percent-height-scrolling\" style=\"background-color: #ffece1;background-position: center center;background-repeat: no-repeat;border-width: 0px 0px 0px 0px;border-color:#e2e2e2;border-style:solid;\" ><div class=\"fusion-builder-row fusion-row fusion-flex-align-items-stretch\" style=\"width:104% !important;max-width:104% !important;margin-left: calc(-4% \/ 2 );margin-right: calc(-4% \/ 2 );\"><div class=\"fusion-layout-column fusion_builder_column fusion-builder-column-2 fusion_builder_column_1_1 1_1 fusion-flex-column special\"><div class=\"fusion-column-wrapper fusion-flex-justify-content-flex-start fusion-content-layout-column\" style=\"background-position:left top;background-repeat:no-repeat;-webkit-background-size:cover;-moz-background-size:cover;-o-background-size:cover;background-size:cover;padding: 0px 0% 0px 0px;\"><div class=\"fusion-separator fusion-full-width-sep\" style=\"align-self: center;margin-left: auto;margin-right: auto;margin-top:30px;width:100%;\"><\/div><div class=\"fusion-text fusion-text-2\" style=\"transform:translate3d(0,0,0);\"><p style=\"text-align: left;\">De 25 a 28 de maio, AIFEC celebra o seu XXIII Congresso de refer\u00eancia da ind\u00fastria de etiqueta na cidade de <b>Marraquexe<\/b>, a cidade vermelha e uma das quatro cidades imperiais de Marrocos. AIFEC preparou um Congresso especial no <b>Hotel Du Golf Rotana Palmeraie<\/b>, onde viveremos uma experi\u00eancia inesquec\u00edvel cheia de sensa\u00e7\u00f5es de luz e cor, atrav\u00e9s da cultura e da gastronomia marroquina.<\/p>\n<p>Sob o t\u00edtulo <b>\u00abATRAIR E RETER TALENTO NO SETOR\u00bb<\/b>, durante o Congresso analisaremos as novas formas de gest\u00e3o das empresas para atrair, reter o talento e dar valor \u00e0s pessoas que trabalham no setor da etiqueta.<\/p>\n<p>Ser\u00e3o apresentadas as principais novidades industriais gra\u00e7as \u00e0s diferentes apresenta\u00e7\u00f5es dos nossos patrocinadores e teremos ocasi\u00e3o de conhecer as melhores etiquetas do ano cujos pr\u00eamios ser\u00e3o entregues durante o Congresso.<\/p>\n<p>Abordaremos com a equipe da <b>BeLiquid <\/b>diferentes t\u00e9cnicas que nos ajudem a saber comunicar-nos melhor, a resolver problemas e a saber ter lideran\u00e7a nas nossas empresas para transmitir motiva\u00e7\u00e3o, proatividade, compromisso, lideran\u00e7a, flexibilidade&#8230; e que nos permita reter o talento das nossas empresas.<\/p>\n<p>Analisaremos novas formas de management da m\u00e3o de <b>Val\u00e9rie Guillotte<\/b> e a nova filosofia da empresa liberada que promove um ambiente libertador, n\u00e3o hier\u00e1rquico e de confian\u00e7a para atrair e reter talento no setor.<\/p>\n<p>E aprenderemos uma forma diferente de comunicar com <b>Javier Cebreiros,<\/b> atrav\u00e9s de uma confer\u00eancia animada, cheia de ideias para aumentar a capacidade dos participantes e incentiv\u00e1-los a obter melhores resultados pessoais e profissionais.<\/p>\n<p>Teremos tamb\u00e9m a nossa <b>Assembleia-Geral<\/b>, onde discutiremos abertamente todos os projectos de parceria.<\/p>\n<p>Desfrutaremos de um jantar oriental inesquec\u00edvel sob as estrelas, no cora\u00e7\u00e3o do<b> Palmeral de Marraquexe<\/b>, numa esplanada de espessas tapetes rodeadas de luxuosas jaimas tradicionais montadas exclusivamente com a atmosfera dos acampamentos de caravanas do Sahara com uma anima\u00e7\u00e3o rica e diversificada cheia de magia e cor.<\/p>\n<p>Como vem sendo habitual, teremos tempo e espa\u00e7o para o networking durante o Congresso com uma jornada especial na manh\u00e3 de s\u00e1bado na qual participar\u00e3o todos os participantes &#8211; tanto delegados como acompanhantes &#8211; no entorno m\u00e1gico do<b> Deserto de AGAFAY<\/b> que servir\u00e1 para nos relacionarmos e conhecer melhor de uma maneira espont\u00e2nea e divertida.<\/p>\n<p>Aproveitando que AIFEC escolheu Marrocos como destino de seu Congresso, criamos uma iniciativa denominada \u00ab<b>Caderno e Bolis para Todos\u00bb<\/b> pela qual queremos reunir todo o material escolar que pudermos entre as empresas da associa\u00e7\u00e3o para que uma representa\u00e7\u00e3o da AIFEC possa fazer a entrega, na mesma altura  do Congresso, \u00e0 <b>Escola Tadchert.<\/b><\/p>\n<\/div><\/div><\/div><style type=\"text\/css\">.fusion-body .fusion-builder-column-2{width:100% !important;margin-top : 0px;margin-bottom : 0px;}.fusion-builder-column-2 > .fusion-column-wrapper {padding-top : 0px !important;padding-right : 0% !important;margin-right : 0%;padding-bottom : 0px !important;padding-left : 0px !important;margin-left : 1.44%;}@media only screen and (max-width:1024px) {.fusion-body .fusion-builder-column-2{width:100% !important;order : 0;}.fusion-builder-column-2 > .fusion-column-wrapper {margin-right : 0%;margin-left : 1.44%;}}@media only screen and (max-width:640px) {.fusion-body .fusion-builder-column-2{width:100% !important;order : 0;}.fusion-builder-column-2 > .fusion-column-wrapper {margin-right : 24.672%;padding-left : 0px !important;margin-left : 0%;}}<\/style><\/div><style type=\"text\/css\">.fusion-body .fusion-flex-container.fusion-builder-row-2{ padding-top : 0px;margin-top : 0px;padding-right : 59px;padding-bottom : 7px;margin-bottom : 0px;padding-left : 53.984375px;}<\/style><\/div><div class=\"fusion-fullwidth fullwidth-box fusion-builder-row-3 fusion-flex-container nonhundred-percent-fullwidth non-hundred-percent-height-scrolling\" style=\"background-color: rgba(255,255,255,0);background-position: center center;background-repeat: no-repeat;border-width: 0px 0px 0px 0px;border-color:#e2e2e2;border-style:solid;\" ><div class=\"fusion-builder-row fusion-row fusion-flex-align-items-flex-start\" style=\"max-width:1248px;margin-left: calc(-4% \/ 2 );margin-right: calc(-4% \/ 2 );\"><div class=\"fusion-layout-column fusion_builder_column fusion-builder-column-3 fusion_builder_column_1_3 1_3 fusion-flex-column fusion-no-small-visibility fusion-no-medium-visibility\"><div class=\"fusion-column-wrapper fusion-flex-justify-content-flex-start fusion-content-layout-column\" style=\"background-position:left top;background-repeat:no-repeat;-webkit-background-size:cover;-moz-background-size:cover;-o-background-size:cover;background-size:cover;padding: 0px 0px 0px 0px;\"><div ><span class=\" fusion-imageframe imageframe-none imageframe-1 hover-type-none\"><img decoding=\"async\" width=\"512\" height=\"512\" title=\"cropped-Logo-simple.jpg\" src=\"https:\/\/aifec.eu\/congreso2023\/wp-content\/uploads\/2023\/01\/cropped-Logo-simple.jpg\" class=\"img-responsive wp-image-1031\" srcset=\"https:\/\/aifec.eu\/congreso2023\/wp-content\/uploads\/2023\/01\/cropped-Logo-simple-200x200.jpg 200w, https:\/\/aifec.eu\/congreso2023\/wp-content\/uploads\/2023\/01\/cropped-Logo-simple-400x400.jpg 400w, https:\/\/aifec.eu\/congreso2023\/wp-content\/uploads\/2023\/01\/cropped-Logo-simple.jpg 512w\" sizes=\"(max-width: 640px) 100vw, 400px\" \/><\/span><\/div><\/div><\/div><style type=\"text\/css\">.fusion-body .fusion-builder-column-3{width:33.333333333333% !important;margin-top : 0px;margin-bottom : 20px;}.fusion-builder-column-3 > .fusion-column-wrapper {padding-top : 0px !important;padding-right : 0px !important;margin-right : 0%;padding-bottom : 0px !important;padding-left : 0px !important;margin-left : 1.152%;}@media only screen and (max-width:1024px) {.fusion-body .fusion-builder-column-3{width:33.333333333333% !important;order : 0;}.fusion-builder-column-3 > .fusion-column-wrapper {margin-right : 0%;margin-left : 1.152%;}}@media only screen and (max-width:640px) {.fusion-body .fusion-builder-column-3{width:100% !important;order : 0;}.fusion-builder-column-3 > .fusion-column-wrapper {margin-right : 1.92%;margin-left : 1.92%;}}<\/style><div class=\"fusion-layout-column fusion_builder_column fusion-builder-column-4 fusion_builder_column_1_2 1_2 fusion-flex-column\"><div class=\"fusion-column-wrapper fusion-flex-justify-content-flex-start fusion-content-layout-column\" style=\"background-position:left top;background-repeat:no-repeat;-webkit-background-size:cover;-moz-background-size:cover;-o-background-size:cover;background-size:cover;padding: 0px 0px 0px 0px;\"><style type=\"text\/css\">@media only screen and (max-width:1024px) {.fusion-title.fusion-title-1{margin-top:10px!important;margin-bottom:15px!important;}}@media only screen and (max-width:640px) {.fusion-title.fusion-title-1{margin-top:10px!important;margin-bottom:10px!important;}}<\/style><div class=\"fusion-title title fusion-title-1 fusion-title-center fusion-title-text fusion-title-size-two\" style=\"margin-top:10px;margin-bottom:15px;\"><div class=\"title-sep-container title-sep-container-left\"><div class=\"title-sep sep-double sep-solid\" style=\"border-color:#e2e2e2;\"><\/div><\/div><h2 class=\"title-heading-center\" style=\"margin:0;line-height:2em;\"><h6 style=\"text-align: left;\">Da AIFEC convidamos voc\u00ea a participar neste inovador Congresso da Associa\u00e7\u00e3o e conhecer em conjunto Marraquexe, uma antiga cidade imperial no oeste de Marrocos e um importante centro econ\u00f4mico com mesquitas, pal\u00e1cios e jardins.<\/h6><\/h2><div class=\"title-sep-container title-sep-container-right\"><div class=\"title-sep sep-double sep-solid\" style=\"border-color:#e2e2e2;\"><\/div><\/div><\/div><\/div><\/div><style type=\"text\/css\">.fusion-body .fusion-builder-column-4{width:50% !important;margin-top : 0px;margin-bottom : 20px;}.fusion-builder-column-4 > .fusion-column-wrapper {padding-top : 0px !important;padding-right : 0px !important;margin-right : 0%;padding-bottom : 0px !important;padding-left : 0px !important;margin-left : 22.08%;}@media only screen and (max-width:1024px) {.fusion-body .fusion-builder-column-4{width:50% !important;order : 0;}.fusion-builder-column-4 > .fusion-column-wrapper {margin-right : 0%;margin-left : 22.08%;}}@media only screen and (max-width:640px) {.fusion-body .fusion-builder-column-4{width:100% !important;order : 0;}.fusion-builder-column-4 > .fusion-column-wrapper {margin-right : 1.92%;margin-left : 1.92%;}}<\/style><\/div><style type=\"text\/css\">.fusion-body .fusion-flex-container.fusion-builder-row-3{ padding-top : 60px;margin-top : 0px;padding-right : 0px;padding-bottom : 45px;margin-bottom : 0px;padding-left : 0px;}<\/style><\/div><div class=\"fusion-fullwidth fullwidth-box fusion-builder-row-4 fusion-flex-container nonhundred-percent-fullwidth non-hundred-percent-height-scrolling\" style=\"background-color: rgba(255,255,255,0);background-position: center center;background-repeat: no-repeat;border-width: 0px 0px 0px 0px;border-color:#e2e2e2;border-style:solid;\" ><div class=\"fusion-builder-row fusion-row fusion-flex-align-items-flex-start\" style=\"max-width:calc( 1200px + 0px );margin-left: calc(-0px \/ 2 );margin-right: calc(-0px \/ 2 );\"><div class=\"fusion-layout-column fusion_builder_column fusion-builder-column-5 fusion_builder_column_1_1 1_1 fusion-flex-column fusion-flex-align-self-flex-start\"><div class=\"fusion-column-wrapper fusion-flex-justify-content-flex-start fusion-content-layout-column\" style=\"background-position:left top;background-repeat:no-repeat;-webkit-background-size:cover;-moz-background-size:cover;-o-background-size:cover;background-size:cover;padding: 0px 0px 0px 0px;\"><div style=\"text-align:center;\"><style type=\"text\/css\">.fusion-button.button-2 .fusion-button-text, .fusion-button.button-2 i {color:#ffffff;}.fusion-button.button-2 .fusion-button-icon-divider{border-color:#ffffff;}.fusion-button.button-2:hover .fusion-button-text, .fusion-button.button-2:hover i,.fusion-button.button-2:focus .fusion-button-text, .fusion-button.button-2:focus i,.fusion-button.button-2:active .fusion-button-text, .fusion-button.button-2:active{color:#ffffff;}.fusion-button.button-2:hover .fusion-button-icon-divider, .fusion-button.button-2:hover .fusion-button-icon-divider, .fusion-button.button-2:active .fusion-button-icon-divider{border-color:#ffffff;}.fusion-button.button-2:hover, .fusion-button.button-2:focus, .fusion-button.button-2:active{border-color:#ffffff;}.fusion-button.button-2 {border-color:#ffffff;border-radius:4px;}.fusion-button.button-2.button-3d{-webkit-box-shadow: inset 0px 1px 0px #fff,0px 5px 0px #ff6600,1px 7px 7px 3px rgba(0,0,0,0.3);-moz-box-shadow: inset 0px 1px 0px #fff,0px 5px 0px #ff6600,1px 7px 7px 3px rgba(0,0,0,0.3);box-shadow: inset 0px 1px 0px #fff,0px 5px 0px #ff6600,1px 7px 7px 3px rgba(0,0,0,0.3);}.button-2.button-3d:active{-webkit-box-shadow: inset 0px 1px 0px #fff,0px 5px 0px #ff6600,1px 7px 7px 3px rgba(0,0,0,0.3);-moz-box-shadow: inset 0px 1px 0px #fff,0px 5px 0px #ff6600,1px 7px 7px 3px rgba(0,0,0,0.3);box-shadow: inset 0px 1px 0px #fff,0px 5px 0px #ff6600,1px 7px 7px 3px rgba(0,0,0,0.3);}.fusion-button.button-2{background: #ff6600;}.fusion-button.button-2:hover,.button-2:focus,.fusion-button.button-2:active{background: #ff6600;}<\/style><a class=\"fusion-button button-3d button-xlarge button-custom button-2 fusion-button-default-span \" target=\"_self\" href=\"https:\/\/aifec.eu\/congreso2023\/pt\/programa-portugues\/\"><span class=\"fusion-button-text\">PROGRAMA<\/span><\/a><\/div><\/div><\/div><style type=\"text\/css\">.fusion-body .fusion-builder-column-5{width:100% !important;margin-top : 0px;margin-bottom : 0px;}.fusion-builder-column-5 > .fusion-column-wrapper {padding-top : 0px !important;padding-right : 0px !important;margin-right : 0px;padding-bottom : 0px !important;padding-left : 0px !important;margin-left : 0px;}@media only screen and (max-width:1024px) {.fusion-body .fusion-builder-column-5{width:100% !important;order : 0;}.fusion-builder-column-5 > .fusion-column-wrapper {margin-right : 0px;margin-left : 0px;}}@media only screen and (max-width:640px) {.fusion-body .fusion-builder-column-5{width:100% !important;order : 0;}.fusion-builder-column-5 > .fusion-column-wrapper {margin-right : 0px;margin-left : 0px;}}<\/style><\/div><style type=\"text\/css\">.fusion-body .fusion-flex-container.fusion-builder-row-4{ padding-top : 65px;margin-top : 0px;padding-right : 0px;padding-bottom : 65px;margin-bottom : 0px;padding-left : 0px;}<\/style><\/div><div class=\"fusion-fullwidth fullwidth-box fusion-builder-row-5 fusion-flex-container nonhundred-percent-fullwidth non-hundred-percent-height-scrolling\" style=\"background-color: rgba(255,255,255,0);background-position: center center;background-repeat: no-repeat;border-width: 0px 0px 0px 0px;border-color:#e2e2e2;border-style:solid;\" ><div class=\"fusion-builder-row fusion-row fusion-flex-align-items-flex-start\" style=\"max-width:1248px;margin-left: calc(-4% \/ 2 );margin-right: calc(-4% \/ 2 );\"><div class=\"fusion-layout-column fusion_builder_column fusion-builder-column-6 fusion_builder_column_1_1 1_1 fusion-flex-column\"><div class=\"fusion-column-wrapper fusion-flex-justify-content-flex-start fusion-content-layout-column\" style=\"background-position:left top;background-repeat:no-repeat;-webkit-background-size:cover;-moz-background-size:cover;-o-background-size:cover;background-size:cover;padding: 0px 0px 0px 0px;\"><div class=\"fusion-video fusion-youtube\" style=\"max-width:600px;max-height:360px;align-self:center; width:100%\"><div class=\"video-shortcode\"><iframe title=\"YouTube video player\" src=\"https:\/\/www.youtube.com\/embed\/7CZ6PJGnzk4?wmode=transparent&autoplay=0\" width=\"600\" height=\"360\" allowfullscreen allow=\"autoplay; fullscreen\"><\/iframe><\/div><\/div><\/div><\/div><style type=\"text\/css\">.fusion-body .fusion-builder-column-6{width:100% !important;margin-top : 0px;margin-bottom : 20px;}.fusion-builder-column-6 > .fusion-column-wrapper {padding-top : 0px !important;padding-right : 0px !important;margin-right : 1.92%;padding-bottom : 0px !important;padding-left : 0px !important;margin-left : 1.92%;}@media only screen and (max-width:1024px) {.fusion-body .fusion-builder-column-6{width:100% !important;order : 0;}.fusion-builder-column-6 > .fusion-column-wrapper {margin-right : 1.92%;margin-left : 1.92%;}}@media only screen and (max-width:640px) {.fusion-body .fusion-builder-column-6{width:100% !important;order : 0;}.fusion-builder-column-6 > .fusion-column-wrapper {margin-right : 1.92%;margin-left : 1.92%;}}<\/style><\/div><style type=\"text\/css\">.fusion-body .fusion-flex-container.fusion-builder-row-5{ padding-top : 0px;margin-top : 0px;padding-right : 0px;padding-bottom : 0px;margin-bottom : 0px;padding-left : 0px;}<\/style><\/div><div class=\"fusion-fullwidth fullwidth-box fusion-builder-row-6 fusion-flex-container nonhundred-percent-fullwidth non-hundred-percent-height-scrolling\" style=\"background-color: rgba(255,255,255,0);background-position: center center;background-repeat: no-repeat;border-width: 0px 0px 0px 0px;border-color:#e2e2e2;border-style:solid;\" ><div class=\"fusion-builder-row fusion-row fusion-flex-align-items-flex-start\" style=\"max-width:calc( 1200px + 0px );margin-left: calc(-0px \/ 2 );margin-right: calc(-0px \/ 2 );\"><\/div><style type=\"text\/css\">.fusion-body .fusion-flex-container.fusion-builder-row-6{ padding-top : 0px;margin-top : 0px;padding-right : 0px;padding-bottom : 0px;margin-bottom : 0px;padding-left : 0px;}<\/style><\/div><\/p>\n","protected":false},"excerpt":{"rendered":"","protected":false},"author":1,"featured_media":0,"parent":0,"menu_order":0,"comment_status":"closed","ping_status":"closed","template":"100-width.php","meta":{"footnotes":""},"class_list":["post-886","page","type-page","status-publish","hentry"],"_links":{"self":[{"href":"https:\/\/aifec.eu\/congreso2023\/index.php?rest_route=\/wp\/v2\/pages\/886","targetHints":{"allow":["GET"]}}],"collection":[{"href":"https:\/\/aifec.eu\/congreso2023\/index.php?rest_route=\/wp\/v2\/pages"}],"about":[{"href":"https:\/\/aifec.eu\/congreso2023\/index.php?rest_route=\/wp\/v2\/types\/page"}],"author":[{"embeddable":true,"href":"https:\/\/aifec.eu\/congreso2023\/index.php?rest_route=\/wp\/v2\/users\/1"}],"replies":[{"embeddable":true,"href":"https:\/\/aifec.eu\/congreso2023\/index.php?rest_route=%2Fwp%2Fv2%2Fcomments&post=886"}],"version-history":[{"count":29,"href":"https:\/\/aifec.eu\/congreso2023\/index.php?rest_route=\/wp\/v2\/pages\/886\/revisions"}],"predecessor-version":[{"id":1522,"href":"https:\/\/aifec.eu\/congreso2023\/index.php?rest_route=\/wp\/v2\/pages\/886\/revisions\/1522"}],"wp:attachment":[{"href":"https:\/\/aifec.eu\/congreso2023\/index.php?rest_route=%2Fwp%2Fv2%2Fmedia&parent=886"}],"curies":[{"name":"wp","href":"https:\/\/api.w.org\/{rel}","templated":true}]}}