{"id":27,"date":"2022-02-15T11:54:55","date_gmt":"2022-02-15T11:54:55","guid":{"rendered":"https:\/\/aifec.eu\/congreso2023\/?page_id=27"},"modified":"2023-02-17T09:56:23","modified_gmt":"2023-02-17T09:56:23","slug":"location","status":"publish","type":"page","link":"https:\/\/aifec.eu\/congreso2023\/?page_id=27","title":{"rendered":"Hotel"},"content":{"rendered":"<p><div class=\"fusion-fullwidth fullwidth-box fusion-builder-row-1 fusion-flex-container nonhundred-percent-fullwidth non-hundred-percent-height-scrolling\" style=\"background-color: rgba(255,255,255,0);background-position: center center;background-repeat: no-repeat;border-width: 0px 0px 0px 0px;border-color:#e2e2e2;border-style:solid;\" ><div class=\"fusion-builder-row fusion-row fusion-flex-align-items-flex-start\" style=\"max-width:1248px;margin-left: calc(-4% \/ 2 );margin-right: calc(-4% \/ 2 );\"><\/div><style type=\"text\/css\">.fusion-body .fusion-flex-container.fusion-builder-row-1{ padding-top : 0px;margin-top : 0px;padding-right : 0px;padding-bottom : 0px;margin-bottom : 0px;padding-left : 0px;}<\/style><\/div><div class=\"fusion-fullwidth fullwidth-box fusion-builder-row-2 fusion-flex-container nonhundred-percent-fullwidth non-hundred-percent-height-scrolling\" style=\"background-color: rgba(255,255,255,0);background-position: center center;background-repeat: no-repeat;border-width: 0px 0px 0px 0px;border-color:#e2e2e2;border-style:solid;\" ><div class=\"fusion-builder-row fusion-row fusion-flex-align-items-flex-start\" style=\"max-width:1248px;margin-left: calc(-4% \/ 2 );margin-right: calc(-4% \/ 2 );\"><div class=\"fusion-layout-column fusion_builder_column fusion-builder-column-0 fusion_builder_column_1_1 1_1 fusion-flex-column\"><div class=\"fusion-column-wrapper fusion-flex-justify-content-flex-start fusion-content-layout-column\" style=\"background-position:left top;background-repeat:no-repeat;-webkit-background-size:cover;-moz-background-size:cover;-o-background-size:cover;background-size:cover;padding: 0px 0px 0px 0px;\"><div class=\"fusion-text fusion-text-1 fusion-animated\" data-animationType=\"zoomInLeft\" data-animationDuration=\"1.1\" data-animationOffset=\"100%\"><h3 style=\"text-align: center;\">Hotel du Golf Rotana<\/h3>\n<\/div><div class=\"fusion-text fusion-text-2\" style=\"transform:translate3d(0,0,0);\"><p>El Hotel du Golf Rotana est\u00e1 idealmente ubicado en un entorno magn\u00edfico en la ex\u00f3tica ciudad de Marrakech.<\/p>\n<p>Situado en el lujoso Palmeraie Resort y dise\u00f1ado por el famoso arquitecto Fr\u00e9d\u00e9ric Bekas y el decorador Jean-Baptiste Barian, este magn\u00edfico hotel vacacional de 5 estrellas combina la tradicional hospitalidad marroqu\u00ed con las comodidades modernas y ofrece 315 c\u00f3modas habitaciones con servicios innovadores.<\/p>\n<p>Los hu\u00e9spedes del Hotel du Golf disfrutan de una selecci\u00f3n de deliciosos restaurantes y bares, un club infantil, un centro de bienestar y fitness, muchas oportunidades para practicar golf y mucho m\u00e1s.<\/p>\n<p>Servicios:<\/p>\n<p>Entra en un remanso de calma y tranquilidad en el lujoso Zen the spa del Palmeraie Rotana Resort en Marrakech, un centro de bienestar de 5.000 m\u00b2 donde relajarte y armonizar cuerpo y mente. Este refinado santuario, que combina lujo, dise\u00f1o marroqu\u00ed y arquitectura moderna, ofrece tratamientos orientales basados \u200b\u200ben productos naturales marroqu\u00edes y una amplia gama de tratamientos corporales y faciales.<\/p>\n<p>Zen the spa del Palmeraie Rotana Resort est\u00e1 equipado con 16 salas de tratamiento que incluyen una cabina d\u00fao, una sauna, tres hammams tradicionales marroqu\u00edes, dos jacuzzis, una piscina cubierta climatizada y cuatro salas de relajaci\u00f3n, que tambi\u00e9n cuentan con un \u00e1rea de consulta privada. Una suite privada disponible para parejas, la opci\u00f3n perfecta para una escapada de bienestar en Marrakech.<\/p>\n<p>Zen the spa en Rotana est\u00e1 abierto todos los d\u00edas de 9:00 a. m. a 9:00 p. m.<\/p>\n<p>Recomendamos reservar con antelaci\u00f3n desde este tel\u00e9fono: +212(0) 36 87 97 Ext: 7102 o enviar un email a: enspa.palmeraie@rotana.com<\/p>\n<\/div><\/div><\/div><style type=\"text\/css\">.fusion-body .fusion-builder-column-0{width:100% !important;margin-top : 0px;margin-bottom : 20px;}.fusion-builder-column-0 > .fusion-column-wrapper {padding-top : 0px !important;padding-right : 0px !important;margin-right : 1.92%;padding-bottom : 0px !important;padding-left : 0px !important;margin-left : 1.92%;}@media only screen and (max-width:1024px) {.fusion-body .fusion-builder-column-0{width:100% !important;order : 0;}.fusion-builder-column-0 > .fusion-column-wrapper {margin-right : 1.92%;margin-left : 1.92%;}}@media only screen and (max-width:640px) {.fusion-body .fusion-builder-column-0{width:100% !important;order : 0;}.fusion-builder-column-0 > .fusion-column-wrapper {margin-right : 0%;padding-left : 0px !important;margin-left : 0%;}}<\/style><div class=\"fusion-layout-column fusion_builder_column fusion-builder-column-1 fusion_builder_column_1_1 1_1 fusion-flex-column\"><div class=\"fusion-column-wrapper fusion-flex-justify-content-flex-start fusion-content-layout-column\" style=\"background-position:left top;background-repeat:no-repeat;-webkit-background-size:cover;-moz-background-size:cover;-o-background-size:cover;background-size:cover;padding: 0px 0px 116px 0px;\"><div class=\"fusion-video fusion-youtube\" style=\"max-width:600px;max-height:360px;align-self:center; width:100%\"><div class=\"video-shortcode\"><iframe title=\"YouTube video player\" src=\"https:\/\/www.youtube.com\/embed\/n_giqpwGR2Y?wmode=transparent&autoplay=0\" width=\"600\" height=\"360\" allowfullscreen allow=\"autoplay; fullscreen\"><\/iframe><\/div><\/div><\/div><\/div><style type=\"text\/css\">.fusion-body .fusion-builder-column-1{width:100% !important;margin-top : 44.985294342041016px;margin-bottom : 20px;}.fusion-builder-column-1 > .fusion-column-wrapper {padding-top : 0px !important;padding-right : 0px !important;margin-right : 1.92%;padding-bottom : 116px !important;padding-left : 0px !important;margin-left : 1.92%;}@media only screen and (max-width:1024px) {.fusion-body .fusion-builder-column-1{width:100% !important;order : 0;}.fusion-builder-column-1 > .fusion-column-wrapper {margin-right : 1.92%;margin-left : 1.92%;}}@media only screen and (max-width:640px) {.fusion-body .fusion-builder-column-1{width:100% !important;order : 0;margin-top : 5.981616973876953px;margin-bottom : 0px;}.fusion-builder-column-1 > .fusion-column-wrapper {padding-top : 0px !important;margin-right : 0%;margin-left : 0%;}}<\/style><\/div><style type=\"text\/css\">.fusion-body .fusion-flex-container.fusion-builder-row-2{ padding-top : 0px;margin-top : 0px;padding-right : 74px;padding-bottom : 0px;margin-bottom : 0px;padding-left : 73px;}@media only screen and (max-width:640px) {.fusion-body .fusion-flex-container.fusion-builder-row-2{ padding-right : 30.988967895507812px;padding-left : 26.996322631835938px;}}<\/style><\/div><div class=\"fusion-fullwidth fullwidth-box fusion-builder-row-3 fusion-flex-container nonhundred-percent-fullwidth non-hundred-percent-height-scrolling\" style=\"background-color: rgba(255,255,255,0);background-position: center center;background-repeat: no-repeat;border-width: 0px 0px 0px 0px;border-color:#e2e2e2;border-style:solid;\" ><div class=\"fusion-builder-row fusion-row fusion-flex-align-items-flex-start\" style=\"max-width:1248px;margin-left: calc(-4% \/ 2 );margin-right: calc(-4% \/ 2 );\"><div class=\"fusion-layout-column fusion_builder_column fusion-builder-column-2 fusion_builder_column_1_1 1_1 fusion-flex-column\"><div class=\"fusion-column-wrapper fusion-flex-justify-content-flex-start fusion-content-layout-column\" style=\"background-position:left top;background-repeat:no-repeat;-webkit-background-size:cover;-moz-background-size:cover;-o-background-size:cover;background-size:cover;padding: 0px 0px 0px 0px;\"><div class=\"fusion-text fusion-text-3\" style=\"transform:translate3d(0,0,0);\"><h3 style=\"text-align: center;\">Fotos<\/h3>\n<\/div><\/div><\/div><style type=\"text\/css\">.fusion-body .fusion-builder-column-2{width:100% !important;margin-top : 0px;margin-bottom : 20px;}.fusion-builder-column-2 > .fusion-column-wrapper {padding-top : 0px !important;padding-right : 0px !important;margin-right : 1.92%;padding-bottom : 0px !important;padding-left : 0px !important;margin-left : 1.92%;}@media only screen and (max-width:1024px) {.fusion-body .fusion-builder-column-2{width:100% !important;order : 0;}.fusion-builder-column-2 > .fusion-column-wrapper {margin-right : 1.92%;margin-left : 1.92%;}}@media only screen and (max-width:640px) {.fusion-body .fusion-builder-column-2{width:100% !important;order : 0;}.fusion-builder-column-2 > .fusion-column-wrapper {margin-right : 1.92%;margin-left : 1.92%;}}<\/style><\/div><style type=\"text\/css\">.fusion-body .fusion-flex-container.fusion-builder-row-3{ padding-top : 0px;margin-top : 0px;padding-right : 0px;padding-bottom : 0px;margin-bottom : 0px;padding-left : 0px;}<\/style><\/div><div class=\"fusion-fullwidth fullwidth-box fusion-builder-row-4 fusion-flex-container nonhundred-percent-fullwidth non-hundred-percent-height-scrolling\" style=\"background-color: rgba(255,255,255,0);background-position: center center;background-repeat: no-repeat;border-width: 0px 0px 0px 0px;border-color:#e2e2e2;border-style:solid;\" ><div class=\"fusion-builder-row fusion-row fusion-flex-align-items-flex-start\" style=\"max-width:1248px;margin-left: calc(-4% \/ 2 );margin-right: calc(-4% \/ 2 );\"><div class=\"fusion-layout-column fusion_builder_column fusion-builder-column-3 fusion_builder_column_1_1 1_1 fusion-flex-column\"><div class=\"fusion-column-wrapper fusion-flex-justify-content-flex-start fusion-content-layout-column\" style=\"background-position:left top;background-repeat:no-repeat;-webkit-background-size:cover;-moz-background-size:cover;-o-background-size:cover;background-size:cover;padding: 0px 0px 0px 0px;\"><div class=\"fusion-slider-sc\"><div class=\"fusion-flexslider-loading flexslider flexslider-hover-type-none\" data-slideshow_autoplay=\"1\" data-slideshow_smooth_height=\"0\" data-slideshow_speed=\"7000\" style=\"max-width:100%;height:100%;\"><ul class=\"slides\"><li class=\"image\"><span class=\"fusion-image-hover-element hover-type-none\"><img decoding=\"async\" src=\"https:\/\/aifec.eu\/congreso2023\/wp-content\/uploads\/2023\/01\/golf_club_rotana_at_a_glance_2_O.jpg.webp\" width=\"922\" height=\"519\" class=\"wp-image-1013\" srcset=\"https:\/\/aifec.eu\/congreso2023\/wp-content\/uploads\/2023\/01\/golf_club_rotana_at_a_glance_2_O.jpg-200x113.webp 200w, https:\/\/aifec.eu\/congreso2023\/wp-content\/uploads\/2023\/01\/golf_club_rotana_at_a_glance_2_O.jpg-300x169.webp 300w, https:\/\/aifec.eu\/congreso2023\/wp-content\/uploads\/2023\/01\/golf_club_rotana_at_a_glance_2_O.jpg-400x225.webp 400w, https:\/\/aifec.eu\/congreso2023\/wp-content\/uploads\/2023\/01\/golf_club_rotana_at_a_glance_2_O.jpg-600x338.webp 600w, https:\/\/aifec.eu\/congreso2023\/wp-content\/uploads\/2023\/01\/golf_club_rotana_at_a_glance_2_O.jpg-768x432.webp 768w, https:\/\/aifec.eu\/congreso2023\/wp-content\/uploads\/2023\/01\/golf_club_rotana_at_a_glance_2_O.jpg-800x450.webp 800w, https:\/\/aifec.eu\/congreso2023\/wp-content\/uploads\/2023\/01\/golf_club_rotana_at_a_glance_2_O.jpg.webp 922w\" sizes=\"(max-width: 640px) 100vw, 922px\" \/><\/span><\/li><li class=\"image\"><span class=\"fusion-image-hover-element hover-type-none\"><img decoding=\"async\" src=\"https:\/\/aifec.eu\/congreso2023\/wp-content\/uploads\/2023\/01\/hotel_du_golf_18.jpg\" width=\"958\" height=\"397\" class=\"wp-image-1014\" srcset=\"https:\/\/aifec.eu\/congreso2023\/wp-content\/uploads\/2023\/01\/hotel_du_golf_18-200x83.jpg 200w, https:\/\/aifec.eu\/congreso2023\/wp-content\/uploads\/2023\/01\/hotel_du_golf_18-400x166.jpg 400w, https:\/\/aifec.eu\/congreso2023\/wp-content\/uploads\/2023\/01\/hotel_du_golf_18-600x249.jpg 600w, https:\/\/aifec.eu\/congreso2023\/wp-content\/uploads\/2023\/01\/hotel_du_golf_18-800x332.jpg 800w, https:\/\/aifec.eu\/congreso2023\/wp-content\/uploads\/2023\/01\/hotel_du_golf_18.jpg 958w\" sizes=\"(max-width: 640px) 100vw, 958px\" \/><\/span><\/li><li class=\"image\"><span class=\"fusion-image-hover-element hover-type-none\"><img decoding=\"async\" src=\"https:\/\/aifec.eu\/congreso2023\/wp-content\/uploads\/2023\/01\/hotel-du-golf-rotana-8.webp\" width=\"1242\" height=\"853\" class=\"wp-image-1016\" srcset=\"https:\/\/aifec.eu\/congreso2023\/wp-content\/uploads\/2023\/01\/hotel-du-golf-rotana-8-200x137.webp 200w, https:\/\/aifec.eu\/congreso2023\/wp-content\/uploads\/2023\/01\/hotel-du-golf-rotana-8-300x206.webp 300w, https:\/\/aifec.eu\/congreso2023\/wp-content\/uploads\/2023\/01\/hotel-du-golf-rotana-8-400x275.webp 400w, https:\/\/aifec.eu\/congreso2023\/wp-content\/uploads\/2023\/01\/hotel-du-golf-rotana-8-600x412.webp 600w, https:\/\/aifec.eu\/congreso2023\/wp-content\/uploads\/2023\/01\/hotel-du-golf-rotana-8-768x527.webp 768w, https:\/\/aifec.eu\/congreso2023\/wp-content\/uploads\/2023\/01\/hotel-du-golf-rotana-8-800x549.webp 800w, https:\/\/aifec.eu\/congreso2023\/wp-content\/uploads\/2023\/01\/hotel-du-golf-rotana-8-1024x703.webp 1024w, https:\/\/aifec.eu\/congreso2023\/wp-content\/uploads\/2023\/01\/hotel-du-golf-rotana-8-1200x824.webp 1200w, https:\/\/aifec.eu\/congreso2023\/wp-content\/uploads\/2023\/01\/hotel-du-golf-rotana-8.webp 1242w\" sizes=\"(max-width: 640px) 100vw, 1200px\" \/><\/span><\/li><li class=\"image\"><span class=\"fusion-image-hover-element hover-type-none\"><img decoding=\"async\" src=\"https:\/\/aifec.eu\/congreso2023\/wp-content\/uploads\/2023\/01\/hotelimages-hotel-du-golf-3128856-1.jpg\" width=\"840\" height=\"460\" class=\"wp-image-1015\" srcset=\"https:\/\/aifec.eu\/congreso2023\/wp-content\/uploads\/2023\/01\/hotelimages-hotel-du-golf-3128856-1-200x110.jpg 200w, https:\/\/aifec.eu\/congreso2023\/wp-content\/uploads\/2023\/01\/hotelimages-hotel-du-golf-3128856-1-400x219.jpg 400w, https:\/\/aifec.eu\/congreso2023\/wp-content\/uploads\/2023\/01\/hotelimages-hotel-du-golf-3128856-1-600x329.jpg 600w, https:\/\/aifec.eu\/congreso2023\/wp-content\/uploads\/2023\/01\/hotelimages-hotel-du-golf-3128856-1-800x438.jpg 800w, https:\/\/aifec.eu\/congreso2023\/wp-content\/uploads\/2023\/01\/hotelimages-hotel-du-golf-3128856-1.jpg 840w\" sizes=\"(max-width: 640px) 100vw, 840px\" \/><\/span><\/li><li class=\"image\"><span class=\"fusion-image-hover-element hover-type-none\"><img decoding=\"async\" src=\"https:\/\/aifec.eu\/congreso2023\/wp-content\/uploads\/2023\/01\/hotel-du-golf-rotana-palmeraie-general-c5d0082.jpg\" width=\"1000\" height=\"667\" class=\"wp-image-1080\" srcset=\"https:\/\/aifec.eu\/congreso2023\/wp-content\/uploads\/2023\/01\/hotel-du-golf-rotana-palmeraie-general-c5d0082-200x133.jpg 200w, https:\/\/aifec.eu\/congreso2023\/wp-content\/uploads\/2023\/01\/hotel-du-golf-rotana-palmeraie-general-c5d0082-400x267.jpg 400w, https:\/\/aifec.eu\/congreso2023\/wp-content\/uploads\/2023\/01\/hotel-du-golf-rotana-palmeraie-general-c5d0082-600x400.jpg 600w, https:\/\/aifec.eu\/congreso2023\/wp-content\/uploads\/2023\/01\/hotel-du-golf-rotana-palmeraie-general-c5d0082-800x534.jpg 800w, https:\/\/aifec.eu\/congreso2023\/wp-content\/uploads\/2023\/01\/hotel-du-golf-rotana-palmeraie-general-c5d0082.jpg 1000w\" sizes=\"(max-width: 640px) 100vw, 1000px\" \/><\/span><\/li><li class=\"image\"><span class=\"fusion-image-hover-element hover-type-none\"><img decoding=\"async\" src=\"https:\/\/aifec.eu\/congreso2023\/wp-content\/uploads\/2023\/01\/spa-cabin.jpg\" width=\"550\" height=\"440\" class=\"wp-image-1081\" srcset=\"https:\/\/aifec.eu\/congreso2023\/wp-content\/uploads\/2023\/01\/spa-cabin-200x160.jpg 200w, https:\/\/aifec.eu\/congreso2023\/wp-content\/uploads\/2023\/01\/spa-cabin-400x320.jpg 400w, https:\/\/aifec.eu\/congreso2023\/wp-content\/uploads\/2023\/01\/spa-cabin.jpg 550w\" sizes=\"(max-width: 640px) 100vw, 550px\" \/><\/span><\/li><\/ul><\/div><\/div><\/div><\/div><style type=\"text\/css\">.fusion-body .fusion-builder-column-3{width:100% !important;margin-top : 0px;margin-bottom : 20px;}.fusion-builder-column-3 > .fusion-column-wrapper {padding-top : 0px !important;padding-right : 0px !important;margin-right : 1.92%;padding-bottom : 0px !important;padding-left : 0px !important;margin-left : 1.92%;}@media only screen and (max-width:1024px) {.fusion-body .fusion-builder-column-3{width:100% !important;order : 0;}.fusion-builder-column-3 > .fusion-column-wrapper {margin-right : 1.92%;margin-left : 1.92%;}}@media only screen and (max-width:640px) {.fusion-body .fusion-builder-column-3{width:100% !important;order : 0;margin-bottom : 0px;}.fusion-builder-column-3 > .fusion-column-wrapper {margin-right : 0%;padding-bottom : 0px !important;margin-left : 0%;}}<\/style><\/div><style type=\"text\/css\">.fusion-body .fusion-flex-container.fusion-builder-row-4{ padding-top : 0px;margin-top : 0px;padding-right : 105px;padding-bottom : 0px;margin-bottom : 0px;padding-left : 101px;}@media only screen and (max-width:640px) {.fusion-body .fusion-flex-container.fusion-builder-row-4{ padding-right : 5.988969802856445px;padding-left : 9.981616973876953px;}}<\/style><\/div><div class=\"fusion-fullwidth fullwidth-box fusion-builder-row-5 fusion-flex-container nonhundred-percent-fullwidth non-hundred-percent-height-scrolling\" style=\"background-color: rgba(255,255,255,0);background-position: center center;background-repeat: no-repeat;border-width: 0px 0px 0px 0px;border-color:#e2e2e2;border-style:solid;\" ><div class=\"fusion-builder-row fusion-row fusion-flex-align-items-flex-start\" style=\"max-width:1248px;margin-left: calc(-4% \/ 2 );margin-right: calc(-4% \/ 2 );\"><div class=\"fusion-layout-column fusion_builder_column fusion-builder-column-4 fusion_builder_column_1_1 1_1 fusion-flex-column\"><div class=\"fusion-column-wrapper fusion-flex-justify-content-flex-start fusion-content-layout-column\" style=\"background-position:left top;background-repeat:no-repeat;-webkit-background-size:cover;-moz-background-size:cover;-o-background-size:cover;background-size:cover;padding: 0px 0px 0px 0px;\"><div class=\"fusion-text fusion-text-4\" style=\"transform:translate3d(0,0,0);\"><h3 style=\"text-align: center;\">Direcci\u00f3n<\/h3>\n<p style=\"text-align: center;\">Circuit de la Palmeraie<\/p>\n<p style=\"text-align: center;\">Marrakech<\/p>\n<p style=\"text-align: center;\">40000<\/p>\n<p style=\"text-align: center;\">Marruecos<\/p>\n<\/div><\/div><\/div><style type=\"text\/css\">.fusion-body .fusion-builder-column-4{width:100% !important;margin-top : 0px;margin-bottom : 20px;}.fusion-builder-column-4 > .fusion-column-wrapper {padding-top : 0px !important;padding-right : 0px !important;margin-right : 1.92%;padding-bottom : 0px !important;padding-left : 0px !important;margin-left : 1.92%;}@media only screen and (max-width:1024px) {.fusion-body .fusion-builder-column-4{width:100% !important;order : 0;}.fusion-builder-column-4 > .fusion-column-wrapper {margin-right : 1.92%;margin-left : 1.92%;}}@media only screen and (max-width:640px) {.fusion-body .fusion-builder-column-4{width:100% !important;order : 0;}.fusion-builder-column-4 > .fusion-column-wrapper {margin-right : 1.92%;margin-left : 1.92%;}}<\/style><\/div><style type=\"text\/css\">.fusion-body .fusion-flex-container.fusion-builder-row-5{ padding-top : 0px;margin-top : 0px;padding-right : 0px;padding-bottom : 0px;margin-bottom : 0px;padding-left : 0px;}<\/style><\/div><\/p>\n","protected":false},"excerpt":{"rendered":"","protected":false},"author":1,"featured_media":0,"parent":0,"menu_order":0,"comment_status":"closed","ping_status":"closed","template":"","meta":{"footnotes":""},"class_list":["post-27","page","type-page","status-publish","hentry"],"_links":{"self":[{"href":"https:\/\/aifec.eu\/congreso2023\/index.php?rest_route=\/wp\/v2\/pages\/27","targetHints":{"allow":["GET"]}}],"collection":[{"href":"https:\/\/aifec.eu\/congreso2023\/index.php?rest_route=\/wp\/v2\/pages"}],"about":[{"href":"https:\/\/aifec.eu\/congreso2023\/index.php?rest_route=\/wp\/v2\/types\/page"}],"author":[{"embeddable":true,"href":"https:\/\/aifec.eu\/congreso2023\/index.php?rest_route=\/wp\/v2\/users\/1"}],"replies":[{"embeddable":true,"href":"https:\/\/aifec.eu\/congreso2023\/index.php?rest_route=%2Fwp%2Fv2%2Fcomments&post=27"}],"version-history":[{"count":49,"href":"https:\/\/aifec.eu\/congreso2023\/index.php?rest_route=\/wp\/v2\/pages\/27\/revisions"}],"predecessor-version":[{"id":1262,"href":"https:\/\/aifec.eu\/congreso2023\/index.php?rest_route=\/wp\/v2\/pages\/27\/revisions\/1262"}],"wp:attachment":[{"href":"https:\/\/aifec.eu\/congreso2023\/index.php?rest_route=%2Fwp%2Fv2%2Fmedia&parent=27"}],"curies":[{"name":"wp","href":"https:\/\/api.w.org\/{rel}","templated":true}]}}