{"id":1352,"date":"2023-02-22T09:41:07","date_gmt":"2023-02-22T09:41:07","guid":{"rendered":"https:\/\/aifec.eu\/congreso2023\/?page_id=1352"},"modified":"2023-02-22T09:50:07","modified_gmt":"2023-02-22T09:50:07","slug":"cuaderno-y-bolis-para-todos","status":"publish","type":"page","link":"https:\/\/aifec.eu\/congreso2023\/?page_id=1352&lang=pt","title":{"rendered":"Cuaderno y Bolis para Todos- Portugu\u00eas"},"content":{"rendered":"<div class=\"fusion-fullwidth fullwidth-box fusion-builder-row-1 fusion-flex-container nonhundred-percent-fullwidth non-hundred-percent-height-scrolling\" style=\"background-color: rgba(255,255,255,0);background-position: center center;background-repeat: no-repeat;border-width: 0px 0px 0px 0px;border-color:#e2e2e2;border-style:solid;\" ><div class=\"fusion-builder-row fusion-row fusion-flex-align-items-flex-start\" style=\"max-width:1248px;margin-left: calc(-4% \/ 2 );margin-right: calc(-4% \/ 2 );\"><div class=\"fusion-layout-column fusion_builder_column fusion-builder-column-0 fusion_builder_column_1_2 1_2 fusion-flex-column\"><div class=\"fusion-column-wrapper fusion-flex-justify-content-flex-start fusion-content-layout-column\" style=\"background-position:left top;background-repeat:no-repeat;-webkit-background-size:cover;-moz-background-size:cover;-o-background-size:cover;background-size:cover;padding: 0px 0px 0px 0px;\"><div class=\"fusion-text fusion-text-1\" style=\"transform:translate3d(0,0,0);\"><p data-fontsize=\"32\" data-lineheight=\"41.6px\">27 de maio<\/p>\n<h3 class=\"\" data-fontsize=\"32\" data-lineheight=\"41.6px\">Caderno e Canetas para Todos<\/h3>\n<p>Por ocasi\u00e3o de uma a\u00e7\u00e3o social da AIFEC para ajudar as crian\u00e7as da zona da Escola Tadchert, pede-se aos congressistas que possam levar consigo material escolar em sua bagagem que ser\u00e1 recolhido no hotel. Posteriormente uma comitiva da associa\u00e7\u00e3o se aproximar\u00e1 da escola para entregar o material em nome da AIFEC.<\/p>\n<\/div><\/div><\/div><style type=\"text\/css\">.fusion-body .fusion-builder-column-0{width:50% !important;margin-top : 0px;margin-bottom : 20px;}.fusion-builder-column-0 > .fusion-column-wrapper {padding-top : 0px !important;padding-right : 0px !important;margin-right : 3.84%;padding-bottom : 0px !important;padding-left : 0px !important;margin-left : 3.84%;}@media only screen and (max-width:1024px) {.fusion-body .fusion-builder-column-0{width:50% !important;order : 0;}.fusion-builder-column-0 > .fusion-column-wrapper {margin-right : 3.84%;margin-left : 3.84%;}}@media only screen and (max-width:640px) {.fusion-body .fusion-builder-column-0{width:100% !important;order : 0;}.fusion-builder-column-0 > .fusion-column-wrapper {margin-right : 1.92%;margin-left : 1.92%;}}<\/style><div class=\"fusion-layout-column fusion_builder_column fusion-builder-column-1 fusion_builder_column_1_2 1_2 fusion-flex-column\"><div class=\"fusion-column-wrapper fusion-flex-justify-content-flex-start fusion-content-layout-column\" style=\"background-position:left top;background-repeat:no-repeat;-webkit-background-size:cover;-moz-background-size:cover;-o-background-size:cover;background-size:cover;padding: 0px 0px 0px 0px;\"><div ><span class=\" fusion-imageframe imageframe-none imageframe-1 hover-type-none\"><img decoding=\"async\" width=\"900\" height=\"600\" title=\"viaje-en-familia-con-ninos-desde-marrakech-al-desierto\" src=\"https:\/\/aifec.eu\/congreso2023\/wp-content\/uploads\/2023\/02\/viaje-en-familia-con-ninos-desde-marrakech-al-desierto.jpg\" class=\"img-responsive wp-image-1317\" srcset=\"https:\/\/aifec.eu\/congreso2023\/wp-content\/uploads\/2023\/02\/viaje-en-familia-con-ninos-desde-marrakech-al-desierto-200x133.jpg 200w, https:\/\/aifec.eu\/congreso2023\/wp-content\/uploads\/2023\/02\/viaje-en-familia-con-ninos-desde-marrakech-al-desierto-400x267.jpg 400w, https:\/\/aifec.eu\/congreso2023\/wp-content\/uploads\/2023\/02\/viaje-en-familia-con-ninos-desde-marrakech-al-desierto-600x400.jpg 600w, https:\/\/aifec.eu\/congreso2023\/wp-content\/uploads\/2023\/02\/viaje-en-familia-con-ninos-desde-marrakech-al-desierto-800x533.jpg 800w, https:\/\/aifec.eu\/congreso2023\/wp-content\/uploads\/2023\/02\/viaje-en-familia-con-ninos-desde-marrakech-al-desierto.jpg 900w\" sizes=\"(max-width: 640px) 100vw, 600px\" \/><\/span><\/div><\/div><\/div><style type=\"text\/css\">.fusion-body .fusion-builder-column-1{width:50% !important;margin-top : 0px;margin-bottom : 20px;}.fusion-builder-column-1 > .fusion-column-wrapper {padding-top : 0px !important;padding-right : 0px !important;margin-right : 3.84%;padding-bottom : 0px !important;padding-left : 0px !important;margin-left : 3.84%;}@media only screen and (max-width:1024px) {.fusion-body .fusion-builder-column-1{width:50% !important;order : 0;}.fusion-builder-column-1 > .fusion-column-wrapper {margin-right : 3.84%;margin-left : 3.84%;}}@media only screen and (max-width:640px) {.fusion-body .fusion-builder-column-1{width:100% !important;order : 0;}.fusion-builder-column-1 > .fusion-column-wrapper {margin-right : 1.92%;margin-left : 1.92%;}}<\/style><\/div><style type=\"text\/css\">.fusion-body .fusion-flex-container.fusion-builder-row-1{ padding-top : 0px;margin-top : 0px;padding-right : 0px;padding-bottom : 0px;margin-bottom : 0px;padding-left : 0px;}<\/style><\/div>\n","protected":false},"excerpt":{"rendered":"","protected":false},"author":1,"featured_media":0,"parent":0,"menu_order":0,"comment_status":"closed","ping_status":"closed","template":"","meta":{"footnotes":""},"class_list":["post-1352","page","type-page","status-publish","hentry"],"_links":{"self":[{"href":"https:\/\/aifec.eu\/congreso2023\/index.php?rest_route=\/wp\/v2\/pages\/1352","targetHints":{"allow":["GET"]}}],"collection":[{"href":"https:\/\/aifec.eu\/congreso2023\/index.php?rest_route=\/wp\/v2\/pages"}],"about":[{"href":"https:\/\/aifec.eu\/congreso2023\/index.php?rest_route=\/wp\/v2\/types\/page"}],"author":[{"embeddable":true,"href":"https:\/\/aifec.eu\/congreso2023\/index.php?rest_route=\/wp\/v2\/users\/1"}],"replies":[{"embeddable":true,"href":"https:\/\/aifec.eu\/congreso2023\/index.php?rest_route=%2Fwp%2Fv2%2Fcomments&post=1352"}],"version-history":[{"count":7,"href":"https:\/\/aifec.eu\/congreso2023\/index.php?rest_route=\/wp\/v2\/pages\/1352\/revisions"}],"predecessor-version":[{"id":1364,"href":"https:\/\/aifec.eu\/congreso2023\/index.php?rest_route=\/wp\/v2\/pages\/1352\/revisions\/1364"}],"wp:attachment":[{"href":"https:\/\/aifec.eu\/congreso2023\/index.php?rest_route=%2Fwp%2Fv2%2Fmedia&parent=1352"}],"curies":[{"name":"wp","href":"https:\/\/api.w.org\/{rel}","templated":true}]}}