{"id":1227,"date":"2023-02-16T17:02:39","date_gmt":"2023-02-16T17:02:39","guid":{"rendered":"https:\/\/aifec.eu\/congreso2023\/?page_id=1227"},"modified":"2023-02-16T17:07:43","modified_gmt":"2023-02-16T17:07:43","slug":"actividad-de-acompanantes","status":"publish","type":"page","link":"https:\/\/aifec.eu\/congreso2023\/?page_id=1227","title":{"rendered":"Actividad de acompa\u00f1antes"},"content":{"rendered":"<p><div class=\"fusion-fullwidth fullwidth-box fusion-builder-row-1 fusion-flex-container nonhundred-percent-fullwidth non-hundred-percent-height-scrolling\" style=\"background-color: rgba(255,255,255,0);background-position: center center;background-repeat: repeat;border-width: 0px 0px 0px 0px;border-color:#e2e2e2;border-style:solid;\" ><div class=\"fusion-builder-row fusion-row fusion-flex-align-items-center fusion-flex-justify-content-center\" style=\"max-width:1248px;margin-left: calc(-4% \/ 2 );margin-right: calc(-4% \/ 2 );\"><div class=\"fusion-layout-column fusion_builder_column fusion-builder-column-0 fusion_builder_column_2_5 2_5 fusion-flex-column fusion-animated\" data-animationType=\"fadeInLeft\" data-animationDuration=\"1.0\" data-animationOffset=\"100%\"><div class=\"fusion-column-wrapper fusion-flex-justify-content-center fusion-content-layout-column\" style=\"background-position:left top;background-repeat:no-repeat;-webkit-background-size:cover;-moz-background-size:cover;-o-background-size:cover;background-size:cover;padding: 0px 0px 0px 0px;\"><div class=\"fusion-text fusion-text-1\" style=\"font-size:20px;line-height:30px;font-family:&quot;var(--awb-typography3-font-family)&quot;;font-weight:var(--awb-typography3);transform:translate3d(0,0,0);\"><p>Viernes, 26 de mayo<\/p>\n<\/div><div class=\"fusion-text fusion-text-2\" style=\"transform:translate3d(0,0,0);\"><h3 class=\"fusion-responsive-typography-calculated\" style=\"--fontsize: 32; line-height: 1.3;\" data-fontsize=\"32\" data-lineheight=\"41.6px\">Visita al Zoco y Palacio Bah\u00eda<\/h3>\n<\/p>\n<p>Los acompa\u00f1antes disfrutaran de las calles del zoco mientras realizaran  visitas a talleres de artesan\u00eda. Realizar\u00e1n una parada para tomar el t\u00e9 con pastas artesanales en Dar Chrifa y acabaran realizando el almuerzo en uno de los restaurantes m\u00e1s famosos de la ciudad, Kasar el Hamra<\/p>\n<p><strong>Duraci\u00f3n<\/strong>: 3h aprox<\/p>\n<\/div><\/div><\/div><style type=\"text\/css\">.fusion-body .fusion-builder-column-0{width:40% !important;margin-top : 0px;margin-bottom : 20px;}.fusion-builder-column-0 > .fusion-column-wrapper {padding-top : 0px !important;padding-right : 0px !important;margin-right : 9.6%;padding-bottom : 0px !important;padding-left : 0px !important;margin-left : 4.8%;}@media only screen and (max-width:1024px) {.fusion-body .fusion-builder-column-0{width:40% !important;}.fusion-builder-column-0 > .fusion-column-wrapper {margin-right : 0%;margin-left : 9.6%;}}@media only screen and (max-width:640px) {.fusion-body .fusion-builder-column-0{width:100% !important;order : 0;margin-top : 0px;}.fusion-builder-column-0 > .fusion-column-wrapper {margin-right : 0%;margin-left : 3.84%;}}<\/style><div class=\"fusion-layout-column fusion_builder_column fusion-builder-column-1 fusion_builder_column_2_5 2_5 fusion-flex-column fusion-animated\" data-animationType=\"fadeInLeft\" data-animationDuration=\"1.0\" data-animationOffset=\"100%\"><div class=\"fusion-column-wrapper fusion-flex-justify-content-center fusion-content-layout-column\" style=\"background-position:left top;background-repeat:no-repeat;-webkit-background-size:cover;-moz-background-size:cover;-o-background-size:cover;background-size:cover;padding: 0px 0px 0px 0px;\"><div ><span class=\" fusion-imageframe imageframe-none imageframe-1 hover-type-none\"><img decoding=\"async\" width=\"1618\" height=\"1080\" title=\"Disen\u0303o sin ti\u0301tulo-170\" src=\"https:\/\/aifec.eu\/congreso2023\/wp-content\/uploads\/2023\/01\/Diseno-sin-titulo-170.png\" class=\"img-responsive wp-image-1091\" srcset=\"https:\/\/aifec.eu\/congreso2023\/wp-content\/uploads\/2023\/01\/Diseno-sin-titulo-170-200x133.png 200w, https:\/\/aifec.eu\/congreso2023\/wp-content\/uploads\/2023\/01\/Diseno-sin-titulo-170-400x267.png 400w, https:\/\/aifec.eu\/congreso2023\/wp-content\/uploads\/2023\/01\/Diseno-sin-titulo-170-600x400.png 600w, https:\/\/aifec.eu\/congreso2023\/wp-content\/uploads\/2023\/01\/Diseno-sin-titulo-170-800x534.png 800w, https:\/\/aifec.eu\/congreso2023\/wp-content\/uploads\/2023\/01\/Diseno-sin-titulo-170-1200x801.png 1200w, https:\/\/aifec.eu\/congreso2023\/wp-content\/uploads\/2023\/01\/Diseno-sin-titulo-170.png 1618w\" sizes=\"(max-width: 640px) 100vw, 600px\" \/><\/span><\/div><\/div><\/div><style type=\"text\/css\">.fusion-body .fusion-builder-column-1{width:40% !important;margin-top : 0px;margin-bottom : 20px;}.fusion-builder-column-1 > .fusion-column-wrapper {padding-top : 0px !important;padding-right : 0px !important;margin-right : 9.6%;padding-bottom : 0px !important;padding-left : 0px !important;margin-left : 4.8%;}@media only screen and (max-width:1024px) {.fusion-body .fusion-builder-column-1{width:40% !important;}.fusion-builder-column-1 > .fusion-column-wrapper {margin-right : 0%;margin-left : 9.6%;}}@media only screen and (max-width:640px) {.fusion-body .fusion-builder-column-1{width:100% !important;order : 1;margin-top : 0px;}.fusion-builder-column-1 > .fusion-column-wrapper {margin-right : 0%;margin-left : 3.84%;}}<\/style><div class=\"fusion-layout-column fusion_builder_column fusion-builder-column-2 fusion_builder_column_2_5 2_5 fusion-flex-column fusion-animated\" data-animationType=\"fadeInLeft\" data-animationDuration=\"1.0\" data-animationOffset=\"100%\"><div class=\"fusion-column-wrapper fusion-flex-justify-content-center fusion-content-layout-column\" style=\"background-position:left top;background-repeat:no-repeat;-webkit-background-size:cover;-moz-background-size:cover;-o-background-size:cover;background-size:cover;padding: 0px 0px 0px 0px;\"><div ><span class=\" fusion-imageframe imageframe-none imageframe-2 hover-type-none\"><img decoding=\"async\" width=\"1100\" height=\"605\" title=\"Disen\u0303o sin ti\u0301tulo-171\" src=\"https:\/\/aifec.eu\/congreso2023\/wp-content\/uploads\/2023\/02\/Diseno-sin-titulo-171.png\" class=\"img-responsive wp-image-1107\" srcset=\"https:\/\/aifec.eu\/congreso2023\/wp-content\/uploads\/2023\/02\/Diseno-sin-titulo-171-200x110.png 200w, https:\/\/aifec.eu\/congreso2023\/wp-content\/uploads\/2023\/02\/Diseno-sin-titulo-171-400x220.png 400w, https:\/\/aifec.eu\/congreso2023\/wp-content\/uploads\/2023\/02\/Diseno-sin-titulo-171-600x330.png 600w, https:\/\/aifec.eu\/congreso2023\/wp-content\/uploads\/2023\/02\/Diseno-sin-titulo-171-800x440.png 800w, https:\/\/aifec.eu\/congreso2023\/wp-content\/uploads\/2023\/02\/Diseno-sin-titulo-171.png 1100w\" sizes=\"(max-width: 640px) 100vw, 600px\" \/><\/span><\/div><\/div><\/div><style type=\"text\/css\">.fusion-body .fusion-builder-column-2{width:40% !important;margin-top : 0px;margin-bottom : 20px;}.fusion-builder-column-2 > .fusion-column-wrapper {padding-top : 0px !important;padding-right : 0px !important;margin-right : 9.6%;padding-bottom : 0px !important;padding-left : 0px !important;margin-left : 4.8%;}@media only screen and (max-width:1024px) {.fusion-body .fusion-builder-column-2{width:40% !important;}.fusion-builder-column-2 > .fusion-column-wrapper {margin-right : 0%;margin-left : 9.6%;}}@media only screen and (max-width:640px) {.fusion-body .fusion-builder-column-2{width:100% !important;order : 1;margin-top : 0px;}.fusion-builder-column-2 > .fusion-column-wrapper {margin-right : 0%;margin-left : 3.84%;}}<\/style><div class=\"fusion-layout-column fusion_builder_column fusion-builder-column-3 fusion_builder_column_2_5 2_5 fusion-flex-column fusion-animated\" data-animationType=\"fadeInLeft\" data-animationDuration=\"1.0\" data-animationOffset=\"100%\"><div class=\"fusion-column-wrapper fusion-flex-justify-content-center fusion-content-layout-column\" style=\"background-position:left top;background-repeat:no-repeat;-webkit-background-size:cover;-moz-background-size:cover;-o-background-size:cover;background-size:cover;padding: 0px 0px 0px 0px;\"><div ><span class=\" fusion-imageframe imageframe-none imageframe-3 hover-type-none\"><img decoding=\"async\" width=\"1100\" height=\"605\" title=\"cherifa2\" src=\"https:\/\/aifec.eu\/congreso2023\/wp-content\/uploads\/2023\/02\/cherifa2.jpg\" class=\"img-responsive wp-image-1104\" srcset=\"https:\/\/aifec.eu\/congreso2023\/wp-content\/uploads\/2023\/02\/cherifa2-200x110.jpg 200w, https:\/\/aifec.eu\/congreso2023\/wp-content\/uploads\/2023\/02\/cherifa2-400x220.jpg 400w, https:\/\/aifec.eu\/congreso2023\/wp-content\/uploads\/2023\/02\/cherifa2-600x330.jpg 600w, https:\/\/aifec.eu\/congreso2023\/wp-content\/uploads\/2023\/02\/cherifa2-800x440.jpg 800w, https:\/\/aifec.eu\/congreso2023\/wp-content\/uploads\/2023\/02\/cherifa2.jpg 1100w\" sizes=\"(max-width: 640px) 100vw, 600px\" \/><\/span><\/div><\/div><\/div><style type=\"text\/css\">.fusion-body .fusion-builder-column-3{width:40% !important;margin-top : 0px;margin-bottom : 20px;}.fusion-builder-column-3 > .fusion-column-wrapper {padding-top : 0px !important;padding-right : 0px !important;margin-right : 9.6%;padding-bottom : 0px !important;padding-left : 0px !important;margin-left : 4.8%;}@media only screen and (max-width:1024px) {.fusion-body .fusion-builder-column-3{width:40% !important;}.fusion-builder-column-3 > .fusion-column-wrapper {margin-right : 0%;margin-left : 9.6%;}}@media only screen and (max-width:640px) {.fusion-body .fusion-builder-column-3{width:100% !important;order : 1;margin-top : 0px;}.fusion-builder-column-3 > .fusion-column-wrapper {margin-right : 0%;margin-left : 3.84%;}}<\/style><\/div><style type=\"text\/css\">.fusion-body .fusion-flex-container.fusion-builder-row-1{ padding-top : 4%;margin-top : 0px;padding-right : 0px;padding-bottom : 4%;margin-bottom : 0px;padding-left : 0px;}<\/style><\/div><div class=\"fusion-fullwidth fullwidth-box fusion-builder-row-2 fusion-flex-container nonhundred-percent-fullwidth non-hundred-percent-height-scrolling\" style=\"background-color: rgba(255,255,255,0);background-position: center center;background-repeat: repeat;border-width: 0px 0px 0px 0px;border-color:#e2e2e2;border-style:solid;\" ><div class=\"fusion-builder-row fusion-row fusion-flex-align-items-center fusion-flex-justify-content-center\" style=\"max-width:1248px;margin-left: calc(-4% \/ 2 );margin-right: calc(-4% \/ 2 );\"><div class=\"fusion-layout-column fusion_builder_column fusion-builder-column-4 fusion_builder_column_2_5 2_5 fusion-flex-column fusion-animated\" data-animationType=\"fadeInLeft\" data-animationDuration=\"1.0\" data-animationOffset=\"100%\"><div class=\"fusion-column-wrapper fusion-flex-justify-content-center fusion-content-layout-column\" style=\"background-position:left top;background-repeat:no-repeat;-webkit-background-size:cover;-moz-background-size:cover;-o-background-size:cover;background-size:cover;padding: 0px 0px 0px 0px;\"><div ><span class=\" fusion-imageframe imageframe-none imageframe-4 hover-type-none\"><img decoding=\"async\" width=\"1920\" height=\"1280\" title=\"le-palais-bahia-et-sa-place-principale\" src=\"https:\/\/aifec.eu\/congreso2023\/wp-content\/uploads\/2023\/02\/le-palais-bahia-et-sa-place-principale.jpg\" class=\"img-responsive wp-image-1158\" srcset=\"https:\/\/aifec.eu\/congreso2023\/wp-content\/uploads\/2023\/02\/le-palais-bahia-et-sa-place-principale-200x133.jpg 200w, https:\/\/aifec.eu\/congreso2023\/wp-content\/uploads\/2023\/02\/le-palais-bahia-et-sa-place-principale-400x267.jpg 400w, https:\/\/aifec.eu\/congreso2023\/wp-content\/uploads\/2023\/02\/le-palais-bahia-et-sa-place-principale-600x400.jpg 600w, https:\/\/aifec.eu\/congreso2023\/wp-content\/uploads\/2023\/02\/le-palais-bahia-et-sa-place-principale-800x533.jpg 800w, https:\/\/aifec.eu\/congreso2023\/wp-content\/uploads\/2023\/02\/le-palais-bahia-et-sa-place-principale-1200x800.jpg 1200w, https:\/\/aifec.eu\/congreso2023\/wp-content\/uploads\/2023\/02\/le-palais-bahia-et-sa-place-principale.jpg 1920w\" sizes=\"(max-width: 640px) 100vw, 600px\" \/><\/span><\/div><\/div><\/div><style type=\"text\/css\">.fusion-body .fusion-builder-column-4{width:40% !important;margin-top : 0px;margin-bottom : 20px;}.fusion-builder-column-4 > .fusion-column-wrapper {padding-top : 0px !important;padding-right : 0px !important;margin-right : 9.6%;padding-bottom : 0px !important;padding-left : 0px !important;margin-left : 4.8%;}@media only screen and (max-width:1024px) {.fusion-body .fusion-builder-column-4{width:40% !important;}.fusion-builder-column-4 > .fusion-column-wrapper {margin-right : 0%;margin-left : 9.6%;}}@media only screen and (max-width:640px) {.fusion-body .fusion-builder-column-4{width:100% !important;order : 1;margin-top : 0px;}.fusion-builder-column-4 > .fusion-column-wrapper {margin-right : 0%;margin-left : 3.84%;}}<\/style><div class=\"fusion-layout-column fusion_builder_column fusion-builder-column-5 fusion_builder_column_2_5 2_5 fusion-flex-column fusion-animated\" data-animationType=\"fadeInLeft\" data-animationDuration=\"1.0\" data-animationOffset=\"100%\"><div class=\"fusion-column-wrapper fusion-flex-justify-content-center fusion-content-layout-column\" style=\"background-position:left top;background-repeat:no-repeat;-webkit-background-size:cover;-moz-background-size:cover;-o-background-size:cover;background-size:cover;padding: 0px 0px 0px 0px;\"><div class=\"fusion-text fusion-text-3\" style=\"font-size:20px;line-height:30px;font-family:&quot;var(--awb-typography3-font-family)&quot;;font-weight:var(--awb-typography3);transform:translate3d(0,0,0);\"><p>Viernes, 26 de mayo<\/p>\n<\/div><div class=\"fusion-text fusion-text-4\" style=\"transform:translate3d(0,0,0);\"><h3 class=\"fusion-responsive-typography-calculated\" style=\"--fontsize: 32; line-height: 1.3;\" data-fontsize=\"32\" data-lineheight=\"41.6px\">Palacio Bah\u00eda<\/h3>\n<\/p>\n<p>El Palacio de la Bah\u00eda es un palacio y un conjunto de jardines situados en Marrakech, Marruecos. Fue construido a finales del siglo XIX, con la intenci\u00f3n de ser el palacio m\u00e1s grande de todos los tiempos. Su nombre significa \u00abbrillantez\u00bb. Como en otros edificios del mismo periodo en otros pa\u00edses, se quer\u00eda capturar la esencia de los estilos isl\u00e1mico y marroqu\u00ed. Los jardines tienen una extensi\u00f3n de 8.000 m\u00b2.<\/p>\n<p><strong>Duraci\u00f3n<\/strong>: 1h aprox<\/p>\n<\/div><\/div><\/div><style type=\"text\/css\">.fusion-body .fusion-builder-column-5{width:40% !important;margin-top : 0px;margin-bottom : 20px;}.fusion-builder-column-5 > .fusion-column-wrapper {padding-top : 0px !important;padding-right : 0px !important;margin-right : 9.6%;padding-bottom : 0px !important;padding-left : 0px !important;margin-left : 4.8%;}@media only screen and (max-width:1024px) {.fusion-body .fusion-builder-column-5{width:40% !important;}.fusion-builder-column-5 > .fusion-column-wrapper {margin-right : 0%;margin-left : 9.6%;}}@media only screen and (max-width:640px) {.fusion-body .fusion-builder-column-5{width:100% !important;order : 0;margin-top : 0px;}.fusion-builder-column-5 > .fusion-column-wrapper {margin-right : 0%;margin-left : 3.84%;}}<\/style><\/div><style type=\"text\/css\">.fusion-body .fusion-flex-container.fusion-builder-row-2{ padding-top : 4%;margin-top : 0px;padding-right : 0px;padding-bottom : 4%;margin-bottom : 0px;padding-left : 0px;}<\/style><\/div><\/p>\n","protected":false},"excerpt":{"rendered":"","protected":false},"author":1,"featured_media":0,"parent":0,"menu_order":0,"comment_status":"closed","ping_status":"closed","template":"","meta":{"footnotes":""},"class_list":["post-1227","page","type-page","status-publish","hentry"],"_links":{"self":[{"href":"https:\/\/aifec.eu\/congreso2023\/index.php?rest_route=\/wp\/v2\/pages\/1227","targetHints":{"allow":["GET"]}}],"collection":[{"href":"https:\/\/aifec.eu\/congreso2023\/index.php?rest_route=\/wp\/v2\/pages"}],"about":[{"href":"https:\/\/aifec.eu\/congreso2023\/index.php?rest_route=\/wp\/v2\/types\/page"}],"author":[{"embeddable":true,"href":"https:\/\/aifec.eu\/congreso2023\/index.php?rest_route=\/wp\/v2\/users\/1"}],"replies":[{"embeddable":true,"href":"https:\/\/aifec.eu\/congreso2023\/index.php?rest_route=%2Fwp%2Fv2%2Fcomments&post=1227"}],"version-history":[{"count":4,"href":"https:\/\/aifec.eu\/congreso2023\/index.php?rest_route=\/wp\/v2\/pages\/1227\/revisions"}],"predecessor-version":[{"id":1233,"href":"https:\/\/aifec.eu\/congreso2023\/index.php?rest_route=\/wp\/v2\/pages\/1227\/revisions\/1233"}],"wp:attachment":[{"href":"https:\/\/aifec.eu\/congreso2023\/index.php?rest_route=%2Fwp%2Fv2%2Fmedia&parent=1227"}],"curies":[{"name":"wp","href":"https:\/\/api.w.org\/{rel}","templated":true}]}}