{"id":928,"date":"2022-05-11T08:48:14","date_gmt":"2022-05-11T08:48:14","guid":{"rendered":"https:\/\/aifec.eu\/congreso2022\/?page_id=928"},"modified":"2022-05-11T10:17:56","modified_gmt":"2022-05-11T10:17:56","slug":"jornada-networking-portugues","status":"publish","type":"page","link":"https:\/\/aifec.eu\/congreso2022\/?page_id=928&lang=pt","title":{"rendered":"Jornada Networking &#8211; Portugu\u00eas"},"content":{"rendered":"<p><div class=\"fusion-fullwidth fullwidth-box fusion-builder-row-1 fusion-flex-container nonhundred-percent-fullwidth non-hundred-percent-height-scrolling\" style=\"background-color: rgba(255,255,255,0);background-position: center center;background-repeat: no-repeat;border-width: 0px 0px 0px 0px;border-color:#e2e2e2;border-style:solid;\" ><div class=\"fusion-builder-row fusion-row fusion-flex-align-items-center fusion-flex-justify-content-center\" style=\"max-width:1248px;margin-left: calc(-4% \/ 2 );margin-right: calc(-4% \/ 2 );\"><div class=\"fusion-layout-column fusion_builder_column fusion-builder-column-0 fusion_builder_column_2_5 2_5 fusion-flex-column fusion-animated\" data-animationType=\"fadeInLeft\" data-animationDuration=\"0.1\" data-animationOffset=\"100%\"><div class=\"fusion-column-wrapper fusion-flex-justify-content-center fusion-content-layout-column\" style=\"background-position:left top;background-repeat:no-repeat;-webkit-background-size:cover;-moz-background-size:cover;-o-background-size:cover;background-size:cover;padding: 0px 0px 0px 0px;\"><div class=\"fusion-text fusion-text-1\" style=\"font-size:20px;line-height:30px;transform:translate3d(0,0,0);\"><p id=\"tw-target-text\" class=\"tw-data-text tw-text-large tw-ta\" dir=\"ltr\" data-placeholder=\"Traducci\u00f3n\"><span class=\"Y2IQFc\" lang=\"pt\">Sexta-feira, 10 de junho <\/span><\/p>\n<p class=\"tw-data-text tw-text-large tw-ta\" dir=\"ltr\" data-placeholder=\"Traducci\u00f3n\"><span class=\"Y2IQFc\" lang=\"pt\">atividade de acompanhamento<\/span><\/p>\n<\/div><div class=\"fusion-text fusion-text-2\" style=\"transform:translate3d(0,0,0);\"><h3 id=\"tw-target-text\" class=\"tw-data-text tw-text-large tw-ta\" dir=\"ltr\" data-placeholder=\"Traducci\u00f3n\"><span class=\"Y2IQFc\" lang=\"pt\">GINQUINA EM ALTEA <\/span><\/h3>\n<p class=\"tw-data-text tw-text-large tw-ta\" dir=\"ltr\" data-placeholder=\"Traducci\u00f3n\"><span class=\"Y2IQFc\" lang=\"pt\">Esta atividade consiste em <strong>conhecer Altea<\/strong> de uma forma diferente e agrad\u00e1vel. Os participantes, atrav\u00e9s de um road book, v\u00e3o procurar edif\u00edcios, ruas emblem\u00e1ticas, pormenores de autores de diferentes \u00e9pocas, flora, lavandarias antigas. <\/span><\/p>\n<p class=\"tw-data-text tw-text-large tw-ta\" dir=\"ltr\" data-placeholder=\"Traducci\u00f3n\"><span class=\"Y2IQFc\" lang=\"pt\">Dura\u00e7\u00e3o: 3h aprox<\/span><\/p>\n<\/div><\/div><\/div><style type=\"text\/css\">.fusion-body .fusion-builder-column-0{width:40% !important;margin-top : 0px;margin-bottom : 20px;}.fusion-builder-column-0 > .fusion-column-wrapper {padding-top : 0px !important;padding-right : 0px !important;margin-right : 4.8%;padding-bottom : 0px !important;padding-left : 0px !important;margin-left : 9.6%;}@media only screen and (max-width:1024px) {.fusion-body .fusion-builder-column-0{width:40% !important;order : 0;}.fusion-builder-column-0 > .fusion-column-wrapper {margin-right : 4.8%;margin-left : 9.6%;}}@media only screen and (max-width:640px) {.fusion-body .fusion-builder-column-0{width:100% !important;order : 0;}.fusion-builder-column-0 > .fusion-column-wrapper {margin-right : 1.92%;margin-left : 1.92%;}}<\/style><div class=\"fusion-layout-column fusion_builder_column fusion-builder-column-1 fusion_builder_column_1_2 1_2 fusion-flex-column\"><div class=\"fusion-column-wrapper fusion-flex-justify-content-flex-start fusion-content-layout-column\" style=\"background-position:left top;background-repeat:no-repeat;-webkit-background-size:cover;-moz-background-size:cover;-o-background-size:cover;background-size:cover;padding: 0px 0px 0px 0px;\"><div ><span class=\" fusion-imageframe imageframe-none imageframe-1 hover-type-none\"><img decoding=\"async\" width=\"1000\" height=\"538\" title=\"o_1cnc3es454rj155inbo17tm8fo1e_1000x700\" src=\"https:\/\/aifec.eu\/congreso2022\/wp-content\/uploads\/2022\/03\/o_1cnc3es454rj155inbo17tm8fo1e_1000x700.jpg\" class=\"img-responsive wp-image-422\" srcset=\"https:\/\/aifec.eu\/congreso2022\/wp-content\/uploads\/2022\/03\/o_1cnc3es454rj155inbo17tm8fo1e_1000x700-200x108.jpg 200w, https:\/\/aifec.eu\/congreso2022\/wp-content\/uploads\/2022\/03\/o_1cnc3es454rj155inbo17tm8fo1e_1000x700-400x215.jpg 400w, https:\/\/aifec.eu\/congreso2022\/wp-content\/uploads\/2022\/03\/o_1cnc3es454rj155inbo17tm8fo1e_1000x700-600x323.jpg 600w, https:\/\/aifec.eu\/congreso2022\/wp-content\/uploads\/2022\/03\/o_1cnc3es454rj155inbo17tm8fo1e_1000x700-800x430.jpg 800w, https:\/\/aifec.eu\/congreso2022\/wp-content\/uploads\/2022\/03\/o_1cnc3es454rj155inbo17tm8fo1e_1000x700.jpg 1000w\" sizes=\"(max-width: 640px) 100vw, 800px\" \/><\/span><\/div><\/div><\/div><style type=\"text\/css\">.fusion-body .fusion-builder-column-1{width:50% !important;margin-top : 0px;margin-bottom : 3px;}.fusion-builder-column-1 > .fusion-column-wrapper {padding-top : 0px !important;padding-right : 0px !important;margin-right : 0%;padding-bottom : 0px !important;padding-left : 0px !important;margin-left : 0%;}@media only screen and (max-width:1024px) {.fusion-body .fusion-builder-column-1{width:50% !important;order : 0;}.fusion-builder-column-1 > .fusion-column-wrapper {margin-right : 0%;margin-left : 0%;}}@media only screen and (max-width:640px) {.fusion-body .fusion-builder-column-1{width:100% !important;order : 0;}.fusion-builder-column-1 > .fusion-column-wrapper {margin-right : 1.92%;margin-left : 1.92%;}}<\/style><\/div><style type=\"text\/css\">.fusion-body .fusion-flex-container.fusion-builder-row-1{ padding-top : 4%;margin-top : 0px;padding-right : 0px;padding-bottom : 4%;margin-bottom : 0px;padding-left : 0px;}<\/style><\/div><div class=\"fusion-fullwidth fullwidth-box fusion-builder-row-2 fusion-flex-container nonhundred-percent-fullwidth non-hundred-percent-height-scrolling\" style=\"background-color: rgba(255,255,255,0);background-position: center center;background-repeat: no-repeat;border-width: 0px 0px 0px 0px;border-color:#e2e2e2;border-style:solid;\" ><div class=\"fusion-builder-row fusion-row fusion-flex-align-items-center fusion-flex-justify-content-center\" style=\"max-width:1248px;margin-left: calc(-4% \/ 2 );margin-right: calc(-4% \/ 2 );\"><div class=\"fusion-layout-column fusion_builder_column fusion-builder-column-2 fusion_builder_column_1_2 1_2 fusion-flex-column\"><div class=\"fusion-column-wrapper fusion-flex-justify-content-flex-start fusion-content-layout-column\" style=\"background-position:left top;background-repeat:no-repeat;-webkit-background-size:cover;-moz-background-size:cover;-o-background-size:cover;background-size:cover;padding: 0px 0px 0px 0px;\"><div ><span class=\" fusion-imageframe imageframe-none imageframe-2 hover-type-none\"><img decoding=\"async\" width=\"1620\" height=\"1080\" title=\"Fotos art\u00edculos-10\" src=\"https:\/\/aifec.eu\/congreso2022\/wp-content\/uploads\/2022\/03\/Fotos-articulos-10.jpg\" class=\"img-responsive wp-image-490\" srcset=\"https:\/\/aifec.eu\/congreso2022\/wp-content\/uploads\/2022\/03\/Fotos-articulos-10-200x133.jpg 200w, https:\/\/aifec.eu\/congreso2022\/wp-content\/uploads\/2022\/03\/Fotos-articulos-10-400x267.jpg 400w, https:\/\/aifec.eu\/congreso2022\/wp-content\/uploads\/2022\/03\/Fotos-articulos-10-600x400.jpg 600w, https:\/\/aifec.eu\/congreso2022\/wp-content\/uploads\/2022\/03\/Fotos-articulos-10-800x533.jpg 800w, https:\/\/aifec.eu\/congreso2022\/wp-content\/uploads\/2022\/03\/Fotos-articulos-10-1200x800.jpg 1200w, https:\/\/aifec.eu\/congreso2022\/wp-content\/uploads\/2022\/03\/Fotos-articulos-10.jpg 1620w\" sizes=\"(max-width: 640px) 100vw, 800px\" \/><\/span><\/div><\/div><\/div><style type=\"text\/css\">.fusion-body .fusion-builder-column-2{width:50% !important;margin-top : 0px;margin-bottom : 3px;}.fusion-builder-column-2 > .fusion-column-wrapper {padding-top : 0px !important;padding-right : 0px !important;margin-right : 0%;padding-bottom : 0px !important;padding-left : 0px !important;margin-left : 0%;}@media only screen and (max-width:1024px) {.fusion-body .fusion-builder-column-2{width:50% !important;order : 0;}.fusion-builder-column-2 > .fusion-column-wrapper {margin-right : 0%;margin-left : 0%;}}@media only screen and (max-width:640px) {.fusion-body .fusion-builder-column-2{width:100% !important;order : 0;}.fusion-builder-column-2 > .fusion-column-wrapper {margin-right : 1.92%;margin-left : 1.92%;}}<\/style><div class=\"fusion-layout-column fusion_builder_column fusion-builder-column-3 fusion_builder_column_2_5 2_5 fusion-flex-column fusion-animated\" data-animationType=\"fadeInLeft\" data-animationDuration=\"0.1\" data-animationOffset=\"100%\"><div class=\"fusion-column-wrapper fusion-flex-justify-content-center fusion-content-layout-column\" style=\"background-position:left top;background-repeat:no-repeat;-webkit-background-size:cover;-moz-background-size:cover;-o-background-size:cover;background-size:cover;padding: 0px 0px 0px 0px;\"><div class=\"fusion-text fusion-text-3\" style=\"font-size:20px;line-height:30px;transform:translate3d(0,0,0);\"><p id=\"tw-target-text\" class=\"tw-data-text tw-text-large tw-ta\" dir=\"ltr\" data-placeholder=\"Traducci\u00f3n\"><span class=\"Y2IQFc\" lang=\"pt\">s\u00e1bado, 11 de junho<\/span><\/p>\n<\/div><div class=\"fusion-text fusion-text-4\" style=\"transform:translate3d(0,0,0);\"><h3 id=\"tw-target-text\" class=\"tw-data-text tw-text-large tw-ta\" dir=\"ltr\" data-placeholder=\"Traducci\u00f3n\"><span class=\"Y2IQFc\" lang=\"pt\">JOGO DE ESPI\u00c3O <\/span><\/h3>\n<p class=\"tw-data-text tw-text-large tw-ta\" dir=\"ltr\" data-placeholder=\"Traducci\u00f3n\"><span class=\"Y2IQFc\" lang=\"pt\">Um jogo de <strong>Escape Room<\/strong> ao ar livre com atores. Os participantes devem realizar e superar os desafios que os atores (caracterizados como espi\u00f5es) lhes propor\u00e3o, mas cuidado, eles tamb\u00e9m tentar\u00e3o engan\u00e1-lo. <\/span><\/p>\n<p class=\"tw-data-text tw-text-large tw-ta\" dir=\"ltr\" data-placeholder=\"Traducci\u00f3n\"><span class=\"Y2IQFc\" lang=\"pt\">O jogo ser\u00e1 realizado no espa\u00e7o CEM La Nuc\u00eda. <\/span><\/p>\n<p class=\"tw-data-text tw-text-large tw-ta\" dir=\"ltr\" data-placeholder=\"Traducci\u00f3n\"><span class=\"Y2IQFc\" lang=\"pt\"><strong>Dura\u00e7\u00e3o:<\/strong> 3h aprox<\/span><\/p>\n<\/div><\/div><\/div><style type=\"text\/css\">.fusion-body .fusion-builder-column-3{width:40% !important;margin-top : 0px;margin-bottom : 20px;}.fusion-builder-column-3 > .fusion-column-wrapper {padding-top : 0px !important;padding-right : 0px !important;margin-right : 4.8%;padding-bottom : 0px !important;padding-left : 0px !important;margin-left : 9.6%;}@media only screen and (max-width:1024px) {.fusion-body .fusion-builder-column-3{width:40% !important;order : 0;}.fusion-builder-column-3 > .fusion-column-wrapper {margin-right : 4.8%;margin-left : 9.6%;}}@media only screen and (max-width:640px) {.fusion-body .fusion-builder-column-3{width:100% !important;order : 0;}.fusion-builder-column-3 > .fusion-column-wrapper {margin-right : 1.92%;margin-left : 1.92%;}}<\/style><\/div><style type=\"text\/css\">.fusion-body .fusion-flex-container.fusion-builder-row-2{ padding-top : 4%;margin-top : 0px;padding-right : 0px;padding-bottom : 4%;margin-bottom : 0px;padding-left : 0px;}<\/style><\/div><div class=\"fusion-fullwidth fullwidth-box fusion-builder-row-3 fusion-flex-container nonhundred-percent-fullwidth non-hundred-percent-height-scrolling\" style=\"background-color: rgba(255,255,255,0);background-position: center center;background-repeat: no-repeat;border-width: 0px 0px 0px 0px;border-color:#e2e2e2;border-style:solid;\" ><div class=\"fusion-builder-row fusion-row fusion-flex-align-items-center fusion-flex-justify-content-center\" style=\"max-width:1248px;margin-left: calc(-4% \/ 2 );margin-right: calc(-4% \/ 2 );\"><div class=\"fusion-layout-column fusion_builder_column fusion-builder-column-4 fusion_builder_column_2_5 2_5 fusion-flex-column fusion-animated\" data-animationType=\"fadeInLeft\" data-animationDuration=\"0.1\" data-animationOffset=\"100%\"><div class=\"fusion-column-wrapper fusion-flex-justify-content-center fusion-content-layout-column\" style=\"background-position:left top;background-repeat:no-repeat;-webkit-background-size:cover;-moz-background-size:cover;-o-background-size:cover;background-size:cover;padding: 0px 0px 0px 0px;\"><div class=\"fusion-text fusion-text-5\" style=\"font-size:20px;line-height:30px;transform:translate3d(0,0,0);\"><p>Espa\u00e7o-Jogo de espi\u00e3o<\/p>\n<\/div><div class=\"fusion-text fusion-text-6\" style=\"transform:translate3d(0,0,0);\"><h3 id=\"tw-target-text\" class=\"tw-data-text tw-text-large tw-ta\" dir=\"ltr\" data-placeholder=\"Traducci\u00f3n\"><span class=\"Y2IQFc\" lang=\"pt\">CEM SPACE LA NUCIA <\/span><\/h3>\n<p class=\"tw-data-text tw-text-large tw-ta\" dir=\"ltr\" data-placeholder=\"Traducci\u00f3n\"><span class=\"Y2IQFc\" lang=\"pt\">O centro de educa\u00e7\u00e3o ambiental do <strong>CEM<\/strong> tem uma \u00e1rea total de 15.189m2, \u00e9 uma \u00e1rea verde municipal com grande presen\u00e7a de \u00e1rvores e est\u00e1 localizado entre duas <strong>\u00e1reas protegidas<\/strong>: os parques naturais de campan da Serra Gelada e Ponoig-Puig. <\/span><\/p>\n<p class=\"tw-data-text tw-text-large tw-ta\" dir=\"ltr\" data-placeholder=\"Traducci\u00f3n\"><span class=\"Y2IQFc\" lang=\"pt\">O espa\u00e7o, constru\u00eddo sob uma rigorosa arquitetura bioclim\u00e1tica, disp\u00f5e de diferentes <strong>espa\u00e7os e ambientes<\/strong> para a organiza\u00e7\u00e3o de eventos, atividades e workshops.<\/span><\/p>\n<\/div><\/div><\/div><style type=\"text\/css\">.fusion-body .fusion-builder-column-4{width:40% !important;margin-top : 0px;margin-bottom : 20px;}.fusion-builder-column-4 > .fusion-column-wrapper {padding-top : 0px !important;padding-right : 0px !important;margin-right : 4.8%;padding-bottom : 0px !important;padding-left : 0px !important;margin-left : 9.6%;}@media only screen and (max-width:1024px) {.fusion-body .fusion-builder-column-4{width:40% !important;order : 0;}.fusion-builder-column-4 > .fusion-column-wrapper {margin-right : 4.8%;margin-left : 9.6%;}}@media only screen and (max-width:640px) {.fusion-body .fusion-builder-column-4{width:100% !important;order : 0;}.fusion-builder-column-4 > .fusion-column-wrapper {margin-right : 1.92%;margin-left : 1.92%;}}<\/style><div class=\"fusion-layout-column fusion_builder_column fusion-builder-column-5 fusion_builder_column_1_2 1_2 fusion-flex-column\"><div class=\"fusion-column-wrapper fusion-flex-justify-content-flex-start fusion-content-layout-column\" style=\"background-position:left top;background-repeat:no-repeat;-webkit-background-size:cover;-moz-background-size:cover;-o-background-size:cover;background-size:cover;padding: 0px 0px 0px 0px;\"><div ><span class=\" fusion-imageframe imageframe-none imageframe-3 hover-type-none\"><img decoding=\"async\" width=\"1519\" height=\"847\" title=\"CEM\" src=\"https:\/\/aifec.eu\/congreso2022\/wp-content\/uploads\/2022\/03\/CEM.png\" class=\"img-responsive wp-image-418\" srcset=\"https:\/\/aifec.eu\/congreso2022\/wp-content\/uploads\/2022\/03\/CEM-200x112.png 200w, https:\/\/aifec.eu\/congreso2022\/wp-content\/uploads\/2022\/03\/CEM-400x223.png 400w, https:\/\/aifec.eu\/congreso2022\/wp-content\/uploads\/2022\/03\/CEM-600x335.png 600w, https:\/\/aifec.eu\/congreso2022\/wp-content\/uploads\/2022\/03\/CEM-800x446.png 800w, https:\/\/aifec.eu\/congreso2022\/wp-content\/uploads\/2022\/03\/CEM-1200x669.png 1200w, https:\/\/aifec.eu\/congreso2022\/wp-content\/uploads\/2022\/03\/CEM.png 1519w\" sizes=\"(max-width: 640px) 100vw, 800px\" \/><\/span><\/div><\/div><\/div><style type=\"text\/css\">.fusion-body .fusion-builder-column-5{width:50% !important;margin-top : 0px;margin-bottom : 3px;}.fusion-builder-column-5 > .fusion-column-wrapper {padding-top : 0px !important;padding-right : 0px !important;margin-right : 0%;padding-bottom : 0px !important;padding-left : 0px !important;margin-left : 0%;}@media only screen and (max-width:1024px) {.fusion-body .fusion-builder-column-5{width:50% !important;order : 0;}.fusion-builder-column-5 > .fusion-column-wrapper {margin-right : 0%;margin-left : 0%;}}@media only screen and (max-width:640px) {.fusion-body .fusion-builder-column-5{width:100% !important;order : 0;}.fusion-builder-column-5 > .fusion-column-wrapper {margin-right : 1.92%;margin-left : 1.92%;}}<\/style><\/div><style type=\"text\/css\">.fusion-body .fusion-flex-container.fusion-builder-row-3{ padding-top : 4%;margin-top : 0px;padding-right : 0px;padding-bottom : 4%;margin-bottom : 0px;padding-left : 0px;}<\/style><\/div><\/p>\n","protected":false},"excerpt":{"rendered":"","protected":false},"author":1,"featured_media":0,"parent":0,"menu_order":0,"comment_status":"closed","ping_status":"closed","template":"100-width.php","meta":{"footnotes":""},"class_list":["post-928","page","type-page","status-publish","hentry"],"_links":{"self":[{"href":"https:\/\/aifec.eu\/congreso2022\/index.php?rest_route=\/wp\/v2\/pages\/928","targetHints":{"allow":["GET"]}}],"collection":[{"href":"https:\/\/aifec.eu\/congreso2022\/index.php?rest_route=\/wp\/v2\/pages"}],"about":[{"href":"https:\/\/aifec.eu\/congreso2022\/index.php?rest_route=\/wp\/v2\/types\/page"}],"author":[{"embeddable":true,"href":"https:\/\/aifec.eu\/congreso2022\/index.php?rest_route=\/wp\/v2\/users\/1"}],"replies":[{"embeddable":true,"href":"https:\/\/aifec.eu\/congreso2022\/index.php?rest_route=%2Fwp%2Fv2%2Fcomments&post=928"}],"version-history":[{"count":3,"href":"https:\/\/aifec.eu\/congreso2022\/index.php?rest_route=\/wp\/v2\/pages\/928\/revisions"}],"predecessor-version":[{"id":932,"href":"https:\/\/aifec.eu\/congreso2022\/index.php?rest_route=\/wp\/v2\/pages\/928\/revisions\/932"}],"wp:attachment":[{"href":"https:\/\/aifec.eu\/congreso2022\/index.php?rest_route=%2Fwp%2Fv2%2Fmedia&parent=928"}],"curies":[{"name":"wp","href":"https:\/\/api.w.org\/{rel}","templated":true}]}}