{"id":923,"date":"2022-05-11T08:11:44","date_gmt":"2022-05-11T08:11:44","guid":{"rendered":"https:\/\/aifec.eu\/congreso2022\/?page_id=923"},"modified":"2022-05-11T10:23:37","modified_gmt":"2022-05-11T10:23:37","slug":"almuerzo-de-trabajo-portugues","status":"publish","type":"page","link":"https:\/\/aifec.eu\/congreso2022\/?page_id=923&lang=pt","title":{"rendered":"Almuerzo de trabajo &#8211; Portugu\u00eas"},"content":{"rendered":"<div class=\"fusion-fullwidth fullwidth-box fusion-builder-row-1 fusion-flex-container nonhundred-percent-fullwidth non-hundred-percent-height-scrolling\" style=\"background-color: rgba(255,255,255,0);background-position: center center;background-repeat: no-repeat;border-width: 0px 0px 0px 0px;border-color:#e2e2e2;border-style:solid;\" ><div class=\"fusion-builder-row fusion-row fusion-flex-align-items-flex-start\" style=\"max-width:1248px;margin-left: calc(-4% \/ 2 );margin-right: calc(-4% \/ 2 );\"><div class=\"fusion-layout-column fusion_builder_column fusion-builder-column-0 fusion_builder_column_1_1 1_1 fusion-flex-column\"><div class=\"fusion-column-wrapper fusion-flex-justify-content-flex-start fusion-content-layout-column\" style=\"background-position:left top;background-repeat:no-repeat;-webkit-background-size:cover;-moz-background-size:cover;-o-background-size:cover;background-size:cover;padding: 0px 0px 0px 0px;\"><div class=\"fusion-text fusion-text-1\" style=\"transform:translate3d(0,0,0);\"><p id=\"tw-target-text\" class=\"tw-data-text tw-text-large tw-ta\" dir=\"ltr\" style=\"text-align: center;\" data-placeholder=\"Traducci\u00f3n\"><span class=\"Y2IQFc\" lang=\"pt\">Na sexta-feira, 10 de junho, ser\u00e1 realizado o almo\u00e7o de trabalho no restaurante da piscina do hotel, onde os congressistas e <\/span><span class=\"Y2IQFc\" lang=\"pt\">seus acompanhantes poder\u00e3o desfrutar de um agrad\u00e1vel encontro para compartilhar suas experi\u00eancias do congresso. <\/span><\/p>\n<p class=\"tw-data-text tw-text-large tw-ta\" dir=\"ltr\" style=\"text-align: center;\" data-placeholder=\"Traducci\u00f3n\"><span class=\"Y2IQFc\" lang=\"pt\">O almo\u00e7o \u00e9 patrocinado pela empresa Adestor TorrasPapel.<\/span><\/p>\n<p><img decoding=\"async\" class=\" wp-image-496 aligncenter\" src=\"https:\/\/aifec.eu\/congreso2022\/wp-content\/uploads\/2022\/03\/ADESTOR.jpg\" alt=\"\" width=\"246\" height=\"50\" srcset=\"https:\/\/aifec.eu\/congreso2022\/wp-content\/uploads\/2022\/03\/ADESTOR-200x41.jpg 200w, https:\/\/aifec.eu\/congreso2022\/wp-content\/uploads\/2022\/03\/ADESTOR-300x61.jpg 300w, https:\/\/aifec.eu\/congreso2022\/wp-content\/uploads\/2022\/03\/ADESTOR-400x81.jpg 400w, https:\/\/aifec.eu\/congreso2022\/wp-content\/uploads\/2022\/03\/ADESTOR-600x122.jpg 600w, https:\/\/aifec.eu\/congreso2022\/wp-content\/uploads\/2022\/03\/ADESTOR-768x156.jpg 768w, https:\/\/aifec.eu\/congreso2022\/wp-content\/uploads\/2022\/03\/ADESTOR-800x163.jpg 800w, https:\/\/aifec.eu\/congreso2022\/wp-content\/uploads\/2022\/03\/ADESTOR.jpg 879w\" sizes=\"(max-width: 246px) 100vw, 246px\" \/><\/p>\n<\/div><\/div><\/div><style type=\"text\/css\">.fusion-body .fusion-builder-column-0{width:100% !important;margin-top : 0px;margin-bottom : 20px;}.fusion-builder-column-0 > .fusion-column-wrapper {padding-top : 0px !important;padding-right : 0px !important;margin-right : 1.92%;padding-bottom : 0px !important;padding-left : 0px !important;margin-left : 1.92%;}@media only screen and (max-width:1024px) {.fusion-body .fusion-builder-column-0{width:100% !important;order : 0;}.fusion-builder-column-0 > .fusion-column-wrapper {margin-right : 1.92%;margin-left : 1.92%;}}@media only screen and (max-width:640px) {.fusion-body .fusion-builder-column-0{width:100% !important;order : 0;}.fusion-builder-column-0 > .fusion-column-wrapper {margin-right : 1.92%;margin-left : 1.92%;}}<\/style><div class=\"fusion-layout-column fusion_builder_column fusion-builder-column-1 fusion_builder_column_1_1 1_1 fusion-flex-column\"><div class=\"fusion-column-wrapper fusion-flex-justify-content-flex-start fusion-content-layout-column\" style=\"background-position:left top;background-repeat:no-repeat;-webkit-background-size:cover;-moz-background-size:cover;-o-background-size:cover;background-size:cover;padding: 0px 0px 0px 0px;\"><div class=\"fusion-slider-sc\"><div class=\"fusion-flexslider-loading flexslider flexslider-hover-type-none\" data-slideshow_autoplay=\"1\" data-slideshow_smooth_height=\"0\" data-slideshow_speed=\"7000\" style=\"max-width:100%;height:100%;\"><ul class=\"slides\"><li class=\"image\"><span class=\"fusion-image-hover-element hover-type-none\"><img decoding=\"async\" src=\"https:\/\/aifec.eu\/congreso2022\/wp-content\/uploads\/2022\/03\/df.jpg\" width=\"1702\" height=\"884\" class=\"wp-image-428\" srcset=\"https:\/\/aifec.eu\/congreso2022\/wp-content\/uploads\/2022\/03\/df-200x104.jpg 200w, https:\/\/aifec.eu\/congreso2022\/wp-content\/uploads\/2022\/03\/df-400x208.jpg 400w, https:\/\/aifec.eu\/congreso2022\/wp-content\/uploads\/2022\/03\/df-600x312.jpg 600w, https:\/\/aifec.eu\/congreso2022\/wp-content\/uploads\/2022\/03\/df-800x416.jpg 800w, https:\/\/aifec.eu\/congreso2022\/wp-content\/uploads\/2022\/03\/df-1200x623.jpg 1200w, https:\/\/aifec.eu\/congreso2022\/wp-content\/uploads\/2022\/03\/df.jpg 1702w\" sizes=\"(max-width: 640px) 100vw, 1200px\" \/><\/span><\/li><li class=\"image\"><span class=\"fusion-image-hover-element hover-type-none\"><img decoding=\"async\" src=\"https:\/\/aifec.eu\/congreso2022\/wp-content\/uploads\/2022\/03\/gt.jpg\" width=\"1702\" height=\"886\" class=\"wp-image-429\" srcset=\"https:\/\/aifec.eu\/congreso2022\/wp-content\/uploads\/2022\/03\/gt-200x104.jpg 200w, https:\/\/aifec.eu\/congreso2022\/wp-content\/uploads\/2022\/03\/gt-400x208.jpg 400w, https:\/\/aifec.eu\/congreso2022\/wp-content\/uploads\/2022\/03\/gt-600x312.jpg 600w, https:\/\/aifec.eu\/congreso2022\/wp-content\/uploads\/2022\/03\/gt-800x416.jpg 800w, https:\/\/aifec.eu\/congreso2022\/wp-content\/uploads\/2022\/03\/gt-1200x625.jpg 1200w, https:\/\/aifec.eu\/congreso2022\/wp-content\/uploads\/2022\/03\/gt.jpg 1702w\" sizes=\"(max-width: 640px) 100vw, 1200px\" \/><\/span><\/li><li class=\"image\"><span class=\"fusion-image-hover-element hover-type-none\"><img decoding=\"async\" src=\"https:\/\/aifec.eu\/congreso2022\/wp-content\/uploads\/2022\/03\/mk.jpg\" width=\"1704\" height=\"886\" class=\"wp-image-430\" srcset=\"https:\/\/aifec.eu\/congreso2022\/wp-content\/uploads\/2022\/03\/mk-200x104.jpg 200w, https:\/\/aifec.eu\/congreso2022\/wp-content\/uploads\/2022\/03\/mk-400x208.jpg 400w, https:\/\/aifec.eu\/congreso2022\/wp-content\/uploads\/2022\/03\/mk-600x312.jpg 600w, https:\/\/aifec.eu\/congreso2022\/wp-content\/uploads\/2022\/03\/mk-800x416.jpg 800w, https:\/\/aifec.eu\/congreso2022\/wp-content\/uploads\/2022\/03\/mk-1200x624.jpg 1200w, https:\/\/aifec.eu\/congreso2022\/wp-content\/uploads\/2022\/03\/mk.jpg 1704w\" sizes=\"(max-width: 640px) 100vw, 1200px\" \/><\/span><\/li><li class=\"image\"><span class=\"fusion-image-hover-element hover-type-none\"><img decoding=\"async\" src=\"https:\/\/aifec.eu\/congreso2022\/wp-content\/uploads\/2022\/03\/ml.jpg\" width=\"1698\" height=\"884\" class=\"wp-image-431\" srcset=\"https:\/\/aifec.eu\/congreso2022\/wp-content\/uploads\/2022\/03\/ml-200x104.jpg 200w, https:\/\/aifec.eu\/congreso2022\/wp-content\/uploads\/2022\/03\/ml-400x208.jpg 400w, https:\/\/aifec.eu\/congreso2022\/wp-content\/uploads\/2022\/03\/ml-600x312.jpg 600w, https:\/\/aifec.eu\/congreso2022\/wp-content\/uploads\/2022\/03\/ml-800x416.jpg 800w, https:\/\/aifec.eu\/congreso2022\/wp-content\/uploads\/2022\/03\/ml-1200x625.jpg 1200w, https:\/\/aifec.eu\/congreso2022\/wp-content\/uploads\/2022\/03\/ml.jpg 1698w\" sizes=\"(max-width: 640px) 100vw, 1200px\" \/><\/span><\/li><\/ul><\/div><\/div><\/div><\/div><style type=\"text\/css\">.fusion-body .fusion-builder-column-1{width:100% !important;margin-top : 0px;margin-bottom : 20px;}.fusion-builder-column-1 > .fusion-column-wrapper {padding-top : 0px !important;padding-right : 0px !important;margin-right : 1.92%;padding-bottom : 0px !important;padding-left : 0px !important;margin-left : 1.92%;}@media only screen and (max-width:1024px) {.fusion-body .fusion-builder-column-1{width:100% !important;order : 0;}.fusion-builder-column-1 > .fusion-column-wrapper {margin-right : 1.92%;margin-left : 1.92%;}}@media only screen and (max-width:640px) {.fusion-body .fusion-builder-column-1{width:100% !important;order : 0;}.fusion-builder-column-1 > .fusion-column-wrapper {margin-right : 1.92%;margin-left : 1.92%;}}<\/style><\/div><style type=\"text\/css\">.fusion-body .fusion-flex-container.fusion-builder-row-1{ padding-top : 0px;margin-top : 0px;padding-right : 0px;padding-bottom : 0px;margin-bottom : 0px;padding-left : 0px;}<\/style><\/div>\n","protected":false},"excerpt":{"rendered":"","protected":false},"author":1,"featured_media":0,"parent":0,"menu_order":0,"comment_status":"closed","ping_status":"closed","template":"","meta":{"footnotes":""},"class_list":["post-923","page","type-page","status-publish","hentry"],"_links":{"self":[{"href":"https:\/\/aifec.eu\/congreso2022\/index.php?rest_route=\/wp\/v2\/pages\/923","targetHints":{"allow":["GET"]}}],"collection":[{"href":"https:\/\/aifec.eu\/congreso2022\/index.php?rest_route=\/wp\/v2\/pages"}],"about":[{"href":"https:\/\/aifec.eu\/congreso2022\/index.php?rest_route=\/wp\/v2\/types\/page"}],"author":[{"embeddable":true,"href":"https:\/\/aifec.eu\/congreso2022\/index.php?rest_route=\/wp\/v2\/users\/1"}],"replies":[{"embeddable":true,"href":"https:\/\/aifec.eu\/congreso2022\/index.php?rest_route=%2Fwp%2Fv2%2Fcomments&post=923"}],"version-history":[{"count":2,"href":"https:\/\/aifec.eu\/congreso2022\/index.php?rest_route=\/wp\/v2\/pages\/923\/revisions"}],"predecessor-version":[{"id":959,"href":"https:\/\/aifec.eu\/congreso2022\/index.php?rest_route=\/wp\/v2\/pages\/923\/revisions\/959"}],"wp:attachment":[{"href":"https:\/\/aifec.eu\/congreso2022\/index.php?rest_route=%2Fwp%2Fv2%2Fmedia&parent=923"}],"curies":[{"name":"wp","href":"https:\/\/api.w.org\/{rel}","templated":true}]}}