{"id":472,"date":"2022-03-24T11:54:51","date_gmt":"2022-03-24T11:54:51","guid":{"rendered":"https:\/\/aifec.eu\/congreso2022\/?page_id=472"},"modified":"2022-03-28T14:55:43","modified_gmt":"2022-03-28T14:55:43","slug":"cena-de-gala","status":"publish","type":"page","link":"https:\/\/aifec.eu\/congreso2022\/?page_id=472","title":{"rendered":"Cena y Entrega de Premios AIFEC 2022"},"content":{"rendered":"<div class=\"fusion-fullwidth fullwidth-box fusion-builder-row-1 fusion-flex-container nonhundred-percent-fullwidth non-hundred-percent-height-scrolling\" style=\"background-color: rgba(255,255,255,0);background-position: center center;background-repeat: no-repeat;border-width: 0px 0px 0px 0px;border-color:#e2e2e2;border-style:solid;\" ><div class=\"fusion-builder-row fusion-row fusion-flex-align-items-flex-start\" style=\"max-width:1248px;margin-left: calc(-4% \/ 2 );margin-right: calc(-4% \/ 2 );\"><div class=\"fusion-layout-column fusion_builder_column fusion-builder-column-0 fusion_builder_column_1_1 1_1 fusion-flex-column\"><div class=\"fusion-column-wrapper fusion-flex-justify-content-flex-start fusion-content-layout-column\" style=\"background-position:left top;background-repeat:no-repeat;-webkit-background-size:cover;-moz-background-size:cover;-o-background-size:cover;background-size:cover;padding: 0px 0px 0px 0px;\"><div class=\"fusion-text fusion-text-1\" style=\"transform:translate3d(0,0,0);\"><p style=\"text-align: center;\">El viernes 10 de junio la Cena y Entrega de Premios AIFEC 2022 se celebrar\u00e1 en el sal\u00f3n La C\u00fapula del hotel Melia Villaitana.<\/p>\n<p style=\"text-align: center;\">Un lugar excepcional para disfrutar de una gran cena, donde se entregar\u00e1n los Premios a las mejores etiquetas del a\u00f1o 2022.<\/p>\n<p style=\"text-align: center;\">AIFEC ofrece a los congresistas y acompa\u00f1antes la Cena y Entrega de Premios AIFEC 2022.<\/p>\n<p><img decoding=\"async\" class=\"wp-image-294 aligncenter\" src=\"https:\/\/aifec.eu\/congreso2022\/wp-content\/uploads\/2022\/03\/AIFEC-LOGO-FONDOBLANCO-1-scaled.jpg\" alt=\"\" width=\"355\" height=\"137\" srcset=\"https:\/\/aifec.eu\/congreso2022\/wp-content\/uploads\/2022\/03\/AIFEC-LOGO-FONDOBLANCO-1-200x78.jpg 200w, https:\/\/aifec.eu\/congreso2022\/wp-content\/uploads\/2022\/03\/AIFEC-LOGO-FONDOBLANCO-1-300x117.jpg 300w, https:\/\/aifec.eu\/congreso2022\/wp-content\/uploads\/2022\/03\/AIFEC-LOGO-FONDOBLANCO-1-400x155.jpg 400w, https:\/\/aifec.eu\/congreso2022\/wp-content\/uploads\/2022\/03\/AIFEC-LOGO-FONDOBLANCO-1-600x233.jpg 600w, https:\/\/aifec.eu\/congreso2022\/wp-content\/uploads\/2022\/03\/AIFEC-LOGO-FONDOBLANCO-1-768x298.jpg 768w, https:\/\/aifec.eu\/congreso2022\/wp-content\/uploads\/2022\/03\/AIFEC-LOGO-FONDOBLANCO-1-800x311.jpg 800w, https:\/\/aifec.eu\/congreso2022\/wp-content\/uploads\/2022\/03\/AIFEC-LOGO-FONDOBLANCO-1-1024x398.jpg 1024w, https:\/\/aifec.eu\/congreso2022\/wp-content\/uploads\/2022\/03\/AIFEC-LOGO-FONDOBLANCO-1-1200x466.jpg 1200w, https:\/\/aifec.eu\/congreso2022\/wp-content\/uploads\/2022\/03\/AIFEC-LOGO-FONDOBLANCO-1-1536x597.jpg 1536w, https:\/\/aifec.eu\/congreso2022\/wp-content\/uploads\/2022\/03\/AIFEC-LOGO-FONDOBLANCO-1-scaled.jpg 2560w\" sizes=\"(max-width: 355px) 100vw, 355px\" \/><\/p>\n<p><img decoding=\"async\" class=\"wp-image-667 aligncenter\" src=\"https:\/\/aifec.eu\/congreso2022\/wp-content\/uploads\/2022\/03\/Logo-sin-ano.jpg\" alt=\"\" width=\"226\" height=\"92\" srcset=\"https:\/\/aifec.eu\/congreso2022\/wp-content\/uploads\/2022\/03\/Logo-sin-ano-200x81.jpg 200w, https:\/\/aifec.eu\/congreso2022\/wp-content\/uploads\/2022\/03\/Logo-sin-ano-300x121.jpg 300w, https:\/\/aifec.eu\/congreso2022\/wp-content\/uploads\/2022\/03\/Logo-sin-ano-400x162.jpg 400w, https:\/\/aifec.eu\/congreso2022\/wp-content\/uploads\/2022\/03\/Logo-sin-ano-600x243.jpg 600w, https:\/\/aifec.eu\/congreso2022\/wp-content\/uploads\/2022\/03\/Logo-sin-ano-669x272.jpg 669w, https:\/\/aifec.eu\/congreso2022\/wp-content\/uploads\/2022\/03\/Logo-sin-ano-768x311.jpg 768w, https:\/\/aifec.eu\/congreso2022\/wp-content\/uploads\/2022\/03\/Logo-sin-ano-800x324.jpg 800w, https:\/\/aifec.eu\/congreso2022\/wp-content\/uploads\/2022\/03\/Logo-sin-ano-1024x414.jpg 1024w, https:\/\/aifec.eu\/congreso2022\/wp-content\/uploads\/2022\/03\/Logo-sin-ano-1200x486.jpg 1200w, https:\/\/aifec.eu\/congreso2022\/wp-content\/uploads\/2022\/03\/Logo-sin-ano-1536x622.jpg 1536w, https:\/\/aifec.eu\/congreso2022\/wp-content\/uploads\/2022\/03\/Logo-sin-ano.jpg 2016w\" sizes=\"(max-width: 226px) 100vw, 226px\" \/><\/p>\n<\/div><div class=\"fusion-slider-sc\"><div class=\"fusion-flexslider-loading flexslider flexslider-hover-type-none\" data-slideshow_autoplay=\"1\" data-slideshow_smooth_height=\"0\" data-slideshow_speed=\"2400\" style=\"max-width:100%;height:100%;\"><ul class=\"slides\"><li class=\"image\"><span class=\"fusion-image-hover-element hover-type-none\"><img decoding=\"async\" src=\"https:\/\/aifec.eu\/congreso2022\/wp-content\/uploads\/2022\/03\/bnh.jpg\" width=\"1050\" height=\"712\" class=\"wp-image-499\" srcset=\"https:\/\/aifec.eu\/congreso2022\/wp-content\/uploads\/2022\/03\/bnh-200x136.jpg 200w, https:\/\/aifec.eu\/congreso2022\/wp-content\/uploads\/2022\/03\/bnh-400x271.jpg 400w, https:\/\/aifec.eu\/congreso2022\/wp-content\/uploads\/2022\/03\/bnh-600x407.jpg 600w, https:\/\/aifec.eu\/congreso2022\/wp-content\/uploads\/2022\/03\/bnh-800x542.jpg 800w, https:\/\/aifec.eu\/congreso2022\/wp-content\/uploads\/2022\/03\/bnh.jpg 1050w\" sizes=\"(max-width: 640px) 100vw, 1050px\" \/><\/span><\/li><li class=\"image\"><span class=\"fusion-image-hover-element hover-type-none\"><img decoding=\"async\" src=\"https:\/\/aifec.eu\/congreso2022\/wp-content\/uploads\/2022\/03\/fd.jpg\" width=\"960\" height=\"640\" class=\"wp-image-501\" srcset=\"https:\/\/aifec.eu\/congreso2022\/wp-content\/uploads\/2022\/03\/fd-200x133.jpg 200w, https:\/\/aifec.eu\/congreso2022\/wp-content\/uploads\/2022\/03\/fd-400x267.jpg 400w, https:\/\/aifec.eu\/congreso2022\/wp-content\/uploads\/2022\/03\/fd-600x400.jpg 600w, https:\/\/aifec.eu\/congreso2022\/wp-content\/uploads\/2022\/03\/fd-800x533.jpg 800w, https:\/\/aifec.eu\/congreso2022\/wp-content\/uploads\/2022\/03\/fd.jpg 960w\" sizes=\"(max-width: 640px) 100vw, 960px\" \/><\/span><\/li><li class=\"image\"><span class=\"fusion-image-hover-element hover-type-none\"><img decoding=\"async\" src=\"https:\/\/aifec.eu\/congreso2022\/wp-content\/uploads\/2022\/03\/vg.jpg\" width=\"960\" height=\"640\" class=\"wp-image-502\" srcset=\"https:\/\/aifec.eu\/congreso2022\/wp-content\/uploads\/2022\/03\/vg-200x133.jpg 200w, https:\/\/aifec.eu\/congreso2022\/wp-content\/uploads\/2022\/03\/vg-400x267.jpg 400w, https:\/\/aifec.eu\/congreso2022\/wp-content\/uploads\/2022\/03\/vg-600x400.jpg 600w, https:\/\/aifec.eu\/congreso2022\/wp-content\/uploads\/2022\/03\/vg-800x533.jpg 800w, https:\/\/aifec.eu\/congreso2022\/wp-content\/uploads\/2022\/03\/vg.jpg 960w\" sizes=\"(max-width: 640px) 100vw, 960px\" \/><\/span><\/li><\/ul><\/div><\/div><\/div><\/div><style type=\"text\/css\">.fusion-body .fusion-builder-column-0{width:100% !important;margin-top : 0px;margin-bottom : 20px;}.fusion-builder-column-0 > .fusion-column-wrapper {padding-top : 0px !important;padding-right : 0px !important;margin-right : 1.92%;padding-bottom : 0px !important;padding-left : 0px !important;margin-left : 1.92%;}@media only screen and (max-width:1024px) {.fusion-body .fusion-builder-column-0{width:100% !important;order : 0;}.fusion-builder-column-0 > .fusion-column-wrapper {margin-right : 1.92%;margin-left : 1.92%;}}@media only screen and (max-width:640px) {.fusion-body .fusion-builder-column-0{width:100% !important;order : 0;}.fusion-builder-column-0 > .fusion-column-wrapper {margin-right : 1.92%;margin-left : 1.92%;}}<\/style><\/div><style type=\"text\/css\">.fusion-body .fusion-flex-container.fusion-builder-row-1{ padding-top : 0px;margin-top : 0px;padding-right : 0px;padding-bottom : 0px;margin-bottom : 0px;padding-left : 0px;}<\/style><\/div>\n","protected":false},"excerpt":{"rendered":"","protected":false},"author":1,"featured_media":0,"parent":0,"menu_order":0,"comment_status":"closed","ping_status":"closed","template":"","meta":{"footnotes":""},"class_list":["post-472","page","type-page","status-publish","hentry"],"_links":{"self":[{"href":"https:\/\/aifec.eu\/congreso2022\/index.php?rest_route=\/wp\/v2\/pages\/472","targetHints":{"allow":["GET"]}}],"collection":[{"href":"https:\/\/aifec.eu\/congreso2022\/index.php?rest_route=\/wp\/v2\/pages"}],"about":[{"href":"https:\/\/aifec.eu\/congreso2022\/index.php?rest_route=\/wp\/v2\/types\/page"}],"author":[{"embeddable":true,"href":"https:\/\/aifec.eu\/congreso2022\/index.php?rest_route=\/wp\/v2\/users\/1"}],"replies":[{"embeddable":true,"href":"https:\/\/aifec.eu\/congreso2022\/index.php?rest_route=%2Fwp%2Fv2%2Fcomments&post=472"}],"version-history":[{"count":20,"href":"https:\/\/aifec.eu\/congreso2022\/index.php?rest_route=\/wp\/v2\/pages\/472\/revisions"}],"predecessor-version":[{"id":679,"href":"https:\/\/aifec.eu\/congreso2022\/index.php?rest_route=\/wp\/v2\/pages\/472\/revisions\/679"}],"wp:attachment":[{"href":"https:\/\/aifec.eu\/congreso2022\/index.php?rest_route=%2Fwp%2Fv2%2Fmedia&parent=472"}],"curies":[{"name":"wp","href":"https:\/\/api.w.org\/{rel}","templated":true}]}}