{"id":398,"date":"2022-03-23T09:46:24","date_gmt":"2022-03-23T09:46:24","guid":{"rendered":"https:\/\/aifec.eu\/congreso2022\/?page_id=398"},"modified":"2022-03-25T15:10:44","modified_gmt":"2022-03-25T15:10:44","slug":"cena-de-bienvenida","status":"publish","type":"page","link":"https:\/\/aifec.eu\/congreso2022\/?page_id=398","title":{"rendered":"Almuerzo de trabajo"},"content":{"rendered":"<div class=\"fusion-fullwidth fullwidth-box fusion-builder-row-1 fusion-flex-container nonhundred-percent-fullwidth non-hundred-percent-height-scrolling\" style=\"background-color: rgba(255,255,255,0);background-position: center center;background-repeat: no-repeat;border-width: 0px 0px 0px 0px;border-color:#e2e2e2;border-style:solid;\" ><div class=\"fusion-builder-row fusion-row fusion-flex-align-items-flex-start\" style=\"max-width:1248px;margin-left: calc(-4% \/ 2 );margin-right: calc(-4% \/ 2 );\"><div class=\"fusion-layout-column fusion_builder_column fusion-builder-column-0 fusion_builder_column_1_1 1_1 fusion-flex-column\"><div class=\"fusion-column-wrapper fusion-flex-justify-content-flex-start fusion-content-layout-column\" style=\"background-position:left top;background-repeat:no-repeat;-webkit-background-size:cover;-moz-background-size:cover;-o-background-size:cover;background-size:cover;padding: 0px 0px 0px 0px;\"><div class=\"fusion-text fusion-text-1\" style=\"transform:translate3d(0,0,0);\"><p style=\"text-align: center;\">El viernes 10 de junio, el almuerzo de trabajo se celebrar\u00e1 en el restaurante de la piscina del hotel, donde podr\u00e1n disfrutar tanto congresistas como acompa\u00f1antes de un agradable encuentro para compartir sus vivencias sobre el congreso.<\/p>\n<p style=\"text-align: center;\">El almuerzo est\u00e1 patrocinada por la empresa Adestor TorrasPapel.<\/p>\n<p><img decoding=\"async\" class=\" wp-image-496 aligncenter\" src=\"https:\/\/aifec.eu\/congreso2022\/wp-content\/uploads\/2022\/03\/ADESTOR.jpg\" alt=\"\" width=\"246\" height=\"50\" srcset=\"https:\/\/aifec.eu\/congreso2022\/wp-content\/uploads\/2022\/03\/ADESTOR-200x41.jpg 200w, https:\/\/aifec.eu\/congreso2022\/wp-content\/uploads\/2022\/03\/ADESTOR-300x61.jpg 300w, https:\/\/aifec.eu\/congreso2022\/wp-content\/uploads\/2022\/03\/ADESTOR-400x81.jpg 400w, https:\/\/aifec.eu\/congreso2022\/wp-content\/uploads\/2022\/03\/ADESTOR-600x122.jpg 600w, https:\/\/aifec.eu\/congreso2022\/wp-content\/uploads\/2022\/03\/ADESTOR-768x156.jpg 768w, https:\/\/aifec.eu\/congreso2022\/wp-content\/uploads\/2022\/03\/ADESTOR-800x163.jpg 800w, https:\/\/aifec.eu\/congreso2022\/wp-content\/uploads\/2022\/03\/ADESTOR.jpg 879w\" sizes=\"(max-width: 246px) 100vw, 246px\" \/><\/p>\n<\/div><\/div><\/div><style type=\"text\/css\">.fusion-body .fusion-builder-column-0{width:100% !important;margin-top : 0px;margin-bottom : 20px;}.fusion-builder-column-0 > .fusion-column-wrapper {padding-top : 0px !important;padding-right : 0px !important;margin-right : 1.92%;padding-bottom : 0px !important;padding-left : 0px !important;margin-left : 1.92%;}@media only screen and (max-width:1024px) {.fusion-body .fusion-builder-column-0{width:100% !important;order : 0;}.fusion-builder-column-0 > .fusion-column-wrapper {margin-right : 1.92%;margin-left : 1.92%;}}@media only screen and (max-width:640px) {.fusion-body .fusion-builder-column-0{width:100% !important;order : 0;}.fusion-builder-column-0 > .fusion-column-wrapper {margin-right : 1.92%;margin-left : 1.92%;}}<\/style><div class=\"fusion-layout-column fusion_builder_column fusion-builder-column-1 fusion_builder_column_1_1 1_1 fusion-flex-column\"><div class=\"fusion-column-wrapper fusion-flex-justify-content-flex-start fusion-content-layout-column\" style=\"background-position:left top;background-repeat:no-repeat;-webkit-background-size:cover;-moz-background-size:cover;-o-background-size:cover;background-size:cover;padding: 0px 0px 0px 0px;\"><div class=\"fusion-slider-sc\"><div class=\"fusion-flexslider-loading flexslider flexslider-hover-type-none\" data-slideshow_autoplay=\"1\" data-slideshow_smooth_height=\"0\" data-slideshow_speed=\"7000\" style=\"max-width:100%;height:100%;\"><ul class=\"slides\"><li class=\"image\"><span class=\"fusion-image-hover-element hover-type-none\"><img decoding=\"async\" src=\"https:\/\/aifec.eu\/congreso2022\/wp-content\/uploads\/2022\/03\/df.jpg\" width=\"1702\" height=\"884\" class=\"wp-image-428\" srcset=\"https:\/\/aifec.eu\/congreso2022\/wp-content\/uploads\/2022\/03\/df-200x104.jpg 200w, https:\/\/aifec.eu\/congreso2022\/wp-content\/uploads\/2022\/03\/df-400x208.jpg 400w, https:\/\/aifec.eu\/congreso2022\/wp-content\/uploads\/2022\/03\/df-600x312.jpg 600w, https:\/\/aifec.eu\/congreso2022\/wp-content\/uploads\/2022\/03\/df-800x416.jpg 800w, https:\/\/aifec.eu\/congreso2022\/wp-content\/uploads\/2022\/03\/df-1200x623.jpg 1200w, https:\/\/aifec.eu\/congreso2022\/wp-content\/uploads\/2022\/03\/df.jpg 1702w\" sizes=\"(max-width: 640px) 100vw, 1702px\" \/><\/span><\/li><li class=\"image\"><span class=\"fusion-image-hover-element hover-type-none\"><img decoding=\"async\" src=\"https:\/\/aifec.eu\/congreso2022\/wp-content\/uploads\/2022\/03\/gt.jpg\" width=\"1702\" height=\"886\" class=\"wp-image-429\" srcset=\"https:\/\/aifec.eu\/congreso2022\/wp-content\/uploads\/2022\/03\/gt-200x104.jpg 200w, https:\/\/aifec.eu\/congreso2022\/wp-content\/uploads\/2022\/03\/gt-400x208.jpg 400w, https:\/\/aifec.eu\/congreso2022\/wp-content\/uploads\/2022\/03\/gt-600x312.jpg 600w, https:\/\/aifec.eu\/congreso2022\/wp-content\/uploads\/2022\/03\/gt-800x416.jpg 800w, https:\/\/aifec.eu\/congreso2022\/wp-content\/uploads\/2022\/03\/gt-1200x625.jpg 1200w, https:\/\/aifec.eu\/congreso2022\/wp-content\/uploads\/2022\/03\/gt.jpg 1702w\" sizes=\"(max-width: 640px) 100vw, 1702px\" \/><\/span><\/li><li class=\"image\"><span class=\"fusion-image-hover-element hover-type-none\"><img decoding=\"async\" src=\"https:\/\/aifec.eu\/congreso2022\/wp-content\/uploads\/2022\/03\/mk.jpg\" width=\"1704\" height=\"886\" class=\"wp-image-430\" srcset=\"https:\/\/aifec.eu\/congreso2022\/wp-content\/uploads\/2022\/03\/mk-200x104.jpg 200w, https:\/\/aifec.eu\/congreso2022\/wp-content\/uploads\/2022\/03\/mk-400x208.jpg 400w, https:\/\/aifec.eu\/congreso2022\/wp-content\/uploads\/2022\/03\/mk-600x312.jpg 600w, https:\/\/aifec.eu\/congreso2022\/wp-content\/uploads\/2022\/03\/mk-800x416.jpg 800w, https:\/\/aifec.eu\/congreso2022\/wp-content\/uploads\/2022\/03\/mk-1200x624.jpg 1200w, https:\/\/aifec.eu\/congreso2022\/wp-content\/uploads\/2022\/03\/mk.jpg 1704w\" sizes=\"(max-width: 640px) 100vw, 1704px\" \/><\/span><\/li><li class=\"image\"><span class=\"fusion-image-hover-element hover-type-none\"><img decoding=\"async\" src=\"https:\/\/aifec.eu\/congreso2022\/wp-content\/uploads\/2022\/03\/ml.jpg\" width=\"1698\" height=\"884\" class=\"wp-image-431\" srcset=\"https:\/\/aifec.eu\/congreso2022\/wp-content\/uploads\/2022\/03\/ml-200x104.jpg 200w, https:\/\/aifec.eu\/congreso2022\/wp-content\/uploads\/2022\/03\/ml-400x208.jpg 400w, https:\/\/aifec.eu\/congreso2022\/wp-content\/uploads\/2022\/03\/ml-600x312.jpg 600w, https:\/\/aifec.eu\/congreso2022\/wp-content\/uploads\/2022\/03\/ml-800x416.jpg 800w, https:\/\/aifec.eu\/congreso2022\/wp-content\/uploads\/2022\/03\/ml-1200x625.jpg 1200w, https:\/\/aifec.eu\/congreso2022\/wp-content\/uploads\/2022\/03\/ml.jpg 1698w\" sizes=\"(max-width: 640px) 100vw, 1698px\" \/><\/span><\/li><\/ul><\/div><\/div><div class=\"fusion-separator fusion-full-width-sep\" style=\"align-self: center;margin-left: auto;margin-right: auto;width:100%;\"><div class=\"fusion-separator-border sep-double\" style=\"border-color:#e2e2e2;border-top-width:1px;border-bottom-width:1px;\"><\/div><\/div><\/div><\/div><style type=\"text\/css\">.fusion-body .fusion-builder-column-1{width:100% !important;margin-top : 0px;margin-bottom : 0px;}.fusion-builder-column-1 > .fusion-column-wrapper {padding-top : 0px !important;padding-right : 0px !important;margin-right : 0%;padding-bottom : 0px !important;padding-left : 0px !important;margin-left : 0.288%;}@media only screen and (max-width:1024px) {.fusion-body .fusion-builder-column-1{width:100% !important;order : 0;}.fusion-builder-column-1 > .fusion-column-wrapper {margin-right : 0%;margin-left : 0.288%;}}@media only screen and (max-width:640px) {.fusion-body .fusion-builder-column-1{width:100% !important;order : 0;}.fusion-builder-column-1 > .fusion-column-wrapper {margin-right : 1.92%;margin-left : 1.92%;}}<\/style><\/div><style type=\"text\/css\">.fusion-body .fusion-flex-container.fusion-builder-row-1{ padding-top : 0px;margin-top : 0px;padding-right : 0px;padding-bottom : 0px;margin-bottom : 0px;padding-left : 0px;}<\/style><\/div>\n","protected":false},"excerpt":{"rendered":"","protected":false},"author":1,"featured_media":0,"parent":0,"menu_order":0,"comment_status":"closed","ping_status":"closed","template":"","meta":{"footnotes":""},"class_list":["post-398","page","type-page","status-publish","hentry"],"_links":{"self":[{"href":"https:\/\/aifec.eu\/congreso2022\/index.php?rest_route=\/wp\/v2\/pages\/398","targetHints":{"allow":["GET"]}}],"collection":[{"href":"https:\/\/aifec.eu\/congreso2022\/index.php?rest_route=\/wp\/v2\/pages"}],"about":[{"href":"https:\/\/aifec.eu\/congreso2022\/index.php?rest_route=\/wp\/v2\/types\/page"}],"author":[{"embeddable":true,"href":"https:\/\/aifec.eu\/congreso2022\/index.php?rest_route=\/wp\/v2\/users\/1"}],"replies":[{"embeddable":true,"href":"https:\/\/aifec.eu\/congreso2022\/index.php?rest_route=%2Fwp%2Fv2%2Fcomments&post=398"}],"version-history":[{"count":16,"href":"https:\/\/aifec.eu\/congreso2022\/index.php?rest_route=\/wp\/v2\/pages\/398\/revisions"}],"predecessor-version":[{"id":656,"href":"https:\/\/aifec.eu\/congreso2022\/index.php?rest_route=\/wp\/v2\/pages\/398\/revisions\/656"}],"wp:attachment":[{"href":"https:\/\/aifec.eu\/congreso2022\/index.php?rest_route=%2Fwp%2Fv2%2Fmedia&parent=398"}],"curies":[{"name":"wp","href":"https:\/\/api.w.org\/{rel}","templated":true}]}}