{"id":27,"date":"2022-02-15T11:54:55","date_gmt":"2022-02-15T11:54:55","guid":{"rendered":"https:\/\/aifec.eu\/congreso2022\/?page_id=27"},"modified":"2022-03-24T16:33:12","modified_gmt":"2022-03-24T16:33:12","slug":"location","status":"publish","type":"page","link":"https:\/\/aifec.eu\/congreso2022\/?page_id=27","title":{"rendered":"Hotel"},"content":{"rendered":"<p><div class=\"fusion-fullwidth fullwidth-box fusion-builder-row-1 fusion-flex-container nonhundred-percent-fullwidth non-hundred-percent-height-scrolling\" style=\"background-color: rgba(255,255,255,0);background-position: center center;background-repeat: no-repeat;border-width: 0px 0px 0px 0px;border-color:#e2e2e2;border-style:solid;\" ><div class=\"fusion-builder-row fusion-row fusion-flex-align-items-flex-start\" style=\"max-width:1248px;margin-left: calc(-4% \/ 2 );margin-right: calc(-4% \/ 2 );\"><\/div><style type=\"text\/css\">.fusion-body .fusion-flex-container.fusion-builder-row-1{ padding-top : 0px;margin-top : 0px;padding-right : 0px;padding-bottom : 0px;margin-bottom : 0px;padding-left : 0px;}<\/style><\/div><div class=\"fusion-fullwidth fullwidth-box fusion-builder-row-2 fusion-flex-container nonhundred-percent-fullwidth non-hundred-percent-height-scrolling\" style=\"background-color: rgba(255,255,255,0);background-position: center center;background-repeat: no-repeat;border-width: 0px 0px 0px 0px;border-color:#e2e2e2;border-style:solid;\" ><div class=\"fusion-builder-row fusion-row fusion-flex-align-items-flex-start\" style=\"max-width:1248px;margin-left: calc(-4% \/ 2 );margin-right: calc(-4% \/ 2 );\"><div class=\"fusion-layout-column fusion_builder_column fusion-builder-column-0 fusion_builder_column_1_1 1_1 fusion-flex-column\"><div class=\"fusion-column-wrapper fusion-flex-justify-content-flex-start fusion-content-layout-column\" style=\"background-position:left top;background-repeat:no-repeat;-webkit-background-size:cover;-moz-background-size:cover;-o-background-size:cover;background-size:cover;padding: 0px 0px 0px 0px;\"><div class=\"fusion-text fusion-text-1 fusion-animated\" data-animationType=\"zoomInLeft\" data-animationDuration=\"1.1\" data-animationOffset=\"100%\"><h1 style=\"text-align: center;\">Meli\u00e1 Villaitana<\/h1>\n<\/div><div class=\"fusion-text fusion-text-2\" style=\"transform:translate3d(0,0,0);\"><p class=\"c-hotel-sheet-intro__content--title\">SIENTE EL ENCANTO DE UN PUEBLO MEDITERR\u00c1NEO<\/p>\n<p class=\"c-hotel-sheet-intro__content--text\">A 42 km de Alicante, entre la sierra presidida por el Puig Campana y el skyline de rascacielos que desdibuja la l\u00ednea de mar en el horizonte, se ubica el Meli\u00e1 Villaitana. Un hotel de la Costa Blanca, inspirado en un pueblo mediterr\u00e1neo, que dise\u00f1aron los arquitectos Andres y Juan Carlos Pi\u00f1eiro reuniendo 25 edificios, entre los que destaca la r\u00e9plica de la iglesia de Altea con su campanario y su c\u00fapula de tejas, y rincones con encanto como la Plaza Real.<\/p>\n<p>Ubicado en la hermosa Costa Blanca alicantina, este complejo vacaciones dispone de modernas instalaciones y habitaciones elegantes y luminosas.\u00a0Rel\u00e1jate en la piscina lago, toma el sol en la playa artificial o sum\u00e9rgete en agua climatizada, seis piscinas (dos The Level) para tu disfrute.<\/p>\n<p>Saborea la exquisita fusi\u00f3n de la huerta levantina y el mar Mediterr\u00e1neo en sus renovados restaurantes, tradici\u00f3n y vanguardia en la mesa.\u00a0Dos campos para practicar golf (uno Executive), gimnasio, campos de f\u00fatbol, pistas de p\u00e1del y un fabuloso Yhi Spa para tu relax.<\/p>\n<\/div><\/div><\/div><style type=\"text\/css\">.fusion-body .fusion-builder-column-0{width:100% !important;margin-top : 0px;margin-bottom : 20px;}.fusion-builder-column-0 > .fusion-column-wrapper {padding-top : 0px !important;padding-right : 0px !important;margin-right : 1.92%;padding-bottom : 0px !important;padding-left : 0px !important;margin-left : 1.92%;}@media only screen and (max-width:1024px) {.fusion-body .fusion-builder-column-0{width:100% !important;order : 0;}.fusion-builder-column-0 > .fusion-column-wrapper {margin-right : 1.92%;margin-left : 1.92%;}}@media only screen and (max-width:640px) {.fusion-body .fusion-builder-column-0{width:100% !important;order : 0;}.fusion-builder-column-0 > .fusion-column-wrapper {margin-right : 1.92%;margin-left : 1.92%;}}<\/style><div class=\"fusion-layout-column fusion_builder_column fusion-builder-column-1 fusion_builder_column_1_1 1_1 fusion-flex-column\"><div class=\"fusion-column-wrapper fusion-flex-justify-content-flex-start fusion-content-layout-column\" style=\"background-position:left top;background-repeat:no-repeat;-webkit-background-size:cover;-moz-background-size:cover;-o-background-size:cover;background-size:cover;padding: 0px 0px 116px 0px;\"><div class=\"fusion-video fusion-youtube\" style=\"max-width:600px;max-height:360px;align-self:center; width:100%\"><div class=\"video-shortcode\"><iframe title=\"YouTube video player\" src=\"https:\/\/www.youtube.com\/embed\/XvhnE9WW0pA?wmode=transparent&autoplay=0\" width=\"600\" height=\"360\" allowfullscreen allow=\"autoplay; fullscreen\"><\/iframe><\/div><\/div><\/div><\/div><style type=\"text\/css\">.fusion-body .fusion-builder-column-1{width:100% !important;margin-top : 44.985294342041016px;margin-bottom : 20px;}.fusion-builder-column-1 > .fusion-column-wrapper {padding-top : 0px !important;padding-right : 0px !important;margin-right : 1.92%;padding-bottom : 116px !important;padding-left : 0px !important;margin-left : 1.92%;}@media only screen and (max-width:1024px) {.fusion-body .fusion-builder-column-1{width:100% !important;order : 0;}.fusion-builder-column-1 > .fusion-column-wrapper {margin-right : 1.92%;margin-left : 1.92%;}}@media only screen and (max-width:640px) {.fusion-body .fusion-builder-column-1{width:100% !important;order : 0;}.fusion-builder-column-1 > .fusion-column-wrapper {margin-right : 1.92%;margin-left : 1.92%;}}<\/style><\/div><style type=\"text\/css\">.fusion-body .fusion-flex-container.fusion-builder-row-2{ padding-top : 0px;margin-top : 0px;padding-right : 0px;padding-bottom : 0px;margin-bottom : 0px;padding-left : 0px;}<\/style><\/div><div class=\"fusion-fullwidth fullwidth-box fusion-builder-row-3 fusion-flex-container nonhundred-percent-fullwidth non-hundred-percent-height-scrolling\" style=\"background-color: rgba(255,255,255,0);background-position: center center;background-repeat: no-repeat;border-width: 0px 0px 0px 0px;border-color:#e2e2e2;border-style:solid;\" ><div class=\"fusion-builder-row fusion-row fusion-flex-align-items-flex-start\" style=\"max-width:1248px;margin-left: calc(-4% \/ 2 );margin-right: calc(-4% \/ 2 );\"><div class=\"fusion-layout-column fusion_builder_column fusion-builder-column-2 fusion_builder_column_1_1 1_1 fusion-flex-column\"><div class=\"fusion-column-wrapper fusion-flex-justify-content-flex-start fusion-content-layout-column\" style=\"background-position:left top;background-repeat:no-repeat;-webkit-background-size:cover;-moz-background-size:cover;-o-background-size:cover;background-size:cover;padding: 0px 0px 0px 0px;\"><div class=\"fusion-text fusion-text-3\" style=\"transform:translate3d(0,0,0);\"><h1 style=\"text-align: center;\">Fotos<\/h1>\n<\/div><\/div><\/div><style type=\"text\/css\">.fusion-body .fusion-builder-column-2{width:100% !important;margin-top : 0px;margin-bottom : 20px;}.fusion-builder-column-2 > .fusion-column-wrapper {padding-top : 0px !important;padding-right : 0px !important;margin-right : 1.92%;padding-bottom : 0px !important;padding-left : 0px !important;margin-left : 1.92%;}@media only screen and (max-width:1024px) {.fusion-body .fusion-builder-column-2{width:100% !important;order : 0;}.fusion-builder-column-2 > .fusion-column-wrapper {margin-right : 1.92%;margin-left : 1.92%;}}@media only screen and (max-width:640px) {.fusion-body .fusion-builder-column-2{width:100% !important;order : 0;}.fusion-builder-column-2 > .fusion-column-wrapper {margin-right : 1.92%;margin-left : 1.92%;}}<\/style><\/div><style type=\"text\/css\">.fusion-body .fusion-flex-container.fusion-builder-row-3{ padding-top : 0px;margin-top : 0px;padding-right : 0px;padding-bottom : 0px;margin-bottom : 0px;padding-left : 0px;}<\/style><\/div><div class=\"fusion-fullwidth fullwidth-box fusion-builder-row-4 fusion-flex-container nonhundred-percent-fullwidth non-hundred-percent-height-scrolling\" style=\"background-color: rgba(255,255,255,0);background-position: center center;background-repeat: no-repeat;border-width: 0px 0px 0px 0px;border-color:#e2e2e2;border-style:solid;\" ><div class=\"fusion-builder-row fusion-row fusion-flex-align-items-flex-start\" style=\"max-width:1248px;margin-left: calc(-4% \/ 2 );margin-right: calc(-4% \/ 2 );\"><div class=\"fusion-layout-column fusion_builder_column fusion-builder-column-3 fusion_builder_column_1_1 1_1 fusion-flex-column\"><div class=\"fusion-column-wrapper fusion-flex-justify-content-flex-start fusion-content-layout-column\" style=\"background-position:left top;background-repeat:no-repeat;-webkit-background-size:cover;-moz-background-size:cover;-o-background-size:cover;background-size:cover;padding: 0px 0px 0px 0px;\"><div class=\"fusion-slider-sc\"><div class=\"fusion-flexslider-loading flexslider flexslider-hover-type-none\" data-slideshow_autoplay=\"1\" data-slideshow_smooth_height=\"0\" data-slideshow_speed=\"7000\" style=\"max-width:100%;height:100%;\"><ul class=\"slides\"><li class=\"image\"><span class=\"fusion-image-hover-element hover-type-none\"><img decoding=\"async\" src=\"https:\/\/aifec.eu\/congreso2022\/wp-content\/uploads\/2022\/02\/sdf-2.jpg\" width=\"1706\" height=\"898\" class=\"wp-image-52\" srcset=\"https:\/\/aifec.eu\/congreso2022\/wp-content\/uploads\/2022\/02\/sdf-2-200x105.jpg 200w, https:\/\/aifec.eu\/congreso2022\/wp-content\/uploads\/2022\/02\/sdf-2-400x211.jpg 400w, https:\/\/aifec.eu\/congreso2022\/wp-content\/uploads\/2022\/02\/sdf-2-600x316.jpg 600w, https:\/\/aifec.eu\/congreso2022\/wp-content\/uploads\/2022\/02\/sdf-2-800x421.jpg 800w, https:\/\/aifec.eu\/congreso2022\/wp-content\/uploads\/2022\/02\/sdf-2-1200x632.jpg 1200w, https:\/\/aifec.eu\/congreso2022\/wp-content\/uploads\/2022\/02\/sdf-2.jpg 1706w\" sizes=\"(max-width: 640px) 100vw, 1200px\" \/><\/span><\/li><li class=\"image\"><span class=\"fusion-image-hover-element hover-type-none\"><img decoding=\"async\" src=\"https:\/\/aifec.eu\/congreso2022\/wp-content\/uploads\/2022\/02\/f.jpg\" width=\"1710\" height=\"896\" class=\"wp-image-61\" srcset=\"https:\/\/aifec.eu\/congreso2022\/wp-content\/uploads\/2022\/02\/f-200x105.jpg 200w, https:\/\/aifec.eu\/congreso2022\/wp-content\/uploads\/2022\/02\/f-400x210.jpg 400w, https:\/\/aifec.eu\/congreso2022\/wp-content\/uploads\/2022\/02\/f-600x314.jpg 600w, https:\/\/aifec.eu\/congreso2022\/wp-content\/uploads\/2022\/02\/f-800x419.jpg 800w, https:\/\/aifec.eu\/congreso2022\/wp-content\/uploads\/2022\/02\/f-1200x629.jpg 1200w, https:\/\/aifec.eu\/congreso2022\/wp-content\/uploads\/2022\/02\/f.jpg 1710w\" sizes=\"(max-width: 640px) 100vw, 1200px\" \/><\/span><\/li><li class=\"image\"><span class=\"fusion-image-hover-element hover-type-none\"><img decoding=\"async\" src=\"https:\/\/aifec.eu\/congreso2022\/wp-content\/uploads\/2022\/02\/tyu.jpg\" width=\"1702\" height=\"886\" class=\"wp-image-67\" srcset=\"https:\/\/aifec.eu\/congreso2022\/wp-content\/uploads\/2022\/02\/tyu-200x104.jpg 200w, https:\/\/aifec.eu\/congreso2022\/wp-content\/uploads\/2022\/02\/tyu-400x208.jpg 400w, https:\/\/aifec.eu\/congreso2022\/wp-content\/uploads\/2022\/02\/tyu-600x312.jpg 600w, https:\/\/aifec.eu\/congreso2022\/wp-content\/uploads\/2022\/02\/tyu-800x416.jpg 800w, https:\/\/aifec.eu\/congreso2022\/wp-content\/uploads\/2022\/02\/tyu-1200x625.jpg 1200w, https:\/\/aifec.eu\/congreso2022\/wp-content\/uploads\/2022\/02\/tyu.jpg 1702w\" sizes=\"(max-width: 640px) 100vw, 1200px\" \/><\/span><\/li><li class=\"image\"><span class=\"fusion-image-hover-element hover-type-none\"><img decoding=\"async\" src=\"https:\/\/aifec.eu\/congreso2022\/wp-content\/uploads\/2022\/02\/t.jpg\" width=\"1714\" height=\"888\" class=\"wp-image-63\" srcset=\"https:\/\/aifec.eu\/congreso2022\/wp-content\/uploads\/2022\/02\/t-200x104.jpg 200w, https:\/\/aifec.eu\/congreso2022\/wp-content\/uploads\/2022\/02\/t-400x207.jpg 400w, https:\/\/aifec.eu\/congreso2022\/wp-content\/uploads\/2022\/02\/t-600x311.jpg 600w, https:\/\/aifec.eu\/congreso2022\/wp-content\/uploads\/2022\/02\/t-800x414.jpg 800w, https:\/\/aifec.eu\/congreso2022\/wp-content\/uploads\/2022\/02\/t-1200x622.jpg 1200w, https:\/\/aifec.eu\/congreso2022\/wp-content\/uploads\/2022\/02\/t.jpg 1714w\" sizes=\"(max-width: 640px) 100vw, 1200px\" \/><\/span><\/li><li class=\"image\"><span class=\"fusion-image-hover-element hover-type-none\"><img decoding=\"async\" src=\"https:\/\/aifec.eu\/congreso2022\/wp-content\/uploads\/2022\/02\/c.jpg\" width=\"1720\" height=\"902\" class=\"wp-image-55\" srcset=\"https:\/\/aifec.eu\/congreso2022\/wp-content\/uploads\/2022\/02\/c-200x105.jpg 200w, https:\/\/aifec.eu\/congreso2022\/wp-content\/uploads\/2022\/02\/c-400x210.jpg 400w, https:\/\/aifec.eu\/congreso2022\/wp-content\/uploads\/2022\/02\/c-600x315.jpg 600w, https:\/\/aifec.eu\/congreso2022\/wp-content\/uploads\/2022\/02\/c-800x420.jpg 800w, https:\/\/aifec.eu\/congreso2022\/wp-content\/uploads\/2022\/02\/c-1200x629.jpg 1200w, https:\/\/aifec.eu\/congreso2022\/wp-content\/uploads\/2022\/02\/c.jpg 1720w\" sizes=\"(max-width: 640px) 100vw, 1200px\" \/><\/span><\/li><li class=\"image\"><span class=\"fusion-image-hover-element hover-type-none\"><img decoding=\"async\" src=\"https:\/\/aifec.eu\/congreso2022\/wp-content\/uploads\/2022\/02\/x.jpg\" width=\"1722\" height=\"900\" class=\"wp-image-54\" srcset=\"https:\/\/aifec.eu\/congreso2022\/wp-content\/uploads\/2022\/02\/x-200x105.jpg 200w, https:\/\/aifec.eu\/congreso2022\/wp-content\/uploads\/2022\/02\/x-400x209.jpg 400w, https:\/\/aifec.eu\/congreso2022\/wp-content\/uploads\/2022\/02\/x-600x314.jpg 600w, https:\/\/aifec.eu\/congreso2022\/wp-content\/uploads\/2022\/02\/x-800x418.jpg 800w, https:\/\/aifec.eu\/congreso2022\/wp-content\/uploads\/2022\/02\/x-1200x627.jpg 1200w, https:\/\/aifec.eu\/congreso2022\/wp-content\/uploads\/2022\/02\/x.jpg 1722w\" sizes=\"(max-width: 640px) 100vw, 1200px\" \/><\/span><\/li><li class=\"image\"><span class=\"fusion-image-hover-element hover-type-none\"><img decoding=\"async\" src=\"https:\/\/aifec.eu\/congreso2022\/wp-content\/uploads\/2022\/03\/8.webp\" width=\"1200\" height=\"630\" class=\"wp-image-195\" srcset=\"https:\/\/aifec.eu\/congreso2022\/wp-content\/uploads\/2022\/03\/8-200x105.webp 200w, https:\/\/aifec.eu\/congreso2022\/wp-content\/uploads\/2022\/03\/8-300x158.webp 300w, https:\/\/aifec.eu\/congreso2022\/wp-content\/uploads\/2022\/03\/8-400x210.webp 400w, https:\/\/aifec.eu\/congreso2022\/wp-content\/uploads\/2022\/03\/8-600x315.webp 600w, https:\/\/aifec.eu\/congreso2022\/wp-content\/uploads\/2022\/03\/8-768x403.webp 768w, https:\/\/aifec.eu\/congreso2022\/wp-content\/uploads\/2022\/03\/8-800x420.webp 800w, https:\/\/aifec.eu\/congreso2022\/wp-content\/uploads\/2022\/03\/8-1024x538.webp 1024w, https:\/\/aifec.eu\/congreso2022\/wp-content\/uploads\/2022\/03\/8.webp 1200w\" sizes=\"(max-width: 640px) 100vw, 1200px\" \/><\/span><\/li><li class=\"image\"><span class=\"fusion-image-hover-element hover-type-none\"><img decoding=\"async\" src=\"https:\/\/aifec.eu\/congreso2022\/wp-content\/uploads\/2022\/03\/4.jpg\" width=\"1024\" height=\"664\" class=\"wp-image-196\" srcset=\"https:\/\/aifec.eu\/congreso2022\/wp-content\/uploads\/2022\/03\/4-200x130.jpg 200w, https:\/\/aifec.eu\/congreso2022\/wp-content\/uploads\/2022\/03\/4-400x259.jpg 400w, https:\/\/aifec.eu\/congreso2022\/wp-content\/uploads\/2022\/03\/4-600x389.jpg 600w, https:\/\/aifec.eu\/congreso2022\/wp-content\/uploads\/2022\/03\/4-800x519.jpg 800w, https:\/\/aifec.eu\/congreso2022\/wp-content\/uploads\/2022\/03\/4.jpg 1024w\" sizes=\"(max-width: 640px) 100vw, 1024px\" \/><\/span><\/li><li class=\"image\"><span class=\"fusion-image-hover-element hover-type-none\"><img decoding=\"async\" src=\"https:\/\/aifec.eu\/congreso2022\/wp-content\/uploads\/2022\/03\/n.jpg\" width=\"1696\" height=\"880\" class=\"wp-image-436\" srcset=\"https:\/\/aifec.eu\/congreso2022\/wp-content\/uploads\/2022\/03\/n-200x104.jpg 200w, https:\/\/aifec.eu\/congreso2022\/wp-content\/uploads\/2022\/03\/n-400x208.jpg 400w, https:\/\/aifec.eu\/congreso2022\/wp-content\/uploads\/2022\/03\/n-600x311.jpg 600w, https:\/\/aifec.eu\/congreso2022\/wp-content\/uploads\/2022\/03\/n-800x415.jpg 800w, https:\/\/aifec.eu\/congreso2022\/wp-content\/uploads\/2022\/03\/n-1200x623.jpg 1200w, https:\/\/aifec.eu\/congreso2022\/wp-content\/uploads\/2022\/03\/n.jpg 1696w\" sizes=\"(max-width: 640px) 100vw, 1200px\" \/><\/span><\/li><li class=\"image\"><span class=\"fusion-image-hover-element hover-type-none\"><img decoding=\"async\" src=\"https:\/\/aifec.eu\/congreso2022\/wp-content\/uploads\/2022\/03\/xc.jpg\" width=\"1702\" height=\"888\" class=\"wp-image-439\" srcset=\"https:\/\/aifec.eu\/congreso2022\/wp-content\/uploads\/2022\/03\/xc-200x104.jpg 200w, https:\/\/aifec.eu\/congreso2022\/wp-content\/uploads\/2022\/03\/xc-400x209.jpg 400w, https:\/\/aifec.eu\/congreso2022\/wp-content\/uploads\/2022\/03\/xc-600x313.jpg 600w, https:\/\/aifec.eu\/congreso2022\/wp-content\/uploads\/2022\/03\/xc-800x417.jpg 800w, https:\/\/aifec.eu\/congreso2022\/wp-content\/uploads\/2022\/03\/xc-1200x626.jpg 1200w, https:\/\/aifec.eu\/congreso2022\/wp-content\/uploads\/2022\/03\/xc.jpg 1702w\" sizes=\"(max-width: 640px) 100vw, 1200px\" \/><\/span><\/li><\/ul><\/div><\/div><\/div><\/div><style type=\"text\/css\">.fusion-body .fusion-builder-column-3{width:100% !important;margin-top : 0px;margin-bottom : 20px;}.fusion-builder-column-3 > .fusion-column-wrapper {padding-top : 0px !important;padding-right : 0px !important;margin-right : 1.92%;padding-bottom : 0px !important;padding-left : 0px !important;margin-left : 1.92%;}@media only screen and (max-width:1024px) {.fusion-body .fusion-builder-column-3{width:100% !important;order : 0;}.fusion-builder-column-3 > .fusion-column-wrapper {margin-right : 1.92%;margin-left : 1.92%;}}@media only screen and (max-width:640px) {.fusion-body .fusion-builder-column-3{width:100% !important;order : 0;}.fusion-builder-column-3 > .fusion-column-wrapper {margin-right : 1.92%;margin-left : 1.92%;}}<\/style><\/div><style type=\"text\/css\">.fusion-body .fusion-flex-container.fusion-builder-row-4{ padding-top : 0px;margin-top : 0px;padding-right : 0px;padding-bottom : 0px;margin-bottom : 0px;padding-left : 0px;}<\/style><\/div><div class=\"fusion-fullwidth fullwidth-box fusion-builder-row-5 fusion-flex-container nonhundred-percent-fullwidth non-hundred-percent-height-scrolling\" style=\"background-color: rgba(255,255,255,0);background-position: center center;background-repeat: no-repeat;border-width: 0px 0px 0px 0px;border-color:#e2e2e2;border-style:solid;\" ><div class=\"fusion-builder-row fusion-row fusion-flex-align-items-flex-start\" style=\"max-width:1248px;margin-left: calc(-4% \/ 2 );margin-right: calc(-4% \/ 2 );\"><div class=\"fusion-layout-column fusion_builder_column fusion-builder-column-4 fusion_builder_column_1_1 1_1 fusion-flex-column\"><div class=\"fusion-column-wrapper fusion-flex-justify-content-flex-start fusion-content-layout-column\" style=\"background-position:left top;background-repeat:no-repeat;-webkit-background-size:cover;-moz-background-size:cover;-o-background-size:cover;background-size:cover;padding: 0px 0px 0px 0px;\"><div class=\"fusion-text fusion-text-4\" style=\"transform:translate3d(0,0,0);\"><h2 style=\"text-align: center;\">Direcci\u00f3n<\/h2>\n<p style=\"text-align: center;\">Melia Villaitana<\/p>\n<p style=\"text-align: center;\"><span style=\"color: var(--body_typography-color); font-family: var(--body_typography-font-family); font-size: var(--body_typography-font-size); font-style: var(--body_typography-font-style,normal); letter-spacing: var(--body_typography-letter-spacing);\">Avda. Alcalde Eduardo Zaplana, 7 <\/span><\/p>\n<p style=\"text-align: center;\">Benidorm<\/p>\n<p style=\"text-align: center;\">03502<\/p>\n<\/div><\/div><\/div><style type=\"text\/css\">.fusion-body .fusion-builder-column-4{width:100% !important;margin-top : 0px;margin-bottom : 20px;}.fusion-builder-column-4 > .fusion-column-wrapper {padding-top : 0px !important;padding-right : 0px !important;margin-right : 1.92%;padding-bottom : 0px !important;padding-left : 0px !important;margin-left : 1.92%;}@media only screen and (max-width:1024px) {.fusion-body .fusion-builder-column-4{width:100% !important;order : 0;}.fusion-builder-column-4 > .fusion-column-wrapper {margin-right : 1.92%;margin-left : 1.92%;}}@media only screen and (max-width:640px) {.fusion-body .fusion-builder-column-4{width:100% !important;order : 0;}.fusion-builder-column-4 > .fusion-column-wrapper {margin-right : 1.92%;margin-left : 1.92%;}}<\/style><\/div><style type=\"text\/css\">.fusion-body .fusion-flex-container.fusion-builder-row-5{ padding-top : 0px;margin-top : 0px;padding-right : 0px;padding-bottom : 0px;margin-bottom : 0px;padding-left : 0px;}<\/style><\/div><\/p>\n","protected":false},"excerpt":{"rendered":"","protected":false},"author":1,"featured_media":0,"parent":0,"menu_order":0,"comment_status":"closed","ping_status":"closed","template":"","meta":{"footnotes":""},"class_list":["post-27","page","type-page","status-publish","hentry"],"_links":{"self":[{"href":"https:\/\/aifec.eu\/congreso2022\/index.php?rest_route=\/wp\/v2\/pages\/27","targetHints":{"allow":["GET"]}}],"collection":[{"href":"https:\/\/aifec.eu\/congreso2022\/index.php?rest_route=\/wp\/v2\/pages"}],"about":[{"href":"https:\/\/aifec.eu\/congreso2022\/index.php?rest_route=\/wp\/v2\/types\/page"}],"author":[{"embeddable":true,"href":"https:\/\/aifec.eu\/congreso2022\/index.php?rest_route=\/wp\/v2\/users\/1"}],"replies":[{"embeddable":true,"href":"https:\/\/aifec.eu\/congreso2022\/index.php?rest_route=%2Fwp%2Fv2%2Fcomments&post=27"}],"version-history":[{"count":34,"href":"https:\/\/aifec.eu\/congreso2022\/index.php?rest_route=\/wp\/v2\/pages\/27\/revisions"}],"predecessor-version":[{"id":955,"href":"https:\/\/aifec.eu\/congreso2022\/index.php?rest_route=\/wp\/v2\/pages\/27\/revisions\/955"}],"wp:attachment":[{"href":"https:\/\/aifec.eu\/congreso2022\/index.php?rest_route=%2Fwp%2Fv2%2Fmedia&parent=27"}],"curies":[{"name":"wp","href":"https:\/\/api.w.org\/{rel}","templated":true}]}}