{"id":16,"date":"2022-02-15T11:53:17","date_gmt":"2022-02-15T11:53:17","guid":{"rendered":"https:\/\/aifec.eu\/congreso2022\/?page_id=16"},"modified":"2022-05-03T11:48:50","modified_gmt":"2022-05-03T11:48:50","slug":"programa","status":"publish","type":"page","link":"https:\/\/aifec.eu\/congreso2022\/?page_id=16","title":{"rendered":"Programa"},"content":{"rendered":"<p><div class=\"fusion-fullwidth fullwidth-box fusion-builder-row-1 fusion-flex-container nonhundred-percent-fullwidth non-hundred-percent-height-scrolling\" style=\"background-color: rgba(255,255,255,0);background-position: center center;background-repeat: no-repeat;border-width: 0px 0px 0px 0px;border-color:#e2e2e2;border-style:solid;\" ><div class=\"fusion-builder-row fusion-row fusion-flex-align-items-flex-start\" style=\"max-width:1248px;margin-left: calc(-4% \/ 2 );margin-right: calc(-4% \/ 2 );\"><div class=\"fusion-layout-column fusion_builder_column fusion-builder-column-0 fusion_builder_column_1_1 1_1 fusion-flex-column\"><div class=\"fusion-column-wrapper fusion-flex-justify-content-flex-start fusion-content-layout-column\" style=\"background-position:left top;background-repeat:no-repeat;-webkit-background-size:cover;-moz-background-size:cover;-o-background-size:cover;background-size:cover;padding: 0px 0px 0px 0px;\"><style type=\"text\/css\">@media only screen and (max-width:1024px) {.fusion-title.fusion-title-1{margin-top:10px!important;margin-bottom:15px!important;}}@media only screen and (max-width:640px) {.fusion-title.fusion-title-1{margin-top:10px!important;margin-bottom:10px!important;}}<\/style><div class=\"fusion-title title fusion-title-1 fusion-title-text fusion-title-size-one\" style=\"margin-top:10px;margin-bottom:15px;\"><div class=\"title-sep-container title-sep-container-left fusion-no-large-visibility fusion-no-medium-visibility fusion-no-small-visibility\"><div class=\"title-sep sep-double sep-solid\" style=\"border-color:#e2e2e2;\"><\/div><\/div><h1 class=\"title-heading-left\" style=\"margin:0;\"><span style=\"color: #ff9900;\">Jueves, 9 de junio<\/span><\/h1><div class=\"title-sep-container title-sep-container-right\"><div class=\"title-sep sep-double sep-solid\" style=\"border-color:#e2e2e2;\"><\/div><\/div><\/div><div class=\"fusion-text fusion-text-1\" style=\"transform:translate3d(0,0,0);\"><div class=\"column\">\n<h5 style=\"--fontsize: 24.000001907348633; line-height: 1.37;\" data-fontsize=\"24.000001907348633\" data-lineheight=\"31.764705657958984px\" class=\"fusion-responsive-typography-calculated\">Congresistas<\/h5>\n<p class=\"\"><b>Llegada del grupo al Hotel Villaitana <\/b><\/p>\n<p><strong><span class=\"\"><span class=\"JsGRdQ\">18:15 &#8211; 20:00 <\/span>Asamblea General <\/span><span class=\"\">de AIFEC 2022<\/span><\/strong><\/p>\n<p class=\"\"><strong><span class=\"JsGRdQ\"> <\/span><span class=\"JsGRdQ\">\u00abSituaci\u00f3n Europea en el sector de fabricaci\u00f3n de etiquetas\u00bb<\/span><span class=\"JsGRdQ\"> a cargo de Jules Le Jeune (DG de FINAT).<\/span><\/strong><\/p>\n<\/div>\n<p class=\"_04xlpA direction-ltr align-start para-style-body\"><em><span class=\"JsGRdQ\">Jules Le Jeune nos ofrecer\u00e1 una panor\u00e1mica del sector de fabricaci\u00f3n de etiquetas a nivel europeo y las tendencias <\/span><span class=\"JsGRdQ\">de futuro en base a la situaci\u00f3n econ\u00f3mica que est\u00e1 afectando actualmente a nuestra industria.<\/span><\/em><\/p>\n<p class=\"_04xlpA direction-ltr align-start para-style-body\"><strong><span class=\"JsGRdQ\">21:00<\/span> <span style=\"color: var(--body_typography-color); font-family: var(--body_typography-font-family); font-size: var(--body_typography-font-size); font-style: var(--body_typography-font-style,normal); letter-spacing: var(--body_typography-letter-spacing);\">Bienvenida y Apertura del Congreso a cargo de Jos\u00e9 Ram\u00f3n Benito Presidente de AIFEC.<\/span><\/strong><\/p>\n<p class=\"_04xlpA direction-ltr align-start para-style-body\"><strong style=\"color: var(--body_typography-color); font-family: var(--body_typography-font-family); font-size: var(--body_typography-font-size); font-style: var(--body_typography-font-style,normal); letter-spacing: var(--body_typography-letter-spacing);\"><span class=\"JsGRdQ\">Cocktail cena de Bienvenida &#8211; Patrocinada por HP<\/span><\/strong><\/p>\n<\/div><\/div><\/div><style type=\"text\/css\">.fusion-body .fusion-builder-column-0{width:100% !important;margin-top : 0px;margin-bottom : 20px;}.fusion-builder-column-0 > .fusion-column-wrapper {padding-top : 0px !important;padding-right : 0px !important;margin-right : 1.92%;padding-bottom : 0px !important;padding-left : 0px !important;margin-left : 1.92%;}@media only screen and (max-width:1024px) {.fusion-body .fusion-builder-column-0{width:100% !important;order : 0;}.fusion-builder-column-0 > .fusion-column-wrapper {margin-right : 1.92%;margin-left : 1.92%;}}@media only screen and (max-width:640px) {.fusion-body .fusion-builder-column-0{width:100% !important;order : 0;}.fusion-builder-column-0 > .fusion-column-wrapper {margin-right : 1.92%;margin-left : 1.92%;}}<\/style><\/div><style type=\"text\/css\">.fusion-body .fusion-flex-container.fusion-builder-row-1{ padding-top : 0px;margin-top : 0px;padding-right : 0px;padding-bottom : 0px;margin-bottom : 0px;padding-left : 0px;}<\/style><\/div><div class=\"fusion-fullwidth fullwidth-box fusion-builder-row-2 fusion-flex-container nonhundred-percent-fullwidth non-hundred-percent-height-scrolling\" style=\"background-color: rgba(255,255,255,0);background-position: center center;background-repeat: no-repeat;border-width: 0px 0px 0px 0px;border-color:#e2e2e2;border-style:solid;\" ><div class=\"fusion-builder-row fusion-row fusion-flex-align-items-flex-start\" style=\"max-width:1248px;margin-left: calc(-4% \/ 2 );margin-right: calc(-4% \/ 2 );\"><div class=\"fusion-layout-column fusion_builder_column fusion-builder-column-1 fusion_builder_column_1_1 1_1 fusion-flex-column\"><div class=\"fusion-column-wrapper fusion-flex-justify-content-flex-start fusion-content-layout-column\" style=\"background-position:left top;background-repeat:no-repeat;-webkit-background-size:cover;-moz-background-size:cover;-o-background-size:cover;background-size:cover;padding: 0px 0px 0px 0px;\"><style type=\"text\/css\">@media only screen and (max-width:1024px) {.fusion-title.fusion-title-2{margin-top:10px!important;margin-bottom:15px!important;}}@media only screen and (max-width:640px) {.fusion-title.fusion-title-2{margin-top:10px!important;margin-bottom:10px!important;}}<\/style><div class=\"fusion-title title fusion-title-2 fusion-title-text fusion-title-size-one\" style=\"margin-top:10px;margin-bottom:15px;\"><div class=\"title-sep-container title-sep-container-left fusion-no-large-visibility fusion-no-medium-visibility fusion-no-small-visibility\"><div class=\"title-sep sep-double sep-solid\" style=\"border-color:#e2e2e2;\"><\/div><\/div><h1 class=\"title-heading-left\" style=\"margin:0;\"><span style=\"color: #ff9900;\">Viernes, 10 de junio<\/span><\/h1><div class=\"title-sep-container title-sep-container-right\"><div class=\"title-sep sep-double sep-solid\" style=\"border-color:#e2e2e2;\"><\/div><\/div><\/div><div class=\"fusion-text fusion-text-2\" style=\"transform:translate3d(0,0,0);\"><h5 class=\"fusion-responsive-typography-calculated\" style=\"--fontsize: 24.000001907348633; line-height: 1.37;\" data-fontsize=\"24.000001907348633\" data-lineheight=\"31.764705657958984px\">Congresistas<\/h5>\n<h5 class=\"fusion-responsive-typography-calculated\" style=\"--fontsize: 24.000001907348633; line-height: 1.37;\" data-fontsize=\"24.000001907348633\" data-lineheight=\"31.764705657958984px\"><strong>Sesi\u00f3n de ma\u00f1ana<\/strong><\/h5>\n<div>\n<p><strong>9:00 Apertura de la sesi\u00f3n de ma\u00f1ana.<\/strong> Modera:<em> Tita Sousa Fernandes, CEO de Mofitex.<\/em><\/p>\n<p><strong>9:10-9:30 \u00abNuevas oportunidades en el mercado del envase flexible \u00ab<\/strong>a cargo de Marc Planella, Product Manager Flexible Packaing de la empres AB Graphic International.<\/p>\n<p><strong>9:30-9:50 \u00abSostenibilidad: Soluciones efectivas para el an\u00e1lisis y la reducci\u00f3n de la huella de carbono en nuestra industria.\u00bb<\/strong> a cargo de Jordi Ca\u00f1adas, Technical Customer Support Spain &amp; Portugal de la empresa FEDRIGONI.<\/p>\n<p><strong>9:50-10:10 \u00abLa Producci\u00f3n de Etiquetas de Nueva Generaci\u00f3n. Decisiones a Considerar\u00bb<\/strong>a cargo de Jeroen Van Bauwel, Director Product Marketing de la empresa XEIKON.<\/p>\n<p><strong>10:10-10:30 \u201cNo stop evolution: ahorros y beneficios del Sistema Vebex\u201d<b>\u00a0<\/b><\/strong>a cargo de <span lang=\"PT\">Damiano Paganelli Dtor. <\/span>Comercial de la empresa VEBEX y Enric Vela Dtor. Comercial\u00a0 de la empresa ESAGRAF<\/p>\n<p><strong>10:30-11:30 Pausa Caf\u00e9<\/strong> &#8211; Voto p\u00fablico del Concurso de Etiquetas<\/p>\n<div>\n<p><strong>11:30-11:50 \u00abUn camino juntos\u00bb <\/strong>a cargo de Enric Martinez-Abarca, Director Regional para el Sur de Europa de la empresa HP. <strong>Patrocinadores del cocktail cena de bienvenida.<\/strong><\/p>\n<p><b>11:50-12:10 <span style=\"color: var(--body_typography-color); font-family: var(--body_typography-font-family); font-size: var(--body_typography-font-size); font-style: var(--body_typography-font-style,normal); letter-spacing: var(--body_typography-letter-spacing);\">\u00abAhorros, Eficiencia y Gesti\u00f3n desde un centro de color.\u00bb<\/span><\/b><span style=\"color: var(--body_typography-color); font-family: var(--body_typography-font-family); font-size: var(--body_typography-font-size); font-style: var(--body_typography-font-style,normal); letter-spacing: var(--body_typography-letter-spacing);\">a cargo de \u00a0Jos\u00e9 Cort\u00e9s CEO de la empresa E21 Design<\/span><\/p>\n<p><b>12:10-12:30 \u00ab<span style=\"color: var(--body_typography-color); font-family: var(--body_typography-font-family); font-size: var(--body_typography-font-size); font-style: var(--body_typography-font-style,normal); letter-spacing: var(--body_typography-letter-spacing);\">La nueva forma de producci\u00f3n de etiquetas Flexible, automatizada, f\u00e1cil.\u00bb<\/span><\/b><span style=\"color: var(--body_typography-color); font-family: var(--body_typography-font-family); font-size: var(--body_typography-font-size); font-style: var(--body_typography-font-style,normal); letter-spacing: var(--body_typography-letter-spacing);\">a cargo de Patrick Graber, Strategic Marketing Manager, Narrow-Mid Web Printing &amp; Converting de la empresa BOBST.<\/span><\/p>\n<p><b>12:30-12:50 <\/b><span style=\"color: var(--body_typography-color); font-family: var(--body_typography-font-family); font-size: var(--body_typography-font-size); font-style: var(--body_typography-font-style,normal); letter-spacing: var(--body_typography-letter-spacing);\"><b>\u00abConfianza que genera beneficios\u00bb<\/b> a cargo de Edward Pittman, Ventas Internacionales-S. Europa, Oriente Medio y Africa, de la empresa MARTIN AUTOMATIC<\/span><\/p>\n<p><b>12:50-13:50 <\/b><span style=\"color: var(--body_typography-color); font-family: var(--body_typography-font-family); font-size: var(--body_typography-font-size); font-style: var(--body_typography-font-style,normal); letter-spacing: var(--body_typography-letter-spacing);\"><b>\u00abJuntos hacemos futuro\u00bb<\/b>, Fernando Botella,\u00a0<\/span><span style=\"color: var(--body_typography-color); font-family: var(--body_typography-font-family); font-size: var(--body_typography-font-size); font-style: var(--body_typography-font-style,normal); letter-spacing: var(--body_typography-letter-spacing);\">CEO Think&amp;Action.<\/span><b style=\"color: var(--body_typography-color); font-family: var(--body_typography-font-family); font-size: var(--body_typography-font-size); font-style: var(--body_typography-font-style,normal); letter-spacing: var(--body_typography-letter-spacing);\"> Patrocinada por la empresa UPM RAFLATAC<\/b><\/p>\n<p><span style=\"color: var(--body_typography-color); font-family: var(--body_typography-font-family); font-size: var(--body_typography-font-size); letter-spacing: var(--body_typography-letter-spacing);\"><i>Fernando Botella proporcionar\u00e1 una experiencia motivacional, divertida, con mucho contenido y t\u00e9cnicas \u00fatiles para llevarse al d\u00eda a d\u00eda, que estimula las emociones y llena de energ\u00eda.<\/i><\/span><\/p>\n<p><b>14:00-15:30 <\/b><span style=\"color: var(--body_typography-color); font-family: var(--body_typography-font-family); font-size: var(--body_typography-font-size); font-style: var(--body_typography-font-style,normal); letter-spacing: var(--body_typography-letter-spacing);\"><b>Almuerzo de trabajo &#8211; Patrocinado por Adestor TorrasPape<\/b>l &#8211; voto p\u00fablico del Concurso de Etiquetas<\/span><\/p>\n<\/div>\n<\/div>\n<\/div><div class=\"fusion-text fusion-text-3\" style=\"transform:translate3d(0,0,0);\"><h5>Sesi\u00f3n de tarde<\/h5>\n<div>\n<p><strong>15:30\u00a0Apertura de la sesi\u00f3n de tarde.<\/strong> Modera: <em>Elisenda Verg\u00e9s, Gerente de Etiquetas Anver.<\/em><\/p>\n<p><strong>15:35-17:00\u00a0\u00abFactores clave de una transformaci\u00f3n digital exitosa en un entorno industrial \u00ab<\/strong> por Alberto Salviejo de ISDI.<\/p>\n<p><em>Entenderemos c\u00f3mo una empresa del sector industrial afronta la transformaci\u00f3n digital desde el punto de vista de empleados, proveedores y clientes y ver qu\u00e9 puntos han sido m\u00e1s complejos para cumplir los objetivos.<\/em><\/p>\n<p><strong>17:00-17:30 Pausa Caf\u00e9<\/strong><\/p>\n<p><strong>17:30-18:25\u00a0\u201cEtiqueta con Humor\u201d<\/strong> por Sara Escudero.<\/p>\n<p><em>Sara Escudero nos ense\u00f1a que una perspectiva vital alegre es posible, es necesaria, es beneficiosa al 100% y m\u00e1s sencilla de adquirir y\/o de trabajar de lo que nos creemos. \u00a1El (buen) humor es una actitud!<\/em><\/p>\n<p><strong>18:30\u00a0Conclusiones y cierre<\/strong><\/p>\n<p><strong>20:30\u00a0Cena y Entrega de Premio<\/strong>s &#8211; Entrega de los Premios Concurso de Etiquetas AIFEC 2022<\/p>\n<\/div>\n<\/div><style type=\"text\/css\">@media only screen and (max-width:1024px) {.fusion-title.fusion-title-3{margin-top:10px!important;margin-bottom:15px!important;}}@media only screen and (max-width:640px) {.fusion-title.fusion-title-3{margin-top:10px!important;margin-bottom:10px!important;}}<\/style><div class=\"fusion-title title fusion-title-3 fusion-title-text fusion-title-size-one\" style=\"margin-top:10px;margin-bottom:15px;\"><div class=\"title-sep-container title-sep-container-left fusion-no-large-visibility fusion-no-medium-visibility fusion-no-small-visibility\"><div class=\"title-sep sep-double sep-solid\" style=\"border-color:#e2e2e2;\"><\/div><\/div><h1 class=\"title-heading-left\" style=\"margin:0;\"><span style=\"color: #ff9900;\">Acompa\u00f1antes<\/span><\/h1><div class=\"title-sep-container title-sep-container-right\"><div class=\"title-sep sep-double sep-solid\" style=\"border-color:#e2e2e2;\"><\/div><\/div><\/div><div class=\"fusion-text fusion-text-4\" style=\"transform:translate3d(0,0,0);\"><h5><span style=\"color: #ff9900;\">Jueves, 9 de junio<\/span><\/h5>\n<p><strong>21:00 Cocktail Cena de bienvenida &#8211; Patrocinada por HP<\/strong><\/p>\n<h5><span style=\"color: #ff9900;\">Viernes, 10 de junio<\/span><\/h5>\n<h6>Sesi\u00f3n de ma\u00f1ana<\/h6>\n<p><strong>10:00-13:00\u00a0Visita de ALTEA en formato de GYMKHANA.<\/strong><\/p>\n<p><em>Esta actividad consiste en conocer Altea de una forma amena y diferente. Los participantes por medio de un roadbook, buscar\u00e1n edificios, calles emblem\u00e1ticas, detalles de autores de diferentes \u00e9pocas, flora, antiguos lavaderos.<\/em><\/p>\n<p><strong>14:00-15:30 Almuerzo de trabajo para Congresistas y Acompa\u00f1antes patrocinado por Adestor Torras Papel<\/strong><\/p>\n<h6>Sesi\u00f3n de tarde<\/h6>\n<p><strong>Tiempo libre<\/strong> &#8211; Para poder hacer uso de las instalaciones del hotel: Dos campos para practicar golf (uno Executive), gimnasio, pistas de p\u00e1del y un fabuloso Yhi Spa para su relax.<\/p>\n<p><strong>20:30\u00a0Cena y Entrega de Premios<\/strong>\u00a0<strong>AIFEC 2022<\/strong> &#8211; Entrega de los Premios Concurso de Etiquetas<\/p>\n<\/div><style type=\"text\/css\">@media only screen and (max-width:1024px) {.fusion-title.fusion-title-4{margin-top:10px!important;margin-bottom:15px!important;}}@media only screen and (max-width:640px) {.fusion-title.fusion-title-4{margin-top:10px!important;margin-bottom:10px!important;}}<\/style><div class=\"fusion-title title fusion-title-4 fusion-title-text fusion-title-size-one\" style=\"margin-top:10px;margin-bottom:15px;\"><div class=\"title-sep-container title-sep-container-left fusion-no-large-visibility fusion-no-medium-visibility fusion-no-small-visibility\"><div class=\"title-sep sep-double sep-solid\" style=\"border-color:#e2e2e2;\"><\/div><\/div><h1 class=\"title-heading-left\" style=\"margin:0;\"><span style=\"color: #ff9900;\">S\u00e1bado, 11 de junio<\/span><\/h1><div class=\"title-sep-container title-sep-container-right\"><div class=\"title-sep sep-double sep-solid\" style=\"border-color:#e2e2e2;\"><\/div><\/div><\/div><div class=\"fusion-text fusion-text-5\" style=\"transform:translate3d(0,0,0);\"><h5>Congresistas y Acompa\u00f1antes<\/h5>\n<p class=\"_04xlpA direction-ltr align-start para-style-body\"><strong><span class=\"JsGRdQ\">10:00-14:00 <\/span><span class=\"JsGRdQ\">&#8211; <\/span><\/strong><span class=\"JsGRdQ\"><strong>Jornada de Networking<\/strong> <strong>en el Espacio CEM La Nuc\u00eda entre los asistentes al evento a trav\u00e9s del denominado \u201cJuego de los Esp\u00edas\u201d que se desarrolla en equipos patrocinados.<\/strong><\/span><\/p>\n<p class=\"_04xlpA direction-ltr align-start para-style-body\"><em><span class=\"JsGRdQ\">Los participantes deber\u00e1n descubrir a una organizacio\u0301n criminal que ha robado la plancha de las etiquetas de un fabricante reconocido. El centro educativo medioambiental CEM LA NUCIA dispone de una superficie total de 15.189 m2, es una zona verde municipal con gran presencia de arbolado y esta\u0301 ubicado entre dos espacios protegidos: el parque natural de la Serra Gelada y el Ponoig-Puig campan.<\/span><\/em><\/p>\n<p class=\"_04xlpA direction-ltr align-start para-style-body\"><strong><span class=\"JsGRdQ\">14:00 &#8211; Almuerzo de clausura en el Espacio CEM Food Trucks creado espec\u00edficamente para AIFEC patrocinado por Avery Dennison.<\/span><\/strong><\/p>\n<p class=\"_04xlpA direction-ltr align-start para-style-body\"><strong><span class=\"JsGRdQ\">16:00 &#8211; Clausura del XXII Congreso AIFEC.<\/span><\/strong><\/p>\n<\/div><div class=\"fusion-text fusion-text-6\" style=\"transform:translate3d(0,0,0);\"><\/div><\/div><\/div><style type=\"text\/css\">.fusion-body .fusion-builder-column-1{width:100% !important;margin-top : 0px;margin-bottom : 20px;}.fusion-builder-column-1 > .fusion-column-wrapper {padding-top : 0px !important;padding-right : 0px !important;margin-right : 1.92%;padding-bottom : 0px !important;padding-left : 0px !important;margin-left : 1.92%;}@media only screen and (max-width:1024px) {.fusion-body .fusion-builder-column-1{width:100% !important;order : 0;}.fusion-builder-column-1 > .fusion-column-wrapper {margin-right : 1.92%;margin-left : 1.92%;}}@media only screen and (max-width:640px) {.fusion-body .fusion-builder-column-1{width:100% !important;order : 0;}.fusion-builder-column-1 > .fusion-column-wrapper {margin-right : 1.92%;margin-left : 1.92%;}}<\/style><\/div><style type=\"text\/css\">.fusion-body .fusion-flex-container.fusion-builder-row-2{ padding-top : 0px;margin-top : 0px;padding-right : 0px;padding-bottom : 0px;margin-bottom : 0px;padding-left : 0px;}<\/style><\/div><div class=\"fusion-fullwidth fullwidth-box fusion-builder-row-3 fusion-flex-container nonhundred-percent-fullwidth non-hundred-percent-height-scrolling\" style=\"background-color: rgba(255,255,255,0);background-position: center center;background-repeat: no-repeat;border-width: 0px 0px 0px 0px;border-color:#e2e2e2;border-style:solid;\" ><div class=\"fusion-builder-row fusion-row fusion-flex-align-items-flex-start\" style=\"max-width:1248px;margin-left: calc(-4% \/ 2 );margin-right: calc(-4% \/ 2 );\"><div class=\"fusion-layout-column fusion_builder_column fusion-builder-column-2 fusion_builder_column_1_1 1_1 fusion-flex-column\"><div class=\"fusion-column-wrapper fusion-flex-justify-content-flex-start fusion-content-layout-column\" style=\"background-position:left top;background-repeat:no-repeat;-webkit-background-size:cover;-moz-background-size:cover;-o-background-size:cover;background-size:cover;background-color:rgba(255,152,0,0.35);padding: 0px 0px 0px 0px;\"><div class=\"fusion-text fusion-text-7\" style=\"transform:translate3d(0,0,0);\"><p style=\"text-align: center;\"><strong>C\u00f3digo de vestimenta causal excepto para la Cena y Entrega de Premios que se exigir\u00e1 Americana.<\/strong><\/p>\n<\/div><\/div><\/div><style type=\"text\/css\">.fusion-body .fusion-builder-column-2{width:100% !important;margin-top : 0px;margin-bottom : 20px;}.fusion-builder-column-2 > .fusion-column-wrapper {padding-top : 0px !important;padding-right : 0px !important;margin-right : 1.92%;padding-bottom : 0px !important;padding-left : 0px !important;margin-left : 1.92%;}@media only screen and (max-width:1024px) {.fusion-body .fusion-builder-column-2{width:100% !important;order : 0;}.fusion-builder-column-2 > .fusion-column-wrapper {margin-right : 1.92%;margin-left : 1.92%;}}@media only screen and (max-width:640px) {.fusion-body .fusion-builder-column-2{width:100% !important;order : 0;}.fusion-builder-column-2 > .fusion-column-wrapper {margin-right : 1.92%;margin-left : 1.92%;}}<\/style><\/div><style type=\"text\/css\">.fusion-body .fusion-flex-container.fusion-builder-row-3{ padding-top : 0px;margin-top : 0px;padding-right : 0px;padding-bottom : 0px;margin-bottom : 0px;padding-left : 0px;}<\/style><\/div><\/p>\n","protected":false},"excerpt":{"rendered":"","protected":false},"author":1,"featured_media":0,"parent":0,"menu_order":0,"comment_status":"closed","ping_status":"closed","template":"","meta":{"footnotes":""},"class_list":["post-16","page","type-page","status-publish","hentry"],"_links":{"self":[{"href":"https:\/\/aifec.eu\/congreso2022\/index.php?rest_route=\/wp\/v2\/pages\/16","targetHints":{"allow":["GET"]}}],"collection":[{"href":"https:\/\/aifec.eu\/congreso2022\/index.php?rest_route=\/wp\/v2\/pages"}],"about":[{"href":"https:\/\/aifec.eu\/congreso2022\/index.php?rest_route=\/wp\/v2\/types\/page"}],"author":[{"embeddable":true,"href":"https:\/\/aifec.eu\/congreso2022\/index.php?rest_route=\/wp\/v2\/users\/1"}],"replies":[{"embeddable":true,"href":"https:\/\/aifec.eu\/congreso2022\/index.php?rest_route=%2Fwp%2Fv2%2Fcomments&post=16"}],"version-history":[{"count":76,"href":"https:\/\/aifec.eu\/congreso2022\/index.php?rest_route=\/wp\/v2\/pages\/16\/revisions"}],"predecessor-version":[{"id":882,"href":"https:\/\/aifec.eu\/congreso2022\/index.php?rest_route=\/wp\/v2\/pages\/16\/revisions\/882"}],"wp:attachment":[{"href":"https:\/\/aifec.eu\/congreso2022\/index.php?rest_route=%2Fwp%2Fv2%2Fmedia&parent=16"}],"curies":[{"name":"wp","href":"https:\/\/api.w.org\/{rel}","templated":true}]}}